{"id":8707,"date":"2023-11-07T17:01:34","date_gmt":"2023-11-07T16:01:34","guid":{"rendered":"https:\/\/ferrygut.com\/product\/luvego-2er-pack-staubsaugerbeutel\/"},"modified":"2026-01-07T17:45:20","modified_gmt":"2026-01-07T16:45:20","slug":"luvego-2er-pack-staubsaugerbeutel","status":"publish","type":"product","link":"https:\/\/ferrygut.com\/de\/produkt\/luvego-2er-pack-staubsaugerbeutel\/","title":{"rendered":"Luvego &#8211; 2er-Pack Staubsaugerbeutel"},"content":{"rendered":"<p>Hast du es satt, deine Kleidung f\u00fcr verschiedene Jahreszeiten, dein Bettzeug und sperrige Gegenst\u00e4nde zu verstauen, weil du nicht genug Platz hast?<br \/>\nVerabschiede dich von der Unordnung und begr\u00fc\u00dfe ein aufger\u00e4umtes und ger\u00e4umiges Zuhause mit unserem Luvego 2er-Pack extra gro\u00dfer Taschen zur Aufbewahrung von Kleidung <\/p>\n<h4>Das Luvego Vakuumbeutel 2er-Set besteht aus:<\/h4>\n<ul>\n<li>2x Jumbo-Vakuumbeutel (100x75CM)<\/li>\n<\/ul>\n<h4>Die Vorteile der Luvego Vakuumbeutel<\/h4>\n<ul>\n<li>80% Platz sparen<\/li>\n<li>Keine Probleme mit Staub, Motten, Feuchtigkeit und Ger\u00fcchen bei Staubsaugerbeuteln<\/li>\n<li>Ideal f\u00fcr die langfristige Lagerung deiner Kleidung<\/li>\n<li>Starke und wiederverwendbare Vakuumbeutel<\/li>\n<li>XL Vakuumbeutel<\/li>\n<\/ul>\n<h4>80% Platz sparen mit Vakuumbeuteln<\/h4>\n<p>Das Absaugen von Luft aus <a href=\"https:\/\/ferrygut.com\/de\/produkt-kategorie\/camping\/vakuumbeutel\/\">Vakuumbeuteln<\/a> ist sehr einfach. Du brauchst keine besondere Ausr\u00fcstung; ein gew\u00f6hnlicher Staubsauger oder die mitgelieferte Handpumpe reichen aus. Lege deine Sachen einfach in den Beutel, schlie\u00dfe den Rei\u00dfverschluss und lass die Luft ab. Die Vakuumbeutel sind mit einer doppelten Versiegelung ausgestattet, um sicherzustellen, dass die Luft richtig eingeschlossen wird. Und voil\u00e0, du sparst 80% an Platz!<\/p>\n<h4>Ideal f\u00fcr Kleidung, Bettdecken und andere Textilien<\/h4>\n<p>In diesem 2er-Pack <a href=\"https:\/\/ferrygut.com\/de\/produkt-kategorie\/camping\/vakuumbeutel\/vakuum-aufbewahrungsbeutel\/\">Aufbewahrungsbeutel<\/a> von Luvego findest du zwei XL-Vakuumbeutel, die dir mehrere M\u00f6glichkeiten f\u00fcr eine Vielzahl von Gegenst\u00e4nden bieten, von Kleidungsst\u00fccken bis hin zu sperrigen Quilts. Egal, ob du an Kleidung, Decken, Kissen oder saisonale Artikel denkst, diese Garment Storage Bags bieten eine ideale L\u00f6sung f\u00fcr all deine Essentials.<\/p>\n<h5>Starke Vakuumbeutel<\/h5>\n<p>Bei der Herstellung der Luvego Aufbewahrungstaschen wird auf Langlebigkeit geachtet.<br \/>\nSie sind aus einem robusten Material gefertigt, das wiederholtem Gebrauch standhalten kann.<br \/>\nDiese Taschen sind so konzipiert, dass sie langfristig wiederverwendet werden k\u00f6nnen, Jahr f\u00fcr Jahr.<br \/>\nHier findest du alle Tipps, wie <a href=\"https:\/\/ferrygut.com\/de\/blog\/wie-benutzt-man-einen-vakuumbeutel-am-besten-das-sind-die-tipps-von-ferrygut-com\/\">du eine Aufbewahrungstasche verwenden kannst<\/a>!   <\/p>\n","protected":false},"excerpt":{"rendered":"<p>Hast du es satt, deine Kleidung f\u00fcr verschiedene Jahreszeiten, dein Bettzeug und sperrige Gegenst\u00e4nde zu verstauen, weil du nicht genug Platz hast? Verabschiede dich von der Unordnung und begr\u00fc\u00dfe ein aufger\u00e4umtes und ger\u00e4umiges Zuhause mit unserem Luvego 2er-Pack extra gro\u00dfer Taschen zur Aufbewahrung von Kleidung Das Luvego Vakuumbeutel 2er-Set besteht aus: 2x Jumbo-Vakuumbeutel (100x75CM) Die [&hellip;]<\/p>\n","protected":false},"featured_media":8715,"comment_status":"closed","ping_status":"closed","template":"","meta":{"_acf_changed":false,"_seopress_robots_primary_cat":"37","_seopress_titles_title":"Vakuumbeutel | Luvego | 2er-Pack XL Aufbewahrungsbeutel","_seopress_titles_desc":"Die Luvego Vakuumbeutel zum Aufbewahren von Kleidung und Bettdecken! Sparen Sie Platz und bestellen Sie noch heute und profitieren Sie von einer schnellen Lieferung ","_seopress_robots_index":""},"product_brand":[],"product_cat":[2904,2914,2949,2915],"product_tag":[],"brands":[5271],"channels":[],"class_list":{"0":"post-8707","1":"product","2":"type-product","3":"status-publish","4":"has-post-thumbnail","6":"product_cat-camping","7":"product_cat-haushalt","8":"product_cat-vakuum-aufbewahrungsbeutel","9":"product_cat-vakuumbeutel","10":"brands-luvego","12":"first","13":"instock","14":"sale","15":"taxable","16":"shipping-taxable","17":"purchasable","18":"product-type-simple"},"acf":[],"weight_unit":"kg","dimension_unit":"cm","packaging_unit":"St\u00fccke","country_of_origin":"China","weee_germany":"DE97744419","website_url":"https:\/\/ferrygut.com\/","verkoper":"FerryGut.com","postcode":"5048CD","telefoonnummer":"+31850000735","_links":{"self":[{"href":"https:\/\/ferrygut.com\/de\/wp-json\/wp\/v2\/product\/8707","targetHints":{"allow":["GET"]}}],"collection":[{"href":"https:\/\/ferrygut.com\/de\/wp-json\/wp\/v2\/product"}],"about":[{"href":"https:\/\/ferrygut.com\/de\/wp-json\/wp\/v2\/types\/product"}],"replies":[{"embeddable":true,"href":"https:\/\/ferrygut.com\/de\/wp-json\/wp\/v2\/comments?post=8707"}],"wp:featuredmedia":[{"embeddable":true,"href":"https:\/\/ferrygut.com\/de\/wp-json\/wp\/v2\/media\/8715"}],"wp:attachment":[{"href":"https:\/\/ferrygut.com\/de\/wp-json\/wp\/v2\/media?parent=8707"}],"wp:term":[{"taxonomy":"product_brand","embeddable":true,"href":"https:\/\/ferrygut.com\/de\/wp-json\/wp\/v2\/product_brand?post=8707"},{"taxonomy":"product_cat","embeddable":true,"href":"https:\/\/ferrygut.com\/de\/wp-json\/wp\/v2\/product_cat?post=8707"},{"taxonomy":"product_tag","embeddable":true,"href":"https:\/\/ferrygut.com\/de\/wp-json\/wp\/v2\/product_tag?post=8707"},{"taxonomy":"brands","embeddable":true,"href":"https:\/\/ferrygut.com\/de\/wp-json\/wp\/v2\/brands?post=8707"},{"taxonomy":"channels","embeddable":true,"href":"https:\/\/ferrygut.com\/de\/wp-json\/wp\/v2\/channels?post=8707"}],"curies":[{"name":"wp","href":"https:\/\/api.w.org\/{rel}","templated":true}]}}