{"id":8695,"date":"2023-11-07T17:02:03","date_gmt":"2023-11-07T16:02:03","guid":{"rendered":"https:\/\/ferrygut.com\/product\/luvego-6er-pack-staubsaugerbeutel\/"},"modified":"2025-08-03T21:50:52","modified_gmt":"2025-08-03T19:50:52","slug":"luvego-6er-pack-staubsaugerbeutel","status":"publish","type":"product","link":"https:\/\/ferrygut.com\/de\/produkt\/luvego-6er-pack-staubsaugerbeutel\/","title":{"rendered":"Luvego &#8211; 6er-Pack Staubsaugerbeutel"},"content":{"rendered":"<p>Hast du genug von einem \u00fcberquellenden Kleiderschrank mit Winter- und Sommerkleidung, die du nicht mehr tr\u00e4gst?<br \/>\nQuilts, die einfach nur im Weg sind?<br \/>\nMit den Luvego Staubsaugerbeuteln f\u00fcr Steppdecken und Kleidung kannst du ganz einfach staub- und mottenfrei aufr\u00e4umen!<br \/>\nMit dem 6er-Pack <a href=\"https:\/\/ferrygut.com\/de\/Produkt-Kategorie\/camping\/vakuumbeutel\/vakuum-aufbewahrungsbeutel\/\">Aufbewahrungstaschen<\/a> ist alles so ordentlich, ordentlich im Schrank!<br \/>\nUnsere Kleiders\u00e4cke gibt es in verschiedenen Gr\u00f6\u00dfen und f\u00fcr unterschiedliche Kleidungsst\u00fccke oder Bettwaren.<br \/>\nMit unseren Aufbewahrungstaschen bist du f\u00fcr die Reise oder die kompakte Lagerung bestens ger\u00fcstet.     <\/p>\n<h4>Das Luvego Vakuumbeutel 6er-Pack besteht aus:<\/h4>\n<ul>\n<li>3x Medium (70x50CM)<\/li>\n<li>3x Klein (60x40CM)<\/li>\n<\/ul>\n<h4>Die Pluspunkte der Luvego-Kleideraufbewahrungsbeutel<\/h4>\n<ul>\n<li>Platzeinsparungen von bis zu 80%<\/li>\n<li>Verhindert Staub, Motten, Feuchtigkeit und unerw\u00fcnschte Ger\u00fcche in deiner Kleidung<\/li>\n<li>Ideal f\u00fcr die langfristige Lagerung deiner Kleidung<\/li>\n<li>Langlebige und wiederverwendbare Vakuumbeutel, die nicht rei\u00dfen<\/li>\n<li>Verschiedene Gr\u00f6\u00dfen erh\u00e4ltlich, von <strong>80&#215;60<\/strong> cm bis <strong>70&#215;50<\/strong> cm<\/li>\n<\/ul>\n<h4>Optimiere deinen Platz mit bis zu 80% Ersparnis!<\/h4>\n<p>Die Verwendung unserer <a href=\"https:\/\/ferrygut.com\/de\/Produkt-Kategorie\/camping\/vakuumbeutel\/\">Vakuumbeutel<\/a> ist einfach und effizient. Du brauchst keine teuren Ger\u00e4te, denn ein normaler Staubsauger oder die mitgelieferte Handpumpe reichen v\u00f6llig aus. Lege deine Sachen einfach in den Beutel, schlie\u00dfe den Rei\u00dfverschluss und lass die Luft raus. Unsere Vakuumbeutel sind doppelt versiegelt, um sicherzustellen, dass die Luft vollst\u00e4ndig ausgeschlossen wird. Das Ergebnis? Eine unglaubliche Platzersparnis von 80%!<\/p>\n<h4>Vielseitig im Einsatz<\/h4>\n<p>Unser 6er-Pack enth\u00e4lt verschiedene Gr\u00f6\u00dfen von Aufbewahrungsbeuteln, die sich f\u00fcr eine Reihe von Gegenst\u00e4nden eignen, von Vakuumbeuteln f\u00fcr Kleidungsst\u00fccke bis hin zu ger\u00e4umigen Beuteln f\u00fcr Steppdecken.<br \/>\nEgal, ob es sich um Kleidung, Decken, Kissen oder saisonale Artikel handelt, diese Aufbewahrungsbeutel bieten die ideale L\u00f6sung f\u00fcr alle deine Aufbewahrungsbed\u00fcrfnisse. <\/p>\n<h4>Nachhaltige Wiederverwendung<\/h4>\n<p>Die Luvego-Vakuumbeutel sind f\u00fcr den langfristigen Einsatz konzipiert und aus robustem Material gefertigt, das auch wiederholtem Gebrauch standh\u00e4lt.<br \/>\nDas bedeutet, dass du sie Saison f\u00fcr Saison wiederverwenden kannst, was nicht nur gut f\u00fcr deinen Geldbeutel, sondern auch f\u00fcr die Umwelt ist. <\/p>\n<h4>Neben dem 6er-Pack ist auch ein 8er-Pack erh\u00e4ltlich<\/h4>\n<p>Neben dem praktischen 6er-Pack Luvego-Vakuumbeutel gibt es auch eine ger\u00e4umigere <a href=\"https:\/\/ferrygut.com\/de\/produkt\/luvego-8er-pack-staubsaugerbeutel\/\">8er-Variante<\/a>. Dieses Set enth\u00e4lt zus\u00e4tzliche Aufbewahrungsbeutel in drei verschiedenen Gr\u00f6\u00dfen, darunter 4 gro\u00dfe (80&#215;60 cm), 2 mittlere (70&#215;50 cm) und 2 kleine (60&#215;40 cm), in denen du noch mehr Sachen verstauen kannst. Wie der 6er-Pack bietet auch der 8er-Pack 80% Platzersparnis und optimalen Schutz vor Staub, Motten und Feuchtigkeit. Perfekt f\u00fcr alle, die zus\u00e4tzlichen Stauraum f\u00fcr gr\u00f6\u00dfere Gegenst\u00e4nde wie Bettdecken und Winterkleidung brauchen, und genauso haltbar und wiederverwendbar f\u00fcr den langfristigen Gebrauch.   <\/p>\n","protected":false},"excerpt":{"rendered":"<p>Hast du genug von einem \u00fcberquellenden Kleiderschrank mit Winter- und Sommerkleidung, die du nicht mehr tr\u00e4gst? Quilts, die einfach nur im Weg sind? Mit den Luvego Staubsaugerbeuteln f\u00fcr Steppdecken und Kleidung kannst du ganz einfach staub- und mottenfrei aufr\u00e4umen! Mit dem 6er-Pack Aufbewahrungstaschen ist alles so ordentlich, ordentlich im Schrank! Unsere Kleiders\u00e4cke gibt es in [&hellip;]<\/p>\n","protected":false},"featured_media":8706,"comment_status":"closed","ping_status":"closed","template":"","meta":{"_acf_changed":false,"_seopress_robots_primary_cat":"none","_seopress_titles_title":"Vakuumbeutel f\u00fcr Kleidung und Bettdecken | Luvego | 6er-Pack","_seopress_titles_desc":"Vergr\u00f6\u00dfere deinen Stauraum mit den Luvego Vakuumbeuteln. Mach dich bereit zum Reisen mit unseren Reisetaschen von FerryGut.com. Bestelle jetzt und w\u00e4hle deinen eigenen Lieferservice.  ","_seopress_robots_index":""},"product_brand":[],"product_cat":[2904,2914,2949,2915],"product_tag":[],"brands":[5271],"channels":[],"class_list":{"0":"post-8695","1":"product","2":"type-product","3":"status-publish","4":"has-post-thumbnail","6":"product_cat-camping","7":"product_cat-haushalt","8":"product_cat-vakuum-aufbewahrungsbeutel","9":"product_cat-vakuumbeutel","10":"brands-luvego","12":"first","13":"outofstock","14":"taxable","15":"shipping-taxable","16":"purchasable","17":"product-type-simple"},"acf":[],"weight_unit":"kg","dimension_unit":"cm","packaging_unit":"St\u00fccke","country_of_origin":"China","weee_germany":"DE97744419","website_url":"https:\/\/ferrygut.com\/","verkoper":"FerryGut.com","postcode":"5048CD","telefoonnummer":"+31850000735","_links":{"self":[{"href":"https:\/\/ferrygut.com\/de\/wp-json\/wp\/v2\/product\/8695","targetHints":{"allow":["GET"]}}],"collection":[{"href":"https:\/\/ferrygut.com\/de\/wp-json\/wp\/v2\/product"}],"about":[{"href":"https:\/\/ferrygut.com\/de\/wp-json\/wp\/v2\/types\/product"}],"replies":[{"embeddable":true,"href":"https:\/\/ferrygut.com\/de\/wp-json\/wp\/v2\/comments?post=8695"}],"wp:featuredmedia":[{"embeddable":true,"href":"https:\/\/ferrygut.com\/de\/wp-json\/wp\/v2\/media\/8706"}],"wp:attachment":[{"href":"https:\/\/ferrygut.com\/de\/wp-json\/wp\/v2\/media?parent=8695"}],"wp:term":[{"taxonomy":"product_brand","embeddable":true,"href":"https:\/\/ferrygut.com\/de\/wp-json\/wp\/v2\/product_brand?post=8695"},{"taxonomy":"product_cat","embeddable":true,"href":"https:\/\/ferrygut.com\/de\/wp-json\/wp\/v2\/product_cat?post=8695"},{"taxonomy":"product_tag","embeddable":true,"href":"https:\/\/ferrygut.com\/de\/wp-json\/wp\/v2\/product_tag?post=8695"},{"taxonomy":"brands","embeddable":true,"href":"https:\/\/ferrygut.com\/de\/wp-json\/wp\/v2\/brands?post=8695"},{"taxonomy":"channels","embeddable":true,"href":"https:\/\/ferrygut.com\/de\/wp-json\/wp\/v2\/channels?post=8695"}],"curies":[{"name":"wp","href":"https:\/\/api.w.org\/{rel}","templated":true}]}}