{"id":8674,"date":"2023-11-15T09:05:53","date_gmt":"2023-11-15T08:05:53","guid":{"rendered":"https:\/\/ferrygut.com\/product\/rollendes-quadrat-incharge-xl-30cm-weis\/"},"modified":"2026-02-08T16:09:30","modified_gmt":"2026-02-08T15:09:30","slug":"rollendes-quadrat-incharge-xl-30cm-weis","status":"publish","type":"product","link":"https:\/\/ferrygut.com\/de\/produkt\/rollendes-quadrat-incharge-xl-30cm-weis\/","title":{"rendered":"Rollendes Quadrat &#8211; inCharge XL 30cm &#8211; Wei\u00df"},"content":{"rendered":"<p><span style=\"font-size: 14px;\">In unserem t\u00e4glichen Leben gibt es viele Ger\u00e4te, die aufgeladen werden m\u00fcssen &#8211; von Smartphones und Tablets bis hin zu Powerbanks und kabellosen Ohrh\u00f6rern. Es scheint, als g\u00e4be es nie genug Kabel, um all diese Bed\u00fcrfnisse zu erf\u00fcllen. Aber was w\u00e4re, wenn es eine einfache L\u00f6sung g\u00e4be? Das inCharge XL 30cm in elegantem Wei\u00df bietet genau das &#8211; ein Schnellladekabel, das alles kann.   <\/span><\/p>\n<h4>Die Vorteile von RollingSquare&#8217;s InCharge XL 30cm:<\/h4>\n<ul>\n<li>30 Zentimeter<\/li>\n<li>Bis zu 100 W Aufladung<\/li>\n<li>Nimm es immer mit<\/li>\n<li>Erh\u00e4ltlich in 3 verschiedenen Farben<\/li>\n<\/ul>\n<h4>Ein Kabel f\u00fcr alles<\/h4>\n<p>Auf der einen Seite des inCharge XL 30cm findest du einen USB- und einen USB-C-Anschluss, w\u00e4hrend auf der anderen Seite ein Lightning-, ein Micro-USB- und ein USB-C-Anschluss zu finden sind. Das bedeutet, dass du praktisch jedes Ger\u00e4t aufladen kannst, unabh\u00e4ngig von Marke und Typ. Von Apple bis Samsung und mehr, dieses Kabel deckt dich ab.  <\/p>\n<h4>Schnelles und effizientes Aufladen<\/h4>\n<p>Der inCharge XL 30cm ist nicht nur vielseitig, sondern auch leistungsstark.<br \/>\nMit der F\u00e4higkeit, bis zu 2,4 A Strom zu liefern, kannst du deine Ger\u00e4te schnell aufladen.<br \/>\nAu\u00dferdem unterst\u00fctzt das Kabel das Schnellladen, was bedeutet, dass du weniger Zeit mit dem Laden und mehr Zeit mit der Nutzung verbringst.<br \/>\nDieses Schnellladekabel ist in den Farben Gelb, Schwarz und Wei\u00df erh\u00e4ltlich.   <\/p>\n<h4>Langlebig und zuverl\u00e4ssig<\/h4>\n<p>Dieses Kabel ist f\u00fcr eine lange Lebensdauer ausgelegt. Das Geh\u00e4use ist robust und langlebig, und die Anschl\u00fcsse sind so konstruiert, dass sie der Abnutzung standhalten. Du kannst dich darauf verlassen, dass der inCharge XL 30cm immer wieder zuverl\u00e4ssig funktioniert.  <\/p>\n<h4>Stilvoll und praktisch<\/h4>\n<p>Das wei\u00dfe Design des Kabels passt perfekt zu jeder Einrichtung und ist sowohl stilvoll als auch praktisch. Egal ob du im B\u00fcro, zu Hause oder unterwegs bist, dieses Kabel strahlt Stil und Schlichtheit aus. <\/p>\n<h4>Immer in Reichweite<\/h4>\n<p>Dank seiner handlichen L\u00e4nge von 30 Zentimetern l\u00e4sst sich der inCharge XL 30cm leicht mitnehmen. Egal, ob du unterwegs, auf Reisen oder einfach zu Hause bist, du hast immer eine zuverl\u00e4ssige Ladem\u00f6glichkeit zur Hand. <\/p>\n<h4>Schluss mit dem Kabelstress<\/h4>\n<p>Mit dem inCharge XL 30cm musst du nie wieder nach dem richtigen Kabel suchen.<br \/>\nAlle deine Ger\u00e4te k\u00f6nnen schnell und effizient mit einem einzigen Kabel aufgeladen werden, was dein Leben weniger kompliziert macht. <\/p>\n<h4>inCharge XL<\/h4>\n<p>Dieses Rolling Square Kabel ist ein Muss, um dein t\u00e4gliches Leben einfacher zu machen. Mit diesem Ladekabel kannst du auf dem Sofa oder in deinem Bett bleiben, ohne zus\u00e4tzliche Verl\u00e4ngerungskabel zu verwenden. Das Kabel ist in verschiedenen Gr\u00f6\u00dfen und Farben erh\u00e4ltlich.  <\/p>\n","protected":false},"excerpt":{"rendered":"<p>In unserem t\u00e4glichen Leben gibt es viele Ger\u00e4te, die aufgeladen werden m\u00fcssen &#8211; von Smartphones und Tablets bis hin zu Powerbanks und kabellosen Ohrh\u00f6rern. Es scheint, als g\u00e4be es nie genug Kabel, um all diese Bed\u00fcrfnisse zu erf\u00fcllen. Aber was w\u00e4re, wenn es eine einfache L\u00f6sung g\u00e4be? Das inCharge XL 30cm in elegantem Wei\u00df bietet [&hellip;]<\/p>\n","protected":false},"featured_media":8676,"comment_status":"closed","ping_status":"closed","template":"","meta":{"_acf_changed":false,"_seopress_robots_primary_cat":"42","_seopress_titles_title":"Schnellladekabel | Rolling Square | inCharge XL 30cm | Wei\u00df | FerryGut","_seopress_titles_desc":"Bestelle jetzt das Incharge XL 30cm, ein kompaktes Schnellladekabel von RollingSquare. Erlebe jetzt einfache Verbindungen und minimalistischen Stil! ","_seopress_robots_index":""},"product_brand":[],"product_cat":[2945,2932],"product_tag":[],"brands":[5265],"channels":[],"class_list":{"0":"post-8674","1":"product","2":"type-product","3":"status-publish","4":"has-post-thumbnail","6":"product_cat-ladekabel","7":"product_cat-tech","8":"brands-rolling-square","10":"first","11":"instock","12":"taxable","13":"shipping-taxable","14":"purchasable","15":"product-type-simple"},"acf":[],"weight_unit":"kg","dimension_unit":"cm","packaging_unit":"St\u00fccke","country_of_origin":"China","weee_germany":"DE97744419","website_url":"https:\/\/ferrygut.com\/","verkoper":"FerryGut.com","postcode":"5048CD","telefoonnummer":"+31850000735","_links":{"self":[{"href":"https:\/\/ferrygut.com\/de\/wp-json\/wp\/v2\/product\/8674","targetHints":{"allow":["GET"]}}],"collection":[{"href":"https:\/\/ferrygut.com\/de\/wp-json\/wp\/v2\/product"}],"about":[{"href":"https:\/\/ferrygut.com\/de\/wp-json\/wp\/v2\/types\/product"}],"replies":[{"embeddable":true,"href":"https:\/\/ferrygut.com\/de\/wp-json\/wp\/v2\/comments?post=8674"}],"wp:featuredmedia":[{"embeddable":true,"href":"https:\/\/ferrygut.com\/de\/wp-json\/wp\/v2\/media\/8676"}],"wp:attachment":[{"href":"https:\/\/ferrygut.com\/de\/wp-json\/wp\/v2\/media?parent=8674"}],"wp:term":[{"taxonomy":"product_brand","embeddable":true,"href":"https:\/\/ferrygut.com\/de\/wp-json\/wp\/v2\/product_brand?post=8674"},{"taxonomy":"product_cat","embeddable":true,"href":"https:\/\/ferrygut.com\/de\/wp-json\/wp\/v2\/product_cat?post=8674"},{"taxonomy":"product_tag","embeddable":true,"href":"https:\/\/ferrygut.com\/de\/wp-json\/wp\/v2\/product_tag?post=8674"},{"taxonomy":"brands","embeddable":true,"href":"https:\/\/ferrygut.com\/de\/wp-json\/wp\/v2\/brands?post=8674"},{"taxonomy":"channels","embeddable":true,"href":"https:\/\/ferrygut.com\/de\/wp-json\/wp\/v2\/channels?post=8674"}],"curies":[{"name":"wp","href":"https:\/\/api.w.org\/{rel}","templated":true}]}}