{"id":8627,"date":"2023-12-13T15:12:40","date_gmt":"2023-12-13T14:12:40","guid":{"rendered":"https:\/\/ferrygut.com\/product\/flextail-evo-pumpe-2\/"},"modified":"2025-04-15T16:04:42","modified_gmt":"2025-04-15T14:04:42","slug":"flextail-evo-pumpe-2","status":"publish","type":"product","link":"https:\/\/ferrygut.com\/de\/produkt\/flextail-evo-pumpe-2\/","title":{"rendered":"Flextail &#8211; EVO Pumpe 2"},"content":{"rendered":"<p>Das ist die Flextail EVO Pumpe, dein idealer Begleiter f\u00fcr m\u00fcheloses Aufpumpen und Entleeren. Egal, ob du zelten gehst, eine Luftmatratze aufbl\u00e4st oder dich auf ein Abenteuer begibst, mit dieser elektrischen Luftpumpe ist die Arbeit schnell und einfach erledigt. Verabschiede dich vom manuellen Abpumpen und den zeitraubenden Anstrengungen und hei\u00dfe den Komfort und die Effizienz der Flextail EVO Pumpe in deinem Leben willkommen.  <\/p>\n<h4>Die Pluspunkte der EVO-Pumpe von Flextail<\/h4>\n<ul>\n<li>Aufblasen<\/li>\n<li>Saugkraft,<\/li>\n<li>Autostecker (1,5m) und normaler Stecker (1,5m)<\/li>\n<li>Ein\/Aus-Schalter<\/li>\n<li>5 zus\u00e4tzliche D\u00fcsen<\/li>\n<li>125 g<\/li>\n<li>400L\/MIN, 3kPa<\/li>\n<li>Leistungsaufnahme: 36W<\/li>\n<li>Leicht und kompakt<\/li>\n<\/ul>\n<p>Diese elektrische <a href=\"https:\/\/ferrygut.com\/de\/Produkt-Kategorie\/camping\/luftpumpen\/\">Luftpumpe<\/a> ist enorm leicht: Mit 125 Gramm ist sie eine der leichteren Luftbettpumpen auf dem Markt. Au\u00dferdem ist die Pumpe so klein, dass du sie leicht mitnehmen kannst. So kannst du ihn mit in den Urlaub nehmen, um schnell Spielzeug am Pool aufzupumpen oder Beutel abzusaugen, wenn kein Staubsauger zur Verf\u00fcgung steht. Du kannst die Luftpumpe auch gut f\u00fcr den Hausgebrauch verwenden. Hast du Untermieter mit einem Luftbett, willst du den Grill mit etwas mehr Wind in Schwung bringen oder die Kissen saugen? Dann benutzt du nat\u00fcrlich die EVO Pump 2! Eine kleine und tragbare Luftpumpe, die du auf Reisen mitnehmen kannst. Die EVO-Pumpe hat keine eingebaute Batterie und wird \u00fcber einen Stecker oder ein Autoladeger\u00e4t mit Strom versorgt. Jede EVO-Pumpe wird mit diesem Zubeh\u00f6r geliefert und du kannst sie \u00fcberall einsetzen.<\/p>\n<h4>Kein m\u00fchsamer manueller Aufwand mehr<\/h4>\n<p>Das manuelle Aufblasen von Luftbetten und anderen aufblasbaren Produkten kann anstrengend und zeitaufw\u00e4ndig sein. Mit der Flextail EVO-Pumpe ist damit Schluss. Auf Knopfdruck ist dein Luftbett im Handumdrehen aufgeblasen und einsatzbereit. Und wenn du dein Campingabenteuer beendest, kannst du die Luft mit der gleichen Einfachheit aus deinen Produkten ablassen, was das Packen schnell und stressfrei macht.   <\/p>\n<ul>\n<li>5 zus\u00e4tzliche D\u00fcsen<\/li>\n<li>Luftbettd\u00fcse komplett<\/li>\n<li>Luftbettd\u00fcse (20mmx21,4mm)<\/li>\n<li>Vakuumd\u00fcse (16,2mmx24,3mm)<\/li>\n<li>Luftbettd\u00fcse (29,7mmx8,6mm)<\/li>\n<li>Schwimmb\u00e4nder\/aufblasbares Spielzeugmundst\u00fcck (5mmx45,6mm)<\/li>\n<\/ul>\n<h4>So funktioniert es:<\/h4>\n<p>Verbinde den entsprechenden Aufsatz mit der EVO Pump 2 <a href=\"https:\/\/ferrygut.com\/de\/Produkt-Kategorie\/camping\/luftpumpen\/luftbett-pumpen\/\">Luftbettpumpe<\/a>. Schlie\u00dfe die EVO Pump 2 an einen Dampfpunkt an und verbinde dann die Pumpe mit der Luftmatratze, dem Schlauchboot oder allem anderen, das du aufblasen oder absaugen willst. Schalte die Pumpe mit dem Ein\/Aus-Schalter ein und schalte sie wieder aus, wenn sie aufgeblasen oder abgesaugt ist. Schlie\u00dfe die Pumpe und du bist fertig.<\/p>\n<h4>Die Flextail EVO Pumpe: dein unverzichtbarer Begleiter<\/h4>\n<p>Egal, ob du ein erfahrener Camper bist oder einfach nur auf der Suche nach Komfort bist, die Flextail EVO Pumpe ist die perfekte Erg\u00e4nzung f\u00fcr deine Ausr\u00fcstung. Er macht das Aufblasen und Entleeren von Luftmatratzen und anderen aufblasbaren Gegenst\u00e4nden einfach und problemlos. Mach dein n\u00e4chstes Abenteuer bequemer und stressfreier mit der Flextail EVO Pumpe von <a href=\"https:\/\/ferrygut.com\/de\/\">FerryGut<\/a>.  <\/p>\n<p>Zus\u00e4tzlich zu dieser EVO-Pumpe von <a href=\"https:\/\/ferrygut.com\/de\/Marke\/flextail-de\/\">Flextail<\/a> haben wir jetzt auch eine Luftbettpumpe unserer eigenen Marke, die genauso leistungsstark und kompakt ist. <a href=\"https:\/\/ferrygut.com\/de\/produkt\/luvego-mini-pump-luftbettpumpe\/\">Die Luvego Mini-Pumpe<\/a> ist perfekt f\u00fcr alle deine Campingabenteuer und bietet tragbaren Komfort in einer praktischen Gr\u00f6\u00dfe. Mit dieser Pumpe bist du immer bereit, dein Luftbett schnell und m\u00fchelos aufzublasen, egal wo du bist!<\/p>\n","protected":false},"excerpt":{"rendered":"<p>Das ist die Flextail EVO Pumpe, dein idealer Begleiter f\u00fcr m\u00fcheloses Aufpumpen und Entleeren. Egal, ob du zelten gehst, eine Luftmatratze aufbl\u00e4st oder dich auf ein Abenteuer begibst, mit dieser elektrischen Luftpumpe ist die Arbeit schnell und einfach erledigt. Verabschiede dich vom manuellen Abpumpen und den zeitraubenden Anstrengungen und hei\u00dfe den Komfort und die Effizienz [&hellip;]<\/p>\n","protected":false},"featured_media":8628,"comment_status":"closed","ping_status":"closed","template":"","meta":{"_acf_changed":false,"_seopress_robots_primary_cat":"514","_seopress_titles_title":"Elektrische Luftpumpe | Evo Pump 2 | Flextail | 5 D\u00fcsen | Schwarz | FerryGut","_seopress_titles_desc":"Die evo pump 2 f\u00fcr das Camping. Mit 400L\/MIN und einer Leistung von 36W kann diese Pumpe dein Luftbett leicht aufblasen. Wird mit 5 zus\u00e4tzlichen D\u00fcsen geliefert.  ","_seopress_robots_index":""},"product_brand":[],"product_cat":[2904,2907,2905],"product_tag":[],"brands":[5277],"channels":[],"class_list":{"0":"post-8627","1":"product","2":"type-product","3":"status-publish","4":"has-post-thumbnail","6":"product_cat-camping","7":"product_cat-luftbett-pumpen","8":"product_cat-luftpumpen","9":"brands-flextail","11":"first","12":"instock","13":"taxable","14":"shipping-taxable","15":"purchasable","16":"product-type-simple"},"acf":[],"weight_unit":"kg","dimension_unit":"cm","packaging_unit":"St\u00fccke","country_of_origin":"China","weee_germany":"DE97744419","website_url":"https:\/\/ferrygut.com\/","verkoper":"FerryGut.com","postcode":"5048CD","telefoonnummer":"+31850000735","_links":{"self":[{"href":"https:\/\/ferrygut.com\/de\/wp-json\/wp\/v2\/product\/8627","targetHints":{"allow":["GET"]}}],"collection":[{"href":"https:\/\/ferrygut.com\/de\/wp-json\/wp\/v2\/product"}],"about":[{"href":"https:\/\/ferrygut.com\/de\/wp-json\/wp\/v2\/types\/product"}],"replies":[{"embeddable":true,"href":"https:\/\/ferrygut.com\/de\/wp-json\/wp\/v2\/comments?post=8627"}],"wp:featuredmedia":[{"embeddable":true,"href":"https:\/\/ferrygut.com\/de\/wp-json\/wp\/v2\/media\/8628"}],"wp:attachment":[{"href":"https:\/\/ferrygut.com\/de\/wp-json\/wp\/v2\/media?parent=8627"}],"wp:term":[{"taxonomy":"product_brand","embeddable":true,"href":"https:\/\/ferrygut.com\/de\/wp-json\/wp\/v2\/product_brand?post=8627"},{"taxonomy":"product_cat","embeddable":true,"href":"https:\/\/ferrygut.com\/de\/wp-json\/wp\/v2\/product_cat?post=8627"},{"taxonomy":"product_tag","embeddable":true,"href":"https:\/\/ferrygut.com\/de\/wp-json\/wp\/v2\/product_tag?post=8627"},{"taxonomy":"brands","embeddable":true,"href":"https:\/\/ferrygut.com\/de\/wp-json\/wp\/v2\/brands?post=8627"},{"taxonomy":"channels","embeddable":true,"href":"https:\/\/ferrygut.com\/de\/wp-json\/wp\/v2\/channels?post=8627"}],"curies":[{"name":"wp","href":"https:\/\/api.w.org\/{rel}","templated":true}]}}