{"id":8607,"date":"2023-12-13T15:49:44","date_gmt":"2023-12-13T14:49:44","guid":{"rendered":"https:\/\/ferrygut.com\/product\/flextail-max-boat-pumpe\/"},"modified":"2025-12-03T09:53:41","modified_gmt":"2025-12-03T08:53:41","slug":"flextail-max-boat-pumpe","status":"publish","type":"product","link":"https:\/\/ferrygut.com\/de\/produkt\/flextail-max-boat-pumpe\/","title":{"rendered":"Flextail &#8211; Max BOAT Pumpe"},"content":{"rendered":"<p>Es gibt nichts \u00c4rgerlicheres, als darauf zu warten, dass dein Schlauchboot aufgeblasen wird, bevor du dein Abenteuer auf dem Wasser beginnen kannst. Die Flextail Gear &#8211; Max BOAT Pump ist die ultimative kabellose L\u00f6sung f\u00fcr dieses Problem. Diese leistungsstarke und kompakte Luftpumpe wurde entwickelt, um dein Schlauchboot schnell und einfach aufzupumpen. So kannst du mehr Zeit auf dem Wasser und weniger Zeit an Land verbringen.<\/p>\n<h4>Die Pluspunkte der Max BOAT Pump von Flextail:<\/h4>\n<ul>\n<li>Sehr kompaktes Design<\/li>\n<li>Leistungsstarke Pumpe<\/li>\n<li>Im Handumdrehen aufgeblasen<\/li>\n<li>Langlebiges Material<\/li>\n<li>Wiederaufladbare Batterie<\/li>\n<li>Schnurlos<\/li>\n<\/ul>\n<h5>Starke Leistung<\/h5>\n<p>Die Flextail Gear &#8211; Max BOAT Pump verf\u00fcgt \u00fcber einen beeindruckenden 2.500mAh Lithium-Akku. Au\u00dferdem hat diese Bootspumpe einen leistungsstarken Motor, mit dem sie dein Schlauchboot m\u00fchelos aufblasen kann. Egal, ob es sich um ein Kanu, Kajak, Schlauchboot oder eine andere Art von aufblasbarem Boot handelt, diese Luftpumpe erledigt die Aufgabe ohne jede Anstrengung. Er liefert genug Kraft, um dein Boot schnell und fest aufzupumpen. Die Bedienung ist sehr einfach und kann jederzeit durchgef\u00fchrt werden. In nur 96 Sekunden kannst du ein einzelnes Kajak (274 x 76 x 33 cm) aufblasen und er kann bis zu 15 Kajaks aufblasen.<\/p>\n<h5>Kompakt und tragbar<\/h5>\n<p>Die kabellose Luftpumpe wurde mit Blick auf die Mobilit\u00e4t entwickelt. Mit einem Gewicht von nur 455 g und einer kompakten Gr\u00f6\u00dfe kannst du ihn \u00fcberallhin mitnehmen. Ob du einen Campingausflug machst, einen Tag am Strand verbringst oder einfach nur im Garten entspannst, diese Luftpumpe ist dein idealer Begleiter.<\/p>\n<h5>Wiederaufladbar \u00fcber USB<\/h5>\n<p>Mit dem mitgelieferten USB-Ladekabel kannst du die Luftpumpe ganz einfach aufladen, damit du immer einsatzbereit bist. Eine volle Ladung liefert genug Energie, um mehrere Schlauchboote aufzublasen, damit du dein Abenteuer sorglos genie\u00dfen kannst.<\/p>\n<h5>N\u00fctzliches Zubeh\u00f6r<\/h5>\n<p>Die Flextail Gear &#8211; Max BOAT Pumpe wird mit praktischem Zubeh\u00f6r geliefert, darunter mehrere D\u00fcsen und eine Aufbewahrungstasche. Mit den D\u00fcsen kannst du verschiedene H\u00fcpfburgen aufblasen, ohne zus\u00e4tzliches Zubeh\u00f6r kaufen zu m\u00fcssen. Die Aufbewahrungstasche erm\u00f6glicht es dir, die Luftpumpe und das Zubeh\u00f6r organisiert und einfach zu transportieren.<\/p>\n<h5>F\u00fcr Wassersportbegeisterte und Camper<\/h5>\n<p>Die Flextail Gear &#8211; Max BOAT Pumpe ist ideal f\u00fcr Wassersportler und Camper, die ihre Schlauchboote schnell und unkompliziert aufpumpen wollen. Egal, ob du ein Angler bist, der gerne zu abgelegenen Angelpl\u00e4tzen f\u00e4hrt, ein Camper, der Abenteuertrips liebt, oder einfach jemand, der die Entspannung auf dem Wasser sch\u00e4tzt &#8211; mit dieser <a href=\"https:\/\/ferrygut.com\/de\/produkt-kategorie\/camping\/luftpumpen\/\">Luftpumpe<\/a> kannst du dein Schlauchboot einfach und stressfrei aufpumpen.<\/p>\n<h5>Zum Schluss<\/h5>\n<p>Die Flextail Gear &#8211; Max BOAT Pump ist ein unverzichtbares Werkzeug f\u00fcr alle, die Wassersport und Abenteuer lieben. Bestelle deine noch heute bei FerryGut und genie\u00dfe mehr Zeit auf dem Wasser und weniger Zeit am Ufer. Mit dieser kabellosen Luftpumpe kannst du dein Schlauchboot schnell und einfach f\u00fcr neue Abenteuer bereit machen!<\/p>\n<p>Zus\u00e4tzlich zu dieser <a href=\"https:\/\/ferrygut.com\/de\/produkt-kategorie\/camping\/luftpumpen\/kajak-pumpen\/\">Kajakpumpe<\/a> findest du auch unsere <a href=\"https:\/\/ferrygut.com\/de\/produkt\/flextail-sup-pumpe\/\">SUP-Pumpen<\/a> f\u00fcr alle deine Wasserabenteuer.<\/p>\n","protected":false},"excerpt":{"rendered":"<p>Es gibt nichts \u00c4rgerlicheres, als darauf zu warten, dass dein Schlauchboot aufgeblasen wird, bevor du dein Abenteuer auf dem Wasser beginnen kannst. Die Flextail Gear &#8211; Max BOAT Pump ist die ultimative kabellose L\u00f6sung f\u00fcr dieses Problem. Diese leistungsstarke und kompakte Luftpumpe wurde entwickelt, um dein Schlauchboot schnell und einfach aufzupumpen. So kannst du mehr [&hellip;]<\/p>\n","protected":false},"featured_media":8609,"comment_status":"closed","ping_status":"closed","template":"","meta":{"_acf_changed":false,"_seopress_robots_primary_cat":"520","_seopress_titles_title":"Flextail | Max BOAT Pump | Kabellose Luftpumpe f\u00fcr Schlauchboote | FerryGut","_seopress_titles_desc":"Mit der Max BOAT Pumpe von Flextail wird das Aufpumpen deines Schlauchbootes zum Kinderspiel. Bestelle jetzt und blase alle deine Sup's einfach und schnell auf.","_seopress_robots_index":""},"product_brand":[],"product_cat":[2904,2961,2905],"product_tag":[],"brands":[5277],"channels":[],"class_list":{"0":"post-8607","1":"product","2":"type-product","3":"status-publish","4":"has-post-thumbnail","6":"product_cat-camping","7":"product_cat-kajak-pumpen","8":"product_cat-luftpumpen","9":"brands-flextail","11":"first","12":"outofstock","13":"taxable","14":"shipping-taxable","15":"purchasable","16":"product-type-simple"},"acf":[],"weight_unit":"kg","dimension_unit":"cm","packaging_unit":"St\u00fccke","country_of_origin":"China","weee_germany":"DE97744419","website_url":"https:\/\/ferrygut.com\/","verkoper":"FerryGut.com","postcode":"5048CD","telefoonnummer":"+31850000735","_links":{"self":[{"href":"https:\/\/ferrygut.com\/de\/wp-json\/wp\/v2\/product\/8607","targetHints":{"allow":["GET"]}}],"collection":[{"href":"https:\/\/ferrygut.com\/de\/wp-json\/wp\/v2\/product"}],"about":[{"href":"https:\/\/ferrygut.com\/de\/wp-json\/wp\/v2\/types\/product"}],"replies":[{"embeddable":true,"href":"https:\/\/ferrygut.com\/de\/wp-json\/wp\/v2\/comments?post=8607"}],"wp:featuredmedia":[{"embeddable":true,"href":"https:\/\/ferrygut.com\/de\/wp-json\/wp\/v2\/media\/8609"}],"wp:attachment":[{"href":"https:\/\/ferrygut.com\/de\/wp-json\/wp\/v2\/media?parent=8607"}],"wp:term":[{"taxonomy":"product_brand","embeddable":true,"href":"https:\/\/ferrygut.com\/de\/wp-json\/wp\/v2\/product_brand?post=8607"},{"taxonomy":"product_cat","embeddable":true,"href":"https:\/\/ferrygut.com\/de\/wp-json\/wp\/v2\/product_cat?post=8607"},{"taxonomy":"product_tag","embeddable":true,"href":"https:\/\/ferrygut.com\/de\/wp-json\/wp\/v2\/product_tag?post=8607"},{"taxonomy":"brands","embeddable":true,"href":"https:\/\/ferrygut.com\/de\/wp-json\/wp\/v2\/brands?post=8607"},{"taxonomy":"channels","embeddable":true,"href":"https:\/\/ferrygut.com\/de\/wp-json\/wp\/v2\/channels?post=8607"}],"curies":[{"name":"wp","href":"https:\/\/api.w.org\/{rel}","templated":true}]}}