{"id":8600,"date":"2023-12-13T16:00:09","date_gmt":"2023-12-13T15:00:09","guid":{"rendered":"https:\/\/ferrygut.com\/product\/flextail-max-pump-2-pro-orange\/"},"modified":"2026-04-27T08:22:38","modified_gmt":"2026-04-27T06:22:38","slug":"flextail-max-pump-2-pro-orange","status":"publish","type":"product","link":"https:\/\/ferrygut.com\/de\/produkt\/flextail-max-pump-2-pro-orange\/","title":{"rendered":"Flextail &#8211; Max Pump 2 Pro &#8211; Orange"},"content":{"rendered":"<p><span style=\"font-size: 14px\">Es geht nichts \u00fcber ein Abenteuer in der freien Natur, und mit der Flextail Gear &#8211; Max Pump 2 Pro in auff\u00e4lligem Orange wird dein n\u00e4chster Campingausflug oder Tag am Strand noch ein bisschen abenteuerlicher. Diese vielseitige Luftpumpe ist ein wahres Meisterwerk der Technik und des Komforts und wird dich nicht entt\u00e4uschen. Lies weiter, um zu erfahren, warum der orange Max Pump 2 Pro der perfekte Reisebegleiter f\u00fcr deine n\u00e4chste Reise ist.<\/span><\/p>\n<h4>Die Pluspunkte der Max Pump 2 Pro von Flextail:<\/h4>\n<ul>\n<li>Aufblasen<\/li>\n<li>Vakuum-Saugen<\/li>\n<li>Laterne und Notfall-Powerbank<\/li>\n<li>Bis zu 500 Lumen<\/li>\n<li>Wiederaufladbar mit dem mitgelieferten USB-C Kabel<\/li>\n<li>Nur 160 Gramm<\/li>\n<li>300L\/MIN, 4,5kPa<\/li>\n<\/ul>\n<h4>Eine Pumpe, unz\u00e4hlige M\u00f6glichkeiten<\/h4>\n<p>Die Max Pump 2 Pro ist keine gew\u00f6hnliche <a href=\"https:\/\/ferrygut.com\/de\/produkt-kategorie\/camping\/luftpumpen\/\">Luftpumpe<\/a>, sie ist ein 4-in-1-Allrounder. Zun\u00e4chst einmal ist es eine leistungsstarke Luftpumpe, die dein Luftbett oder aufblasbares Kajak blitzschnell aufbl\u00e4st. Aber das ist nur der Anfang. Diese vielseitige Pumpe dient auch als helle Laterne, die deine Campingn\u00e4chte erhellt. Au\u00dferdem kann er als Vakuumpumpe verwendet werden, um deine Kleidung oder Decken aufzubewahren und sogar als Notstrombank f\u00fcr deine elektronischen Ger\u00e4te. Das bedeutet, dass ein Ger\u00e4t verschiedene Bed\u00fcrfnisse erf\u00fcllen kann, sowohl in der Wildnis als auch zu Hause.<\/p>\n<h4>Energie jederzeit und \u00fcberall<\/h4>\n<p>Der Max Pump 2 Pro ist mit einem leistungsstarken Akku mit einer Kapazit\u00e4t von 3600 mAh ausgestattet. So hast du jederzeit und \u00fcberall Zugang zu Strom. Benutze die Luftpumpe nicht nur f\u00fcr dein Luftbett, sondern lade auch dein Smartphone, Tablet oder andere Ger\u00e4te auf. Damit ist die <a href=\"https:\/\/ferrygut.com\/de\/produkt-kategorie\/camping\/luftpumpen\/luftbett-pumpen\/\">Luftmatratzenpumpe<\/a> ideal f\u00fcr Notsituationen oder um beim Zelten deine Lieblingsmusik zu h\u00f6ren.<\/p>\n<h4>Kompakt und tragbar<\/h4>\n<p>Dank ihres kompakten und leichten Designs kannst du die Max Pump 2 Pro \u00fcberallhin mitnehmen. Egal, ob du dich in die Wildnis begibst, einen Tag am Strand verbringst oder einfach nur zu Hause bist, diese Luftmatratzenpumpe passt perfekt in dein Reisegep\u00e4ck oder deinen Rucksack. Egal, ob du auf unerwartete Situationen vorbereitet bist oder einfach nur Spa\u00df haben willst, diese Luftpumpe hat alles, was du brauchst.<\/p>\n<h4>Sicher und zuverl\u00e4ssig<\/h4>\n<p>Sicherheit hat Priorit\u00e4t, und daf\u00fcr sorgt die Max Pump 2 Pro. Die Luftpumpe verf\u00fcgt \u00fcber einen \u00dcberhitzungs-, Kurzschluss- und \u00dcberlastungsschutz, damit du und deine Ger\u00e4te immer sicher sind. Du kannst die verschiedenen Funktionen dieser Pumpe getrost nutzen, ohne dir Sorgen um Sch\u00e4den zu machen.<\/p>\n<h4>Einfache Bedienung<\/h4>\n<p>Die Max Pump 2 Pro ist extrem benutzerfreundlich. Mit einer intuitiven Benutzeroberfl\u00e4che kannst du ganz einfach zwischen den Funktionen wechseln und den Luftdruck kontrollieren. Das helle LED-Display zeigt alle notwendigen Informationen an, und mit einem Knopfdruck kannst du die Pumpe aktivieren. Keine komplizierten Anweisungen oder Kn\u00f6pfe; diese Luftpumpe ist so konzipiert, dass sie f\u00fcr jeden zug\u00e4nglich ist.<\/p>\n<p>Zusammenfassend l\u00e4sst sich sagen, dass die Flextail Gear &#8211; Max Pump 2 Pro in auff\u00e4lligem Orange der ideale Begleiter f\u00fcr alle ist, die gerne drau\u00dfen unterwegs sind und Abenteuer lieben. Bestelle deine noch heute bei FerryGut und entdecke, wie ein kompaktes Ger\u00e4t alle deine Abenteuer und t\u00e4glichen Bed\u00fcrfnisse erf\u00fcllen kann. Mit dem orangefarbenen Max Pump 2 Pro bist du immer auf jede Situation vorbereitet, egal wohin dich deine Abenteuer f\u00fchren.<\/p>\n","protected":false},"excerpt":{"rendered":"<p>Es geht nichts \u00fcber ein Abenteuer in der freien Natur, und mit der Flextail Gear &#8211; Max Pump 2 Pro in auff\u00e4lligem Orange wird dein n\u00e4chster Campingausflug oder Tag am Strand noch ein bisschen abenteuerlicher. Diese vielseitige Luftpumpe ist ein wahres Meisterwerk der Technik und des Komforts und wird dich nicht entt\u00e4uschen. Lies weiter, um [&hellip;]<\/p>\n","protected":false},"featured_media":83815,"comment_status":"closed","ping_status":"closed","template":"","meta":{"_acf_changed":false,"_seopress_robots_primary_cat":"514","_seopress_titles_title":"Luftpumpe | Flextail | Max Pump 2 Pro - Orange | Vakuumpumpe | Ferrygut","_seopress_titles_desc":"Lass die Flextail Gear Luftpumpe MAX Pump 2 Orange deine Campingabenteuer bereichern. Bestelle noch heute und w\u00e4hle deinen eigenen Lieferservice!","_seopress_robots_index":""},"product_brand":[],"product_cat":[2904,2907,2905],"product_tag":[],"brands":[5277],"channels":[],"class_list":{"0":"post-8600","1":"product","2":"type-product","3":"status-publish","4":"has-post-thumbnail","6":"product_cat-camping","7":"product_cat-luftbett-pumpen","8":"product_cat-luftpumpen","9":"brands-flextail","11":"first","12":"outofstock","13":"sale","14":"taxable","15":"shipping-taxable","16":"purchasable","17":"product-type-simple"},"acf":[],"weight_unit":"kg","dimension_unit":"cm","packaging_unit":"St\u00fccke","country_of_origin":"China","weee_germany":"DE97744419","website_url":"https:\/\/ferrygut.com\/","verkoper":"FerryGut.com","postcode":"5048CD","telefoonnummer":"+31850000735","_links":{"self":[{"href":"https:\/\/ferrygut.com\/de\/wp-json\/wp\/v2\/product\/8600","targetHints":{"allow":["GET"]}}],"collection":[{"href":"https:\/\/ferrygut.com\/de\/wp-json\/wp\/v2\/product"}],"about":[{"href":"https:\/\/ferrygut.com\/de\/wp-json\/wp\/v2\/types\/product"}],"replies":[{"embeddable":true,"href":"https:\/\/ferrygut.com\/de\/wp-json\/wp\/v2\/comments?post=8600"}],"wp:featuredmedia":[{"embeddable":true,"href":"https:\/\/ferrygut.com\/de\/wp-json\/wp\/v2\/media\/83815"}],"wp:attachment":[{"href":"https:\/\/ferrygut.com\/de\/wp-json\/wp\/v2\/media?parent=8600"}],"wp:term":[{"taxonomy":"product_brand","embeddable":true,"href":"https:\/\/ferrygut.com\/de\/wp-json\/wp\/v2\/product_brand?post=8600"},{"taxonomy":"product_cat","embeddable":true,"href":"https:\/\/ferrygut.com\/de\/wp-json\/wp\/v2\/product_cat?post=8600"},{"taxonomy":"product_tag","embeddable":true,"href":"https:\/\/ferrygut.com\/de\/wp-json\/wp\/v2\/product_tag?post=8600"},{"taxonomy":"brands","embeddable":true,"href":"https:\/\/ferrygut.com\/de\/wp-json\/wp\/v2\/brands?post=8600"},{"taxonomy":"channels","embeddable":true,"href":"https:\/\/ferrygut.com\/de\/wp-json\/wp\/v2\/channels?post=8600"}],"curies":[{"name":"wp","href":"https:\/\/api.w.org\/{rel}","templated":true}]}}