{"id":8585,"date":"2023-12-13T16:18:24","date_gmt":"2023-12-13T15:18:24","guid":{"rendered":"https:\/\/ferrygut.com\/product\/flextail-max-pump-2-pro-weis\/"},"modified":"2025-08-18T17:15:03","modified_gmt":"2025-08-18T15:15:03","slug":"flextail-max-pump-2-pro-weis","status":"publish","type":"product","link":"https:\/\/ferrygut.com\/de\/produkt\/flextail-max-pump-2-pro-weis\/","title":{"rendered":"Flextail &#8211; Max Pump 2 Pro &#8211; Wei\u00df"},"content":{"rendered":"<p><span style=\"font-size: 14px;\">Ein abenteuerlustiger Geist verdient einen Begleiter, und mit der Flextail Gear &#8211; Max Pump 2 Pro in strahlendem Wei\u00df wird dein n\u00e4chstes Outdoor-Erlebnis noch besonderer sein. Diese vielseitige Luftpumpe ist ein Musterbeispiel f\u00fcr technologische Innovation und Benutzerfreundlichkeit und wird dich nie im Stich lassen. Lies weiter, um zu erfahren, warum die wei\u00dfe Pumpe der perfekte Reisebegleiter f\u00fcr dein n\u00e4chstes Abenteuer ist.  <\/span><\/p>\n<h4>Die Pluspunkte der Max Pump 2 Pro von Flextail:<\/h4>\n<ul>\n<li>Aufblasen<\/li>\n<li>Vakuum-Saugen<\/li>\n<li>Laterne und Notfall-Powerbank<\/li>\n<li>Bis zu 500 Lumen<\/li>\n<li>Wiederaufladbar mit dem mitgelieferten USB-C Kabel<\/li>\n<li>Nur 160 Gramm<\/li>\n<li>300L\/MIN, 4,5kPa<\/li>\n<\/ul>\n<h5><\/h5>\n<h5>Vier in einer Pumpe<\/h5>\n<p>Die Max Pump 2 Pro ist keine gew\u00f6hnliche Luftpumpe, sie ist ein 4-in-1-Allrounder. Zun\u00e4chst einmal ist es eine leistungsstarke Luftpumpe, die dein Luftbett oder aufblasbares Kajak blitzschnell aufbl\u00e4st. Aber das ist nur der Anfang. Diese vielseitige Luftpumpe dient auch als helle Laterne, die deine Campingn\u00e4chte erhellt. Au\u00dferdem kann er als Vakuumpumpe verwendet werden, um deine Kleidung oder Decken aufzubewahren und sogar als Notstrombank f\u00fcr deine elektronischen Ger\u00e4te. Das bedeutet, dass ein Ger\u00e4t verschiedene Bed\u00fcrfnisse erf\u00fcllen kann, sowohl in der Wildnis als auch zu Hause.     <\/p>\n<h5>Energie jederzeit und \u00fcberall<\/h5>\n<p>Das Max Pump 2 Pro ist mit einem leistungsstarken Akku mit einer Kapazit\u00e4t von 3600 mAh ausgestattet, mit dem du jederzeit und \u00fcberall Strom hast. Benutze die Luftpumpe nicht nur f\u00fcr dein Luftbett, sondern lade auch dein Smartphone, Tablet oder andere Ger\u00e4te auf. Damit ist die Luftpumpe ideal f\u00fcr Notsituationen oder um beim Zelten deine Lieblingsmusik zu h\u00f6ren.  <\/p>\n<h5>Kompakt und tragbar<\/h5>\n<p>Dank ihres kompakten und leichten Designs kannst du die Max Pump 2 Pro \u00fcberallhin mitnehmen. Ob du in der Natur unterwegs bist, einen Tag am Strand verbringst oder einfach nur zu Hause bist, diese Luftpumpe passt m\u00fchelos in dein Reisegep\u00e4ck oder deinen Rucksack. Ob du auf unerwartete Situationen vorbereitet bist oder einfach nur Spa\u00df haben willst, diese Luftpumpe ist dein idealer Begleiter.  <\/p>\n<h5>Sicher und zuverl\u00e4ssig<\/h5>\n<p>Sicherheit steht an erster Stelle, und die Max Pump 2 Pro ist da, um auf dich und deine Ger\u00e4te aufzupassen. Die Luftpumpe ist mit einem \u00dcberhitzungs-, Kurzschluss- und \u00dcberlastungsschutz ausgestattet, sodass du ihre verschiedenen Funktionen bedenkenlos nutzen kannst, ohne dir Sorgen \u00fcber m\u00f6gliche Sch\u00e4den zu machen. <\/p>\n<h5>Einfache Bedienung<\/h5>\n<p>Die Max Pump 2 Pro ist extrem benutzerfreundlich. Mit einer intuitiven Benutzeroberfl\u00e4che kannst du ganz einfach zwischen den Funktionen wechseln und den Luftdruck kontrollieren. Das helle LED-Display zeigt alle notwendigen Informationen an, und mit nur einem Knopfdruck aktivierst du die Pumpe. Keine komplizierten Anweisungen oder Kn\u00f6pfe; diese Luftpumpe ist so konzipiert, dass sie f\u00fcr jeden zug\u00e4nglich ist.   <\/p>\n<p>Kurzum, die Flextail Gear &#8211; Max Pump 2 Pro in strahlendem Wei\u00df ist der perfekte Reisebegleiter f\u00fcr Abenteurer. Bestelle deine noch heute bei FerryGut und entdecke, wie ein kompaktes Ger\u00e4t alle deine Abenteuer und t\u00e4glichen Bed\u00fcrfnisse erf\u00fcllen kann. Mit dem wei\u00dfen Max Pump 2 Pro bist du immer auf jede Situation vorbereitet, egal wohin dich deine Abenteuer f\u00fchren.  <\/p>\n<p>Mehr lesen<\/p>\n","protected":false},"excerpt":{"rendered":"<p>Ein abenteuerlustiger Geist verdient einen Begleiter, und mit der Flextail Gear &#8211; Max Pump 2 Pro in strahlendem Wei\u00df wird dein n\u00e4chstes Outdoor-Erlebnis noch besonderer sein. Diese vielseitige Luftpumpe ist ein Musterbeispiel f\u00fcr technologische Innovation und Benutzerfreundlichkeit und wird dich nie im Stich lassen. Lies weiter, um zu erfahren, warum die wei\u00dfe Pumpe der perfekte [&hellip;]<\/p>\n","protected":false},"featured_media":8587,"comment_status":"closed","ping_status":"closed","template":"","meta":{"_acf_changed":false,"_seopress_robots_primary_cat":"514","_seopress_titles_title":"Max Pump 2 Pro | Inflator | Flextail | FerryGut.com","_seopress_titles_desc":"Besuche unsere Website FerryGut.com und schau dir die Angebote von Flextail an. Bestelle jetzt deine Max Pump und erlebe den ultimativen Komfort mit den Pumpen von FerryGut. ","_seopress_robots_index":""},"product_brand":[],"product_cat":[2904,2907,2905],"product_tag":[],"brands":[5277],"channels":[],"class_list":{"0":"post-8585","1":"product","2":"type-product","3":"status-publish","4":"has-post-thumbnail","6":"product_cat-camping","7":"product_cat-luftbett-pumpen","8":"product_cat-luftpumpen","9":"brands-flextail","11":"first","12":"outofstock","13":"sale","14":"taxable","15":"shipping-taxable","16":"purchasable","17":"product-type-simple"},"acf":[],"weight_unit":"kg","dimension_unit":"cm","packaging_unit":"St\u00fccke","country_of_origin":"China","weee_germany":"DE97744419","website_url":"https:\/\/ferrygut.com\/","verkoper":"FerryGut.com","postcode":"5048CD","telefoonnummer":"+31850000735","_links":{"self":[{"href":"https:\/\/ferrygut.com\/de\/wp-json\/wp\/v2\/product\/8585","targetHints":{"allow":["GET"]}}],"collection":[{"href":"https:\/\/ferrygut.com\/de\/wp-json\/wp\/v2\/product"}],"about":[{"href":"https:\/\/ferrygut.com\/de\/wp-json\/wp\/v2\/types\/product"}],"replies":[{"embeddable":true,"href":"https:\/\/ferrygut.com\/de\/wp-json\/wp\/v2\/comments?post=8585"}],"wp:featuredmedia":[{"embeddable":true,"href":"https:\/\/ferrygut.com\/de\/wp-json\/wp\/v2\/media\/8587"}],"wp:attachment":[{"href":"https:\/\/ferrygut.com\/de\/wp-json\/wp\/v2\/media?parent=8585"}],"wp:term":[{"taxonomy":"product_brand","embeddable":true,"href":"https:\/\/ferrygut.com\/de\/wp-json\/wp\/v2\/product_brand?post=8585"},{"taxonomy":"product_cat","embeddable":true,"href":"https:\/\/ferrygut.com\/de\/wp-json\/wp\/v2\/product_cat?post=8585"},{"taxonomy":"product_tag","embeddable":true,"href":"https:\/\/ferrygut.com\/de\/wp-json\/wp\/v2\/product_tag?post=8585"},{"taxonomy":"brands","embeddable":true,"href":"https:\/\/ferrygut.com\/de\/wp-json\/wp\/v2\/brands?post=8585"},{"taxonomy":"channels","embeddable":true,"href":"https:\/\/ferrygut.com\/de\/wp-json\/wp\/v2\/channels?post=8585"}],"curies":[{"name":"wp","href":"https:\/\/api.w.org\/{rel}","templated":true}]}}