{"id":8569,"date":"2023-12-13T16:36:29","date_gmt":"2023-12-13T15:36:29","guid":{"rendered":"https:\/\/ferrygut.com\/product\/flextail-tiny-pump-x-grau\/"},"modified":"2025-05-08T11:45:13","modified_gmt":"2025-05-08T09:45:13","slug":"flextail-tiny-pump-x-grau","status":"publish","type":"product","link":"https:\/\/ferrygut.com\/de\/produkt\/flextail-tiny-pump-x-grau\/","title":{"rendered":"Flextail &#8211; Tiny pump X &#8211; Grau"},"content":{"rendered":"<p><span style=\"font-size: 14px;\">Die Flextail Gear Tiny Pump X in stylischem Grau ist deine neue All-in-One-L\u00f6sung f\u00fcr alle m\u00f6glichen Situationen. Diese kompakte   <\/span><a style=\"font-size: 14px;\" href=\"https:\/\/ferrygut.com\/de\/Produkt-Kategorie\/camping\/luftpumpen\/\">Luftpumpe<\/a><span style=\"font-size: 14px;\">  kann viel mehr als nur Luftmatratzen aufblasen. Mit praktischen Funktionen wie einer hellen Laterne und der M\u00f6glichkeit zum Aufpumpen ist diese graue Luftpumpe der perfekte Begleiter f\u00fcr Campingabenteuer und den t\u00e4glichen Bedarf. Dank seines wiederaufladbaren Designs hast du jederzeit und \u00fcberall Zugang zu Strom und seine kompakte Gr\u00f6\u00dfe macht ihn f\u00fcr jedes Abenteuer geeignet. Bestelle die Flextail Gear Tiny Pump X noch heute und entdecke, wie sie deine Outdoor- und Indoor-Erlebnisse auf die n\u00e4chste Stufe hebt!   <\/span><\/p>\n<h4>Die Pluspunkte der Tiny Pump X von Flextail:<\/h4>\n<ul>\n<li>Aufblasen<\/li>\n<li>Vakuum-Saugen<\/li>\n<li>Laternenfunktion<\/li>\n<li>Kompakt und wiederaufladbar<\/li>\n<li>400 Lumen Helligkeit<\/li>\n<li>Nur 350 Gramm<\/li>\n<li>Multifunktional<\/li>\n<\/ul>\n<h4>Kompakt und leistungsstark<\/h4>\n<p>Der Tiny Pump X ist dein idealer Reisebegleiter f\u00fcr alle Arten von Abenteuern. Dieses kleine Wunderwerk pumpt satte 180 Liter pro Minute bei einem Druck von 3,5 kPa. Das macht es perfekt f\u00fcr das schnelle Aufblasen von Luftbetten. Aber auch f\u00fcr Schlauchboote, Luftringe und sogar f\u00fcr vakuumtaugliche Aufbewahrungsbeutel wie die Flexbag Vakuumbeutel. Mit den f\u00fcnf mitgelieferten Aufs\u00e4tzen, die m\u00fchelos auf die Pumpe passen, hast du alles, was du zum Aufblasen oder Ablassen brauchst. Au\u00dferdem ist der Tiny Pump X mit einem eingebauten Akku (1300 mAh) ausgestattet, den du ganz einfach mit dem mitgelieferten USB-C-Kabel aufladen kannst. Mit einer vollen Akkuladung kannst du etwa zehn Luftmatratzen aufblasen, zwanzig Staubsaugerbeutel absaugen oder die Laterne bis zu zehn Stunden bei einer 40-Lumen-Einstellung verwenden.      <\/p>\n<h4>Laterne<\/h4>\n<p>Die praktische eingebaute Laterne an der Unterseite der Luftpumpe bietet zus\u00e4tzliche Funktionen.<br \/>\nDu kannst die Tiny Pump X ganz einfach an den First deines Zeltes oder deiner Tasche h\u00e4ngen. Die Lampe hat drei Modi (40 Lumen, 160 Lumen und 400 Lumen), die du ganz einfach mit dem gro\u00dfen Knopf in der Mitte einstellen kannst. <\/p>\n<h4>Leichte Pumpe und kompakt<\/h4>\n<p>Mit einem Gewicht von nur 89 Gramm und einer Gr\u00f6\u00dfe von 5,3 x 4,4 cm ist dieser All-in-One Inflator extrem leicht und kompakt. Er passt m\u00fchelos in dein Gep\u00e4ck oder deinen Rucksack und du wirst kaum merken, dass du ihn dabei hast. Selbst wenn du im Urlaub bist und keinen Staubsauger zur Hand hast, ist die Tiny Pump sehr praktisch. Du kannst ihn benutzen, um deine Vakuumbeutel f\u00fcr die R\u00fcckfahrt aufzusaugen und so mehr Platz zu sparen.   <\/p>\n<h4>Wie benutzt du die Tiny Pump X?<\/h4>\n<p>Verbinde einfach den entsprechenden Aufsatz und schlie\u00dfe die <a href=\"https:\/\/ferrygut.com\/de\/Produkt-Kategorie\/camping\/luftpumpen\/luftbett-pumpen\/\">Luftpumpe<\/a> an das Objekt an, das du aufblasen oder entleeren m\u00f6chtest. Schalte die Luftpumpe mit dem Ein\/Aus-Knopf ein und schalte sie aus, wenn die Arbeit erledigt ist.  Einfacher geht&#8217;s nicht! Neben der Farbe Grau ist der Tiny Pump X auch in zwei weiteren Farben erh\u00e4ltlich:<\/p>\n<ul>\n<li><a href=\"https:\/\/ferrygut.com\/de\/produkt\/flextail-tiny-pump-x-blau\/\">Tiny Pump X &#8211; Blau<\/a><\/li>\n<li><a href=\"https:\/\/ferrygut.com\/de\/produkt\/flextail-tiny-pump-x-weis\/\">Tiny Pump X &#8211; Wei\u00df<\/a><\/li>\n<\/ul>\n","protected":false},"excerpt":{"rendered":"<p>Die Flextail Gear Tiny Pump X in stylischem Grau ist deine neue All-in-One-L\u00f6sung f\u00fcr alle m\u00f6glichen Situationen. Diese kompakte Luftpumpe kann viel mehr als nur Luftmatratzen aufblasen. Mit praktischen Funktionen wie einer hellen Laterne und der M\u00f6glichkeit zum Aufpumpen ist diese graue Luftpumpe der perfekte Begleiter f\u00fcr Campingabenteuer und den t\u00e4glichen Bedarf. Dank seines wiederaufladbaren [&hellip;]<\/p>\n","protected":false},"featured_media":8571,"comment_status":"closed","ping_status":"closed","template":"","meta":{"_acf_changed":false,"_seopress_robots_primary_cat":"514","_seopress_titles_title":"Flextail - Tiny Pump X Grey Aufblasbare Pumpe - FerryGut.com","_seopress_titles_desc":"Kaufe jetzt deine kompakte aufblasbare Pumpe f\u00fcr den Urlaub bei FerryGut.Com. Eine kompakte Pumpe f\u00fcr dein Luftbett!  Vor 22:00 Uhr bestellt, morgen geliefert!","_seopress_robots_index":""},"product_brand":[],"product_cat":[2904,2907,2905],"product_tag":[],"brands":[5277],"channels":[],"class_list":{"0":"post-8569","1":"product","2":"type-product","3":"status-publish","4":"has-post-thumbnail","6":"product_cat-camping","7":"product_cat-luftbett-pumpen","8":"product_cat-luftpumpen","9":"brands-flextail","11":"first","12":"outofstock","13":"sale","14":"taxable","15":"shipping-taxable","16":"purchasable","17":"product-type-simple"},"acf":[],"weight_unit":"kg","dimension_unit":"cm","packaging_unit":"St\u00fccke","country_of_origin":"China","weee_germany":"DE97744419","website_url":"https:\/\/ferrygut.com\/","verkoper":"FerryGut.com","postcode":"5048CD","telefoonnummer":"+31850000735","_links":{"self":[{"href":"https:\/\/ferrygut.com\/de\/wp-json\/wp\/v2\/product\/8569","targetHints":{"allow":["GET"]}}],"collection":[{"href":"https:\/\/ferrygut.com\/de\/wp-json\/wp\/v2\/product"}],"about":[{"href":"https:\/\/ferrygut.com\/de\/wp-json\/wp\/v2\/types\/product"}],"replies":[{"embeddable":true,"href":"https:\/\/ferrygut.com\/de\/wp-json\/wp\/v2\/comments?post=8569"}],"wp:featuredmedia":[{"embeddable":true,"href":"https:\/\/ferrygut.com\/de\/wp-json\/wp\/v2\/media\/8571"}],"wp:attachment":[{"href":"https:\/\/ferrygut.com\/de\/wp-json\/wp\/v2\/media?parent=8569"}],"wp:term":[{"taxonomy":"product_brand","embeddable":true,"href":"https:\/\/ferrygut.com\/de\/wp-json\/wp\/v2\/product_brand?post=8569"},{"taxonomy":"product_cat","embeddable":true,"href":"https:\/\/ferrygut.com\/de\/wp-json\/wp\/v2\/product_cat?post=8569"},{"taxonomy":"product_tag","embeddable":true,"href":"https:\/\/ferrygut.com\/de\/wp-json\/wp\/v2\/product_tag?post=8569"},{"taxonomy":"brands","embeddable":true,"href":"https:\/\/ferrygut.com\/de\/wp-json\/wp\/v2\/brands?post=8569"},{"taxonomy":"channels","embeddable":true,"href":"https:\/\/ferrygut.com\/de\/wp-json\/wp\/v2\/channels?post=8569"}],"curies":[{"name":"wp","href":"https:\/\/api.w.org\/{rel}","templated":true}]}}