{"id":8546,"date":"2023-12-14T10:57:36","date_gmt":"2023-12-14T09:57:36","guid":{"rendered":"https:\/\/ferrygut.com\/product\/flextail-winzige-pumpe-x2-luftpumpe\/"},"modified":"2026-02-21T11:48:02","modified_gmt":"2026-02-21T10:48:02","slug":"flextail-winzige-pumpe-x2-luftpumpe","status":"publish","type":"product","link":"https:\/\/ferrygut.com\/de\/produkt\/flextail-winzige-pumpe-x2-luftpumpe\/","title":{"rendered":"Flextail &#8211; Winzige Pumpe X2 &#8211; Luftpumpe"},"content":{"rendered":"<p>Die Flextail Gear Tiny Pump X2 elektrische Luftbettpumpe ist der st\u00e4rkere Bruder der Tiny Pump X. Obwohl sie nur 95 Gramm wiegt, ist sie ein echtes Kraftpaket. Perfekt zum Aufblasen deines Luftbetts, Luftkissens oder zum Aufsaugen deiner <g id=\"gid_0\">Staubsaugerbeutel<\/g>. Aber das ist noch nicht alles: Die Tiny Pump X2 kann auch als praktische Laterne verwendet werden, ideal f\u00fcr Campingabenteuer!  <\/p>\n<h4><strong>Die Pluspunkte der Tiny Pump X2:<\/strong><\/h4>\n<ul>\n<li>Aufblasen<\/li>\n<li>Vakuum-Saugen<\/li>\n<li>Laterne<\/li>\n<li>Wiederaufladbar \u00fcber das mitgelieferte USB-C Kabel<\/li>\n<li>Nur 95 Gramm<\/li>\n<li>180L\/MIN<\/li>\n<\/ul>\n<h5><strong>Starke Leistung<\/strong><\/h5>\n<p>Dieses kleine Kraftpaket pumpt satte 180 Liter Luft pro Minute mit einem beeindruckenden Druck von 4 kPa. Ideal zum schnellen Aufblasen von Luftmatratzen, Schlauchbooten, Luftringen und sogar zum Aufsaugen von Aufbewahrungsbeuteln, wie z. B. den praktischen <a href=\"https:\/\/ferrygut.com\/de\/produkt\/flextail-vakuumbeutel-80x60cm-4-stuck\/\">Flexbag-Vakuumbeuteln<\/a>! Mit den f\u00fcnf mitgelieferten Aufs\u00e4tzen, die einfach an die Pumpe angeschlossen werden, kannst du m\u00fchelos alles aufblasen oder entleeren. <\/p>\n<p>Der Tiny Pump X2 hat einen eingebauten 1300-mAh-Akku, den du mit dem mitgelieferten USB-C-Kabel schnell aufladen kannst. Mit einem voll aufgeladenen Akku kannst du etwa 10 Luftmatratzen aufblasen. Leere 20 Vakuumbeutel oder benutze die integrierte Laterne f\u00fcr 10 Stunden bei einer Helligkeit von 40 Lumen.  <\/p>\n<h5><strong>Praktische Laternenfunktion<\/strong><\/h5>\n<p>Die Tiny Pump X2 hat eine eingebaute Laterne am Boden. So kannst du die elektrische Luftmatratzenpumpe ganz einfach an den First deines Zeltes oder deiner Tasche h\u00e4ngen. Die Lampe verf\u00fcgt \u00fcber drei verschiedene Lichtmodi (40 Lumen, 160 Lumen und 400 Lumen), die du m\u00fchelos mit dem gro\u00dfen Drehknopf in der Mitte einstellst. Egal, ob du nachts deinen Zeltplatz ausleuchten willst oder zus\u00e4tzliche Beleuchtung brauchst, diese Laterne bietet immer die richtige Helligkeit.   <\/p>\n<h5><strong>Leichtes und kompaktes Design<\/strong><\/h5>\n<p>Diese Mehrzweckpumpe ist extrem kompakt (nur 4,5 x 4,3 x 5,8 cm), sodass du sie auf deinen Reisen und Abenteuern m\u00fchelos \u00fcberallhin mitnehmen kannst. Mit einem Gewicht von nur 95 Gramm bemerkst du die Pumpe in deinem Rucksack kaum. Auch im Urlaub, wenn du nicht in der N\u00e4he eines Staubsaugers bist, ist die Tiny Pump X2 ideal, um deine Staubsaugerbeutel schnell wieder luftdicht zu machen, bevor du zur\u00fcckreist.  <\/p>\n<h5><strong>Einfach zu bedienen<\/strong><\/h5>\n<p>Die Verwendung der Tiny Pump X2 ist extrem einfach. Verbinde den richtigen Aufsatz mit der Pumpe und schlie\u00dfe die elektrische Luftbettpumpe an das Luftbett, das Schlauchboot oder ein anderes aufblasbares Objekt an, das du bef\u00fcllen oder entleeren m\u00f6chtest. Schalte die Pumpe mit dem Ein\/Aus-Knopf ein und schalte sie wieder aus, sobald der gew\u00fcnschte Luftdruck erreicht ist. Schlie\u00dfe die Pumpe und du kannst loslegen! Mit der Tiny Pump X2 wird jede Aufblas- und Entleerungsarbeit ein Kinderspiel.    <\/p>\n<p>Ob du auf einem Abenteuer, zu Hause oder im Urlaub bist. Die Flextail Gear Tiny Pump X2 in Wei\u00df ist immer f\u00fcr dich da. Bestelle diese vielseitige elektrische Luftpumpe von <a href=\"https:\/\/ferrygut.com\/de\/\">FerryGut<\/a> noch heute und erlebe den Komfort und die Effizienz, die dieses kompakte Ger\u00e4t zu bieten hat. Egal, ob du schnell aufblasbare Gegenst\u00e4nde aufpumpen oder deinen Zeltplatz beleuchten musst, die Tiny Pump X2 ist dein zuverl\u00e4ssiger Reisebegleiter. Neben der X2-Version von Flextail ist die X-Version auch in <a href=\"https:\/\/ferrygut.com\/de\/produkt\/flextail-tiny-pump-x-blau\/\">Blau<\/a>, <a href=\"https:\/\/ferrygut.com\/de\/produkt\/flextail-tiny-pump-x-grau\/\">Grau<\/a> und <a href=\"https:\/\/ferrygut.com\/de\/produkt\/flextail-tiny-pump-x-grau\/\">Wei\u00df<\/a> erh\u00e4ltlich.    <\/p>\n","protected":false},"excerpt":{"rendered":"<p>Die Flextail Gear Tiny Pump X2 elektrische Luftbettpumpe ist der st\u00e4rkere Bruder der Tiny Pump X. Obwohl sie nur 95 Gramm wiegt, ist sie ein echtes Kraftpaket. Perfekt zum Aufblasen deines Luftbetts, Luftkissens oder zum Aufsaugen deiner Staubsaugerbeutel. Aber das ist noch nicht alles: Die Tiny Pump X2 kann auch als praktische Laterne verwendet werden, [&hellip;]<\/p>\n","protected":false},"featured_media":8554,"comment_status":"closed","ping_status":"closed","template":"","meta":{"_acf_changed":false,"_seopress_robots_primary_cat":"514","_seopress_titles_title":"Flextail - Tiny Pump X Elektrische Luftbettpumpe - FerryGut.com","_seopress_titles_desc":"Eine kompakte elektrische Luftbettpumpe f\u00fcr unterwegs oder zu Hause. Eine multifunktionale Pumpe zum Aufpumpen und Absaugen. Bestelle jetzt und profitiere von einer schnellen Lieferung.  ","_seopress_robots_index":""},"product_brand":[],"product_cat":[2904,2907,2905],"product_tag":[],"brands":[5277],"channels":[],"class_list":{"0":"post-8546","1":"product","2":"type-product","3":"status-publish","4":"has-post-thumbnail","6":"product_cat-camping","7":"product_cat-luftbett-pumpen","8":"product_cat-luftpumpen","9":"brands-flextail","11":"first","12":"instock","13":"sale","14":"taxable","15":"shipping-taxable","16":"purchasable","17":"product-type-simple"},"acf":[],"weight_unit":"kg","dimension_unit":"cm","packaging_unit":"St\u00fccke","country_of_origin":"China","weee_germany":"DE97744419","website_url":"https:\/\/ferrygut.com\/","verkoper":"FerryGut.com","postcode":"5048CD","telefoonnummer":"+31850000735","_links":{"self":[{"href":"https:\/\/ferrygut.com\/de\/wp-json\/wp\/v2\/product\/8546","targetHints":{"allow":["GET"]}}],"collection":[{"href":"https:\/\/ferrygut.com\/de\/wp-json\/wp\/v2\/product"}],"about":[{"href":"https:\/\/ferrygut.com\/de\/wp-json\/wp\/v2\/types\/product"}],"replies":[{"embeddable":true,"href":"https:\/\/ferrygut.com\/de\/wp-json\/wp\/v2\/comments?post=8546"}],"wp:featuredmedia":[{"embeddable":true,"href":"https:\/\/ferrygut.com\/de\/wp-json\/wp\/v2\/media\/8554"}],"wp:attachment":[{"href":"https:\/\/ferrygut.com\/de\/wp-json\/wp\/v2\/media?parent=8546"}],"wp:term":[{"taxonomy":"product_brand","embeddable":true,"href":"https:\/\/ferrygut.com\/de\/wp-json\/wp\/v2\/product_brand?post=8546"},{"taxonomy":"product_cat","embeddable":true,"href":"https:\/\/ferrygut.com\/de\/wp-json\/wp\/v2\/product_cat?post=8546"},{"taxonomy":"product_tag","embeddable":true,"href":"https:\/\/ferrygut.com\/de\/wp-json\/wp\/v2\/product_tag?post=8546"},{"taxonomy":"brands","embeddable":true,"href":"https:\/\/ferrygut.com\/de\/wp-json\/wp\/v2\/brands?post=8546"},{"taxonomy":"channels","embeddable":true,"href":"https:\/\/ferrygut.com\/de\/wp-json\/wp\/v2\/channels?post=8546"}],"curies":[{"name":"wp","href":"https:\/\/api.w.org\/{rel}","templated":true}]}}