{"id":8523,"date":"2023-12-14T12:05:53","date_gmt":"2023-12-14T11:05:53","guid":{"rendered":"https:\/\/ferrygut.com\/product\/flextail-70x50-cm-vakuum-aufbewahrungsbeutel\/"},"modified":"2025-04-25T18:21:23","modified_gmt":"2025-04-25T16:21:23","slug":"flextail-70x50-cm-vakuum-aufbewahrungsbeutel","status":"publish","type":"product","link":"https:\/\/ferrygut.com\/de\/produkt\/flextail-70x50-cm-vakuum-aufbewahrungsbeutel\/","title":{"rendered":"Flextail &#8211; 70&#215;50 cm Vakuum-Aufbewahrungsbeutel"},"content":{"rendered":"<p>Du verreist demn\u00e4chst und hast nicht genug Platz in deinem Koffer?<br \/>\nOder Platz in deinem Kleiderschrank sparen?<br \/>\nMit diesen <strong>Flexbag-Vakuumbeuteln<\/strong> sparst du leicht 50 % Platz in deinem Koffer oder Schrank und alles passt problemlos hinein.  <\/p>\n<ul>\n<li>Spart leicht 50% an Platz<\/li>\n<li>H\u00e4lt Staub, Motten, Feuchtigkeit und Ger\u00fcche von deiner Kleidung fern<\/li>\n<li>Geeignet f\u00fcr die langfristige Lagerung deiner Kleidung<\/li>\n<li>Wiederverwendbar<\/li>\n<li>Erh\u00e4ltlich in M (70x50CM) und L (80x60CM)<\/li>\n<li>\n<\/li>\n<\/ul>\n<h5>Flexbag: Kleidung leicht verstauen<\/h5>\n<p>Entdecke die Vielseitigkeit des Flexbags, die ultimative L\u00f6sung f\u00fcr die einfache Aufbewahrung von Kleidung.<br \/>\nEgal, ob du deine Kleidung zu Hause ordentlich verstauen oder deinen Koffer f\u00fcr den n\u00e4chsten Urlaub optimieren willst, der Flexbag von Flextail Gear bietet die perfekte L\u00f6sung.<br \/>\nMit diesen praktischen Vakuumbeuteln musst du dir keine Sorgen mehr \u00fcber Ger\u00fcche, Feuchtigkeit oder Motten machen, die deine Kleidung angreifen.<br \/>\nDank der luftdichten Versiegelung bleiben deine Kleidungsst\u00fccke vor allen \u00e4u\u00dferen Faktoren gesch\u00fctzt, die ihre Qualit\u00e4t beeintr\u00e4chtigen k\u00f6nnen.   <\/p>\n<h5>Keine Probleme mit Ger\u00fcchen, Feuchtigkeit oder Motten<\/h5>\n<p>Der Flexbag h\u00e4lt deine Kleidung nicht nur organisiert und frisch, sondern auch sicher aufbewahrt.<br \/>\nDie Vakuum-Aufbewahrungsbeutel sind zu je 4 St\u00fcck verpackt, so dass du genug hast, um all deine Kleidung und andere Textilien ordentlich zu verstauen.<br \/>\nEgal, ob es sich um deine Lieblingspullover, Sommerkleider oder Bettw\u00e4sche handelt, diese Aufbewahrungstaschen bieten eine sichere und praktische L\u00f6sung.  <\/p>\n<h5>Saugen mit einem Staubsauger oder einer Flextail-Zahnradpumpe<\/h5>\n<p>Die Verwendung des Flexbags ist einfach und schnell. Mit einem Staubsauger oder einer speziellen Luftpumpe, wie der Max Pump Plus von Flextail Gear, kannst du die Luft ganz einfach aus dem Beutel saugen. Dadurch wird die Tasche komprimiert und nimmt deutlich weniger Platz ein. Auf diese Weise nutzt du den verf\u00fcgbaren Platz in deinem Kleiderschrank oder Koffer optimal aus und kannst mehr Sachen verstauen, ohne Platz zu verlieren.   <\/p>\n<p>Entscheide dich f\u00fcr Komfort und Effizienz mit dem Flexbag von Flextail Gear. Bestelle noch heute und erlebe selbst, wie bequem es ist, Kleidung ohne Ger\u00fcche, Feuchtigkeit oder Motten zu lagern. Worauf wartest du noch? Mit dem Flexbag wird das Aufr\u00e4umen und Packen zu einer einfachen und stressfreien Aufgabe!   <\/p>\n<h5><strong>Spezifikationen:<\/strong><\/h5>\n<ul>\n<li>Ma\u00dfe: 70&#215;50 cm<\/li>\n<li>Farbe: Transparent<\/li>\n<\/ul>\n<h5><strong>Inhalt:<\/strong><\/h5>\n<ul>\n<li>4x Vakuumbeutel: 70&#215;50 cm<\/li>\n<\/ul>\n","protected":false},"excerpt":{"rendered":"<p>Du verreist demn\u00e4chst und hast nicht genug Platz in deinem Koffer? Oder Platz in deinem Kleiderschrank sparen? Mit diesen Flexbag-Vakuumbeuteln sparst du leicht 50 % Platz in deinem Koffer oder Schrank und alles passt problemlos hinein. Spart leicht 50% an Platz H\u00e4lt Staub, Motten, Feuchtigkeit und Ger\u00fcche von deiner Kleidung fern Geeignet f\u00fcr die langfristige [&hellip;]<\/p>\n","protected":false},"featured_media":8522,"comment_status":"closed","ping_status":"closed","template":"","meta":{"_acf_changed":false,"_seopress_robots_primary_cat":"37","_seopress_titles_title":"Staubsaugerbeutel %%sep%% Flextail Flexbag M 70x50 cm Bekleidung 4-tlg. %%sep%% %%sitename%%","_seopress_titles_desc":"Kaufe deine Flexbag-Taschen jetzt bei FerryGut. Vergr\u00f6\u00dfere deine Garderobe, indem du Platz sparst. Entdecke Marken wie Flextail auf unserer Website.  ","_seopress_robots_index":""},"product_brand":[],"product_cat":[2904,2914,2949,2915],"product_tag":[],"brands":[5277],"channels":[],"class_list":{"0":"post-8523","1":"product","2":"type-product","3":"status-publish","4":"has-post-thumbnail","6":"product_cat-camping","7":"product_cat-haushalt","8":"product_cat-vakuum-aufbewahrungsbeutel","9":"product_cat-vakuumbeutel","10":"brands-flextail","12":"first","13":"outofstock","14":"taxable","15":"shipping-taxable","16":"purchasable","17":"product-type-simple"},"acf":[],"weight_unit":"kg","dimension_unit":"cm","packaging_unit":"St\u00fccke","country_of_origin":"China","weee_germany":"DE97744419","website_url":"https:\/\/ferrygut.com\/","verkoper":"FerryGut.com","postcode":"5048CD","telefoonnummer":"+31850000735","_links":{"self":[{"href":"https:\/\/ferrygut.com\/de\/wp-json\/wp\/v2\/product\/8523","targetHints":{"allow":["GET"]}}],"collection":[{"href":"https:\/\/ferrygut.com\/de\/wp-json\/wp\/v2\/product"}],"about":[{"href":"https:\/\/ferrygut.com\/de\/wp-json\/wp\/v2\/types\/product"}],"replies":[{"embeddable":true,"href":"https:\/\/ferrygut.com\/de\/wp-json\/wp\/v2\/comments?post=8523"}],"wp:featuredmedia":[{"embeddable":true,"href":"https:\/\/ferrygut.com\/de\/wp-json\/wp\/v2\/media\/8522"}],"wp:attachment":[{"href":"https:\/\/ferrygut.com\/de\/wp-json\/wp\/v2\/media?parent=8523"}],"wp:term":[{"taxonomy":"product_brand","embeddable":true,"href":"https:\/\/ferrygut.com\/de\/wp-json\/wp\/v2\/product_brand?post=8523"},{"taxonomy":"product_cat","embeddable":true,"href":"https:\/\/ferrygut.com\/de\/wp-json\/wp\/v2\/product_cat?post=8523"},{"taxonomy":"product_tag","embeddable":true,"href":"https:\/\/ferrygut.com\/de\/wp-json\/wp\/v2\/product_tag?post=8523"},{"taxonomy":"brands","embeddable":true,"href":"https:\/\/ferrygut.com\/de\/wp-json\/wp\/v2\/brands?post=8523"},{"taxonomy":"channels","embeddable":true,"href":"https:\/\/ferrygut.com\/de\/wp-json\/wp\/v2\/channels?post=8523"}],"curies":[{"name":"wp","href":"https:\/\/api.w.org\/{rel}","templated":true}]}}