{"id":8514,"date":"2023-12-14T12:09:54","date_gmt":"2023-12-14T11:09:54","guid":{"rendered":"https:\/\/ferrygut.com\/product\/flextail-80x60-cm-vakuum-aufbewahrungsbeutel\/"},"modified":"2025-04-25T18:18:07","modified_gmt":"2025-04-25T16:18:07","slug":"flextail-80x60-cm-vakuum-aufbewahrungsbeutel","status":"publish","type":"product","link":"https:\/\/ferrygut.com\/de\/produkt\/flextail-80x60-cm-vakuum-aufbewahrungsbeutel\/","title":{"rendered":"Flextail &#8211; 80&#215;60 cm Vakuum-Aufbewahrungsbeutel"},"content":{"rendered":"<p>Mit diesen <strong>Aufbewahrungstaschen<\/strong> kannst du eine Menge Platz sparen. Mit diesen XL-Vakuumbeuteln mit den Ma\u00dfen 80x60CM sparst du bis zu 80% Platz in deinem Koffer, Kleiderschrank oder anderen Stauraum. Das Flexbag Vakuumierbeutel-Set besteht aus 4 Vakuumierbeuteln, mit denen du eine Menge Platz sparst!  <\/p>\n<ul>\n<li>Spare bis zu 80 % an Platz<\/li>\n<li>4 Vakuumbeutel von 80x60CM<\/li>\n<li>Verwendbare Staubsaugerbeutel Kleidung, Decken, Gartenkissen, etc.<\/li>\n<li>F\u00fcr Reisen und zu Hause<\/li>\n<\/ul>\n<h5><strong>Vakuumbeutel sparen Platz<\/strong><\/h5>\n<p>Du kannst die Flexbag Vakuumbeutel f\u00fcr alles verwenden. Egal, ob du auf Reisen bist und nicht extra f\u00fcr den einen zus\u00e4tzlichen Koffer zahlen willst oder ob du die Gartenkissen im Schuppen verstauen willst. <\/p>\n<h5><strong>Keine unangenehmen Ger\u00fcche oder Motten mit diesen Vakuumbeuteln<\/strong><\/h5>\n<p>Der Vorteil von Kleiders\u00e4cken ist nicht nur, dass sie viel Platz sparen, sondern auch, dass du nicht von unangenehmen Ger\u00fcchen, Staub oder Motten bel\u00e4stigt wirst. Besonders praktisch f\u00fcr Kleidung, aber auch f\u00fcr Decken und Gartenkissen, wenn sie zum Beispiel irgendwo im Schuppen gelagert werden. <\/p>\n<h5><strong>Wie funktionieren die Vakuumbeutel von Flextail Gear?<\/strong><\/h5>\n<p>\u00d6ffne die S\u00e4cke und f\u00fclle sie mit Kleidung, Kissen, Decken oder \u00c4hnlichem. Verschlie\u00dfe dann den Vakuumbeutel mit dem mitgelieferten Clip oder deinen Fingern, um den Streifen zu verschlie\u00dfen, damit keine Luft mehr durch den Streifen aus dem Beutel entweichen kann. Dann schraubst du die Vakuumkappe ab und schlie\u00dft eine Staubsauger- oder Luftbettpumpe mit Vakuumsaugfunktion an, z.B. die Max Pump Plus von Flextail Gear (siehe 7110938390272). Vakuumiere den Beutel; w\u00e4hrend des Vakuumierens kannst du den Beutel noch ein wenig nach deinem Geschmack formen. Sobald der Beutel vollst\u00e4ndig gesaugt ist, kann der Deckel wieder aufgeschraubt werden.<\/p>\n<h5><strong>Was ist in der Box?<\/strong><\/h5>\n<ul>\n<li>4 Flexbag Vakuumbeutel 80x60CM<\/li>\n<li>2 Clips zum Schlie\u00dfen des Streifens<\/li>\n<\/ul>\n<h5><strong>Spezifikationen<\/strong><\/h5>\n<ul>\n<li>80x60CM<\/li>\n<li>Transparent<\/li>\n<\/ul>\n","protected":false},"excerpt":{"rendered":"<p>Mit diesen Aufbewahrungstaschen kannst du eine Menge Platz sparen. Mit diesen XL-Vakuumbeuteln mit den Ma\u00dfen 80x60CM sparst du bis zu 80% Platz in deinem Koffer, Kleiderschrank oder anderen Stauraum. Das Flexbag Vakuumierbeutel-Set besteht aus 4 Vakuumierbeuteln, mit denen du eine Menge Platz sparst! Spare bis zu 80 % an Platz 4 Vakuumbeutel von 80x60CM Verwendbare [&hellip;]<\/p>\n","protected":false},"featured_media":8522,"comment_status":"closed","ping_status":"closed","template":"","meta":{"_acf_changed":false,"_seopress_robots_primary_cat":"37","_seopress_titles_title":"Vakuumbeutel %%sep%% Flextail Flexbag 80x60 cm - 4 St\u00fcck - FerryGut.com","_seopress_titles_desc":"Mach deine Garderobe effizienter mit den Staubsaugerbeuteln von Flextail. Bestelle jetzt f\u00fcr einen aufger\u00e4umten Schrank und mehr Platz. Worauf wartest du noch?  ","_seopress_robots_index":""},"product_brand":[],"product_cat":[2904,2914,2949,2915],"product_tag":[],"brands":[5277],"channels":[],"class_list":{"0":"post-8514","1":"product","2":"type-product","3":"status-publish","4":"has-post-thumbnail","6":"product_cat-camping","7":"product_cat-haushalt","8":"product_cat-vakuum-aufbewahrungsbeutel","9":"product_cat-vakuumbeutel","10":"brands-flextail","12":"first","13":"outofstock","14":"taxable","15":"shipping-taxable","16":"purchasable","17":"product-type-simple"},"acf":[],"weight_unit":"kg","dimension_unit":"cm","packaging_unit":"St\u00fccke","country_of_origin":"China","weee_germany":"DE97744419","website_url":"https:\/\/ferrygut.com\/","verkoper":"FerryGut.com","postcode":"5048CD","telefoonnummer":"+31850000735","_links":{"self":[{"href":"https:\/\/ferrygut.com\/de\/wp-json\/wp\/v2\/product\/8514","targetHints":{"allow":["GET"]}}],"collection":[{"href":"https:\/\/ferrygut.com\/de\/wp-json\/wp\/v2\/product"}],"about":[{"href":"https:\/\/ferrygut.com\/de\/wp-json\/wp\/v2\/types\/product"}],"replies":[{"embeddable":true,"href":"https:\/\/ferrygut.com\/de\/wp-json\/wp\/v2\/comments?post=8514"}],"wp:featuredmedia":[{"embeddable":true,"href":"https:\/\/ferrygut.com\/de\/wp-json\/wp\/v2\/media\/8522"}],"wp:attachment":[{"href":"https:\/\/ferrygut.com\/de\/wp-json\/wp\/v2\/media?parent=8514"}],"wp:term":[{"taxonomy":"product_brand","embeddable":true,"href":"https:\/\/ferrygut.com\/de\/wp-json\/wp\/v2\/product_brand?post=8514"},{"taxonomy":"product_cat","embeddable":true,"href":"https:\/\/ferrygut.com\/de\/wp-json\/wp\/v2\/product_cat?post=8514"},{"taxonomy":"product_tag","embeddable":true,"href":"https:\/\/ferrygut.com\/de\/wp-json\/wp\/v2\/product_tag?post=8514"},{"taxonomy":"brands","embeddable":true,"href":"https:\/\/ferrygut.com\/de\/wp-json\/wp\/v2\/brands?post=8514"},{"taxonomy":"channels","embeddable":true,"href":"https:\/\/ferrygut.com\/de\/wp-json\/wp\/v2\/channels?post=8514"}],"curies":[{"name":"wp","href":"https:\/\/api.w.org\/{rel}","templated":true}]}}