{"id":8503,"date":"2023-12-14T12:23:13","date_gmt":"2023-12-14T11:23:13","guid":{"rendered":"https:\/\/ferrygut.com\/product\/flextail-vakuumbeutel-70x50cm-4-stuck\/"},"modified":"2026-02-26T13:25:42","modified_gmt":"2026-02-26T12:25:42","slug":"flextail-vakuumbeutel-70x50cm-4-stuck","status":"publish","type":"product","link":"https:\/\/ferrygut.com\/de\/produkt\/flextail-vakuumbeutel-70x50cm-4-stuck\/","title":{"rendered":"Flextail &#8211; Vakuumbeutel &#8211; 70x50cm &#8211; 4 St\u00fcck"},"content":{"rendered":"<p>In Sekundenschnelle 80 % des Platzes in deinem Kleiderschrank, deiner Tasche oder deinem Koffer sparen? Mit den Vakuumbeuteln von Flextail Gear wird das Wirklichkeit! Die Vakuumierbeutel von Flextail Gear sind aus robustem Kunststoff gefertigt und daher leicht wiederverwendbar. Das Set besteht aus 4 Vakuumierbeuteln und ist in 3 Gr\u00f6\u00dfen erh\u00e4ltlich.<\/p>\n<h4><strong>Pluspunkte der Flexbag Vakuumbeutel<\/strong><\/h4>\n<ul>\n<li>Spare bis zu 80 % an Platz<\/li>\n<li>4 Vakuumbeutel<\/li>\n<li>Wiederverwendbar<\/li>\n<li>F\u00fcr Reisen und zu Hause<\/li>\n<\/ul>\n<h5><strong>Vakuumbeutel sparen Platz<\/strong><\/h5>\n<p>Du kannst die Vakuumierbeutel f\u00fcr alles verwenden. Egal, ob du auf Reisen bist und nicht extra f\u00fcr den einen zus\u00e4tzlichen Koffer zahlen willst oder ob du die Gartenkissen im Schuppen verstauen willst. <\/p>\n<h5><strong>Keine unangenehmen Ger\u00fcche oder Motten mit diesen Vakuumbeuteln<\/strong><\/h5>\n<p>Der Vorteil von Staubsaugerbeuteln ist nicht nur, dass sie viel Platz sparen, sondern auch, dass du nicht von unangenehmen Ger\u00fcchen, Staub oder Motten bel\u00e4stigt wirst. Besonders praktisch f\u00fcr Kleidung, aber auch f\u00fcr Decken und Gartenkissen, wenn sie zum Beispiel irgendwo im Schuppen gelagert werden. <\/p>\n<h5><strong>Wie funktionieren die Vakuumbeutel von Flextail Gear?<\/strong><\/h5>\n<p>\u00d6ffne die S\u00e4cke und f\u00fclle sie mit Kleidung, Kissen, Decken oder \u00c4hnlichem. Verschlie\u00dfe dann den Vakuumbeutel mit dem mitgelieferten Clip oder deinen Fingern, um den Streifen zu verschlie\u00dfen, damit keine Luft mehr durch den Streifen aus dem Beutel entweichen kann. Dann schraubst du die Vakuumkappe ab und schlie\u00dft einen Staubsauger oder eine Luftbettpumpe mit Vakuumsaugfunktion an, zum Beispiel die Max Pump 2 Pro von Flextail Gear. Vakuumiere den Beutel; w\u00e4hrend des Vakuumierens kannst du den Beutel noch ein wenig nach deinem Geschmack formen. Sobald der Beutel vollst\u00e4ndig gesaugt ist, kann der Deckel wieder aufgeschraubt werden.    <\/p>\n<h5>Verschiedene Gr\u00f6\u00dfen<\/h5>\n<p>Die Vakuumbeutel von Flextail sind in verschiedenen Gr\u00f6\u00dfen erh\u00e4ltlich. Die Vakuumbeutel gibt es in drei Gr\u00f6\u00dfen: <a href=\"https:\/\/ferrygut.com\/de\/produkt\/flextail-vakuumbeutel-60x40cm-4-stuck\/\">60&#215;40<\/a>, 70&#215;50 und <a href=\"https:\/\/ferrygut.com\/de\/produkt\/flextail-vakuumbeutel-80x60cm-4-stuck\/\">80&#215;60<\/a>. Jede Packung kommt mit 4 Vakuumbeuteln und ist wiederverwendbar. St\u00f6bere in allen <a href=\"https:\/\/ferrygut.com\/de\/produkt-kategorie\/camping\/vakuumbeutel\/vakuum-aufbewahrungsbeutel\/\">FerryGut-Vakuumbeuteln<\/a> und w\u00e4hle die Gr\u00f6\u00dfe, die zu dir passt.<\/p>\n","protected":false},"excerpt":{"rendered":"<p>In Sekundenschnelle 80 % des Platzes in deinem Kleiderschrank, deiner Tasche oder deinem Koffer sparen? Mit den Vakuumbeuteln von Flextail Gear wird das Wirklichkeit! Die Vakuumierbeutel von Flextail Gear sind aus robustem Kunststoff gefertigt und daher leicht wiederverwendbar. Das Set besteht aus 4 Vakuumierbeuteln und ist in 3 Gr\u00f6\u00dfen erh\u00e4ltlich. Pluspunkte der Flexbag Vakuumbeutel Spare [&hellip;]<\/p>\n","protected":false},"featured_media":8508,"comment_status":"closed","ping_status":"closed","template":"","meta":{"_acf_changed":false,"_seopress_robots_primary_cat":"37","_seopress_titles_title":"Flextail - Vakuumbeutel - 70x50cm - 4 St\u00fcck | FerryGut","_seopress_titles_desc":"Mit den Flextail Staubsaugerbeuteln sparst du Platz und h\u00e4ltst deine Kleidung organisiert. Bestelle jetzt f\u00fcr einen aufger\u00e4umten Kleiderschrank. Vor 22:00 Uhr bestellt, morgen geliefert!","_seopress_robots_index":""},"product_brand":[],"product_cat":[2904,2914,2949,2915],"product_tag":[],"brands":[5277],"channels":[],"class_list":{"0":"post-8503","1":"product","2":"type-product","3":"status-publish","4":"has-post-thumbnail","6":"product_cat-camping","7":"product_cat-haushalt","8":"product_cat-vakuum-aufbewahrungsbeutel","9":"product_cat-vakuumbeutel","10":"brands-flextail","12":"first","13":"instock","14":"sale","15":"taxable","16":"shipping-taxable","17":"purchasable","18":"product-type-simple"},"acf":[],"weight_unit":"kg","dimension_unit":"cm","packaging_unit":"St\u00fccke","country_of_origin":"China","weee_germany":"DE97744419","website_url":"https:\/\/ferrygut.com\/","verkoper":"FerryGut.com","postcode":"5048CD","telefoonnummer":"+31850000735","_links":{"self":[{"href":"https:\/\/ferrygut.com\/de\/wp-json\/wp\/v2\/product\/8503","targetHints":{"allow":["GET"]}}],"collection":[{"href":"https:\/\/ferrygut.com\/de\/wp-json\/wp\/v2\/product"}],"about":[{"href":"https:\/\/ferrygut.com\/de\/wp-json\/wp\/v2\/types\/product"}],"replies":[{"embeddable":true,"href":"https:\/\/ferrygut.com\/de\/wp-json\/wp\/v2\/comments?post=8503"}],"wp:featuredmedia":[{"embeddable":true,"href":"https:\/\/ferrygut.com\/de\/wp-json\/wp\/v2\/media\/8508"}],"wp:attachment":[{"href":"https:\/\/ferrygut.com\/de\/wp-json\/wp\/v2\/media?parent=8503"}],"wp:term":[{"taxonomy":"product_brand","embeddable":true,"href":"https:\/\/ferrygut.com\/de\/wp-json\/wp\/v2\/product_brand?post=8503"},{"taxonomy":"product_cat","embeddable":true,"href":"https:\/\/ferrygut.com\/de\/wp-json\/wp\/v2\/product_cat?post=8503"},{"taxonomy":"product_tag","embeddable":true,"href":"https:\/\/ferrygut.com\/de\/wp-json\/wp\/v2\/product_tag?post=8503"},{"taxonomy":"brands","embeddable":true,"href":"https:\/\/ferrygut.com\/de\/wp-json\/wp\/v2\/brands?post=8503"},{"taxonomy":"channels","embeddable":true,"href":"https:\/\/ferrygut.com\/de\/wp-json\/wp\/v2\/channels?post=8503"}],"curies":[{"name":"wp","href":"https:\/\/api.w.org\/{rel}","templated":true}]}}