{"id":8490,"date":"2023-12-14T12:58:19","date_gmt":"2023-12-14T11:58:19","guid":{"rendered":"https:\/\/ferrygut.com\/product\/luvego-faltbarer-wagen\/"},"modified":"2026-02-24T16:09:15","modified_gmt":"2026-02-24T15:09:15","slug":"luvego-faltbarer-wagen","status":"publish","type":"product","link":"https:\/\/ferrygut.com\/de\/produkt\/luvego-faltbarer-wagen\/","title":{"rendered":"Luvego &#8211; Faltbarer Bollerwagen"},"content":{"rendered":"<p>Gehst du aus und willst eine Menge Sachen mit dir schleppen? Dann k\u00f6nnte ein Faltwagen die L\u00f6sung sein. Mit einem Faltwagen kannst du ohne gro\u00dfen Aufwand eine Menge Dinge mitnehmen. F\u00fclle den Wagen mit der K\u00fchlbox, dem Regenschirm und dem Picknickkorb und schon kann es losgehen!   <\/p>\n<h3>Die Vorteile des Luvego-Wagens<\/h3>\n<ul>\n<li>Transportiere bis zu 100 kg an Ausr\u00fcstung<\/li>\n<li>Off-Road R\u00e4der f\u00fcr jedes Terrain<\/li>\n<li>Kompakte Lagerung und Transport<\/li>\n<li>Mit Bremsen und verstellbarem Griff<\/li>\n<li>Eingeklappt 70x30x25 cm \/ Ausgeklappt 90x50x50cm<\/li>\n<\/ul>\n<h3>Kein Gel\u00e4nde ist f\u00fcr den Luvego Bolderkar unpassierbar<\/h3>\n<p>Trotz seiner kompakten Gr\u00f6\u00dfe ist der Faltwagen von Luvego robust und kein Terrain ist zu verr\u00fcckt. Dank seiner gel\u00e4ndeg\u00e4ngigen R\u00e4der kannst du diesen Wagen problemlos einen Tag lang in den Wald, in den Vergn\u00fcgungspark oder auf ein Festival mitnehmen. <\/p>\n<h3>100KG Tragf\u00e4higkeit<\/h3>\n<p>Dieser Wagen hat eine beeindruckende Tragf\u00e4higkeit von nicht weniger als 100 kg! Du brauchst dir keine Gedanken dar\u00fcber zu machen, was du transportieren willst, denn mit seiner stabilen Konstruktion und der Verwendung hochwertiger Materialien wie Stahl und Polyester kann dieser Wagen eine Menge aushalten. Die praktischen Schutzklappen dienen als Boden und verteilen das Gewicht gleichm\u00e4\u00dfig auf den Trolley.  <\/p>\n<h3>Kompaktwagen<\/h3>\n<p>Der Wagen ist faltbar, was praktisch ist, wenn du ihn im Auto mitnehmen oder verstauen willst, wenn du ihn nicht benutzt. Du kannst den Wagen mit einem kleinen Handgriff zusammen- oder auseinanderfalten. Wenn du den Faltwagen (70x30x25 cm) zusammenklappst, kannst du die Schutzplatten, die auch als Boden dienen, um den Wagen wickeln, damit er kompakt bleibt. Wenn der Wagen ausgeklappt ist, hast du ein Fassungsverm\u00f6gen von etwa 140 Litern, das du f\u00fcllen kannst.   <\/p>\n<h3>Der Wagentisch<\/h3>\n<p>Nimm klappbare St\u00fchle und verwandle deinen Wagen in einen echten Picknicktisch und los geht&#8217;s! Der Luvego-Wagen kann mit einem Tisch erweitert werden. Schraube 4 Befestigungskappen auf den Wagen, klicke 2 Rohre ein und rolle den Tisch auf. Eine ideale Erg\u00e4nzung f\u00fcr die multifunktionale Nutzung deines Wagens.   <\/p>\n<h3>Was ist in der Box?<\/h3>\n<ul>\n<li>Luvego Faltwagen<\/li>\n<li>Handbuch<\/li>\n<\/ul>\n","protected":false},"excerpt":{"rendered":"<p>Gehst du aus und willst eine Menge Sachen mit dir schleppen? Dann k\u00f6nnte ein Faltwagen die L\u00f6sung sein. Mit einem Faltwagen kannst du ohne gro\u00dfen Aufwand eine Menge Dinge mitnehmen. F\u00fclle den Wagen mit der K\u00fchlbox, dem Regenschirm und dem Picknickkorb und schon kann es losgehen! Die Vorteile des Luvego-Wagens Transportiere bis zu 100 kg [&hellip;]<\/p>\n","protected":false},"featured_media":78272,"comment_status":"closed","ping_status":"closed","template":"","meta":{"_acf_changed":false,"_seopress_robots_primary_cat":"32","_seopress_titles_title":"Faltbarer Bollerwagen | Luvego | bis zu 100 KG Tragegewicht","_seopress_titles_desc":"Nimm all deine wichtigen Sachen mit auf dein Abenteuer. Der Luvego-Wagen kann mit bis zu 100 kg beladen werden und ist dank der abnehmbaren R\u00e4der kompakt zu transportieren.  Bestelle jetzt und nimm all deine Sachen mit Leichtigkeit mit!","_seopress_robots_index":""},"product_brand":[],"product_cat":[2904,2958],"product_tag":[],"brands":[5271],"channels":[],"class_list":{"0":"post-8490","1":"product","2":"type-product","3":"status-publish","4":"has-post-thumbnail","6":"product_cat-camping","7":"product_cat-trolleys","8":"brands-luvego","10":"first","11":"instock","12":"sale","13":"taxable","14":"shipping-taxable","15":"purchasable","16":"product-type-simple"},"acf":[],"weight_unit":"kg","dimension_unit":"cm","packaging_unit":"St\u00fccke","country_of_origin":"China","weee_germany":"DE97744419","website_url":"https:\/\/ferrygut.com\/","verkoper":"FerryGut.com","postcode":"5048CD","telefoonnummer":"+31850000735","_links":{"self":[{"href":"https:\/\/ferrygut.com\/de\/wp-json\/wp\/v2\/product\/8490","targetHints":{"allow":["GET"]}}],"collection":[{"href":"https:\/\/ferrygut.com\/de\/wp-json\/wp\/v2\/product"}],"about":[{"href":"https:\/\/ferrygut.com\/de\/wp-json\/wp\/v2\/types\/product"}],"replies":[{"embeddable":true,"href":"https:\/\/ferrygut.com\/de\/wp-json\/wp\/v2\/comments?post=8490"}],"wp:featuredmedia":[{"embeddable":true,"href":"https:\/\/ferrygut.com\/de\/wp-json\/wp\/v2\/media\/78272"}],"wp:attachment":[{"href":"https:\/\/ferrygut.com\/de\/wp-json\/wp\/v2\/media?parent=8490"}],"wp:term":[{"taxonomy":"product_brand","embeddable":true,"href":"https:\/\/ferrygut.com\/de\/wp-json\/wp\/v2\/product_brand?post=8490"},{"taxonomy":"product_cat","embeddable":true,"href":"https:\/\/ferrygut.com\/de\/wp-json\/wp\/v2\/product_cat?post=8490"},{"taxonomy":"product_tag","embeddable":true,"href":"https:\/\/ferrygut.com\/de\/wp-json\/wp\/v2\/product_tag?post=8490"},{"taxonomy":"brands","embeddable":true,"href":"https:\/\/ferrygut.com\/de\/wp-json\/wp\/v2\/brands?post=8490"},{"taxonomy":"channels","embeddable":true,"href":"https:\/\/ferrygut.com\/de\/wp-json\/wp\/v2\/channels?post=8490"}],"curies":[{"name":"wp","href":"https:\/\/api.w.org\/{rel}","templated":true}]}}