{"id":8452,"date":"2023-12-14T13:39:43","date_gmt":"2023-12-14T12:39:43","guid":{"rendered":"https:\/\/ferrygut.com\/product\/luvego-elektrische-bettdecke-2\/"},"modified":"2026-01-05T16:37:27","modified_gmt":"2026-01-05T15:37:27","slug":"luvego-elektrische-bettdecke-2","status":"publish","type":"product","link":"https:\/\/ferrygut.com\/de\/produkt\/luvego-elektrische-bettdecke-2\/","title":{"rendered":"Luvego &#8211; Elektrische \u00dcberdecke &#8211; 180x130CM &#8211; Grau"},"content":{"rendered":"<p class=\"p1\">Ist dir im Winter auch immer kalt? Oder liebst du es einfach, dich unter einer warmen, weichen Decke zu verkriechen? Mit der elektrischen Heizdecke von Luvego genie\u00dft du innerhalb weniger Minuten wohlige W\u00e4rme und ultimativen Komfort. Die Kombination aus Jacquard-Fleece und Sherpa-Fleece f\u00fchlt sich luxuri\u00f6s weich an und sorgt f\u00fcr ein gem\u00fctliches Gef\u00fchl, egal ob du auf dem Sofa liegst oder dich im Bett entspannst.   <\/p>\n<p class=\"p1\">Und nat\u00fcrlich willst du diese W\u00e4rme sorglos genie\u00dfen. Deshalb werden die Heizdecken von Luvego unabh\u00e4ngig auf Sicherheit und Qualit\u00e4t gepr\u00fcft und tragen das T\u00dcV\/GS-G\u00fctesiegel. So kannst du sicher sein, dass du dich f\u00fcr eine Decke entscheidest, die nicht nur wunderbar warm ist, sondern auch zuverl\u00e4ssig, langlebig und absolut sicher in der Anwendung.<\/p>\n<h3 class=\"p3\"><b>Vorteile der Luvego Heizdecke<\/b><\/h3>\n<ul class=\"ul1\">\n<li class=\"li1\">T\u00dcV\/GS-zertifiziert<\/li>\n<li class=\"li1\">9 Heizstufen<\/li>\n<li class=\"li1\">Timer mit 9 Positionen<\/li>\n<li class=\"li1\">Automatische Abschaltung<\/li>\n<li class=\"li1\">\u00dcberhitzungsschutz<\/li>\n<li class=\"li1\">160W Leistung<\/li>\n<li class=\"li1\">Jacquard-Fleece &amp; Sherpa-Fleece<\/li>\n<li class=\"li1\">Gr\u00f6\u00dfe 180 \u00d7 130 cm<\/li>\n<li class=\"li1\">Langes Kabel (2,35 m)<\/li>\n<li class=\"li1\">Geeignet f\u00fcr die Waschmaschine<\/li>\n<\/ul>\n<h3 class=\"p3\"><b>  Leistungsstark und komfortabel<\/b><\/h3>\n<p class=\"p1\">Mit einer Leistung von 160 Watt heizt sich die Luvego-Decke sehr schnell auf. Dank der 9 einstellbaren W\u00e4rmestufen kannst du ganz einfach die perfekte Temperatur w\u00e4hlen, von sanfter W\u00e4rme bis zu kuscheligem Komfort. Au\u00dferdem verf\u00fcgt die Decke \u00fcber einen 9-stufigen Timer, mit dem du genau festlegen kannst, wie lange sie eingeschaltet bleibt. Perfekt f\u00fcr die Couch, das Bett oder zum Lesen eines Buches. Die doppellagige Jacquard-Fleece-Struktur speichert die W\u00e4rme besonders gut, sodass dir schnell angenehm warm wird.    <\/p>\n<h3><strong>Geeignet f\u00fcr die Waschmaschine<\/strong><\/h3>\n<p class=\"p3\"><span style=\"font-size: 14px;\">Das abnehmbare Steuerkabel erm\u00f6glicht es dir, diese Heizdecke zu waschen. Die Decke kann bei 30 \u00b0C gewaschen werden. So bleibt deine Decke auch bei regelm\u00e4\u00dfigem Gebrauch frisch und sauber.  <\/span><\/p>\n<h3>Sicher und zuverl\u00e4ssig<\/h3>\n<p class=\"p1\">Entspanne dich beruhigt: Die Luvego Heizdecke verf\u00fcgt \u00fcber einen \u00dcberhitzungsschutz, eine automatische Abschaltung und eine T\u00dcV\/GS-Zulassung, die den strengen europ\u00e4ischen Sicherheitsstandards entspricht. So genie\u00dft du die W\u00e4rme ganz ohne Sorgen. <\/p>\n<h3 class=\"p3\"><b>Zertifizierte Qualit\u00e4t, T\u00dcV\/GS-gepr\u00fcft<\/b><\/h3>\n<p class=\"p1\">Luvego Heizdecken wurden ausgiebig auf Sicherheit, Zuverl\u00e4ssigkeit und Haltbarkeit getestet. Die T\u00dcV\/GS-Zertifizierung garantiert ein Produkt, das nicht nur herrlich bequem ist, sondern auch jahrelang h\u00e4lt. <\/p>\n<h3 class=\"p3\"><b>Weicher und gem\u00fctlicher Komfort<\/b><\/h3>\n<p class=\"p1\">Mit einer Seite aus Sherpa-Fleece und einer aus Jacquard-Fleece f\u00fchlt sich diese Decke herrlich weich und warm an. Egal, ob du auf dem Sofa liegst oder dich im Bett entspannst, mit der T\u00dcV\/GS-zertifizierten Luvego-Decke wird dir nie wieder kalt sein. <\/p>\n<h3 class=\"p3\"><b>Spezifikationen<\/b><\/h3>\n<ul class=\"ul1\">\n<li class=\"li1\">Abmessungen: 180x130CM<\/li>\n<li class=\"li1\">Leistungsabgabe: 160W<\/li>\n<li class=\"li1\">Kabelgr\u00f6\u00dfe 2,35 m<\/li>\n<li class=\"li1\">Material: Jacquard Fleece &amp; Sherpa<\/li>\n<li class=\"li1\">T\u00dcV\/GS gepr\u00fcft<\/li>\n<li class=\"li1\">Abnehmbare Kontrolle<\/li>\n<li class=\"li1\">Geeignet f\u00fcr die Waschmaschine<\/li>\n<\/ul>\n","protected":false},"excerpt":{"rendered":"<p>VORBESTELLUNG (Lieferung um den 20. November)<\/p>\n","protected":false},"featured_media":73730,"comment_status":"closed","ping_status":"closed","template":"","meta":{"_acf_changed":false,"_seopress_robots_primary_cat":"40","_seopress_titles_title":"Heizdecke | Luvego | W\u00e4rmedecke | 180x130CM mit Sherpa","_seopress_titles_desc":"Bestelle jetzt deine elektrische Heizdecke von Luvego f\u00fcr kalte Wintertage oder andere Jahreszeiten. Besuche FerryGut.com f\u00fcr verschiedene Farben und w\u00e4hle deinen eigenen Lieferservice. ","_seopress_robots_index":""},"product_brand":[],"product_cat":[2914,2956],"product_tag":[],"brands":[5271],"channels":[],"class_list":{"0":"post-8452","1":"product","2":"type-product","3":"status-publish","4":"has-post-thumbnail","6":"product_cat-haushalt","7":"product_cat-heizdecken","8":"brands-luvego","10":"first","11":"instock","12":"sale","13":"taxable","14":"shipping-taxable","15":"purchasable","16":"product-type-simple"},"acf":[],"weight_unit":"kg","dimension_unit":"cm","packaging_unit":"St\u00fccke","country_of_origin":"China","weee_germany":"DE97744419","website_url":"https:\/\/ferrygut.com\/","verkoper":"FerryGut.com","postcode":"5048CD","telefoonnummer":"+31850000735","_links":{"self":[{"href":"https:\/\/ferrygut.com\/de\/wp-json\/wp\/v2\/product\/8452","targetHints":{"allow":["GET"]}}],"collection":[{"href":"https:\/\/ferrygut.com\/de\/wp-json\/wp\/v2\/product"}],"about":[{"href":"https:\/\/ferrygut.com\/de\/wp-json\/wp\/v2\/types\/product"}],"replies":[{"embeddable":true,"href":"https:\/\/ferrygut.com\/de\/wp-json\/wp\/v2\/comments?post=8452"}],"wp:featuredmedia":[{"embeddable":true,"href":"https:\/\/ferrygut.com\/de\/wp-json\/wp\/v2\/media\/73730"}],"wp:attachment":[{"href":"https:\/\/ferrygut.com\/de\/wp-json\/wp\/v2\/media?parent=8452"}],"wp:term":[{"taxonomy":"product_brand","embeddable":true,"href":"https:\/\/ferrygut.com\/de\/wp-json\/wp\/v2\/product_brand?post=8452"},{"taxonomy":"product_cat","embeddable":true,"href":"https:\/\/ferrygut.com\/de\/wp-json\/wp\/v2\/product_cat?post=8452"},{"taxonomy":"product_tag","embeddable":true,"href":"https:\/\/ferrygut.com\/de\/wp-json\/wp\/v2\/product_tag?post=8452"},{"taxonomy":"brands","embeddable":true,"href":"https:\/\/ferrygut.com\/de\/wp-json\/wp\/v2\/brands?post=8452"},{"taxonomy":"channels","embeddable":true,"href":"https:\/\/ferrygut.com\/de\/wp-json\/wp\/v2\/channels?post=8452"}],"curies":[{"name":"wp","href":"https:\/\/api.w.org\/{rel}","templated":true}]}}