{"id":8442,"date":"2023-12-14T13:49:02","date_gmt":"2023-12-14T12:49:02","guid":{"rendered":"https:\/\/ferrygut.com\/product\/luvego-elektrische-bettdecke\/"},"modified":"2025-12-03T09:55:09","modified_gmt":"2025-12-03T08:55:09","slug":"luvego-elektrische-bettdecke","status":"publish","type":"product","link":"https:\/\/ferrygut.com\/de\/produkt\/luvego-elektrische-bettdecke\/","title":{"rendered":"Luvego &#8211; Elektrische \u00dcberdecke &#8211; 180x130CM &#8211; Braun"},"content":{"rendered":"<p>Wenn du nach ultimativem Komfort in kalten N\u00e4chten suchst, ist diese warme Kuscheldecke genau das Richtige f\u00fcr dich. Mit ihren 9 W\u00e4rmestufen und der luxuri\u00f6sen dunkelbraunen Oberfl\u00e4che ist diese elektrische Heizdecke eine gem\u00fctliche und stilvolle Erg\u00e4nzung f\u00fcr dein Schlafzimmer. Lass dich von der Luvego W\u00e4rmedecke in Dunkelbraun einh\u00fcllen und genie\u00dfe warme, erholsame N\u00e4chte.  <\/p>\n<h4>Die Pluspunkte der Luvego Heizdecke<\/h4>\n<ul>\n<li>Schaltet sich automatisch aus<\/li>\n<li>9 verschiedene Heizstufen<\/li>\n<li>Extra-gro\u00dfes Format von 180 x 130 cm<\/li>\n<li>Gesch\u00fctzt gegen \u00dcberhitzung<\/li>\n<li>Schnell auf Temperatur (160W)<\/li>\n<li>Einfach zu bedienen<\/li>\n<li>Extra langes 3-Meter-Kabel<\/li>\n<\/ul>\n<h4>Sicherheit geht vor<\/h4>\n<p>Die Sicherheit steht bei Luvego Heizdecken an erster Stelle. Dank der fortschrittlichen Schutzmechanismen wie dem \u00dcberhitzungsschutz und der automatischen Abschaltung kannst du beruhigt einschlafen. Die Decke wurde entwickelt, um dir W\u00e4rme und Komfort zu bieten, ohne dabei Kompromisse bei der Sicherheit einzugehen.  <\/p>\n<h4>Starke Leistung<\/h4>\n<p>Mit einer starken Leistung von 160 W heizt diese Decke schnell auf und h\u00e4lt dich die ganze Nacht warm. Mit den 9 verschiedenen W\u00e4rmestufen hast du die volle Kontrolle \u00fcber die Temperatur, so dass du unabh\u00e4ngig vom Wetter drau\u00dfen pers\u00f6nlich abgestimmte W\u00e4rme genie\u00dfen kannst. <\/p>\n<h4>Ultra-weicher Komfort<\/h4>\n<p>Die W\u00e4rmedecke hat auf beiden Seiten eine Fleece-Schicht. Die eine Seite besteht aus komfortablem Sherpa-Fleece, das sich wunderbar weich auf der Haut anf\u00fchlt und unter dem man sehr gut schlafen oder entspannen kann. Die andere Seite der Decke ist ebenfalls sehr weich und besteht aus Flanell-Fleece. Die Heizdecke ist w\u00e4rmer als die w\u00e4rmste Fleecedecke, sodass du an den k\u00e4lteren Tagen oder Abenden des Jahres nie wieder frieren musst.   <\/p>\n<h4>Benutzerfreundlich<\/h4>\n<p>Die Luvego Heizdecke in Dunkelbraun ist einfach zu bedienen. Mit den \u00fcbersichtlichen Bedienelementen kannst du die gew\u00fcnschten Einstellungen m\u00fchelos vornehmen. Die Timerfunktion sorgt daf\u00fcr, dass sich die W\u00e4rmedecke nach einigen Stunden von selbst ausschaltet, damit du sorglos schlafen kannst. Komfort und Benutzerfreundlichkeit gehen bei dieser Heizdecke Hand in Hand.   <\/p>\n<h4>Ein Geschenk f\u00fcr dich selbst<\/h4>\n<p>Die beheizte elektrische Kuscheldecke von Luvego ist das perfekte Geschenk zum Verschenken oder Verw\u00f6hnen. Diese luxuri\u00f6se W\u00e4rmedecke f\u00fchlt sich nicht nur wunderbar an, sie wird auch in einer stilvollen Geschenkbox verpackt. Wenn du die Schachtel \u00f6ffnest, findest du die Decke in einer praktischen Tragetasche, die auch eine Anleitung enth\u00e4lt. Wann wirst du diese gem\u00fctliche elektrische Heizdecke genie\u00dfen?   <\/p>\n<h4>Heizdecke in verschiedenen Farben<\/h4>\n<p>Neben der klassischen braunen Luvego Heizdecke bietet FerryGut auch eine Auswahl an Farben wie Grau und Blau. G\u00f6nne dir W\u00e4rme und Komfort mit Stil und genie\u00dfe die weiche Umarmung dieser luxuri\u00f6sen W\u00e4rme-Kuscheldecken.  Egal, ob du dich f\u00fcr die beruhigende Neutralit\u00e4t von Grau oder die lebendige Frische von Blau entscheidest, jede Decke verspricht wunderbare Entspannung und eine gute Nachtruhe. Verbessere dein Entspannungs- und Schlaferlebnis mit der Vielseitigkeit der Farben und der Qualit\u00e4t der Luvego Heizdecken. <\/p>\n","protected":false},"excerpt":{"rendered":"<p>Wenn du nach ultimativem Komfort in kalten N\u00e4chten suchst, ist diese warme Kuscheldecke genau das Richtige f\u00fcr dich. Mit ihren 9 W\u00e4rmestufen und der luxuri\u00f6sen dunkelbraunen Oberfl\u00e4che ist diese elektrische Heizdecke eine gem\u00fctliche und stilvolle Erg\u00e4nzung f\u00fcr dein Schlafzimmer. Lass dich von der Luvego W\u00e4rmedecke in Dunkelbraun einh\u00fcllen und genie\u00dfe warme, erholsame N\u00e4chte. Die Pluspunkte [&hellip;]<\/p>\n","protected":false},"featured_media":68951,"comment_status":"closed","ping_status":"closed","template":"","meta":{"_acf_changed":false,"_seopress_robots_primary_cat":"40","_seopress_titles_title":"Elektrische W\u00e4rmedecke Fleece | W\u00e4rmedecke | 180x130CM | Luvego","_seopress_titles_desc":"Genie\u00dfe an kalten Abenden eine beheizte Oberdecke. Stell die Heizdecke auf die gew\u00fcnschte W\u00e4rmeeinstellung ein und genie\u00dfe sie!  Bestelle deine Decke jetzt und w\u00e4hle deinen eigenen Lieferservice!","_seopress_robots_index":""},"product_brand":[],"product_cat":[2914,2956],"product_tag":[],"brands":[5271],"channels":[],"class_list":{"0":"post-8442","1":"product","2":"type-product","3":"status-publish","4":"has-post-thumbnail","6":"product_cat-haushalt","7":"product_cat-heizdecken","8":"brands-luvego","10":"first","11":"instock","12":"sale","13":"taxable","14":"shipping-taxable","15":"purchasable","16":"product-type-simple"},"acf":[],"weight_unit":"kg","dimension_unit":"cm","packaging_unit":"St\u00fccke","country_of_origin":"China","weee_germany":"DE97744419","website_url":"https:\/\/ferrygut.com\/","verkoper":"FerryGut.com","postcode":"5048CD","telefoonnummer":"+31850000735","_links":{"self":[{"href":"https:\/\/ferrygut.com\/de\/wp-json\/wp\/v2\/product\/8442","targetHints":{"allow":["GET"]}}],"collection":[{"href":"https:\/\/ferrygut.com\/de\/wp-json\/wp\/v2\/product"}],"about":[{"href":"https:\/\/ferrygut.com\/de\/wp-json\/wp\/v2\/types\/product"}],"replies":[{"embeddable":true,"href":"https:\/\/ferrygut.com\/de\/wp-json\/wp\/v2\/comments?post=8442"}],"wp:featuredmedia":[{"embeddable":true,"href":"https:\/\/ferrygut.com\/de\/wp-json\/wp\/v2\/media\/68951"}],"wp:attachment":[{"href":"https:\/\/ferrygut.com\/de\/wp-json\/wp\/v2\/media?parent=8442"}],"wp:term":[{"taxonomy":"product_brand","embeddable":true,"href":"https:\/\/ferrygut.com\/de\/wp-json\/wp\/v2\/product_brand?post=8442"},{"taxonomy":"product_cat","embeddable":true,"href":"https:\/\/ferrygut.com\/de\/wp-json\/wp\/v2\/product_cat?post=8442"},{"taxonomy":"product_tag","embeddable":true,"href":"https:\/\/ferrygut.com\/de\/wp-json\/wp\/v2\/product_tag?post=8442"},{"taxonomy":"brands","embeddable":true,"href":"https:\/\/ferrygut.com\/de\/wp-json\/wp\/v2\/brands?post=8442"},{"taxonomy":"channels","embeddable":true,"href":"https:\/\/ferrygut.com\/de\/wp-json\/wp\/v2\/channels?post=8442"}],"curies":[{"name":"wp","href":"https:\/\/api.w.org\/{rel}","templated":true}]}}