{"id":8433,"date":"2023-12-14T14:01:52","date_gmt":"2023-12-14T13:01:52","guid":{"rendered":"https:\/\/ferrygut.com\/product\/luvego-elektrische-heizung-2000w\/"},"modified":"2026-01-04T20:27:13","modified_gmt":"2026-01-04T19:27:13","slug":"luvego-elektrische-heizung-2000w","status":"publish","type":"product","link":"https:\/\/ferrygut.com\/de\/produkt\/luvego-elektrische-heizung-2000w\/","title":{"rendered":"Luvego &#8211; Elektrische Heizung 2000W"},"content":{"rendered":"<p>Diese elektrische Heizung von Luvego ist die perfekte Wahl f\u00fcr alle, die sich an kalten Tagen nach einem warmen und gem\u00fctlichen Raum sehnen. Egal, ob du nach zus\u00e4tzlicher W\u00e4rme in deinem Wohnzimmer suchst oder die K\u00e4lte im B\u00fcro vertreiben willst, der Heizl\u00fcfter bietet dir, was du brauchst. Sein modernes Design bringt nicht nur W\u00e4rme, sondern auch einen Hauch von Stil in jede Einrichtung. Dank der PTC-Keramikheizung in Kombination mit dem ABS-Geh\u00e4use wird die W\u00e4rme schnell und effektiv verteilt. Mit dem intuitiven Bedienfeld hast du die volle Kontrolle \u00fcber deine Heizung, damit du dich immer in einer angenehmen Umgebung aufhalten kannst.    <\/p>\n<h4>Die Pluspunkte der luvego Elektroheizung<\/h4>\n<ul>\n<li>Stilvolles Design f\u00fcr jede Einrichtung.<\/li>\n<li>Kompakt und leicht, einfach zu transportieren.<\/li>\n<li>Breite Oszillation f\u00fcr gleichm\u00e4\u00dfige Erw\u00e4rmung.<\/li>\n<li>Drei Heizstufen f\u00fcr flexiblen Komfort.<\/li>\n<li>\u00dcberhitzungsschutz und Kippschalter f\u00fcr sicheren Gebrauch.<\/li>\n<li>LED-Anzeige und Fernbedienung f\u00fcr eine einfache Bedienung.<\/li>\n<li>Strapazierf\u00e4hige Materialien garantieren eine lange Nutzungsdauer.<\/li>\n<\/ul>\n<h4>Modernes und elegantes Design<\/h4>\n<p>Luvego ist bekannt f\u00fcr Innovation. Mit seinen klaren Linien und seinem stilvollen Design ist der Heizl\u00fcfter nicht nur praktisch, sondern auch ein sch\u00f6nes St\u00fcck f\u00fcr dein Zuhause. Er passt sowohl in moderne als auch in traditionelle Einrichtungen und wird schnell zum Blickfang in jedem Raum. Der Ofen misst 182 x 175 x 430 mm und wiegt nur 1,9 kg, sodass du ihn leicht transportieren kannst.   <\/p>\n<h4>Effiziente W\u00e4rmeableitung<\/h4>\n<p>Der elektrische Heizl\u00fcfter von Luvego zeichnet sich durch eine effiziente W\u00e4rmeverteilung aus, dank seiner breiten Oszillation, die die W\u00e4rme gleichm\u00e4\u00dfig im Raum verteilt.<br \/>\nDas schafft eine angenehme Temperatur im ganzen Raum, ohne kalte Stellen. <\/p>\n<h4>Drei Heizstufen<\/h4>\n<p>Der elektrische Keramikheizer ist mit drei Heizstufen ausgestattet: FAN, LOW HEATING und HIGH HEATING.<br \/>\nDiese vielseitigen Optionen erm\u00f6glichen es dir, die Temperatur an deine Vorlieben anzupassen.<br \/>\nBrauchst du weiche W\u00e4rme an einem k\u00fchlen Fr\u00fchlingsmorgen oder eine starke Heizung an einem eisigen Wintertag?<br \/>\nDiese Einstellungen erm\u00f6glichen es dir, schnell und einfach die gew\u00fcnschte Hitze zu w\u00e4hlen.<br \/>\nDie intuitiven Bedienelemente und die LED-Anzeige machen es noch einfacher, die richtige Wahl zu treffen, damit du immer die perfekte Temperatur hast.    <\/p>\n<h4>Sicher und zuverl\u00e4ssig<\/h4>\n<p>Bei der Entwicklung des Elektroheizers stand deine Sicherheit an erster Stelle. Dank mehrerer eingebauter Sicherheitsfunktionen kannst du die angenehme W\u00e4rme unbesorgt genie\u00dfen. So gibt es zum Beispiel einen \u00dcberhitzungsschutz; diese wichtige Funktion schaltet den Keramikheizer automatisch ab, wenn er zu hei\u00df wird, und reduziert so das Unfallrisiko drastisch. Au\u00dferdem tr\u00e4gt der breite Oszillationskippschalter zur Sicherheit bei, indem er f\u00fcr eine gleichm\u00e4\u00dfige W\u00e4rmeverteilung sorgt und so hei\u00dfe Stellen verhindert, die eine Brandgefahr darstellen k\u00f6nnten. Au\u00dferdem ist die Heizung mit einem hochwertigen ABS-Geh\u00e4use ausgestattet. Dieses strapazierf\u00e4hige Material sorgt daf\u00fcr, dass die Heizung verschlei\u00dffest ist und eine lange Lebensdauer hat.     <\/p>\n","protected":false},"excerpt":{"rendered":"<p>Diese elektrische Heizung von Luvego ist die perfekte Wahl f\u00fcr alle, die sich an kalten Tagen nach einem warmen und gem\u00fctlichen Raum sehnen. Egal, ob du nach zus\u00e4tzlicher W\u00e4rme in deinem Wohnzimmer suchst oder die K\u00e4lte im B\u00fcro vertreiben willst, der Heizl\u00fcfter bietet dir, was du brauchst. Sein modernes Design bringt nicht nur W\u00e4rme, sondern [&hellip;]<\/p>\n","protected":false},"featured_media":8435,"comment_status":"closed","ping_status":"closed","template":"","meta":{"_acf_changed":false,"_seopress_robots_primary_cat":"41","_seopress_titles_title":"Elektroheizung | Luvego | 2000W Heizung | Keramische Elektroheizung","_seopress_titles_desc":"Genie\u00dfe sofortige W\u00e4rme in deinem Zuhause oder B\u00fcro mit unserem schwarzen Luvego-Elektroheizer. Bestelle jetzt f\u00fcr angenehm warme Tage. ","_seopress_robots_index":""},"product_brand":[],"product_cat":[2955,2914],"product_tag":[],"brands":[5271],"channels":[{"id":5343,"name":"ANWB","slug":"anwb-de"},{"id":5349,"name":"Blokker","slug":"blokker-de"},{"id":5319,"name":"Bol","slug":"bol-de"},{"id":5325,"name":"Decathlon","slug":"decathlon-de"},{"id":5313,"name":"Kaufland","slug":"kaufland-de"},{"id":5337,"name":"Kruidvat","slug":"kruidvat-de"},{"id":5355,"name":"Obelink","slug":"obelink-de"}],"class_list":{"0":"post-8433","1":"product","2":"type-product","3":"status-publish","4":"has-post-thumbnail","6":"product_cat-elektrische-heizungen","7":"product_cat-haushalt","8":"brands-luvego","9":"channels-anwb-de","10":"channels-blokker-de","11":"channels-bol-de","12":"channels-decathlon-de","13":"channels-kaufland-de","14":"channels-kruidvat-de","15":"channels-obelink-de","17":"first","18":"instock","19":"sale","20":"taxable","21":"shipping-taxable","22":"purchasable","23":"product-type-simple"},"acf":[],"weight_unit":"kg","dimension_unit":"cm","packaging_unit":"St\u00fccke","country_of_origin":"China","weee_germany":"DE97744419","website_url":"https:\/\/ferrygut.com\/","verkoper":"FerryGut.com","postcode":"5048CD","telefoonnummer":"+31850000735","_links":{"self":[{"href":"https:\/\/ferrygut.com\/de\/wp-json\/wp\/v2\/product\/8433","targetHints":{"allow":["GET"]}}],"collection":[{"href":"https:\/\/ferrygut.com\/de\/wp-json\/wp\/v2\/product"}],"about":[{"href":"https:\/\/ferrygut.com\/de\/wp-json\/wp\/v2\/types\/product"}],"replies":[{"embeddable":true,"href":"https:\/\/ferrygut.com\/de\/wp-json\/wp\/v2\/comments?post=8433"}],"wp:featuredmedia":[{"embeddable":true,"href":"https:\/\/ferrygut.com\/de\/wp-json\/wp\/v2\/media\/8435"}],"wp:attachment":[{"href":"https:\/\/ferrygut.com\/de\/wp-json\/wp\/v2\/media?parent=8433"}],"wp:term":[{"taxonomy":"product_brand","embeddable":true,"href":"https:\/\/ferrygut.com\/de\/wp-json\/wp\/v2\/product_brand?post=8433"},{"taxonomy":"product_cat","embeddable":true,"href":"https:\/\/ferrygut.com\/de\/wp-json\/wp\/v2\/product_cat?post=8433"},{"taxonomy":"product_tag","embeddable":true,"href":"https:\/\/ferrygut.com\/de\/wp-json\/wp\/v2\/product_tag?post=8433"},{"taxonomy":"brands","embeddable":true,"href":"https:\/\/ferrygut.com\/de\/wp-json\/wp\/v2\/brands?post=8433"},{"taxonomy":"channels","embeddable":true,"href":"https:\/\/ferrygut.com\/de\/wp-json\/wp\/v2\/channels?post=8433"}],"curies":[{"name":"wp","href":"https:\/\/api.w.org\/{rel}","templated":true}]}}