{"id":8410,"date":"2023-12-14T14:19:30","date_gmt":"2023-12-14T13:19:30","guid":{"rendered":"https:\/\/ferrygut.com\/product\/luvego-mini-pump-luftbettpumpe\/"},"modified":"2026-03-02T14:15:08","modified_gmt":"2026-03-02T13:15:08","slug":"luvego-mini-pump-luftbettpumpe","status":"publish","type":"product","link":"https:\/\/ferrygut.com\/de\/produkt\/luvego-mini-pump-luftbettpumpe\/","title":{"rendered":"Luvego &#8211; Mini Pump &#8211; Luftbettpumpe"},"content":{"rendered":"<p>Wir von FerryGut stellen dir die Luvego Mini-Pumpe vor, deinen ultimativen Begleiter zum m\u00fchelosen Aufblasen und Entleeren von Luftbetten. Egal, ob du zelten gehst, \u00fcbernachtest oder einfach nur auf einer Luftmatratze entspannen willst, diese Luftmatratzenpumpe ist bereit, dir das Leben leichter zu machen. Schluss mit manuellem Aufpumpen oder schweren Luftpumpen &#8211; entdecke den Komfort der Luvego Luftbettpumpe und genie\u00dfe schnell Komfort und Entspannung.  <\/p>\n<h4>Die Pluspunkte der Mini-Pumpe von Luvego<\/h4>\n<ul>\n<li>Aufblasen, Staubsaugen und Laterne<\/li>\n<li>Wiederaufladbar mit dem mitgelieferten USB-C Kabel<\/li>\n<li>Nur 89 Gramm und etwas gr\u00f6\u00dfer als ein Ei<\/li>\n<li>180L\/MIN, 3,5kPa<\/li>\n<li>5 Aufs\u00e4tze enthalten<\/li>\n<li>Leistungsstark<\/li>\n<\/ul>\n<p>Diese Minipumpe pumpt 180 Liter pro Minute bei einem Druck von 3,5 kPa. Er ist also ideal zum Aufblasen einer Luftmatratze, eines Bootes, von Luftringen oder zum Aufsaugen von Staubsaugerbeuteln! Mit den 5 mitgelieferten Aufs\u00e4tzen, die du ganz einfach an die Pumpe anschlie\u00dft, kannst du alles ganz einfach aufblasen oder entleeren. Die MINI PUMP hat einen eingebauten Akku (1300 mAh), den du \u00fcber das mitgelieferte USB-C-Kabel aufl\u00e4dst. Mit einer vollen Akkuladung kannst du etwa 10 Luftmatratzen aufblasen, 20 Staubsaugerbeutel absaugen oder die Laterne 10 Stunden lang bei einer 40-Lumen-Einstellung verwenden.<\/p>\n<h4>Leicht und kompakt<\/h4>\n<p>Diese All-in-One-Pumpe ist so klein (5,3 x 4,4 cm), dass du sie problemlos auf Reisen oder Abenteuer mitnehmen kannst. Und mit einem Gewicht von 89 Gramm wirst du nicht einmal merken, dass diese Pumpe dein Rucksack ist! Auch wenn du im Urlaub bist und keinen Staubsauger in Reichweite hast, ist die MINI PUMP ein gro\u00dfartiges kleines Aufblasger\u00e4t, um deine Staubsaugerbeutel f\u00fcr die Heimreise wieder aufzusaugen! <\/p>\n<h4>Laterne<\/h4>\n<p>Die eingebaute Laterne befindet sich an der Unterseite der kleinen Pumpe. Du kannst die MINI PUMP ganz einfach an den First deines Zeltes oder deiner Tasche h\u00e4ngen. Die Lampe hat 3 Modi (40 Lumen\/160 Lumen\/400 Lumen), die du ganz einfach \u00fcber den gro\u00dfen Knopf in der Mitte einstellen kannst.  <\/p>\n<h4>So funktioniert es:<\/h4>\n<p>Verbinde den entsprechenden Aufsatz mit der MINI PUMP. Schlie\u00dfe die Pumpe an das Luftbett, das Schlauchboot oder etwas anderes an, das du aufblasen oder absaugen willst. Schalte die Pumpe mit dem Ein\/Aus-Knopf ein und schalte sie wieder aus, wenn sie aufgeblasen oder abgesaugt ist. Schlie\u00dfe die Pumpe und du bist fertig!   <\/p>\n<h4>Alle Luftpumpen entdecken<\/h4>\n<p>Neben der Luvego Mini-Pumpe hat FerryGut auch eine gro\u00dfe Auswahl an <a href=\"https:\/\/ferrygut.com\/de\/produkt-kategorie\/camping\/luftpumpen\/\">Luftpumpen<\/a> von anderen Top-Marken wie Flextail. F\u00fcr diejenigen, die noch kompaktere und vielseitigere Optionen suchen, sind die Flextail Tiny Pump X und Tiny Pump X2 eine ausgezeichnete Wahl. Diese Modelle kombinieren Leistung und Tragbarkeit, genau wie die <a href=\"https:\/\/ferrygut.com\/de\/produkt\/flextail-zero-pump-inklusive-batterie\/\">Zero Pump<\/a> und die neue <a href=\"https:\/\/ferrygut.com\/de\/produkt\/flextail-tiny-bike-pump-elektrofahrradpumpe\/\">Tiny Bike Pump<\/a>, die speziell f\u00fcr Radfahrer entwickelt wurde. Jede dieser Luftpumpen bietet zuverl\u00e4ssige Leistung f\u00fcr eine Vielzahl von Anwendungen, egal ob du ein Luftbett, ein Schlauchboot oder einen Staubsaugerbeutel aufblasen oder entleeren willst. Mit dieser Vielfalt an Luftpumpen findest du immer das ideale Werkzeug f\u00fcr jedes Abenteuer!<\/p>\n","protected":false},"excerpt":{"rendered":"<p>Wir von FerryGut stellen dir die Luvego Mini-Pumpe vor, deinen ultimativen Begleiter zum m\u00fchelosen Aufblasen und Entleeren von Luftbetten. Egal, ob du zelten gehst, \u00fcbernachtest oder einfach nur auf einer Luftmatratze entspannen willst, diese Luftmatratzenpumpe ist bereit, dir das Leben leichter zu machen. Schluss mit manuellem Aufpumpen oder schweren Luftpumpen &#8211; entdecke den Komfort der [&hellip;]<\/p>\n","protected":false},"featured_media":8411,"comment_status":"closed","ping_status":"closed","template":"","meta":{"_acf_changed":false,"_seopress_robots_primary_cat":"514","_seopress_titles_title":"Mini-Luftbettpumpe | Luvego | Mit eingebauter Laterne | Aufblasen und Absaugen","_seopress_titles_desc":"Eine kompakte Luftbettpumpe mit eingebauter Laterne. Im Lieferumfang sind verschiedene Aufs\u00e4tze enthalten, damit du die Minipumpe jederzeit einsetzen kannst!  Bestelle jetzt und profitiere von einer schnellen Lieferung.","_seopress_robots_index":""},"product_brand":[],"product_cat":[2904,2907,2905],"product_tag":[],"brands":[5271],"channels":[],"class_list":{"0":"post-8410","1":"product","2":"type-product","3":"status-publish","4":"has-post-thumbnail","6":"product_cat-camping","7":"product_cat-luftbett-pumpen","8":"product_cat-luftpumpen","9":"brands-luvego","11":"first","12":"instock","13":"sale","14":"taxable","15":"shipping-taxable","16":"purchasable","17":"product-type-simple"},"acf":[],"weight_unit":"kg","dimension_unit":"cm","packaging_unit":"St\u00fccke","country_of_origin":"China","weee_germany":"DE97744419","website_url":"https:\/\/ferrygut.com\/","verkoper":"FerryGut.com","postcode":"5048CD","telefoonnummer":"+31850000735","_links":{"self":[{"href":"https:\/\/ferrygut.com\/de\/wp-json\/wp\/v2\/product\/8410","targetHints":{"allow":["GET"]}}],"collection":[{"href":"https:\/\/ferrygut.com\/de\/wp-json\/wp\/v2\/product"}],"about":[{"href":"https:\/\/ferrygut.com\/de\/wp-json\/wp\/v2\/types\/product"}],"replies":[{"embeddable":true,"href":"https:\/\/ferrygut.com\/de\/wp-json\/wp\/v2\/comments?post=8410"}],"wp:featuredmedia":[{"embeddable":true,"href":"https:\/\/ferrygut.com\/de\/wp-json\/wp\/v2\/media\/8411"}],"wp:attachment":[{"href":"https:\/\/ferrygut.com\/de\/wp-json\/wp\/v2\/media?parent=8410"}],"wp:term":[{"taxonomy":"product_brand","embeddable":true,"href":"https:\/\/ferrygut.com\/de\/wp-json\/wp\/v2\/product_brand?post=8410"},{"taxonomy":"product_cat","embeddable":true,"href":"https:\/\/ferrygut.com\/de\/wp-json\/wp\/v2\/product_cat?post=8410"},{"taxonomy":"product_tag","embeddable":true,"href":"https:\/\/ferrygut.com\/de\/wp-json\/wp\/v2\/product_tag?post=8410"},{"taxonomy":"brands","embeddable":true,"href":"https:\/\/ferrygut.com\/de\/wp-json\/wp\/v2\/brands?post=8410"},{"taxonomy":"channels","embeddable":true,"href":"https:\/\/ferrygut.com\/de\/wp-json\/wp\/v2\/channels?post=8410"}],"curies":[{"name":"wp","href":"https:\/\/api.w.org\/{rel}","templated":true}]}}