{"id":84075,"date":"2026-05-01T07:46:03","date_gmt":"2026-05-01T05:46:03","guid":{"rendered":"https:\/\/ferrygut.com\/product\/outin-eva-schutzhuelle-beige\/"},"modified":"2026-05-01T08:03:14","modified_gmt":"2026-05-01T06:03:14","slug":"outin-eva-schutzhuelle-beige","status":"publish","type":"product","link":"https:\/\/ferrygut.com\/de\/produkt\/outin-eva-schutzhuelle-beige\/","title":{"rendered":"Outin EVA-Schutzh\u00fclle Beige"},"content":{"rendered":"<p data-start=\"274\" data-end=\"581\">Du kennst das: Du nimmst deine Kaffeemaschine oder dein Zubeh\u00f6r mit auf Reisen und willst sicherstellen, dass alles gut gesch\u00fctzt ist. Kratzer, St\u00f6\u00dfe oder Schmutz k\u00f6nnen deine Ausr\u00fcstung schnell besch\u00e4digen. Mit der Outin EVA-Schutzh\u00fclle nimmst du dein Kaffeezubeh\u00f6r sicher und organisiert mit, wohin du auch gehst.  <\/p>\n<p data-start=\"583\" data-end=\"854\">Diese Schutzh\u00fclle wurde speziell entwickelt, um dein Kaffeezubeh\u00f6r beim Transport zu sch\u00fctzen. Das robuste EVA-Material sch\u00fctzt dein Zubeh\u00f6r vor St\u00f6\u00dfen und \u00e4u\u00dferen Einfl\u00fcssen, w\u00e4hrend das kompakte Design daf\u00fcr sorgt, dass du alles problemlos mitnehmen kannst. <\/p>\n<h3 data-section-id=\"rp5ns4\" data-start=\"856\" data-end=\"871\">Vorteile<\/h3>\n<ul data-start=\"872\" data-end=\"1125\">\n<li data-section-id=\"xd1y2n\" data-start=\"872\" data-end=\"923\">Stabiler EVA-Schutz gegen St\u00f6\u00dfe und Kratzer<\/li>\n<li data-section-id=\"ngbdzv\" data-start=\"924\" data-end=\"973\">Kompaktes und leichtes Design f\u00fcr unterwegs<\/li>\n<li data-section-id=\"3i5juk\" data-start=\"974\" data-end=\"1027\">Praktisch f\u00fcr die Organisation von Kaffeezubeh\u00f6r<\/li>\n<li data-section-id=\"1ayxgbu\" data-start=\"1028\" data-end=\"1080\">Sch\u00fctzt deine Ausr\u00fcstung auf Reisen und bei der Lagerung<\/li>\n<li data-section-id=\"g0xgi5\" data-start=\"1081\" data-end=\"1125\">Neutrale beige Farbe, die zu allem passt<\/li>\n<\/ul>\n<h3 data-section-id=\"1yjahu\" data-start=\"1127\" data-end=\"1159\">Nutzung und Funktionalit\u00e4t<\/h3>\n<p data-start=\"1160\" data-end=\"1464\">Das Outin EVA Protective Case ist ideal, wenn du dein Kaffeezubeh\u00f6r sicher transportieren willst. Egal, ob du unterwegs bist, reist oder deine Sachen ordentlich aufbewahren willst, dieses Etui sorgt daf\u00fcr, dass alles gesch\u00fctzt bleibt. Das robuste Material h\u00e4lt den Inhalt sicher an seinem Platz, auch wenn du dich bewegst.  <\/p>\n<h3 data-section-id=\"14xhbqv\" data-start=\"1466\" data-end=\"1520\">Zus\u00e4tzliche Merkmale und Unterscheidungsmerkmale<\/h3>\n<p data-start=\"1521\" data-end=\"1850\">Die Schutzh\u00fclle ist aus EVA-Material gefertigt, das f\u00fcr seine sto\u00dfd\u00e4mpfenden Eigenschaften bekannt ist. Dadurch bietet die Tasche zus\u00e4tzlichen Schutz vor St\u00f6\u00dfen. Die kompakte Gr\u00f6\u00dfe macht es einfach, die Tasche in einer Tasche oder einem Koffer mitzunehmen. Au\u00dferdem sorgt die neutrale beige Farbe f\u00fcr einen stilvollen und ruhigen Look.   <\/p>\n<h3 data-section-id=\"dwy1b3\" data-start=\"1852\" data-end=\"1889\">Praktische Tipps und Anwendungen<\/h3>\n<p data-start=\"1890\" data-end=\"2156\">Verwende die Tasche, um dein Kaffeezubeh\u00f6r auf Reisen oder im t\u00e4glichen Gebrauch zu organisieren. Ideal f\u00fcr Camping, Arbeit unterwegs oder Urlaub. Indem du dein Zubeh\u00f6r in einem gesch\u00fctzten Koffer aufbewahrst, verhinderst du, dass Teile verloren gehen oder besch\u00e4digt werden.  <\/p>\n<h4 data-start=\"2158\" data-end=\"2193\">Was ist in dem Paket?<\/h4>\n<ul data-start=\"2194\" data-end=\"2229\">\n<li data-section-id=\"1k46roa\" data-start=\"2194\" data-end=\"2229\">Outin EVA-Schutzh\u00fclle Beige<\/li>\n<\/ul>\n","protected":false},"excerpt":{"rendered":"<p>Du kennst das: Du nimmst deine Kaffeemaschine oder dein Zubeh\u00f6r mit auf Reisen und willst sicherstellen, dass alles gut gesch\u00fctzt ist. Kratzer, St\u00f6\u00dfe oder Schmutz k\u00f6nnen deine Ausr\u00fcstung schnell besch\u00e4digen. Mit der Outin EVA-Schutzh\u00fclle nimmst du dein Kaffeezubeh\u00f6r sicher und organisiert mit, wohin du auch gehst. Diese Schutzh\u00fclle wurde speziell entwickelt, um dein Kaffeezubeh\u00f6r beim [&hellip;]<\/p>\n","protected":false},"featured_media":0,"comment_status":"closed","ping_status":"closed","template":"","meta":{"_acf_changed":false,"_seopress_robots_primary_cat":"none","_seopress_titles_title":"","_seopress_titles_desc":"","_seopress_robots_index":""},"product_brand":[],"product_cat":[2901],"product_tag":[],"brands":[],"channels":[],"class_list":{"0":"post-84075","1":"product","2":"type-product","3":"status-publish","5":"product_cat-keine-kategorie","7":"first","8":"outofstock","9":"taxable","10":"shipping-taxable","11":"product-type-simple"},"acf":[],"weight_unit":"kg","dimension_unit":"cm","packaging_unit":"St\u00fccke","country_of_origin":"China","weee_germany":"DE97744419","website_url":"https:\/\/ferrygut.com\/","verkoper":"FerryGut.com","postcode":"5048CD","telefoonnummer":"+31850000735","_links":{"self":[{"href":"https:\/\/ferrygut.com\/de\/wp-json\/wp\/v2\/product\/84075","targetHints":{"allow":["GET"]}}],"collection":[{"href":"https:\/\/ferrygut.com\/de\/wp-json\/wp\/v2\/product"}],"about":[{"href":"https:\/\/ferrygut.com\/de\/wp-json\/wp\/v2\/types\/product"}],"replies":[{"embeddable":true,"href":"https:\/\/ferrygut.com\/de\/wp-json\/wp\/v2\/comments?post=84075"}],"wp:attachment":[{"href":"https:\/\/ferrygut.com\/de\/wp-json\/wp\/v2\/media?parent=84075"}],"wp:term":[{"taxonomy":"product_brand","embeddable":true,"href":"https:\/\/ferrygut.com\/de\/wp-json\/wp\/v2\/product_brand?post=84075"},{"taxonomy":"product_cat","embeddable":true,"href":"https:\/\/ferrygut.com\/de\/wp-json\/wp\/v2\/product_cat?post=84075"},{"taxonomy":"product_tag","embeddable":true,"href":"https:\/\/ferrygut.com\/de\/wp-json\/wp\/v2\/product_tag?post=84075"},{"taxonomy":"brands","embeddable":true,"href":"https:\/\/ferrygut.com\/de\/wp-json\/wp\/v2\/brands?post=84075"},{"taxonomy":"channels","embeddable":true,"href":"https:\/\/ferrygut.com\/de\/wp-json\/wp\/v2\/channels?post=84075"}],"curies":[{"name":"wp","href":"https:\/\/api.w.org\/{rel}","templated":true}]}}