{"id":83998,"date":"2026-04-30T08:23:08","date_gmt":"2026-04-30T06:23:08","guid":{"rendered":"https:\/\/ferrygut.com\/product\/luvego-wagenset-faltbar-mit-tisch\/"},"modified":"2026-04-30T09:08:42","modified_gmt":"2026-04-30T07:08:42","slug":"luvego-wagenset-faltbar-mit-tisch","status":"publish","type":"product","link":"https:\/\/ferrygut.com\/de\/produkt\/luvego-wagenset-faltbar-mit-tisch\/","title":{"rendered":"Luvego Wagenset &#8211; faltbar mit Tisch"},"content":{"rendered":"<p data-start=\"218\" data-end=\"660\"><span dir=\"auto\" style=\"vertical-align: inherit\"><span dir=\"auto\" style=\"vertical-align: inherit\"><span dir=\"auto\" style=\"vertical-align: inherit\"><span dir=\"auto\" style=\"vertical-align: inherit\">Bist du auf dem Weg zum Strand, einem Festival oder einem Campingausflug und schleppst st\u00e4ndig deine Ausr\u00fcstung mit dir herum? Lose Taschen, K\u00fchlboxen und St\u00fchle machen alles un\u00fcbersichtlich und schwer. Mit dem faltbaren Wagenset mit Tisch von Luvego kannst du alles in einem Rutsch mitnehmen und sofort einen praktischen Platz zum Abstellen deiner Sachen schaffen. Dieses Komplettset kombiniert einen stabilen Wagen mit einer praktischen Tischplatte, damit du unterwegs und an deinem Zielort immer vorbereitet bist.   <\/span><\/span><\/span><\/span><\/p>\n<h3 data-section-id=\"rp5ns4\" data-start=\"662\" data-end=\"677\"><span dir=\"auto\" style=\"vertical-align: inherit\"><span dir=\"auto\" style=\"vertical-align: inherit\"><span dir=\"auto\" style=\"vertical-align: inherit\"><span dir=\"auto\" style=\"vertical-align: inherit\">Vorteile<\/span><\/span><\/span><\/span><\/h3>\n<ul data-start=\"678\" data-end=\"1103\">\n<li data-section-id=\"q60xmj\" data-start=\"678\" data-end=\"727\"><span dir=\"auto\" style=\"vertical-align: inherit\"><span dir=\"auto\" style=\"vertical-align: inherit\"><span dir=\"auto\" style=\"vertical-align: inherit\"><span dir=\"auto\" style=\"vertical-align: inherit\">Komplettes Set mit Wagen und Tischplatte<\/span><\/span><\/span><\/span><\/li>\n<li data-section-id=\"ul9rej\" data-start=\"728\" data-end=\"785\"><span dir=\"auto\" style=\"vertical-align: inherit\"><span dir=\"auto\" style=\"vertical-align: inherit\"><span dir=\"auto\" style=\"vertical-align: inherit\"><span dir=\"auto\" style=\"vertical-align: inherit\">Zusammenklappbares Design f\u00fcr einfachen Transport und Lagerung<\/span><\/span><\/span><\/span><\/li>\n<li data-section-id=\"1wh1e9r\" data-start=\"786\" data-end=\"835\"><span dir=\"auto\" style=\"vertical-align: inherit\"><span dir=\"auto\" style=\"vertical-align: inherit\"><span dir=\"auto\" style=\"vertical-align: inherit\"><span dir=\"auto\" style=\"vertical-align: inherit\">Abnehmbare R\u00e4der f\u00fcr zus\u00e4tzliche Flexibilit\u00e4t<\/span><\/span><\/span><\/span><\/li>\n<li data-section-id=\"15awimv\" data-start=\"836\" data-end=\"881\"><span dir=\"auto\" style=\"vertical-align: inherit\"><span dir=\"auto\" style=\"vertical-align: inherit\"><span dir=\"auto\" style=\"vertical-align: inherit\"><span dir=\"auto\" style=\"vertical-align: inherit\">Tragf\u00e4higkeit von bis zu 100 kg f\u00fcr all dein Hab und Gut<\/span><\/span><\/span><\/span><\/li>\n<li data-section-id=\"xfnlvu\" data-start=\"882\" data-end=\"932\"><span dir=\"auto\" style=\"vertical-align: inherit\"><span dir=\"auto\" style=\"vertical-align: inherit\"><span dir=\"auto\" style=\"vertical-align: inherit\"><span dir=\"auto\" style=\"vertical-align: inherit\">Die Tischplatte schafft sofort eine stabile Oberfl\u00e4che.<\/span><\/span><\/span><\/span><\/li>\n<li data-section-id=\"lofq6y\" data-start=\"933\" data-end=\"994\"><span dir=\"auto\" style=\"vertical-align: inherit\"><span dir=\"auto\" style=\"vertical-align: inherit\"><span dir=\"auto\" style=\"vertical-align: inherit\"><span dir=\"auto\" style=\"vertical-align: inherit\">Ideal f\u00fcr den Strand, Camping, Festivals und den Einsatz im Freien<\/span><\/span><\/span><\/span><\/li>\n<li data-section-id=\"up3tvs\" data-start=\"995\" data-end=\"1043\"><span dir=\"auto\" style=\"vertical-align: inherit\"><span dir=\"auto\" style=\"vertical-align: inherit\"><span dir=\"auto\" style=\"vertical-align: inherit\"><span dir=\"auto\" style=\"vertical-align: inherit\">Kompakt zu verstauen, wenn nicht in Gebrauch<\/span><\/span><\/span><\/span><\/li>\n<li data-section-id=\"vdideu\" data-start=\"1044\" data-end=\"1103\"><span dir=\"auto\" style=\"vertical-align: inherit\"><span dir=\"auto\" style=\"vertical-align: inherit\"><span dir=\"auto\" style=\"vertical-align: inherit\"><span dir=\"auto\" style=\"vertical-align: inherit\">Multifunktional: Transport und nutzbare Fl\u00e4che in einem<\/span><\/span><\/span><\/span><\/li>\n<\/ul>\n<h3 data-section-id=\"a2juaj\" data-start=\"1105\" data-end=\"1144\"><span dir=\"auto\" style=\"vertical-align: inherit\"><span dir=\"auto\" style=\"vertical-align: inherit\"><span dir=\"auto\" style=\"vertical-align: inherit\"><span dir=\"auto\" style=\"vertical-align: inherit\">Ideal f\u00fcr jede Situation im Freien<\/span><\/span><\/span><\/span><\/h3>\n<p data-start=\"1145\" data-end=\"1524\"><span dir=\"auto\" style=\"vertical-align: inherit\"><span dir=\"auto\" style=\"vertical-align: inherit\"><span dir=\"auto\" style=\"vertical-align: inherit\"><span dir=\"auto\" style=\"vertical-align: inherit\">Egal, ob du zum Strand f\u00e4hrst, einen Tagesausflug planst oder zelten gehst, dieses Wagenset macht den Unterschied. Du transportierst m\u00fchelos schwere Gegenst\u00e4nde wie K\u00fchlboxen, Taschen und Campingausr\u00fcstung. Wenn du an deinem Standort ankommst, legst du einfach die Tischplatte auf den Wagen und schon hast du einen praktischen Tisch f\u00fcr Essen, Getr\u00e4nke oder Zubeh\u00f6r. Auf diese Weise musst du keinen zus\u00e4tzlichen Tisch mitnehmen und sparst Platz.   <\/span><\/span><\/span><\/span><\/p>\n<h3 data-section-id=\"o1s0m8\" data-start=\"1526\" data-end=\"1561\"><span dir=\"auto\" style=\"vertical-align: inherit\"><span dir=\"auto\" style=\"vertical-align: inherit\"><span dir=\"auto\" style=\"vertical-align: inherit\"><span dir=\"auto\" style=\"vertical-align: inherit\">Intelligentes Design und Benutzerfreundlichkeit<\/span><\/span><\/span><\/span><\/h3>\n<p data-start=\"1562\" data-end=\"1871\"><span dir=\"auto\" style=\"vertical-align: inherit\"><span dir=\"auto\" style=\"vertical-align: inherit\"><span dir=\"auto\" style=\"vertical-align: inherit\"><span dir=\"auto\" style=\"vertical-align: inherit\">Der faltbare Bollerwagen ist sehr praktisch. Er l\u00e4sst sich schnell zusammen- und auseinanderfalten, sodass er leicht im Auto mitgenommen werden kann. Die abnehmbaren R\u00e4der sorgen daf\u00fcr, dass du den Wagen leicht reinigen oder an deine Bed\u00fcrfnisse anpassen kannst. Der robuste Rahmen und der ger\u00e4umige Innenraum machen ihn f\u00fcr eine intensive Nutzung geeignet.   <\/span><\/span><\/span><\/span><\/p>\n<h3 data-section-id=\"14e92cp\" data-start=\"1873\" data-end=\"1902\"><span dir=\"auto\" style=\"vertical-align: inherit\"><span dir=\"auto\" style=\"vertical-align: inherit\"><span dir=\"auto\" style=\"vertical-align: inherit\"><span dir=\"auto\" style=\"vertical-align: inherit\">Praktisch und vielseitig<\/span><\/span><\/span><\/span><\/h3>\n<p data-start=\"1903\" data-end=\"2219\"><span dir=\"auto\" style=\"vertical-align: inherit\"><span dir=\"auto\" style=\"vertical-align: inherit\"><span dir=\"auto\" style=\"vertical-align: inherit\"><span dir=\"auto\" style=\"vertical-align: inherit\">Dieses Set ist perfekt f\u00fcr verschiedene Zwecke. Du kannst es als Strandwagen, Campingwagen oder Festivalwagen verwenden. Mit der Tischplatte kannst du nicht nur Gegenst\u00e4nde transportieren, sondern auch sofort einen nutzbaren Raum schaffen. Ideal f\u00fcr Picknicks, zum Kochen auf dem Campingplatz oder zum Organisieren deiner Sachen.   <\/span><\/span><\/span><\/span><\/p>\n<h4 data-start=\"2221\" data-end=\"2256\"><span dir=\"auto\" style=\"vertical-align: inherit\"><span dir=\"auto\" style=\"vertical-align: inherit\"><span dir=\"auto\" style=\"vertical-align: inherit\"><span dir=\"auto\" style=\"vertical-align: inherit\">Was ist in dem Paket?<\/span><\/span><\/span><\/span><\/h4>\n<ul data-start=\"2257\" data-end=\"2305\">\n<li data-section-id=\"uq1rte\" data-start=\"2257\" data-end=\"2281\"><span dir=\"auto\" style=\"vertical-align: inherit\"><span dir=\"auto\" style=\"vertical-align: inherit\"><span dir=\"auto\" style=\"vertical-align: inherit\"><span dir=\"auto\" style=\"vertical-align: inherit\">Faltbarer Wagen<\/span><\/span><\/span><\/span><\/li>\n<li data-section-id=\"jiqt3n\" data-start=\"2282\" data-end=\"2305\"><span dir=\"auto\" style=\"vertical-align: inherit\"><span dir=\"auto\" style=\"vertical-align: inherit\"><span dir=\"auto\" style=\"vertical-align: inherit\"><span dir=\"auto\" style=\"vertical-align: inherit\">Schubkarren-Tischplatte<\/span><\/span><\/span><\/span><\/li>\n<\/ul>\n","protected":false},"excerpt":{"rendered":"<p>Bist du auf dem Weg zum Strand, einem Festival oder einem Campingausflug und schleppst st\u00e4ndig deine Ausr\u00fcstung mit dir herum? Lose Taschen, K\u00fchlboxen und St\u00fchle machen alles un\u00fcbersichtlich und schwer. Mit dem faltbaren Wagenset mit Tisch von Luvego kannst du alles in einem Rutsch mitnehmen und sofort einen praktischen Platz zum Abstellen deiner Sachen schaffen. [&hellip;]<\/p>\n","protected":false},"featured_media":0,"comment_status":"closed","ping_status":"closed","template":"","meta":{"_acf_changed":false,"_seopress_robots_primary_cat":"none","_seopress_titles_title":"","_seopress_titles_desc":"","_seopress_robots_index":""},"product_brand":[],"product_cat":[2904,2901,2958],"product_tag":[],"brands":[5271],"channels":[],"class_list":{"0":"post-83998","1":"product","2":"type-product","3":"status-publish","5":"product_cat-camping","6":"product_cat-keine-kategorie","7":"product_cat-trolleys","8":"brands-luvego","10":"first","11":"outofstock","12":"taxable","13":"shipping-taxable","14":"product-type-simple"},"acf":[],"weight_unit":"kg","dimension_unit":"cm","packaging_unit":"St\u00fccke","country_of_origin":"China","weee_germany":"DE97744419","website_url":"https:\/\/ferrygut.com\/","verkoper":"FerryGut.com","postcode":"5048CD","telefoonnummer":"+31850000735","_links":{"self":[{"href":"https:\/\/ferrygut.com\/de\/wp-json\/wp\/v2\/product\/83998","targetHints":{"allow":["GET"]}}],"collection":[{"href":"https:\/\/ferrygut.com\/de\/wp-json\/wp\/v2\/product"}],"about":[{"href":"https:\/\/ferrygut.com\/de\/wp-json\/wp\/v2\/types\/product"}],"replies":[{"embeddable":true,"href":"https:\/\/ferrygut.com\/de\/wp-json\/wp\/v2\/comments?post=83998"}],"wp:attachment":[{"href":"https:\/\/ferrygut.com\/de\/wp-json\/wp\/v2\/media?parent=83998"}],"wp:term":[{"taxonomy":"product_brand","embeddable":true,"href":"https:\/\/ferrygut.com\/de\/wp-json\/wp\/v2\/product_brand?post=83998"},{"taxonomy":"product_cat","embeddable":true,"href":"https:\/\/ferrygut.com\/de\/wp-json\/wp\/v2\/product_cat?post=83998"},{"taxonomy":"product_tag","embeddable":true,"href":"https:\/\/ferrygut.com\/de\/wp-json\/wp\/v2\/product_tag?post=83998"},{"taxonomy":"brands","embeddable":true,"href":"https:\/\/ferrygut.com\/de\/wp-json\/wp\/v2\/brands?post=83998"},{"taxonomy":"channels","embeddable":true,"href":"https:\/\/ferrygut.com\/de\/wp-json\/wp\/v2\/channels?post=83998"}],"curies":[{"name":"wp","href":"https:\/\/api.w.org\/{rel}","templated":true}]}}