{"id":8397,"date":"2023-12-14T14:35:21","date_gmt":"2023-12-14T13:35:21","guid":{"rendered":"https:\/\/ferrygut.com\/product\/luvego-roll-up-beutel-12er-pack\/"},"modified":"2026-02-24T15:35:22","modified_gmt":"2026-02-24T14:35:22","slug":"luvego-roll-up-beutel-12er-pack","status":"publish","type":"product","link":"https:\/\/ferrygut.com\/de\/produkt\/luvego-roll-up-beutel-12er-pack\/","title":{"rendered":"Luvego &#8211; Roll-up Beutel &#8211; 12er Pack"},"content":{"rendered":"<p>Wir von FerryGut bieten dir eine ideale L\u00f6sung f\u00fcr die Aufbewahrung deiner Sachen: die Luvego 12er-Pack Vakuum-Handrollenbeutel. Diese intelligenten Taschen wurden entwickelt, um deine Kleidung, Decken, Kissen und andere Textilien effizient und kompakt zu verstauen, ohne dabei Kompromisse bei Platz und Organisation einzugehen. Mit unserer innovativen Staubsaugertechnologie ist dir ein aufger\u00e4umtes und organisiertes Wohnumfeld garantiert, mit mehr Platz f\u00fcr die Dinge, die wirklich wichtig sind. Entdecke die Vorteile einer intelligenten Aufbewahrung mit den Luvego 12 Vacuum Hand Roll Bags.   <\/p>\n<h4>Das Luvego Vakuum-Rolltaschen-Set 12er-Pack besteht aus:<\/h4>\n<ul>\n<li>4x Vakuum-Aufbewahrungsbeutel (50x35CM)<\/li>\n<li>4x Vakuum-Aufbewahrungsbeutel (60x40CM)<\/li>\n<li>4x Vakuum-Aufbewahrungsbeutel (70x50CM)<\/li>\n<\/ul>\n<h4>Die Pluspunkte des 12er-Packs Vakuum-Handrolls\u00e4cke von Luvego<\/h4>\n<ul>\n<li>Spart 80% an Platz<\/li>\n<li>H\u00e4lt Staub, Motten, Feuchtigkeit und Ger\u00fcche von deiner Kleidung fern<\/li>\n<li>Geeignet f\u00fcr die langfristige Lagerung deiner Kleidung<\/li>\n<li>Wiederverwendbar<\/li>\n<li>Leicht aufzurollen<\/li>\n<li>Sicher f\u00fcr Kleidung, Decken oder Bettzeug<\/li>\n<\/ul>\n<h4>Vakuum Handrolls\u00e4cke f\u00fcr die Reise<\/h4>\n<p>Egal, ob du ein Weltreisender bist oder eine St\u00e4dtereise liebst, die Luvego 12er-Pack Vakuum-Handrolltaschen sind deine besten Reisebegleiter. Diese aufrollbaren Taschen sind so konzipiert, dass sie deine Kleidung und Reiseutensilien kompakt und geordnet aufbewahren und mehr Platz in deinem Koffer f\u00fcr Souvenirs und andere Reiseutensilien lassen. Leicht und smart reisen mit Luvego.  <\/p>\n<h4>Schutz f\u00fcr Kleidung, Decken oder Bettzeug<\/h4>\n<p>Sch\u00fctze deine wertvolle Kleidung vor Feuchtigkeit, Motten und Schimmel mit den Vakuum-Handrollenbeuteln von Luvego. Diese Taschen sorgen f\u00fcr eine luftdichte und sch\u00fctzende Umgebung, damit deine Kleidung, Decken und Bettwaren immer in Top-Zustand bleiben. Lass nicht zu, dass irgendetwas die Qualit\u00e4t deines Materials beeintr\u00e4chtigt.  <\/p>\n<h4>Platzsparend mit dem 12er-Pack Vakuum-Handrollenbeutel<\/h4>\n<p>Mit den Luvego 12 Vacuum Hand Roll Bags hast du immer genug Stauraum f\u00fcr all deine Kleidung. Spare bis zu 80% an Stauraum, egal ob in deinem Kleiderschrank, unter deinem Bett oder in deinem Gep\u00e4ck. Genie\u00dfe ein aufger\u00e4umtes Wohnumfeld und Platz f\u00fcr all deine anderen Habseligkeiten mit dem praktischen 12er-Pack an Rolltaschen.  <\/p>\n<h4>Wie es funktioniert<\/h4>\n<p>\u00d6ffne Reisetaschen und f\u00fclle sie mit Kleidung, Kissen und Decken. Verschlie\u00dfe dann den Streifen, so dass keine Luft mehr durch den Streifen den Beutel verlassen kann. Als N\u00e4chstes musst du den Beutel fest aufrollen, damit die Luft entweichen kann und der Beutel schlie\u00dflich komplett vakuumiert ist. Dr\u00fccke den Beutel beim Aufrollen so fest wie m\u00f6glich!   <\/p>\n<h4>Mehrere Varianten<\/h4>\n<p>Neben dem 12er-Pack Vakuum-Rolltaschen bietet Luvego auch eine kompaktere <a href=\"https:\/\/ferrygut.com\/de\/produkt\/luvego-roll-up-beutel-8er-pack\/\">8er-Pack-Variante<\/a> an, perfekt f\u00fcr alle, die etwas weniger Stauraum ben\u00f6tigen. Der 8er-Pack enth\u00e4lt 4 Beutel mit den Ma\u00dfen 60&#215;40 cm und 4 Beutel mit den Ma\u00dfen 70&#215;50 cm, so dass du immer noch eine gro\u00dfe Auswahl f\u00fcr die Aufbewahrung von Kleidung, Decken und anderen Textilartikeln hast. Wie beim 12er-Pack sparst du mit diesen Beuteln bis zu 80 % an Platz und sch\u00fctzt deine Sachen vor Staub, Motten, Feuchtigkeit und Ger\u00fcchen. Das 8er-Pack ist die ideale Wahl f\u00fcr kleineren Stauraumbedarf oder k\u00fcrzere Reisen, ohne dass du auf Effizienz und Schutz verzichten musst.   <\/p>\n","protected":false},"excerpt":{"rendered":"<p>Wir von FerryGut bieten dir eine ideale L\u00f6sung f\u00fcr die Aufbewahrung deiner Sachen: die Luvego 12er-Pack Vakuum-Handrollenbeutel. Diese intelligenten Taschen wurden entwickelt, um deine Kleidung, Decken, Kissen und andere Textilien effizient und kompakt zu verstauen, ohne dabei Kompromisse bei Platz und Organisation einzugehen. Mit unserer innovativen Staubsaugertechnologie ist dir ein aufger\u00e4umtes und organisiertes Wohnumfeld garantiert, [&hellip;]<\/p>\n","protected":false},"featured_media":8401,"comment_status":"closed","ping_status":"closed","template":"","meta":{"_acf_changed":false,"_seopress_robots_primary_cat":"38","_seopress_titles_title":"Luvego Vakuumbeutel Handrollens\u00e4cke | 12er-Pack","_seopress_titles_desc":"Schaffe mehr Platz mit den Luvego Handrolltaschen, die im praktischen 12er-Pack erh\u00e4ltlich sind. Bestelle jetzt f\u00fcr eine organisierte Reise und eine bequeme Lagerung! ","_seopress_robots_index":""},"product_brand":[],"product_cat":[2904,2914,2951,2915],"product_tag":[],"brands":[5271],"channels":[],"class_list":{"0":"post-8397","1":"product","2":"type-product","3":"status-publish","4":"has-post-thumbnail","6":"product_cat-camping","7":"product_cat-haushalt","8":"product_cat-vakuum-handrollenbeutel","9":"product_cat-vakuumbeutel","10":"brands-luvego","12":"first","13":"instock","14":"sale","15":"taxable","16":"shipping-taxable","17":"purchasable","18":"product-type-simple"},"acf":[],"weight_unit":"kg","dimension_unit":"cm","packaging_unit":"St\u00fccke","country_of_origin":"China","weee_germany":"DE97744419","website_url":"https:\/\/ferrygut.com\/","verkoper":"FerryGut.com","postcode":"5048CD","telefoonnummer":"+31850000735","_links":{"self":[{"href":"https:\/\/ferrygut.com\/de\/wp-json\/wp\/v2\/product\/8397","targetHints":{"allow":["GET"]}}],"collection":[{"href":"https:\/\/ferrygut.com\/de\/wp-json\/wp\/v2\/product"}],"about":[{"href":"https:\/\/ferrygut.com\/de\/wp-json\/wp\/v2\/types\/product"}],"replies":[{"embeddable":true,"href":"https:\/\/ferrygut.com\/de\/wp-json\/wp\/v2\/comments?post=8397"}],"wp:featuredmedia":[{"embeddable":true,"href":"https:\/\/ferrygut.com\/de\/wp-json\/wp\/v2\/media\/8401"}],"wp:attachment":[{"href":"https:\/\/ferrygut.com\/de\/wp-json\/wp\/v2\/media?parent=8397"}],"wp:term":[{"taxonomy":"product_brand","embeddable":true,"href":"https:\/\/ferrygut.com\/de\/wp-json\/wp\/v2\/product_brand?post=8397"},{"taxonomy":"product_cat","embeddable":true,"href":"https:\/\/ferrygut.com\/de\/wp-json\/wp\/v2\/product_cat?post=8397"},{"taxonomy":"product_tag","embeddable":true,"href":"https:\/\/ferrygut.com\/de\/wp-json\/wp\/v2\/product_tag?post=8397"},{"taxonomy":"brands","embeddable":true,"href":"https:\/\/ferrygut.com\/de\/wp-json\/wp\/v2\/brands?post=8397"},{"taxonomy":"channels","embeddable":true,"href":"https:\/\/ferrygut.com\/de\/wp-json\/wp\/v2\/channels?post=8397"}],"curies":[{"name":"wp","href":"https:\/\/api.w.org\/{rel}","templated":true}]}}