{"id":8366,"date":"2023-12-14T15:47:36","date_gmt":"2023-12-14T14:47:36","guid":{"rendered":"https:\/\/ferrygut.com\/product\/luvego-8er-pack-staubsaugerbeutel\/"},"modified":"2025-08-03T21:51:35","modified_gmt":"2025-08-03T19:51:35","slug":"luvego-8er-pack-staubsaugerbeutel","status":"publish","type":"product","link":"https:\/\/ferrygut.com\/de\/produkt\/luvego-8er-pack-staubsaugerbeutel\/","title":{"rendered":"Luvego &#8211; 8er-Pack Staubsaugerbeutel"},"content":{"rendered":"<p>Hast du genug von den endlosen K\u00e4mpfen, um deine saisonale Kleidung, Bettw\u00e4sche und sperrige Gegenst\u00e4nde in den \u00fcberf\u00fcllten Stauraum zu quetschen? Verabschiede dich vom Chaos und begr\u00fc\u00dfe ein geordnetes und ger\u00e4umiges Zuhause mit dem Luvego 8er-Pack <a href=\"https:\/\/ferrygut.com\/de\/Produkt-Kategorie\/camping\/vakuumbeutel\/\">Staubsaugerbeutel<\/a> f\u00fcr Kleidung und Bettdecken!<\/p>\n<h4>Das Luvego Vakuumbeutel-Set 8er-Pack besteht aus:<\/h4>\n<ul>\n<li>4x Gro\u00df (80x60CM)<\/li>\n<li>2x Medium (70x50CM)<\/li>\n<li>2x Klein (60x40CM)<\/li>\n<\/ul>\n<h4>Die Pluspunkte der Luvego-Vakuumbeutel f\u00fcr Daunenbetten<\/h4>\n<ul>\n<li>Erzielt m\u00fchelos 80% Platzeinsparung<\/li>\n<li>Sch\u00fctzt deine Kleidung vor Staub, Motten, Feuchtigkeit und unangenehmen Ger\u00fcchen<\/li>\n<li>Perfekt f\u00fcr die langfristige Lagerung deiner Kleidung<\/li>\n<li>Langlebige und wiederverwendbare Vakuumbeutel, die nicht rei\u00dfen<\/li>\n<li>Erh\u00e4ltlich in verschiedenen Gr\u00f6\u00dfen, von <strong>60&#215;40<\/strong> cm bis <strong>80&#215;60<\/strong> cm<\/li>\n<\/ul>\n<h4>Platzsparen mit Vakuumbeuteln<\/h4>\n<p>Es ist super einfach, unsere Vakuumbeutel zu verwenden. Es werden keine komplizierten Ger\u00e4te ben\u00f6tigt, ein gew\u00f6hnlicher Staubsauger oder die Handpumpe, die wir liefern, funktionieren perfekt. Packe einfach deine Sachen in den Beutel, schlie\u00dfe den Rei\u00dfverschluss, sauge die Luft ab und beobachte, wie du 80 % mehr Platz hast!<\/p>\n<h4>F\u00fcr all deine Sachen<\/h4>\n<p>Unser 8er-Pack enth\u00e4lt verschiedene Gr\u00f6\u00dfen von <a href=\"https:\/\/ferrygut.com\/de\/Produkt-Kategorie\/camping\/vakuumbeutel\/vakuum-aufbewahrungsbeutel\/\">Aufbewahrungsbeuteln<\/a>, so dass du immer den richtigen f\u00fcr deine Sachen hast, sei es Kleidung, Steppdecken, Kissen oder saisonale Dinge. Unsere Taschen l\u00f6sen alle deine Lagerprobleme.<\/p>\n<h4>Immer wieder n\u00fctzlich<\/h4>\n<p>Die Luvego-Vakuumbeutel sind super robust und halten sehr lange. Du kannst sie einfach Saison f\u00fcr Saison wiederverwenden. Willst du mehr Tipps zur Funktionsweise einer Aufbewahrungstasche wissen? <a href=\"https:\/\/ferrygut.com\/de\/blog\/wie-benutzt-man-einen-vakuumbeutel-am-besten-das-sind-die-tipps-von-ferrygut-com\/\">Dann lies unseren Blog \u00fcber die Verwendung von Vakuumbeuteln. <\/a><\/p>\n<h4>Neben dem 8er-Pack ist auch ein 6er-Pack erh\u00e4ltlich<\/h4>\n<p>Neben den Luvego-Vakuumbeuteln im 8er-Pack bietet FerryGut auch eine praktische <a href=\"https:\/\/ferrygut.com\/de\/produkt\/luvego-6er-pack-staubsaugerbeutel\/\">6er-Pack-Variante<\/a> an. Dieses Set enth\u00e4lt 3 mittelgro\u00dfe Beutel (70&#215;50 cm) und 3 kleine Beutel (60&#215;40 cm), ideal f\u00fcr die Aufbewahrung von Kleidung und Bettdecken, die du nicht jeden Tag benutzt. Mit den gleichen Vorteilen wie das 8er-Pack &#8211; wie 80% Platzersparnis und Schutz vor Staub, Motten und Feuchtigkeit &#8211; ist das 6er-Pack perfekt f\u00fcr alle, die ihren Kleiderschrank kompakt und organisiert halten wollen. Dank der strapazierf\u00e4higen und wiederverwendbaren Beutel bleibt deine Kleidung Saison f\u00fcr Saison ordentlich und frisch.   <\/p>\n","protected":false},"excerpt":{"rendered":"<p>Hast du genug von den endlosen K\u00e4mpfen, um deine saisonale Kleidung, Bettw\u00e4sche und sperrige Gegenst\u00e4nde in den \u00fcberf\u00fcllten Stauraum zu quetschen? Verabschiede dich vom Chaos und begr\u00fc\u00dfe ein geordnetes und ger\u00e4umiges Zuhause mit dem Luvego 8er-Pack Staubsaugerbeutel f\u00fcr Kleidung und Bettdecken! Das Luvego Vakuumbeutel-Set 8er-Pack besteht aus: 4x Gro\u00df (80x60CM) 2x Medium (70x50CM) 2x Klein [&hellip;]<\/p>\n","protected":false},"featured_media":8376,"comment_status":"closed","ping_status":"closed","template":"","meta":{"_acf_changed":false,"_seopress_robots_primary_cat":"37","_seopress_titles_title":"Vakuumbeutel f\u00fcr Kleidung und Bettdecken | Luvego | 8er-Pack","_seopress_titles_desc":"Ein ger\u00e4umiges und ordentliches Zuhause mit dem Luvego 8er-Pack Vakuum-Aufbewahrungsbeutel f\u00fcr Kleidung und Bettdecken. Packe deinen Koffer ganz einfach mit den Aufbewahrungstaschen. Bestelle jetzt und w\u00e4hle deinen eigenen Lieferservice.","_seopress_robots_index":""},"product_brand":[],"product_cat":[2904,2914,2949,2915],"product_tag":[],"brands":[5271],"channels":[],"class_list":{"0":"post-8366","1":"product","2":"type-product","3":"status-publish","4":"has-post-thumbnail","6":"product_cat-camping","7":"product_cat-haushalt","8":"product_cat-vakuum-aufbewahrungsbeutel","9":"product_cat-vakuumbeutel","10":"brands-luvego","12":"first","13":"outofstock","14":"taxable","15":"shipping-taxable","16":"purchasable","17":"product-type-simple"},"acf":[],"weight_unit":"kg","dimension_unit":"cm","packaging_unit":"St\u00fccke","country_of_origin":"China","weee_germany":"DE97744419","website_url":"https:\/\/ferrygut.com\/","verkoper":"FerryGut.com","postcode":"5048CD","telefoonnummer":"+31850000735","_links":{"self":[{"href":"https:\/\/ferrygut.com\/de\/wp-json\/wp\/v2\/product\/8366","targetHints":{"allow":["GET"]}}],"collection":[{"href":"https:\/\/ferrygut.com\/de\/wp-json\/wp\/v2\/product"}],"about":[{"href":"https:\/\/ferrygut.com\/de\/wp-json\/wp\/v2\/types\/product"}],"replies":[{"embeddable":true,"href":"https:\/\/ferrygut.com\/de\/wp-json\/wp\/v2\/comments?post=8366"}],"wp:featuredmedia":[{"embeddable":true,"href":"https:\/\/ferrygut.com\/de\/wp-json\/wp\/v2\/media\/8376"}],"wp:attachment":[{"href":"https:\/\/ferrygut.com\/de\/wp-json\/wp\/v2\/media?parent=8366"}],"wp:term":[{"taxonomy":"product_brand","embeddable":true,"href":"https:\/\/ferrygut.com\/de\/wp-json\/wp\/v2\/product_brand?post=8366"},{"taxonomy":"product_cat","embeddable":true,"href":"https:\/\/ferrygut.com\/de\/wp-json\/wp\/v2\/product_cat?post=8366"},{"taxonomy":"product_tag","embeddable":true,"href":"https:\/\/ferrygut.com\/de\/wp-json\/wp\/v2\/product_tag?post=8366"},{"taxonomy":"brands","embeddable":true,"href":"https:\/\/ferrygut.com\/de\/wp-json\/wp\/v2\/brands?post=8366"},{"taxonomy":"channels","embeddable":true,"href":"https:\/\/ferrygut.com\/de\/wp-json\/wp\/v2\/channels?post=8366"}],"curies":[{"name":"wp","href":"https:\/\/api.w.org\/{rel}","templated":true}]}}