{"id":83514,"date":"2026-04-22T12:41:09","date_gmt":"2026-04-22T10:41:09","guid":{"rendered":"https:\/\/ferrygut.com\/product\/flextail-tiny-pump-3x-kompakte-luftpumpe\/"},"modified":"2026-04-23T17:11:10","modified_gmt":"2026-04-23T15:11:10","slug":"flextail-tiny-pump-3x-kompakte-luftpumpe","status":"publish","type":"product","link":"https:\/\/ferrygut.com\/de\/produkt\/flextail-tiny-pump-3x-kompakte-luftpumpe\/","title":{"rendered":"FLEXTAIL Tiny Pump 3X &#8211; Kompakte Luftpumpe"},"content":{"rendered":"<p data-start=\"740\" data-end=\"1150\">Du kennst das wahrscheinlich: Du kommst an deinem Campingplatz an und musst noch dein Luftbett, deine Matratze oder andere aufblasbare Ausr\u00fcstung aufbauen. Mit einer Handpumpe kostet das Zeit und Energie, und mit einer gro\u00dfen elektrischen Pumpe bist du auf eine Stromquelle angewiesen oder schleppst unn\u00f6tiges Gewicht mit. Die FLEXTAIL Tiny Pump 3X bietet eine kompakte und leistungsstarke L\u00f6sung, mit der du deine Ausr\u00fcstung schnell und einfach aufblasen kannst, wo immer du bist.  <\/p>\n<h3 data-section-id=\"1hpfc10\" data-start=\"1152\" data-end=\"1165\">Vorteile<\/h3>\n<ul data-start=\"1166\" data-end=\"1448\">\n<li data-section-id=\"1qksh17\" data-start=\"1166\" data-end=\"1233\">Leichtes und kompaktes Design, ideal f\u00fcr Reisen und Camping<\/li>\n<li data-section-id=\"1yewkq4\" data-start=\"1234\" data-end=\"1287\">Geeignet f\u00fcr verschiedene aufblasbare Produkte<\/li>\n<li data-section-id=\"xxfmwu\" data-start=\"1288\" data-end=\"1345\">Kabelloser Einsatz dank eingebautem Akku<\/li>\n<li data-section-id=\"6j66xz\" data-start=\"1346\" data-end=\"1393\">Leicht in einem Rucksack oder einer Tasche zu tragen<\/li>\n<li data-section-id=\"4qs9ql\" data-start=\"1394\" data-end=\"1448\">Multifunktional f\u00fcr den Outdoor- und Alltagsgebrauch<\/li>\n<\/ul>\n<h3 data-section-id=\"v86wef\" data-start=\"1450\" data-end=\"1473\">Nutzung \/ Betrieb<\/h3>\n<p data-start=\"1474\" data-end=\"1815\">Die Tiny Pump 3X ist f\u00fcr eine einfache und effiziente Nutzung konzipiert. Du befestigst die richtige D\u00fcse am Ventil deines Produkts und schaltest die Pumpe ein. Innerhalb k\u00fcrzester Zeit ist das Produkt aufgeblasen, sodass du schnell fertig bist. Dank ihrer kompakten Gr\u00f6\u00dfe kannst du die Pumpe leicht bedienen und mitnehmen, ohne dass sie dich auf deiner Reise zus\u00e4tzlich belastet.   <\/p>\n<h3 data-section-id=\"yblf6u\" data-start=\"1817\" data-end=\"1838\">Zus\u00e4tzliche Merkmale<\/h3>\n<p data-start=\"1839\" data-end=\"2164\">Was diese Pumpe auszeichnet, ist die Kombination aus Gr\u00f6\u00dfe und Funktionalit\u00e4t. Trotz ihres kompakten Designs liefert die Tiny Pump 3X genug Leistung f\u00fcr verschiedene Anwendungen. Bei der Entwicklung des Ger\u00e4ts wurde besonderer Wert auf Benutzerfreundlichkeit und Mobilit\u00e4t gelegt, sodass du nicht auf schwere Ger\u00e4te oder externe Stromquellen angewiesen bist.  <\/p>\n<h3 data-section-id=\"nlavv4\" data-start=\"2166\" data-end=\"2187\">Praktische Tipps<\/h3>\n<p data-start=\"2188\" data-end=\"2448\">Verwende die richtige D\u00fcse f\u00fcr beste Ergebnisse und \u00fcberpr\u00fcfe immer, ob das Ventil richtig geschlossen ist. Ideal f\u00fcr Campingausfl\u00fcge, Festivals, Reisen oder als praktisches Werkzeug f\u00fcr zu Hause. Dank ihrer kompakten Gr\u00f6\u00dfe kannst du die Pumpe auch als Reserve in deiner Ausr\u00fcstung mitnehmen.  <\/p>\n<h4 data-start=\"2450\" data-end=\"2483\">Was ist in dem Paket?<\/h4>\n<ul data-start=\"2484\" data-end=\"2558\">\n<li data-section-id=\"1xz8p75\" data-start=\"2484\" data-end=\"2500\">Tiny Pump 3X<\/li>\n<li data-section-id=\"34fw7d\" data-start=\"2501\" data-end=\"2526\">Verschiedene D\u00fcsen<\/li>\n<li data-section-id=\"bbgof2\" data-start=\"2527\" data-end=\"2542\">Ladekabel<\/li>\n<li data-section-id=\"7we627\" data-start=\"2543\" data-end=\"2558\">Handbuch<\/li>\n<\/ul>\n","protected":false},"excerpt":{"rendered":"<p>Du kennst das wahrscheinlich: Du kommst an deinem Campingplatz an und musst noch dein Luftbett, deine Matratze oder andere aufblasbare Ausr\u00fcstung aufbauen. Mit einer Handpumpe kostet das Zeit und Energie, und mit einer gro\u00dfen elektrischen Pumpe bist du auf eine Stromquelle angewiesen oder schleppst unn\u00f6tiges Gewicht mit. Die FLEXTAIL Tiny Pump 3X bietet eine kompakte [&hellip;]<\/p>\n","protected":false},"featured_media":83515,"comment_status":"closed","ping_status":"closed","template":"","meta":{"_acf_changed":false,"_seopress_robots_primary_cat":"none","_seopress_titles_title":"","_seopress_titles_desc":"","_seopress_robots_index":""},"product_brand":[],"product_cat":[2904,2907,2905],"product_tag":[],"brands":[5277],"channels":[],"class_list":{"0":"post-83514","1":"product","2":"type-product","3":"status-publish","4":"has-post-thumbnail","6":"product_cat-camping","7":"product_cat-luftbett-pumpen","8":"product_cat-luftpumpen","9":"brands-flextail","11":"first","12":"outofstock","13":"taxable","14":"shipping-taxable","15":"purchasable","16":"product-type-simple"},"acf":[],"weight_unit":"kg","dimension_unit":"cm","packaging_unit":"St\u00fccke","country_of_origin":"China","weee_germany":"DE97744419","website_url":"https:\/\/ferrygut.com\/","verkoper":"FerryGut.com","postcode":"5048CD","telefoonnummer":"+31850000735","_links":{"self":[{"href":"https:\/\/ferrygut.com\/de\/wp-json\/wp\/v2\/product\/83514","targetHints":{"allow":["GET"]}}],"collection":[{"href":"https:\/\/ferrygut.com\/de\/wp-json\/wp\/v2\/product"}],"about":[{"href":"https:\/\/ferrygut.com\/de\/wp-json\/wp\/v2\/types\/product"}],"replies":[{"embeddable":true,"href":"https:\/\/ferrygut.com\/de\/wp-json\/wp\/v2\/comments?post=83514"}],"wp:featuredmedia":[{"embeddable":true,"href":"https:\/\/ferrygut.com\/de\/wp-json\/wp\/v2\/media\/83515"}],"wp:attachment":[{"href":"https:\/\/ferrygut.com\/de\/wp-json\/wp\/v2\/media?parent=83514"}],"wp:term":[{"taxonomy":"product_brand","embeddable":true,"href":"https:\/\/ferrygut.com\/de\/wp-json\/wp\/v2\/product_brand?post=83514"},{"taxonomy":"product_cat","embeddable":true,"href":"https:\/\/ferrygut.com\/de\/wp-json\/wp\/v2\/product_cat?post=83514"},{"taxonomy":"product_tag","embeddable":true,"href":"https:\/\/ferrygut.com\/de\/wp-json\/wp\/v2\/product_tag?post=83514"},{"taxonomy":"brands","embeddable":true,"href":"https:\/\/ferrygut.com\/de\/wp-json\/wp\/v2\/brands?post=83514"},{"taxonomy":"channels","embeddable":true,"href":"https:\/\/ferrygut.com\/de\/wp-json\/wp\/v2\/channels?post=83514"}],"curies":[{"name":"wp","href":"https:\/\/api.w.org\/{rel}","templated":true}]}}