{"id":8338,"date":"2023-12-14T16:07:21","date_gmt":"2023-12-14T15:07:21","guid":{"rendered":"https:\/\/ferrygut.com\/product\/luvego-13er-pack-staubsaugerbeutel\/"},"modified":"2026-02-27T15:48:46","modified_gmt":"2026-02-27T14:48:46","slug":"luvego-13er-pack-staubsaugerbeutel","status":"publish","type":"product","link":"https:\/\/ferrygut.com\/de\/produkt\/luvego-13er-pack-staubsaugerbeutel\/","title":{"rendered":"Luvego &#8211; 13er-Pack Staubsaugerbeutel"},"content":{"rendered":"<p style=\"font-weight: 400;\">Mit den Luvego-Vakuumbeuteln sparst du eine Menge Platz.<br \/>\nEgal, ob du Platz in deinem Koffer sparen, mehr Platz in deinem Kleiderschrank haben oder die riesigen Pl\u00fcschtiere deiner Kinder verstauen willst, <a href=\"https:\/\/ferrygut.com\/de\/blog\/der-spezialist-fuer-vakuumbeutel\/\">die Vakuumbeutel von Luvego<\/a> sind die L\u00f6sung.<br \/>\nDieses 13-teilige Staubsaugerbeutel-Set hat Staubsaugerbeutel in verschiedenen Gr\u00f6\u00dfen, vom kleinen bis zum XL-Beutel.<br \/>\nDu kannst zum Beispiel die Jumbo-Taschen f\u00fcr eine Bettdecke verwenden und die Medium-Taschen f\u00fcr ein paar Pullover und Handt\u00fccher.   <\/p>\n<h3>Das Luvego Vakuumbeutel-Set 13er-Pack besteht aus:<\/h3>\n<ul>\n<li>2x Jumbo (100x75CM)<\/li>\n<li>3x Gro\u00df (80x60CM)<\/li>\n<li>3x Medium (70x50CM)<\/li>\n<li>3x Klein (60x40CM)<\/li>\n<li>2x Travel S (50x35CM)<\/li>\n<li>1x kleine Vakuum-Handpumpe<\/li>\n<\/ul>\n<h3>Vorteile des 13er-Packs Vakuumbeutel<\/h3>\n<ul>\n<li>Einfach 80% Platz sparen<\/li>\n<li>Keine Probleme mit Staub, Motten, Feuchtigkeit und unangenehmen Ger\u00fcchen<\/li>\n<li>Geeignet f\u00fcr die langfristige Lagerung deiner Textilien<\/li>\n<li>Die Aufbewahrungsbeutel sind wiederverwendbar<\/li>\n<li>Verschiedene Gr\u00f6\u00dfen von 50x35CM bis 100x75CM Vakuumbeutel!<\/li>\n<\/ul>\n<h3>Keine Probleme mit Staub, Motten und unangenehmen Ger\u00fcchen mit diesen Staubsaugerbeuteln<\/h3>\n<p style=\"font-weight: 400;\">Die Vakuumbeutel sind aus robustem Kunststoff gefertigt, der die Aufbewahrungsbeutel vollst\u00e4ndig vakuumiert h\u00e4lt. Au\u00dferdem sind die Taschen feuchtigkeitsbest\u00e4ndig und dank des robusten Kunststoffs geh\u00f6ren Risse in den Taschen der Vergangenheit an. Sobald die Vakuumierbeutel jedoch vakuumgesaugt sind, sind sie sehr zerbrechlich. Sei also vorsichtig!<\/p>\n<p style=\"font-weight: 400;\">Das 13-teilige Vakuumierbeutel-Set wird mit einer kleinen Handpumpe geliefert, mit der du die Vakuumierbeutel selbst vakuumieren kannst. Dennoch empfehlen wir, f\u00fcr die gr\u00f6\u00dferen Aufbewahrungsbeutel einen Staubsauger zu verwenden, da dies viel schneller geht. Das 13er-Pack enth\u00e4lt au\u00dferdem 2 Reisebeutel, die nicht mit einer Pumpe oder einem Staubsauger abgesaugt werden m\u00fcssen, sondern aufgerollt werden k\u00f6nnen. Das ist ideal, wenn du zum Beispiel auf Reisen bist!   <\/p>\n<h3>So funktionieren die Vakuumbeutel von Luvego:<\/h3>\n<p style=\"font-weight: 400;\">\u00d6ffne den Vakuumbeutel und f\u00fclle ihn mit Kleidung, Kissen, Decken oder \u00c4hnlichem. Verschlie\u00dfe den Streifen dann mit dem mitgelieferten Clip oder mit deinen Fingern, damit keine Luft mehr aus dem Vakuumbeutel durch den Streifen entweichen kann. Dann schraubst du den Vakuumdeckel ab und schlie\u00dft einen Staubsauger oder eine Luftbettpumpe mit Vakuumsaugfunktion an. Vakuumiere den Beutel; w\u00e4hrend des Vakuumierens kannst du den Beutel noch ein wenig nach deinem Geschmack formen. Sobald der Beutel vollst\u00e4ndig gesaugt ist, kann der Deckel wieder aufgeschraubt werden.     Willst du mehr dar\u00fcber lesen, wie ein Staubsaugerbeutel funktioniert? Dann lies unseren Blog \u00fcber die <a href=\"https:\/\/ferrygut.com\/de\/blog\/wie-benutzt-man-einen-vakuumbeutel-am-besten-das-sind-die-tipps-von-ferrygut-com\/\">Funktionsweise eines Vakuumbeutels.<\/a> <\/p>\n<h3>Du suchst nach anderen Vakuumbeuteln?<\/h3>\n<p style=\"font-weight: 400;\">Bei FerryGut.com haben wir viele verschiedene Staubsaugerbeutel, zum Beispiel haben wir neben den normalen Staubsaugerbeuteln auch <a href=\"http:\/\/Hoe%20werken%20de%20vacu%C3%BCm%20opbergzakken%20van%20Luvego:%20Open%20de%20vacu%C3%BCm%20zak%20en%20vul%20deze%20met%20kleding,%20kussens,%20dekens%20o.i.d..%20Sluit%20daarna%20met%20de%20meegeleverde%20clip%20of%20met%20je%20vingers%20de%20strip%20af%20zodat%20er%20geen%20lucht%20meer%20uit%20de%20vacu%C3%BCmzak%20kan%20verdwijnen%20via%20de%20strip.%20Vervolgens%20draai%20je%20de%20vacu%C3%BCmd\">Matratzenstaubsaugerbeutel<\/a> und <a href=\"http:\/\/Hoe%20werken%20de%20vacu%C3%BCm%20opbergzakken%20van%20Luvego:%20Open%20de%20vacu%C3%BCm%20zak%20en%20vul%20deze%20met%20kleding,%20kussens,%20dekens%20o.i.d..%20Sluit%20daarna%20met%20de%20meegeleverde%20clip%20of%20met%20je%20vingers%20de%20strip%20af%20zodat%20er%20geen%20lucht%20meer%20uit%20de%20vacu%C3%BCmzak%20kan%20verdwijnen%20via%20de%20strip.%20Vervolgens%20draai%20je%20de%20vacu%C3%BCmd\">Aufrollbeutel<\/a>.<\/p>\n","protected":false},"excerpt":{"rendered":"<p>Mit den Luvego-Vakuumbeuteln sparst du eine Menge Platz. Egal, ob du Platz in deinem Koffer sparen, mehr Platz in deinem Kleiderschrank haben oder die riesigen Pl\u00fcschtiere deiner Kinder verstauen willst, die Vakuumbeutel von Luvego sind die L\u00f6sung. Dieses 13-teilige Staubsaugerbeutel-Set hat Staubsaugerbeutel in verschiedenen Gr\u00f6\u00dfen, vom kleinen bis zum XL-Beutel. Du kannst zum Beispiel die [&hellip;]<\/p>\n","protected":false},"featured_media":8349,"comment_status":"closed","ping_status":"closed","template":"","meta":{"_acf_changed":false,"_seopress_robots_primary_cat":"37","_seopress_titles_title":"Vakuumbeutel f\u00fcr Kleidung und Bettdecken | Luvego | 13er-Pack | Mit Pumpe","_seopress_titles_desc":"Vakuumbeutel von Luvego sparen einfach und schnell Platz! Ideal f\u00fcr Reisen, aber auch f\u00fcr zu Hause sehr praktisch. Bestelle schnell bei FerryGut und profitiere von unserer schnellen Lieferung!  ","_seopress_robots_index":""},"product_brand":[],"product_cat":[2904,2914,2949,2915],"product_tag":[],"brands":[5271],"channels":[{"id":5331,"name":"Amazon","slug":"amazon-de"},{"id":5343,"name":"ANWB","slug":"anwb-de"},{"id":5349,"name":"Blokker","slug":"blokker-de"},{"id":5319,"name":"Bol","slug":"bol-de"},{"id":5325,"name":"Decathlon","slug":"decathlon-de"},{"id":5313,"name":"Kaufland","slug":"kaufland-de"},{"id":5337,"name":"Kruidvat","slug":"kruidvat-de"},{"id":5355,"name":"Obelink","slug":"obelink-de"}],"class_list":{"0":"post-8338","1":"product","2":"type-product","3":"status-publish","4":"has-post-thumbnail","6":"product_cat-camping","7":"product_cat-haushalt","8":"product_cat-vakuum-aufbewahrungsbeutel","9":"product_cat-vakuumbeutel","10":"brands-luvego","11":"channels-amazon-de","12":"channels-anwb-de","13":"channels-blokker-de","14":"channels-bol-de","15":"channels-decathlon-de","16":"channels-kaufland-de","17":"channels-kruidvat-de","18":"channels-obelink-de","20":"first","21":"instock","22":"sale","23":"featured","24":"taxable","25":"shipping-taxable","26":"purchasable","27":"product-type-simple"},"acf":[],"weight_unit":"kg","dimension_unit":"cm","packaging_unit":"St\u00fccke","country_of_origin":"China","weee_germany":"DE97744419","website_url":"https:\/\/ferrygut.com\/","verkoper":"FerryGut.com","postcode":"5048CD","telefoonnummer":"+31850000735","_links":{"self":[{"href":"https:\/\/ferrygut.com\/de\/wp-json\/wp\/v2\/product\/8338","targetHints":{"allow":["GET"]}}],"collection":[{"href":"https:\/\/ferrygut.com\/de\/wp-json\/wp\/v2\/product"}],"about":[{"href":"https:\/\/ferrygut.com\/de\/wp-json\/wp\/v2\/types\/product"}],"replies":[{"embeddable":true,"href":"https:\/\/ferrygut.com\/de\/wp-json\/wp\/v2\/comments?post=8338"}],"wp:featuredmedia":[{"embeddable":true,"href":"https:\/\/ferrygut.com\/de\/wp-json\/wp\/v2\/media\/8349"}],"wp:attachment":[{"href":"https:\/\/ferrygut.com\/de\/wp-json\/wp\/v2\/media?parent=8338"}],"wp:term":[{"taxonomy":"product_brand","embeddable":true,"href":"https:\/\/ferrygut.com\/de\/wp-json\/wp\/v2\/product_brand?post=8338"},{"taxonomy":"product_cat","embeddable":true,"href":"https:\/\/ferrygut.com\/de\/wp-json\/wp\/v2\/product_cat?post=8338"},{"taxonomy":"product_tag","embeddable":true,"href":"https:\/\/ferrygut.com\/de\/wp-json\/wp\/v2\/product_tag?post=8338"},{"taxonomy":"brands","embeddable":true,"href":"https:\/\/ferrygut.com\/de\/wp-json\/wp\/v2\/brands?post=8338"},{"taxonomy":"channels","embeddable":true,"href":"https:\/\/ferrygut.com\/de\/wp-json\/wp\/v2\/channels?post=8338"}],"curies":[{"name":"wp","href":"https:\/\/api.w.org\/{rel}","templated":true}]}}