{"id":8309,"date":"2023-12-18T10:47:53","date_gmt":"2023-12-18T09:47:53","guid":{"rendered":"https:\/\/ferrygut.com\/product\/rolling-square-edge-pro-core-2x\/"},"modified":"2026-01-04T21:27:50","modified_gmt":"2026-01-04T20:27:50","slug":"rolling-square-edge-pro-core-2x","status":"publish","type":"product","link":"https:\/\/ferrygut.com\/de\/produkt\/rolling-square-edge-pro-core-2x\/","title":{"rendered":"Rolling Square &#8211; EDGE Pro Core 2x"},"content":{"rendered":"<p><span data-contrast=\"auto\">Willst du dein Handy oder Tablet immer zur Hand haben, egal wo du bist? Der Rolling Square EDGE Pro Core 2x ist der ultimative magnetische Tablet- und Handyhalter, der mit allen Handys funktioniert, einschlie\u00dflich MagSafe-kompatibler Ger\u00e4te. Dieser praktische Halter ist dein idealer Begleiter zu Hause, im B\u00fcro oder unterwegs. In diesem Text stellen wir dir die Vorteile und Spezifikationen des Rolling Square EDGE Pro Core 2x vor.   <\/span><span data-ccp-props=\"{\"201341983\":0,\"335559739\":0,\"335559740\":240}\"> <\/span><\/p>\n<h4><b><span data-contrast=\"auto\">Die Vorteile von RollingSquare&#8217;s EDGE Pro Core 2x<\/span><\/b><span data-ccp-props=\"{\"201341983\":0,\"335559739\":0,\"335559740\":240}\"> <\/span><\/h4>\n<ul>\n<li data-leveltext=\"\uf0b7\" data-font=\"Symbol\" data-listid=\"4\" data-list-defn-props=\"{\"335552541\":1,\"335559684\":-2,\"335559685\":720,\"335559991\":360,\"469769226\":\"Symbol\",\"469769242\":[8226],\"469777803\":\"left\",\"469777804\":\"\uf0b7\",\"469777815\":\"multilevel\"}\" aria-setsize=\"-1\" data-aria-posinset=\"1\" data-aria-level=\"1\"><span data-contrast=\"auto\">Dein Telefon immer auf Augenh\u00f6he<\/span><span data-ccp-props=\"{\"201341983\":0,\"335559739\":0,\"335559740\":240}\"> <\/span><\/li>\n<\/ul>\n<ul>\n<li data-leveltext=\"\uf0b7\" data-font=\"Symbol\" data-listid=\"4\" data-list-defn-props=\"{\"335552541\":1,\"335559684\":-2,\"335559685\":720,\"335559991\":360,\"469769226\":\"Symbol\",\"469769242\":[8226],\"469777803\":\"left\",\"469777804\":\"\uf0b7\",\"469777815\":\"multilevel\"}\" aria-setsize=\"-1\" data-aria-posinset=\"1\" data-aria-level=\"1\"><span data-contrast=\"auto\">Inklusive kabellosem Ladeger\u00e4t<\/span><span data-ccp-props=\"{\"201341983\":0,\"335559739\":0,\"335559740\":240}\"> <\/span><\/li>\n<li data-leveltext=\"\uf0b7\" data-font=\"Symbol\" data-listid=\"4\" data-list-defn-props=\"{\"335552541\":1,\"335559684\":-2,\"335559685\":720,\"335559991\":360,\"469769226\":\"Symbol\",\"469769242\":[8226],\"469777803\":\"left\",\"469777804\":\"\uf0b7\",\"469777815\":\"multilevel\"}\" aria-setsize=\"-1\" data-aria-posinset=\"2\" data-aria-level=\"1\"><span data-contrast=\"auto\">Kompatibel mit jedem Smartphone<\/span><span data-ccp-props=\"{\"201341983\":0,\"335559739\":0,\"335559740\":240}\"> <\/span><\/li>\n<li data-leveltext=\"\uf0b7\" data-font=\"Symbol\" data-listid=\"4\" data-list-defn-props=\"{\"335552541\":1,\"335559684\":-2,\"335559685\":720,\"335559991\":360,\"469769226\":\"Symbol\",\"469769242\":[8226],\"469777803\":\"left\",\"469777804\":\"\uf0b7\",\"469777815\":\"multilevel\"}\" aria-setsize=\"-1\" data-aria-posinset=\"3\" data-aria-level=\"1\"><span data-contrast=\"auto\">Modulares und ergonomisches Design<\/span><span data-ccp-props=\"{\"201341983\":0,\"335559739\":0,\"335559740\":240}\"> <\/span><\/li>\n<li data-leveltext=\"\uf0b7\" data-font=\"Symbol\" data-listid=\"4\" data-list-defn-props=\"{\"335552541\":1,\"335559684\":-2,\"335559685\":720,\"335559991\":360,\"469769226\":\"Symbol\",\"469769242\":[8226],\"469777803\":\"left\",\"469777804\":\"\uf0b7\",\"469777815\":\"multilevel\"}\" aria-setsize=\"-1\" data-aria-posinset=\"4\" data-aria-level=\"1\"><span data-contrast=\"auto\">Effizienter und effektiver arbeiten<\/span><span data-ccp-props=\"{\"201341983\":0,\"335559739\":0,\"335559740\":240}\"> <\/span><\/li>\n<\/ul>\n<h5><b><span data-contrast=\"auto\">Optimale Flexibilit\u00e4t und Vielseitigkeit mit dem Rolling Square EDGE Pro Core 2x<\/span><\/b><span data-ccp-props=\"{\"201341983\":0,\"335559739\":0,\"335559740\":240}\"> <\/span><\/h5>\n<p><span data-contrast=\"auto\">In einer Welt, in der unsere Telefone und Tablets unentbehrlich geworden sind, ist eine zuverl\u00e4ssige Halterung von unsch\u00e4tzbarem Wert. Egal, ob du Videos anschauen, an Videokonferenzen teilnehmen oder einfach nur dein Ger\u00e4t griffbereit haben willst, das Rolling Square EDGE Pro Core 2x bietet die perfekte L\u00f6sung. <\/span><span data-ccp-props=\"{\"201341983\":0,\"335559739\":0,\"335559740\":240}\"> <\/span><\/p>\n<h5><b><span data-contrast=\"auto\">Universelle Kompatibilit\u00e4t mit MagSafe-Unterst\u00fctzung<\/span><\/b><span data-ccp-props=\"{\"201341983\":0,\"335559739\":0,\"335559740\":240}\"> <\/span><\/h5>\n<p><span data-contrast=\"auto\">Eine der auff\u00e4lligsten Eigenschaften des Rolling Square EDGE Pro Core 2x ist seine universelle Kompatibilit\u00e4t. Dieser Halter ist f\u00fcr alle Telefone geeignet, auch f\u00fcr MagSafe-kompatible Ger\u00e4te. Du brauchst keine spezielle Abdeckung oder Zubeh\u00f6r &#8211; der Halter ist sofort einsatzbereit.  <\/span><span data-ccp-props=\"{\"201341983\":0,\"335559739\":0,\"335559740\":240}\"> <\/span><span data-ccp-props=\"{\"201341983\":0,\"335559739\":0,\"335559740\":240}\"> <\/span><\/p>\n<h5><b><span data-contrast=\"auto\">Starke Magnete f\u00fcr festen Halt<\/span><\/b><span data-ccp-props=\"{\"201341983\":0,\"335559739\":0,\"335559740\":240}\"> <\/span><\/h5>\n<p><span data-contrast=\"auto\">Der Halter verwendet starke Magnete, um dein Handy oder Tablet sicher an seinem Platz zu halten. Du kannst sicher sein, dass dein Ger\u00e4t auch unterwegs sicher ist. Au\u00dferdem l\u00e4sst sich dein Ger\u00e4t dank der magnetischen Befestigung ganz einfach einlegen und herausnehmen.  <\/span><span data-ccp-props=\"{\"201341983\":0,\"335559739\":0,\"335559740\":240}\"> <\/span><\/p>\n<h5><b><span data-contrast=\"auto\">360-Grad-Drehung f\u00fcr den perfekten Betrachtungswinkel<\/span><\/b><span data-ccp-props=\"{\"201341983\":0,\"335559739\":0,\"335559740\":240}\"> <\/span><\/h5>\n<p><span data-contrast=\"auto\">Ein weiterer gro\u00dfer Vorteil des Rolling Square EDGE Pro Core 2x ist seine F\u00e4higkeit, dein Ger\u00e4t um 360 Grad zu drehen. So kannst du den perfekten Blickwinkel einstellen, egal ob du Videos im Querformat ansehen oder an Videokonferenzen im Hochformat teilnehmen m\u00f6chtest. <\/span><span data-ccp-props=\"{\"201341983\":0,\"335559739\":0,\"335559740\":240}\"> <\/span><\/p>\n<h5><b><span data-contrast=\"auto\">Kompaktes und tragbares Design<\/span><\/b><span data-ccp-props=\"{\"201341983\":0,\"335559739\":0,\"335559740\":240}\"> <\/span><\/h5>\n<p><span data-contrast=\"auto\">Das kompakte Design des Halters macht ihn ideal f\u00fcr den Einsatz zu Hause, im B\u00fcro oder unterwegs. Du kannst den magnetischen Tablet- und Telefonhalter ganz einfach in deine Tasche, Laptoptasche oder sogar in deine Hosentasche stecken, damit du dein Telefon oder Tablet immer in Reichweite hast, egal wo du bist. <\/span><span data-ccp-props=\"{\"201341983\":0,\"335559739\":0,\"335559740\":240}\"> <\/span><\/p>\n<h5><b><span data-contrast=\"auto\">Einfache Installation und Benutzerfreundlichkeit<\/span><\/b><span data-ccp-props=\"{\"201341983\":0,\"335559739\":0,\"335559740\":240}\"> <\/span><\/h5>\n<p><span data-contrast=\"auto\">Der Rolling Square EDGE Pro Core 2x ist sehr einfach zu installieren und zu benutzen. Du kannst es an jeder flachen und sauberen Oberfl\u00e4che befestigen und es bleibt fest an seinem Platz. Ob du in der K\u00fcche kochst, am Schreibtisch arbeitest oder unterwegs bist, dieser Halter vereinfacht dein Leben.  <\/span><span data-ccp-props=\"{\"201341983\":0,\"335559739\":0,\"335559740\":240}\"> <\/span><\/p>\n<h5><b><span data-contrast=\"auto\">Langlebigkeit und Zuverl\u00e4ssigkeit<\/span><\/b><span data-ccp-props=\"{\"201341983\":0,\"335559739\":0,\"335559740\":240}\"> <\/span><\/h5>\n<p><span data-contrast=\"auto\">Der Halter ist aus hochwertigen Materialien gefertigt und f\u00fcr eine lange Lebensdauer ausgelegt. Du kannst sicher sein, dass sich deine Investition lohnt, denn der Rolling Square EDGE Pro Core 2x wird dir lange Zeit dienen. <\/span><span data-ccp-props=\"{\"201341983\":0,\"335559739\":0,\"335559740\":240}\"> <\/span><\/p>\n<h5><b><span data-contrast=\"auto\">Die ideale Handyhalterung f\u00fcr deinen Lebensstil<\/span><\/b><span data-ccp-props=\"{\"201341983\":0,\"335559739\":0,\"335559740\":240}\"> <\/span><\/h5>\n<p><span data-contrast=\"auto\">Zusammenfassend l\u00e4sst sich sagen, dass das Rolling Square EDGE Pro Core 2x die perfekte Wahl f\u00fcr alle ist, die ihr Telefon oder Tablet immer in Reichweite haben wollen. Mit seiner universellen Kompatibilit\u00e4t, der magnetischen Befestigung, der 360-Grad-Drehung, dem kompakten Design und der Haltbarkeit bietet dieser Halter den Komfort, den du brauchst. Bestelle den Rolling Square EDGE Pro Core 2x noch heute und genie\u00dfe den Komfort, dein Ger\u00e4t immer griffbereit zu haben. Er ist der ideale Begleiter f\u00fcr deinen modernen Lebensstil.   <\/span><span data-ccp-props=\"{\"201341983\":0,\"335559739\":0,\"335559740\":240}\"> <\/span><\/p>\n","protected":false},"excerpt":{"rendered":"<p>Willst du dein Handy oder Tablet immer zur Hand haben, egal wo du bist? Der Rolling Square EDGE Pro Core 2x ist der ultimative magnetische Tablet- und Handyhalter, der mit allen Handys funktioniert, einschlie\u00dflich MagSafe-kompatibler Ger\u00e4te. Dieser praktische Halter ist dein idealer Begleiter zu Hause, im B\u00fcro oder unterwegs. In diesem Text stellen wir dir [&hellip;]<\/p>\n","protected":false},"featured_media":8310,"comment_status":"closed","ping_status":"closed","template":"","meta":{"_acf_changed":false,"_seopress_robots_primary_cat":"25","_seopress_titles_title":"Rolling Square - EDGE Pro Core 2x - Magnetische Tafel | FerryGut.com","_seopress_titles_desc":"Entdecke das Freihand-Erlebnis mit dem magnetischen Tablet- und Telefonhalter Rolling Square EDGE Pro Core 2x. Bestelle jetzt bei FerryGut f\u00fcr den ultimativen Komfort f\u00fcr unterwegs. ","_seopress_robots_index":""},"product_brand":[],"product_cat":[2946,2932],"product_tag":[],"brands":[5265],"channels":[],"class_list":{"0":"post-8309","1":"product","2":"type-product","3":"status-publish","4":"has-post-thumbnail","6":"product_cat-produktivitat","7":"product_cat-tech","8":"brands-rolling-square","10":"first","11":"instock","12":"sale","13":"taxable","14":"shipping-taxable","15":"purchasable","16":"product-type-simple"},"acf":[],"weight_unit":"kg","dimension_unit":"cm","packaging_unit":"St\u00fccke","country_of_origin":"China","weee_germany":"DE97744419","website_url":"https:\/\/ferrygut.com\/","verkoper":"FerryGut.com","postcode":"5048CD","telefoonnummer":"+31850000735","_links":{"self":[{"href":"https:\/\/ferrygut.com\/de\/wp-json\/wp\/v2\/product\/8309","targetHints":{"allow":["GET"]}}],"collection":[{"href":"https:\/\/ferrygut.com\/de\/wp-json\/wp\/v2\/product"}],"about":[{"href":"https:\/\/ferrygut.com\/de\/wp-json\/wp\/v2\/types\/product"}],"replies":[{"embeddable":true,"href":"https:\/\/ferrygut.com\/de\/wp-json\/wp\/v2\/comments?post=8309"}],"wp:featuredmedia":[{"embeddable":true,"href":"https:\/\/ferrygut.com\/de\/wp-json\/wp\/v2\/media\/8310"}],"wp:attachment":[{"href":"https:\/\/ferrygut.com\/de\/wp-json\/wp\/v2\/media?parent=8309"}],"wp:term":[{"taxonomy":"product_brand","embeddable":true,"href":"https:\/\/ferrygut.com\/de\/wp-json\/wp\/v2\/product_brand?post=8309"},{"taxonomy":"product_cat","embeddable":true,"href":"https:\/\/ferrygut.com\/de\/wp-json\/wp\/v2\/product_cat?post=8309"},{"taxonomy":"product_tag","embeddable":true,"href":"https:\/\/ferrygut.com\/de\/wp-json\/wp\/v2\/product_tag?post=8309"},{"taxonomy":"brands","embeddable":true,"href":"https:\/\/ferrygut.com\/de\/wp-json\/wp\/v2\/brands?post=8309"},{"taxonomy":"channels","embeddable":true,"href":"https:\/\/ferrygut.com\/de\/wp-json\/wp\/v2\/channels?post=8309"}],"curies":[{"name":"wp","href":"https:\/\/api.w.org\/{rel}","templated":true}]}}