{"id":8274,"date":"2023-12-18T11:08:57","date_gmt":"2023-12-18T10:08:57","guid":{"rendered":"https:\/\/ferrygut.com\/product\/rolling-square-incharge-6-dunkelgrau\/"},"modified":"2025-09-05T14:52:35","modified_gmt":"2025-09-05T12:52:35","slug":"rolling-square-incharge-6-dunkelgrau","status":"publish","type":"product","link":"https:\/\/ferrygut.com\/de\/produkt\/rolling-square-incharge-6-dunkelgrau\/","title":{"rendered":"Rolling Square &#8211; inCharge 6 &#8211; Dunkelgrau"},"content":{"rendered":"<p class=\"p1\">Hast du immer das falsche Kabel dabei? Oder noch schlimmer: gar kein Kabel in deiner Tasche? Egal, ob du ein iPhone, ein Android-Ger\u00e4t, ein Tablet, Ohrst\u00f6psel oder eine Powerbank aufladen musst. Jede Verbindung scheint anders zu sein. Das inCharge 6 von Rolling Square ist die kompakte L\u00f6sung f\u00fcr alle deine Ladeprobleme. Dieses smarte, schl\u00fcsselbundfreundliche Kabel bietet sechs Anschlussm\u00f6glichkeiten in einem, damit du immer vorbereitet bist.     <\/p>\n<h3 class=\"p2\"><b>Vorteile<\/b><\/h3>\n<ul class=\"ul1\">\n<li class=\"li1\">6-in-1-Kabel: USB-A, USB-C, Micro-USB &amp; Lightning<\/li>\n<li class=\"li1\">Unterst\u00fctzt das Aufladen und die Daten\u00fcbertragung<\/li>\n<li class=\"li1\">Nur 6,5 cm lang &#8211; passt an deinen Schl\u00fcsselbund<\/li>\n<li class=\"li1\">Magnetischer Verschluss f\u00fcr einfaches Tragen<\/li>\n<li class=\"li1\">Hergestellt aus langlebigen Materialien: Zink, Nylon und TPU<\/li>\n<li class=\"li1\">Geeignet f\u00fcr alle g\u00e4ngigen Smartphones, Ohrst\u00f6psel, Tablets und Powerbanks<\/li>\n<\/ul>\n<h3><b>Ein Kabel, sechs Optionen<\/b><\/h3>\n<p class=\"p1\">Das inCharge 6 verwendet ein cleveres System von austauschbaren Anschl\u00fcssen. Du w\u00e4hlst einfach die richtige Kombination: USB-A oder USB-C an einem Ende, Micro-USB, USB-C oder Lightning am anderen. So kannst du praktisch jedes Ger\u00e4t aufladen und Daten synchronisieren. Dank seiner Vielseitigkeit ist dieses Kabel perfekt f\u00fcr unterwegs, im B\u00fcro oder in Notf\u00e4llen.   <\/p>\n<h3 class=\"p2\"><b>Kompakt, stark und zuverl\u00e4ssig<\/b><\/h3>\n<p class=\"p1\">Mit einer zusammengefalteten L\u00e4nge von nur 6,5 cm passt das inCharge 6 problemlos an deinen Schl\u00fcsselbund. Das Kabel verf\u00fcgt \u00fcber ein magnetisches Verschlusssystem, damit es immer ordentlich an seinem Platz bleibt. Die Stecker sind aus robustem Metall, das Kabel ist mit Nylon umflochten und f\u00fcr zus\u00e4tzlichen Schutz mit TPU \u00fcberzogen. Das macht es widerstandsf\u00e4hig gegen die t\u00e4gliche Beanspruchung.   <\/p>\n<h3 class=\"p2\"><b>Smart f\u00fcr den t\u00e4glichen Gebrauch<\/b><\/h3>\n<p class=\"p1\">Das inCharge 6 ist ideal als Ersatzkabel f\u00fcr unterwegs, auf dem Weg zur Arbeit oder f\u00fcr unerwartete Situationen. Verwende es mit deiner Powerbank, leihe es einem Kollegen oder stecke es direkt in den USB-Anschluss deines Laptops. Es unterst\u00fctzt auch die praktische Daten\u00fcbertragung, wenn du Dateien oder Fotos \u00fcbertragen willst, ohne sperrige Kabel mitzuschleppen.  <\/p>\n<h4 class=\"p1\"><b>Was ist in dem Paket?<\/b><\/h4>\n<ul class=\"ul1\">\n<li class=\"li1\">1\u00d7 Rolling Square inCharge 6 (dunkelgrau)<\/li>\n<li class=\"li1\">1\u00d7 6-in-1-Anschluss mit magnetischem Verriegelungssystem<\/li>\n<li class=\"li1\">1\u00d7 Kurze Erkl\u00e4rung f\u00fcr den Benutzer<\/li>\n<li class=\"li1\">Verpackt in einer kompakten und haltbaren Verpackung<\/li>\n<\/ul>\n","protected":false},"excerpt":{"rendered":"<p>Hast du immer das falsche Kabel dabei? Oder noch schlimmer: gar kein Kabel in deiner Tasche? Egal, ob du ein iPhone, ein Android-Ger\u00e4t, ein Tablet, Ohrst\u00f6psel oder eine Powerbank aufladen musst. Jede Verbindung scheint anders zu sein. Das inCharge 6 von Rolling Square ist die kompakte L\u00f6sung f\u00fcr alle deine Ladeprobleme. Dieses smarte, schl\u00fcsselbundfreundliche Kabel [&hellip;]<\/p>\n","protected":false},"featured_media":8290,"comment_status":"closed","ping_status":"closed","template":"","meta":{"_acf_changed":false,"_seopress_robots_primary_cat":"42","_seopress_titles_title":"Ladekabel | Rolling Square | inCharge 6 | Dunkelgrau | FerryGut","_seopress_titles_desc":"Lade deine elektronischen Ger\u00e4te schnell mit dem Ladekabel von Rollingsquare auf. Bestelle das inCharge 6 USB-C Ladekabel und profitiere von einer schnellen Lieferung. ","_seopress_robots_index":""},"product_brand":[],"product_cat":[2945,2932],"product_tag":[],"brands":[5265],"channels":[],"class_list":{"0":"post-8274","1":"product","2":"type-product","3":"status-publish","4":"has-post-thumbnail","6":"product_cat-ladekabel","7":"product_cat-tech","8":"brands-rolling-square","10":"first","11":"instock","12":"sale","13":"taxable","14":"shipping-taxable","15":"purchasable","16":"product-type-simple"},"acf":[],"weight_unit":"kg","dimension_unit":"cm","packaging_unit":"St\u00fccke","country_of_origin":"China","weee_germany":"DE97744419","website_url":"https:\/\/ferrygut.com\/","verkoper":"FerryGut.com","postcode":"5048CD","telefoonnummer":"+31850000735","_links":{"self":[{"href":"https:\/\/ferrygut.com\/de\/wp-json\/wp\/v2\/product\/8274","targetHints":{"allow":["GET"]}}],"collection":[{"href":"https:\/\/ferrygut.com\/de\/wp-json\/wp\/v2\/product"}],"about":[{"href":"https:\/\/ferrygut.com\/de\/wp-json\/wp\/v2\/types\/product"}],"replies":[{"embeddable":true,"href":"https:\/\/ferrygut.com\/de\/wp-json\/wp\/v2\/comments?post=8274"}],"wp:featuredmedia":[{"embeddable":true,"href":"https:\/\/ferrygut.com\/de\/wp-json\/wp\/v2\/media\/8290"}],"wp:attachment":[{"href":"https:\/\/ferrygut.com\/de\/wp-json\/wp\/v2\/media?parent=8274"}],"wp:term":[{"taxonomy":"product_brand","embeddable":true,"href":"https:\/\/ferrygut.com\/de\/wp-json\/wp\/v2\/product_brand?post=8274"},{"taxonomy":"product_cat","embeddable":true,"href":"https:\/\/ferrygut.com\/de\/wp-json\/wp\/v2\/product_cat?post=8274"},{"taxonomy":"product_tag","embeddable":true,"href":"https:\/\/ferrygut.com\/de\/wp-json\/wp\/v2\/product_tag?post=8274"},{"taxonomy":"brands","embeddable":true,"href":"https:\/\/ferrygut.com\/de\/wp-json\/wp\/v2\/brands?post=8274"},{"taxonomy":"channels","embeddable":true,"href":"https:\/\/ferrygut.com\/de\/wp-json\/wp\/v2\/channels?post=8274"}],"curies":[{"name":"wp","href":"https:\/\/api.w.org\/{rel}","templated":true}]}}