{"id":8259,"date":"2023-12-18T11:13:48","date_gmt":"2023-12-18T10:13:48","guid":{"rendered":"https:\/\/ferrygut.com\/product\/rolling-square-incharge-6-gold\/"},"modified":"2025-09-05T14:51:51","modified_gmt":"2025-09-05T12:51:51","slug":"rolling-square-incharge-6-gold","status":"publish","type":"product","link":"https:\/\/ferrygut.com\/de\/produkt\/rolling-square-incharge-6-gold\/","title":{"rendered":"Rolling Square &#8211; inCharge 6 &#8211; Gold"},"content":{"rendered":"<p><span style=\"font-size: 14px;\">Willst du deine Ger\u00e4te unterwegs schnell und effizient aufladen und dabei einen Hauch von Luxus genie\u00dfen? Das inCharge 6 &#8211; Gold ist das ultimative All-in-One-Ladekabel, das Stil und Funktionalit\u00e4t vereint. Dieses kompakte Kabel bietet dir Zugang zu sechs verschiedenen Anschl\u00fcssen, sodass du nie wieder nach dem richtigen Kabel f\u00fcr dein Smartphone, Tablet oder andere Gadgets suchen musst. In diesem Text erf\u00e4hrst du die Vorteile und Spezifikationen des inCharge 6 &#8211; Gold.   <\/span><\/p>\n<h4>Die Vorteile von Rolling Square&#8217;s InCharge 6:<\/h4>\n<ul>\n<li>6 verschiedene Anschlussm\u00f6glichkeiten<\/li>\n<li>9 Zentimeter<\/li>\n<li>Nimm es immer mit<\/li>\n<li>Universal<\/li>\n<li>Erh\u00e4ltlich in 3 verschiedenen Farben<\/li>\n<\/ul>\n<h4>Verschiedene Anschlussm\u00f6glichkeiten beim Laden<\/h4>\n<p>Das inCharge 6 &#8211; Gold ist nicht einfach nur ein weiteres Ladekabel, es ist ein Statement f\u00fcr Stil und Klasse. Die goldene Oberfl\u00e4che verleiht diesem Kabel einen luxuri\u00f6sen Look, der perfekt zu den anspruchsvollsten Geschm\u00e4ckern passt. Dieses Kabel verleiht deiner t\u00e4glichen Laderoutine einen Hauch von Luxus.  <\/p>\n<h4>Jederzeit und \u00fcberall aufladen<\/h4>\n<p>Das inCharge 6 &#8211; Gold ist das ultimative All-in-One-Ladekabel. Mit diesem <a href=\"https:\/\/ferrygut.com\/de\/marke\/rolling-square\/\">Rolling Square<\/a> Kabel hast du Zugang zu sechs verschiedenen Anschl\u00fcssen, darunter USB-A, USB-C, Lightning, micro-USB, USB-C zu USB-C und sogar ein Adapter f\u00fcr drahtloses Laden. Damit kannst du fast jedes Ger\u00e4t aufladen, unabh\u00e4ngig von der Marke oder der Art des Anschlusses.  <\/p>\n<h4>Kompaktes und tragbares Design<\/h4>\n<p>Das kompakte Design des inCharge 6 &#8211; Gold macht es ideal f\u00fcr den t\u00e4glichen Gebrauch. Mit einer L\u00e4nge von nur 13 Zentimetern passt er m\u00fchelos in deine Tasche, deinen Beutel oder sogar an deinen Schl\u00fcsselbund. Das bedeutet, dass du immer ein Ladekabel zur Hand hast, egal wo du bist.  <\/p>\n<h4>Langlebig und zuverl\u00e4ssig<\/h4>\n<p>Das inCharge 6 &#8211; Gold Ladekabel ist aus hochwertigen Materialien gefertigt, die Langlebigkeit und Zuverl\u00e4ssigkeit garantieren. Das Kabel ist so konzipiert, dass es einer langfristigen Nutzung standh\u00e4lt und verschlei\u00dffest ist, damit du darauf vertrauen kannst, dass es deine Ger\u00e4te sicher aufl\u00e4dt. <\/p>\n<h4>Schnelles Laden<\/h4>\n<p>Dank der verschiedenen Anschl\u00fcsse des inCharge 6 &#8211; Gold kannst du deine Ger\u00e4te nicht nur aufladen, sondern sie auch schnell aufladen. Egal, ob du ein Smartphone, ein Tablet oder andere Gadgets hast, dieses Kabel sorgt f\u00fcr effizientes und schnelles Aufladen und spart dir wertvolle Zeit. <\/p>\n<h4>Ideal f\u00fcr Reisen<\/h4>\n<p>Das inCharge 6 &#8211; Gold ist der ideale Begleiter f\u00fcr Reisende und Menschen, die immer unterwegs sind. Egal, ob du in den Urlaub f\u00e4hrst, auf einer Gesch\u00e4ftsreise bist oder einfach viel unterwegs, dieses Ladekabel sorgt daf\u00fcr, dass du deine Ger\u00e4te immer aufladen kannst, egal wo du bist. <\/p>\n<h4>Platz sparen<\/h4>\n<p>Mit dem inCharge 6 &#8211; Gold musst du nicht mehr mehrere <a href=\"https:\/\/ferrygut.com\/de\/produkt-kategorie\/tech\/ladekabel\/\">Ladekabel<\/a> und <a href=\"https:\/\/ferrygut.com\/de\/produkt-kategorie\/tech\/ladegerate\/\">Adapter<\/a> f\u00fcr verschiedene Ger\u00e4te mitnehmen. Das spart Platz in deiner Tasche, denn du brauchst nur ein Kabel f\u00fcr alle deine Ladevorg\u00e4nge.<\/p>\n<p>Zusammenfassend l\u00e4sst sich sagen, dass das inCharge 6 &#8211; Gold die perfekte Ladel\u00f6sung f\u00fcr Menschen ist, die Wert auf Stil, Effizienz und Zuverl\u00e4ssigkeit legen. Mit seinen sechs verschiedenen Anschl\u00fcssen, dem kompakten Design und dem luxuri\u00f6sen Look ist dieses Kabel der perfekte Begleiter f\u00fcr den Alltag und die Reise. Bestelle das inCharge 6 &#8211; Gold noch heute und bringe einen Hauch von Luxus in deinen Ladealltag. Die Investition lohnt sich f\u00fcr alle, die mit einem Ladekabel laden wollen, das alles bietet, was du brauchst. Das Incharge 6 ist zus\u00e4tzlich auch in <a href=\"https:\/\/ferrygut.com\/de\/produkt\/rolling-square-incharge-6-dunkelgrau\/\">Dunkelgrau<\/a>, <a href=\"https:\/\/ferrygut.com\/de\/produkt\/rolling-square-incharge-6-dunkelgrau\/\">Silber<\/a> und in der<a href=\"https:\/\/ferrygut.com\/de\/produkt\/rollendes-quadrat-incharge-6-max\/\"> MAX-Variante<\/a> erh\u00e4ltlich .  <\/p>\n","protected":false},"excerpt":{"rendered":"<p>Willst du deine Ger\u00e4te unterwegs schnell und effizient aufladen und dabei einen Hauch von Luxus genie\u00dfen? Das inCharge 6 &#8211; Gold ist das ultimative All-in-One-Ladekabel, das Stil und Funktionalit\u00e4t vereint. Dieses kompakte Kabel bietet dir Zugang zu sechs verschiedenen Anschl\u00fcssen, sodass du nie wieder nach dem richtigen Kabel f\u00fcr dein Smartphone, Tablet oder andere Gadgets [&hellip;]<\/p>\n","protected":false},"featured_media":8273,"comment_status":"closed","ping_status":"closed","template":"","meta":{"_acf_changed":false,"_seopress_robots_primary_cat":"42","_seopress_titles_title":"Ladekabel | Rolling Square | inCharge 6 Gold | FerryGut","_seopress_titles_desc":"Entdecke Ladekabel der Marke Rollingsquare bei FerryGut. Bestelle jetzt f\u00fcr schnelle und zuverl\u00e4ssige Ladem\u00f6glichkeiten zu Hause oder unterwegs.  W\u00e4hle deinen eigenen Lieferservice!","_seopress_robots_index":""},"product_brand":[],"product_cat":[2945,2932],"product_tag":[],"brands":[5265],"channels":[],"class_list":{"0":"post-8259","1":"product","2":"type-product","3":"status-publish","4":"has-post-thumbnail","6":"product_cat-ladekabel","7":"product_cat-tech","8":"brands-rolling-square","10":"first","11":"instock","12":"sale","13":"taxable","14":"shipping-taxable","15":"purchasable","16":"product-type-simple"},"acf":[],"weight_unit":"kg","dimension_unit":"cm","packaging_unit":"St\u00fccke","country_of_origin":"China","weee_germany":"DE97744419","website_url":"https:\/\/ferrygut.com\/","verkoper":"FerryGut.com","postcode":"5048CD","telefoonnummer":"+31850000735","_links":{"self":[{"href":"https:\/\/ferrygut.com\/de\/wp-json\/wp\/v2\/product\/8259","targetHints":{"allow":["GET"]}}],"collection":[{"href":"https:\/\/ferrygut.com\/de\/wp-json\/wp\/v2\/product"}],"about":[{"href":"https:\/\/ferrygut.com\/de\/wp-json\/wp\/v2\/types\/product"}],"replies":[{"embeddable":true,"href":"https:\/\/ferrygut.com\/de\/wp-json\/wp\/v2\/comments?post=8259"}],"wp:featuredmedia":[{"embeddable":true,"href":"https:\/\/ferrygut.com\/de\/wp-json\/wp\/v2\/media\/8273"}],"wp:attachment":[{"href":"https:\/\/ferrygut.com\/de\/wp-json\/wp\/v2\/media?parent=8259"}],"wp:term":[{"taxonomy":"product_brand","embeddable":true,"href":"https:\/\/ferrygut.com\/de\/wp-json\/wp\/v2\/product_brand?post=8259"},{"taxonomy":"product_cat","embeddable":true,"href":"https:\/\/ferrygut.com\/de\/wp-json\/wp\/v2\/product_cat?post=8259"},{"taxonomy":"product_tag","embeddable":true,"href":"https:\/\/ferrygut.com\/de\/wp-json\/wp\/v2\/product_tag?post=8259"},{"taxonomy":"brands","embeddable":true,"href":"https:\/\/ferrygut.com\/de\/wp-json\/wp\/v2\/brands?post=8259"},{"taxonomy":"channels","embeddable":true,"href":"https:\/\/ferrygut.com\/de\/wp-json\/wp\/v2\/channels?post=8259"}],"curies":[{"name":"wp","href":"https:\/\/api.w.org\/{rel}","templated":true}]}}