{"id":8244,"date":"2023-12-18T11:21:08","date_gmt":"2023-12-18T10:21:08","guid":{"rendered":"https:\/\/ferrygut.com\/product\/rolling-square-incharge-6-silber\/"},"modified":"2025-09-05T14:52:06","modified_gmt":"2025-09-05T12:52:06","slug":"rolling-square-incharge-6-silber","status":"publish","type":"product","link":"https:\/\/ferrygut.com\/de\/produkt\/rolling-square-incharge-6-silber\/","title":{"rendered":"Rolling Square &#8211; inCharge 6 &#8211; Silber"},"content":{"rendered":"<p><span style=\"font-size: 14px;\">Mit dem inCharge 6 mini Ladekabel hast du immer das perfekte Kabel zur Hand. Warum nennen wir es inCharge 6? Ganz einfach, es bietet bis zu 6 Anschlussm\u00f6glichkeiten in einem kompakten Ladekabel. Auf der einen Seite findest du einen USB- und USB-C-Anschluss, w\u00e4hrend die andere Seite mit einem Lightning-, Micro-USB- sowie einem weiteren USB-C-Anschluss ausgestattet ist. Damit kannst du praktisch jedes Ger\u00e4t aufladen, sei es ein Telefon, ein Tablet, ein Controller, eine Drohne und mehr! Bei FerryGut haben wir eine gro\u00dfe Auswahl an       <\/span><a style=\"font-size: 14px;\" href=\"https:\/\/ferrygut.com\/de\/produkt-kategorie\/tech\/ladekabel\/\">Ladekabel<\/a><span style=\"font-size: 14px;\">  Von der Marke Rolling Square. Schau dir alle unsere Kabel und Farben an! <\/span><\/p>\n<h4>Die Vorteile von Rolling Square&#8217;s inCharge 6:<\/h4>\n<ul>\n<li>6 verschiedene Anschlussm\u00f6glichkeiten<\/li>\n<li>9 Zentimeter<\/li>\n<li>Nimm es immer mit<\/li>\n<li>Universal<\/li>\n<li>Erh\u00e4ltlich in 3 verschiedenen Farben<\/li>\n<\/ul>\n<h5>6 in 1 Kabel<\/h5>\n<p>Mit diesem 6-in-1-Kabel musst du nie wieder nach verschiedenen Kabeln f\u00fcr unterschiedliche Ger\u00e4te suchen. Das inCharge 6 bietet verschiedene Anschlussm\u00f6glichkeiten, darunter USB zu Lightning, Micro-USB und USB-C sowie USB-C zu Lightning, Micro-USB und USB-C. Au\u00dferdem sind der Lightning- und der Micro-USB-Anschluss zu einem praktischen Doppelanschluss kombiniert. Das bedeutet, dass derselbe Anschluss sowohl f\u00fcr Apple-Ger\u00e4te mit einem 8-poligen Lightning-Anschluss als auch f\u00fcr Android-Ger\u00e4te mit einem Micro-USB-Anschluss verwendet werden kann. Willst du mehr dar\u00fcber wissen, was ein UBS-C-Kabel alles kann? Dann lies unseren <a href=\"https:\/\/ferrygut.com\/de\/blog\/usb-c-kabel-was-ist-das-und-wofuer-ist-es-nuetzlich\/\">Blog.<\/a> <\/p>\n<h5>Klein und kompakt<\/h5>\n<p>Der inCharge 6 ist klein und kompakt, sodass du ihn \u00fcberallhin mitnehmen kannst. Du kannst ihn sogar an deinem Schl\u00fcsselbund befestigen und bekommst den Schl\u00fcsselring gratis dazu! <\/p>\n<h5>\u00dcbertragen von Daten<\/h5>\n<p>Dieses Ladekabel ist nicht nur zum Aufladen, sondern auch zum \u00dcbertragen und Synchronisieren von Daten geeignet. Du kannst zum Beispiel m\u00fchelos Fotos von deinem Handy auf einen Laptop \u00fcbertragen. <\/p>\n<h5>Nachhaltigkeit<\/h5>\n<p>Was dieses <a href=\"https:\/\/ferrygut.com\/de\/marke\/rolling-square\/\">Rolling Square<\/a> Kabel so besonders macht, ist seine Erschwinglichkeit und Haltbarkeit. Mit dem inCharge 6 kannst du alle deine Ger\u00e4te aufladen, ohne dich mit verschiedenen Kabeln herumschlagen zu m\u00fcssen. Das Geh\u00e4use ist aus Metall, die Enden sind aus TPU, damit das Ladekabel nicht bricht, und es wurden nur hochwertige Materialien verwendet.<\/p>\n<h4>Die wichtigsten Merkmale des inCharge 6:<\/h4>\n<ul>\n<li>\u00c4u\u00dferst langlebig dank hochwertiger Materialien<\/li>\n<li>Metallgeh\u00e4use f\u00fcr zus\u00e4tzliche St\u00e4rke<\/li>\n<li>Universeller Einsatz mit verschiedenen Ger\u00e4ten<\/li>\n<li>Anti-Rutsch-System f\u00fcr Stabilit\u00e4t<\/li>\n<li>Weicher, biegsamer und umweltfreundlicher TPE-Kabelmantel<\/li>\n<li>Das st\u00e4rkste jemals hergestellte inCharge-Kabel<\/li>\n<\/ul>\n<p>Kurz gesagt, das inCharge 6 ist die perfekte L\u00f6sung f\u00fcr alle deine Ladeanforderungen. Mit seiner kompakten Gr\u00f6\u00dfe, seinen 6-in-1-Funktionen und seiner Langlebigkeit ist er ein Muss f\u00fcr alle, die immer und \u00fcberall aufgeladen sein wollen. Bestelle das inCharge 6 noch heute und entdecke den Komfort eines einzigen Ladekabels f\u00fcr alle deine Ger\u00e4te! Das Incharge 6 ist auch in <a href=\"https:\/\/ferrygut.com\/de\/produkt\/rolling-square-incharge-6-dunkelgrau\/\">Grau,<\/a> <a href=\"https:\/\/ferrygut.com\/de\/produkt\/rolling-square-incharge-6-gold\/\">Gold<\/a> und in der <a href=\"https:\/\/ferrygut.com\/de\/produkt\/rollendes-quadrat-incharge-6-max\/\">MAX-Variante<\/a> erh\u00e4ltlich.   <\/p>\n","protected":false},"excerpt":{"rendered":"<p>Mit dem inCharge 6 mini Ladekabel hast du immer das perfekte Kabel zur Hand. Warum nennen wir es inCharge 6? Ganz einfach, es bietet bis zu 6 Anschlussm\u00f6glichkeiten in einem kompakten Ladekabel. Auf der einen Seite findest du einen USB- und USB-C-Anschluss, w\u00e4hrend die andere Seite mit einem Lightning-, Micro-USB- sowie einem weiteren USB-C-Anschluss ausgestattet [&hellip;]<\/p>\n","protected":false},"featured_media":8258,"comment_status":"closed","ping_status":"closed","template":"","meta":{"_acf_changed":false,"_seopress_robots_primary_cat":"42","_seopress_titles_title":"Ladekabel | Rolling Square | inCharge 6 | Silber | FerryGut","_seopress_titles_desc":"Hol dir das Rollingsquare inCharge 6 USB-C Ladekabel f\u00fcr schnelles und effizientes Laden nach Hause. Bestelle jetzt, damit du immer erreichbar bist. USB, USB-C und die andere Seite ist mit einem Lightning- und Micro-USB-Anschluss ausgestattet.  ","_seopress_robots_index":""},"product_brand":[],"product_cat":[2945,2932],"product_tag":[],"brands":[5265],"channels":[],"class_list":{"0":"post-8244","1":"product","2":"type-product","3":"status-publish","4":"has-post-thumbnail","6":"product_cat-ladekabel","7":"product_cat-tech","8":"brands-rolling-square","10":"first","11":"outofstock","12":"sale","13":"taxable","14":"shipping-taxable","15":"purchasable","16":"product-type-simple"},"acf":[],"weight_unit":"kg","dimension_unit":"cm","packaging_unit":"St\u00fccke","country_of_origin":"China","weee_germany":"DE97744419","website_url":"https:\/\/ferrygut.com\/","verkoper":"FerryGut.com","postcode":"5048CD","telefoonnummer":"+31850000735","_links":{"self":[{"href":"https:\/\/ferrygut.com\/de\/wp-json\/wp\/v2\/product\/8244","targetHints":{"allow":["GET"]}}],"collection":[{"href":"https:\/\/ferrygut.com\/de\/wp-json\/wp\/v2\/product"}],"about":[{"href":"https:\/\/ferrygut.com\/de\/wp-json\/wp\/v2\/types\/product"}],"replies":[{"embeddable":true,"href":"https:\/\/ferrygut.com\/de\/wp-json\/wp\/v2\/comments?post=8244"}],"wp:featuredmedia":[{"embeddable":true,"href":"https:\/\/ferrygut.com\/de\/wp-json\/wp\/v2\/media\/8258"}],"wp:attachment":[{"href":"https:\/\/ferrygut.com\/de\/wp-json\/wp\/v2\/media?parent=8244"}],"wp:term":[{"taxonomy":"product_brand","embeddable":true,"href":"https:\/\/ferrygut.com\/de\/wp-json\/wp\/v2\/product_brand?post=8244"},{"taxonomy":"product_cat","embeddable":true,"href":"https:\/\/ferrygut.com\/de\/wp-json\/wp\/v2\/product_cat?post=8244"},{"taxonomy":"product_tag","embeddable":true,"href":"https:\/\/ferrygut.com\/de\/wp-json\/wp\/v2\/product_tag?post=8244"},{"taxonomy":"brands","embeddable":true,"href":"https:\/\/ferrygut.com\/de\/wp-json\/wp\/v2\/brands?post=8244"},{"taxonomy":"channels","embeddable":true,"href":"https:\/\/ferrygut.com\/de\/wp-json\/wp\/v2\/channels?post=8244"}],"curies":[{"name":"wp","href":"https:\/\/api.w.org\/{rel}","templated":true}]}}