{"id":8213,"date":"2023-12-18T12:17:05","date_gmt":"2023-12-18T11:17:05","guid":{"rendered":"https:\/\/ferrygut.com\/product\/rolling-square-incharge-x-blau\/"},"modified":"2026-01-04T21:25:18","modified_gmt":"2026-01-04T20:25:18","slug":"rolling-square-incharge-x-blau","status":"publish","type":"product","link":"https:\/\/ferrygut.com\/de\/produkt\/rolling-square-incharge-x-blau\/","title":{"rendered":"Rolling Square &#8211; inCharge X &#8211; Blau"},"content":{"rendered":"<p>Du suchst ein praktisches Ladekabel, das f\u00fcr alle deine Ger\u00e4te geeignet ist, von deinem iPhone \u00fcber dein Tablet bis hin zu deinem Laptop? Such nicht weiter, denn das inCharge X hat alles. Dieses vielseitige Kabel wurde speziell entwickelt, um alle deine Ladeanforderungen zu erf\u00fcllen. Mit einem USB- und einem USB-C-Anschluss auf der einen Seite und einem Lightning-, Micro-USB- und einem weiteren USB-C-Anschluss auf der anderen Seite eignet sich dieses Ladekabel f\u00fcr praktisch jedes Telefon, Tablet, jeden Controller, jede Drohne, jeden Laptop und jedes andere Ger\u00e4t, das du dir vorstellen kannst!   <\/p>\n<h4>Pluspunkte von RollingSquares inCharge X<\/h4>\n<ul>\n<li>Nur 9 Zentimeter lang<\/li>\n<li>Unterst\u00fctzt bis zu 60 W Schnellladung<\/li>\n<li>Immer leicht zu tragen<\/li>\n<li>Erh\u00e4ltlich in 3 stilvollen Farben<\/li>\n<li>Kommt mit 2 Jahren Garantie<\/li>\n<\/ul>\n<h4>6-in-1 Ladel\u00f6sung<\/h4>\n<p>Dank des inCharge X musst du dich nie wieder mit einem Kabelsalat herumschlagen. Die &#8220;6&#8221; im Namen steht f\u00fcr die sechs verschiedenen Anschlussm\u00f6glichkeiten, die dieses Kabel bietet. Erm\u00f6glicht das Laden von USB auf Lightning, Micro-USB und USB-C und umgekehrt. Au\u00dferdem sind der Lightning- und der Micro-USB-Anschluss zu einem Dual-Anschluss kombiniert, d.h. du kannst diesen Anschluss sowohl f\u00fcr Apple-Ger\u00e4te mit einem 8-poligen Lightning-Anschluss als auch f\u00fcr Android-Ger\u00e4te mit einem Micro-USB-Anschluss verwenden.   <\/p>\n<h4>Superschnelles Aufladen<\/h4>\n<p>Das inCharge X bietet eine beeindruckende Geschwindigkeit beim Aufladen. Dieses Ladekabel unterst\u00fctzt bis zu 60 W Schnellladung und ist mit Apples Schnellladefunktion von bis zu 18 W kompatibel. Du wirst nie wieder ohne Strom sein. Neben dem Aufladen kannst du dieses Ladekabel auch zur Daten\u00fcbertragung verwenden. Mit einer Geschwindigkeit von 480 Mbit hast du alle deine Daten im Handumdrehen auf dein Handy, deinen Laptop oder deine Festplatte \u00fcbertragen.    <\/p>\n<h4>Aufladen von Telefon zu Telefon<\/h4>\n<p>Mit dem inCharge X kannst du dein Telefon sogar als Powerbank f\u00fcr ein anderes Telefon verwenden. (Achtung, das ist nur von USB-C zu USB-C m\u00f6glich) Wenn du mehr \u00fcber die Verwendung von USB-C-Kabeln wissen willst, lies jetzt unseren <a href=\"https:\/\/ferrygut.com\/de\/blog\/usb-c-kabel-was-ist-das-und-wofuer-ist-es-nuetzlich\/\">Blog<\/a>!  <\/p>\n<h4>Nachhaltig<\/h4>\n<p>Das inCharge X ist eine erschwingliche L\u00f6sung f\u00fcr alle deine Ladeanforderungen. Anstelle von zehn verschiedenen Kabeln mit unterschiedlichen Anschl\u00fcssen hast du jetzt mit nur einem Kabel genug. Au\u00dferdem wurde das inCharge X im Vergleich zu seinen Vorg\u00e4ngermodellen verbessert. Das Geh\u00e4use ist aus robustem Metall, die Enden sind aus TPU, um Kabelbruch zu verhindern, und es wurden nur hochwertige Materialien verwendet.   <\/p>\n<h4>Die wichtigsten Merkmale des Kabels<\/h4>\n<ul>\n<li>Besonders langlebig dank robuster Materialien<\/li>\n<li>Starkes Metallgeh\u00e4use<\/li>\n<li>Universeller Einsatz<\/li>\n<li>Ausgestattet mit einem Anti-Rutsch-System<\/li>\n<li>Der TPE-Kabelmantel ist weich, flexibel und umweltfreundlich<\/li>\n<li>Das st\u00e4rkste jemals hergestellte inCharge-Kabel<\/li>\n<\/ul>\n<p>Mit dem inCharge X hast du endlich eine Ladel\u00f6sung, die alle deine Bed\u00fcrfnisse erf\u00fcllt. Bestelle deines noch heute und erlebe den Komfort eines einzigen Ladekabels f\u00fcr alle deine Ger\u00e4te. <\/p>\n<h4>inCharge XL<\/h4>\n<p>Neben den X-Versionen haben wir auch die XL-Versionen. Diese Kabel sind in den Gr\u00f6\u00dfen 30 cm, 2 m und 3 m erh\u00e4ltlich. Die Rolling Square XL-Kabel sind ein Muss, um dein t\u00e4gliches Leben einfacher zu machen. Mit diesen Ladekabeln kannst du auf dem Sofa oder in deinem Bett bleiben, ohne zus\u00e4tzliche Verl\u00e4ngerungskabel zu verwenden. Das Kabel ist in verschiedenen Gr\u00f6\u00dfen und Farben erh\u00e4ltlich. Schau dir alle Rolling Square <a href=\"https:\/\/ferrygut.com\/de\/produkt-kategorie\/tech\/ladekabel\/\">Ladekabel<\/a> auf FerryGut an:     <\/p>\n<h4>Incharge XL &#8211; 30 cm<\/h4>\n<ul>\n<li><a href=\"https:\/\/ferrygut.com\/de\/produkt\/rollendes-quadrat-incharge-xl-30cm-gelb\/\">Gelb<\/a><\/li>\n<li><a href=\"https:\/\/ferrygut.com\/de\/produkt\/rollendes-quadrat-incharge-xl-30cm-schwarz\/\">Schwarz<\/a><\/li>\n<li><a href=\"https:\/\/ferrygut.com\/de\/produkt\/rollendes-quadrat-incharge-xl-30cm-weis\/\">Wei\u00df<\/a><\/li>\n<\/ul>\n<h4>Incharge XL &#8211; 2 Meter<\/h4>\n<ul>\n<li><a href=\"https:\/\/ferrygut.com\/de\/produkt\/rolling-square-incharge-xl-2m-gelb\/\">Gelb<\/a><\/li>\n<li><a href=\"https:\/\/ferrygut.com\/de\/produkt\/rolling-square-incharge-xl-2m-schwarz\/\">Schwarz<\/a><\/li>\n<li><a href=\"https:\/\/ferrygut.com\/de\/produkt\/rolling-square-incharge-xl-2m-weis\/\">Wei\u00df<\/a><\/li>\n<\/ul>\n<h4>Incharge XL &#8211; 3 Meter<\/h4>\n<ul>\n<li><a href=\"https:\/\/ferrygut.com\/de\/produkt\/rolling-square-incharge-xl-3m-gelb\/\">Gelb<\/a><\/li>\n<li><a href=\"https:\/\/ferrygut.com\/de\/produkt\/rolling-square-incharge-xl-3m-schwarz\/\">Schwarz<\/a><\/li>\n<li><a href=\"https:\/\/ferrygut.com\/de\/produkt\/rolling-square-incharge-xl-3m-weis\/\">Wei\u00df<\/a><\/li>\n<\/ul>\n","protected":false},"excerpt":{"rendered":"<p>Du suchst ein praktisches Ladekabel, das f\u00fcr alle deine Ger\u00e4te geeignet ist, von deinem iPhone \u00fcber dein Tablet bis hin zu deinem Laptop? Such nicht weiter, denn das inCharge X hat alles. Dieses vielseitige Kabel wurde speziell entwickelt, um alle deine Ladeanforderungen zu erf\u00fcllen. Mit einem USB- und einem USB-C-Anschluss auf der einen Seite und [&hellip;]<\/p>\n","protected":false},"featured_media":8214,"comment_status":"closed","ping_status":"closed","template":"","meta":{"_acf_changed":false,"_seopress_robots_primary_cat":"42","_seopress_titles_title":"Ladekabel | Rolling Square | inCharge X | All in one cable | FerryGut","_seopress_titles_desc":"Mit dem Ladekabel von Rollingsquare holst du das Beste aus deinen Ger\u00e4ten heraus. Bestelle dein Ladekabel jetzt und w\u00e4hle deinen eigenen Lieferservice. ","_seopress_robots_index":""},"product_brand":[],"product_cat":[2945,2932],"product_tag":[],"brands":[5265],"channels":[],"class_list":{"0":"post-8213","1":"product","2":"type-product","3":"status-publish","4":"has-post-thumbnail","6":"product_cat-ladekabel","7":"product_cat-tech","8":"brands-rolling-square","10":"first","11":"instock","12":"taxable","13":"shipping-taxable","14":"purchasable","15":"product-type-simple"},"acf":[],"weight_unit":"kg","dimension_unit":"cm","packaging_unit":"St\u00fccke","country_of_origin":"China","weee_germany":"DE97744419","website_url":"https:\/\/ferrygut.com\/","verkoper":"FerryGut.com","postcode":"5048CD","telefoonnummer":"+31850000735","_links":{"self":[{"href":"https:\/\/ferrygut.com\/de\/wp-json\/wp\/v2\/product\/8213","targetHints":{"allow":["GET"]}}],"collection":[{"href":"https:\/\/ferrygut.com\/de\/wp-json\/wp\/v2\/product"}],"about":[{"href":"https:\/\/ferrygut.com\/de\/wp-json\/wp\/v2\/types\/product"}],"replies":[{"embeddable":true,"href":"https:\/\/ferrygut.com\/de\/wp-json\/wp\/v2\/comments?post=8213"}],"wp:featuredmedia":[{"embeddable":true,"href":"https:\/\/ferrygut.com\/de\/wp-json\/wp\/v2\/media\/8214"}],"wp:attachment":[{"href":"https:\/\/ferrygut.com\/de\/wp-json\/wp\/v2\/media?parent=8213"}],"wp:term":[{"taxonomy":"product_brand","embeddable":true,"href":"https:\/\/ferrygut.com\/de\/wp-json\/wp\/v2\/product_brand?post=8213"},{"taxonomy":"product_cat","embeddable":true,"href":"https:\/\/ferrygut.com\/de\/wp-json\/wp\/v2\/product_cat?post=8213"},{"taxonomy":"product_tag","embeddable":true,"href":"https:\/\/ferrygut.com\/de\/wp-json\/wp\/v2\/product_tag?post=8213"},{"taxonomy":"brands","embeddable":true,"href":"https:\/\/ferrygut.com\/de\/wp-json\/wp\/v2\/brands?post=8213"},{"taxonomy":"channels","embeddable":true,"href":"https:\/\/ferrygut.com\/de\/wp-json\/wp\/v2\/channels?post=8213"}],"curies":[{"name":"wp","href":"https:\/\/api.w.org\/{rel}","templated":true}]}}