{"id":82097,"date":"2026-03-25T00:05:55","date_gmt":"2026-03-24T23:05:55","guid":{"rendered":"https:\/\/ferrygut.com\/product\/outin-faltbarer-kaffeestaender\/"},"modified":"2026-04-13T15:32:23","modified_gmt":"2026-04-13T13:32:23","slug":"outin-faltbarer-kaffeestaender","status":"publish","type":"product","link":"https:\/\/ferrygut.com\/de\/produkt\/outin-faltbarer-kaffeestaender\/","title":{"rendered":"OutIn Faltbarer Kaffeest\u00e4nder"},"content":{"rendered":"<p class=\"p1\">Du stehst mit deiner tragbaren Kaffeemaschine an einem sch\u00f6nen Platz, aber dir fehlt eine stabile Unterlage? Oder findest du es unpraktisch, deinen Kaffee drau\u00dfen zuzubereiten, weil du alles auf den Boden stellen musst? Mit dem faltbaren Kaffeest\u00e4nder von OutIn kannst du in Sekundenschnelle einen stabilen und praktischen Arbeitsplatz schaffen, egal wo du bist.  <\/p>\n<h3 class=\"p2\"><b>Vorteile<\/b><\/h3>\n<ul class=\"ul1\">\n<li class=\"li1\">Kompaktes und faltbares Design macht es einfach zu transportieren<\/li>\n<li class=\"li1\">Bietet eine stabile Basis f\u00fcr deine tragbare Kaffeemaschine<\/li>\n<li class=\"li1\">Leicht und einfach in deiner Tasche oder deinem Rucksack zu verstauen<\/li>\n<li class=\"li1\">Ideal f\u00fcr Camping, Reisen, Festivals und den Einsatz im Freien<\/li>\n<li class=\"li1\">Schnelles Aufstellen ohne Aufwand und Werkzeug<\/li>\n<\/ul>\n<h3 class=\"p2\"><b>Praktische und effiziente Kaffeezubereitung f\u00fcr unterwegs<\/b><\/h3>\n<p class=\"p1\">Dieser faltbare Kaffeest\u00e4nder macht es dir leicht, \u00fcberall Kaffee zu br\u00fchen, ohne auf Komfort zu verzichten. Du klappst den St\u00e4nder aus und stellst deine Kaffeemaschine fest in der H\u00f6he auf. So kannst du bequemer arbeiten und bist weniger abh\u00e4ngig von deiner Umgebung. Du musst dich nicht mehr mit unebenen Oberfl\u00e4chen herumschlagen oder mit dem improvisieren, was du in der N\u00e4he findest. Du schaffst im Handumdrehen einen klaren und stabilen Platz f\u00fcr deine Kaffeemaschine.   <\/p>\n<h3 class=\"p2\"><b>Smartes Design f\u00fcr unterwegs<\/b><\/h3>\n<p class=\"p1\">Der faltbare Kaffeest\u00e4nder von OutIn wurde mit Blick auf Mobilit\u00e4t entwickelt. Seine kompakte Gr\u00f6\u00dfe und sein geringes Gewicht machen ihn perfekt f\u00fcr die Reise. Du kannst ihn m\u00fchelos in deinem Rucksack oder deiner Reisetasche mitnehmen, ohne dass er viel Platz einnimmt. Das robuste Material sorgt daf\u00fcr, dass der St\u00e4nder f\u00fcr den regelm\u00e4\u00dfigen Gebrauch geeignet ist, w\u00e4hrend der clevere Faltmechanismus daf\u00fcr sorgt, dass du ihn schnell zusammen- und auseinanderfalten kannst.   <\/p>\n<h3 class=\"p2\"><b>Ideal f\u00fcr Outdoor und Reisen<\/b><\/h3>\n<p class=\"p1\">Egal, ob du zelten gehst, einen Roadtrip machst oder einfach nur gerne drau\u00dfen Kaffee kochst, dieser St\u00e4nder macht es viel einfacher. Du brauchst nicht mehr nach einem geeigneten Platz f\u00fcr deine Ausr\u00fcstung zu suchen. Dieser St\u00e4nder ist auch auf Festivals, Picknicks oder bei Ausfl\u00fcgen sehr praktisch. So hast du deine Kaffeemaschine immer griffbereit und kannst bequem arbeiten, egal wo du bist.   <\/p>\n<h3 class=\"p1\"><b>Was ist in dem Paket?<\/b><\/h3>\n<ul class=\"ul1\">\n<li class=\"li1\">OutIn Faltbarer Kaffeest\u00e4nder<\/li>\n<li class=\"li1\">Kompakter Klapprahmen<\/li>\n<li class=\"li1\">Gebrauchsanweisung<\/li>\n<\/ul>\n","protected":false},"excerpt":{"rendered":"<p>Du stehst mit deiner tragbaren Kaffeemaschine an einem sch\u00f6nen Platz, aber dir fehlt eine stabile Unterlage? Oder findest du es unpraktisch, deinen Kaffee drau\u00dfen zuzubereiten, weil du alles auf den Boden stellen musst? Mit dem faltbaren Kaffeest\u00e4nder von OutIn kannst du in Sekundenschnelle einen stabilen und praktischen Arbeitsplatz schaffen, egal wo du bist. Vorteile Kompaktes [&hellip;]<\/p>\n","protected":false},"featured_media":82099,"comment_status":"closed","ping_status":"closed","template":"","meta":{"_acf_changed":false,"_seopress_robots_primary_cat":"none","_seopress_titles_title":"","_seopress_titles_desc":"","_seopress_robots_index":""},"product_brand":[],"product_cat":[9348,20063],"product_tag":[],"brands":[9295],"channels":[],"class_list":{"0":"post-82097","1":"product","2":"type-product","3":"status-publish","4":"has-post-thumbnail","6":"product_cat-kaffee-to-go","7":"product_cat-zubehor","8":"brands-outin","10":"first","11":"instock","12":"taxable","13":"shipping-taxable","14":"purchasable","15":"product-type-simple"},"acf":[],"weight_unit":"kg","dimension_unit":"cm","packaging_unit":"St\u00fccke","country_of_origin":"China","weee_germany":"DE97744419","website_url":"https:\/\/ferrygut.com\/","verkoper":"FerryGut.com","postcode":"5048CD","telefoonnummer":"+31850000735","_links":{"self":[{"href":"https:\/\/ferrygut.com\/de\/wp-json\/wp\/v2\/product\/82097","targetHints":{"allow":["GET"]}}],"collection":[{"href":"https:\/\/ferrygut.com\/de\/wp-json\/wp\/v2\/product"}],"about":[{"href":"https:\/\/ferrygut.com\/de\/wp-json\/wp\/v2\/types\/product"}],"replies":[{"embeddable":true,"href":"https:\/\/ferrygut.com\/de\/wp-json\/wp\/v2\/comments?post=82097"}],"wp:featuredmedia":[{"embeddable":true,"href":"https:\/\/ferrygut.com\/de\/wp-json\/wp\/v2\/media\/82099"}],"wp:attachment":[{"href":"https:\/\/ferrygut.com\/de\/wp-json\/wp\/v2\/media?parent=82097"}],"wp:term":[{"taxonomy":"product_brand","embeddable":true,"href":"https:\/\/ferrygut.com\/de\/wp-json\/wp\/v2\/product_brand?post=82097"},{"taxonomy":"product_cat","embeddable":true,"href":"https:\/\/ferrygut.com\/de\/wp-json\/wp\/v2\/product_cat?post=82097"},{"taxonomy":"product_tag","embeddable":true,"href":"https:\/\/ferrygut.com\/de\/wp-json\/wp\/v2\/product_tag?post=82097"},{"taxonomy":"brands","embeddable":true,"href":"https:\/\/ferrygut.com\/de\/wp-json\/wp\/v2\/brands?post=82097"},{"taxonomy":"channels","embeddable":true,"href":"https:\/\/ferrygut.com\/de\/wp-json\/wp\/v2\/channels?post=82097"}],"curies":[{"name":"wp","href":"https:\/\/api.w.org\/{rel}","templated":true}]}}