{"id":8204,"date":"2023-12-18T12:21:13","date_gmt":"2023-12-18T11:21:13","guid":{"rendered":"https:\/\/ferrygut.com\/product\/rolling-square-incharge-x-schwarz\/"},"modified":"2026-03-01T18:40:27","modified_gmt":"2026-03-01T17:40:27","slug":"rolling-square-incharge-x-schwarz","status":"publish","type":"product","link":"https:\/\/ferrygut.com\/de\/produkt\/rolling-square-incharge-x-schwarz\/","title":{"rendered":"Rolling Square &#8211; inCharge X &#8211; Schwarz"},"content":{"rendered":"<p><span style=\"font-size: 14px;\">Suchst du nach dem perfekten Ladekabel, das f\u00fcr alle deine Ger\u00e4te geeignet ist? Das inCharge X ist das Kabel, das alle deine Ladeanforderungen erf\u00fcllt. Dank seiner Vielseitigkeit ist dieses Kabel f\u00fcr alle Arten von Ger\u00e4ten geeignet, von deinem iPhone bis zu deinem Tablet, Laptop und mehr. Mit einem USB- und USB-C-Anschluss auf der einen Seite und einem Lightning-, Micro-USB- und einem weiteren USB-C-Anschluss auf der anderen Seite kannst du fast jedes Ger\u00e4t aufladen.   <\/span><\/p>\n<h4>Pluspunkte des inCharge X<\/h4>\n<ul>\n<li>Kompakt und tragbar: Mit einer L\u00e4nge von nur 9 cm ist dieses Kabel bequem zu transportieren.<\/li>\n<li>Leistungsstarkes Aufladen: Unterst\u00fctzt bis zu 60 W Schnellladung f\u00fcr schnelles und effizientes Aufladen.<\/li>\n<li>Stylisches Design: Erh\u00e4ltlich in 3 stylischen Farben.<\/li>\n<li>Verl\u00e4sslichkeit: 2 Jahre Garantie.<\/li>\n<\/ul>\n<h4>6-in-1 Ladel\u00f6sung<\/h4>\n<p>Das inCharge X bietet eine L\u00f6sung f\u00fcr das Problem der schleppenden Kabel. Die &#8220;6&#8221; im Namen steht f\u00fcr die sechs verschiedenen Anschlussm\u00f6glichkeiten, die dieses Kabel bietet. Erm\u00f6glicht das Laden von USB auf Lightning, Micro-USB und USB-C und umgekehrt. Der Lightning- und der Micro-USB-Anschluss sind sogar zu einem Dual-Anschluss kombiniert, d.h. du kannst diesen Anschluss sowohl f\u00fcr Apple-Ger\u00e4te mit einem 8-poligen Lightning-Anschluss als auch f\u00fcr Android-Ger\u00e4te mit einem Micro-USB-Anschluss verwenden.   <\/p>\n<h4>Superschnelles Aufladen<\/h4>\n<p>Das inCharge X bietet beeindruckende Ladegeschwindigkeiten. Mit der Unterst\u00fctzung von bis zu 60 W Schnellladung und der Kompatibilit\u00e4t mit Apples Schnellladefunktion von bis zu 18 W wird dir nie wieder der Strom ausgehen. Dieses Ladekabel kann nicht nur aufladen, sondern auch Daten mit einer Geschwindigkeit von 480 Mbit \u00fcbertragen, sodass alle deine Daten schnell und einfach auf dein Handy, deinen Laptop oder deine Festplatte \u00fcbertragen werden k\u00f6nnen.  <\/p>\n<h4>Erschwinglich und nachhaltig<\/h4>\n<p>Das inCharge X ist eine erschwingliche L\u00f6sung f\u00fcr alle deine Ladeanforderungen. Anstelle von zehn verschiedenen Kabeln mit unterschiedlichen Steckern hast du jetzt mit nur einem Kabel genug. Dieses Ladekabel wurde im Vergleich zu seinen Vorg\u00e4ngern verbessert. Es hat ein robustes Metallgeh\u00e4use, TPU-Enden, um Kabelbruch zu verhindern, und es werden nur hochwertige Materialien verwendet.  <\/p>\n<h4>Die wichtigsten Merkmale des Kabels<\/h4>\n<ul>\n<li>Langlebigkeit: robuste Materialien und ein stabiles Metallgeh\u00e4use.<\/li>\n<li>Universalit\u00e4t: geeignet f\u00fcr alle Arten von Ger\u00e4ten.<\/li>\n<li>Anti-Rutsch-System: bequem und benutzerfreundlich.<\/li>\n<li>Umweltfreundlicher Kabelmantel: Weicher, biegsamer und umweltfreundlicher TPE-Kabelmantel.<\/li>\n<li>Robustheit: Das inCharge X ist das st\u00e4rkste Kabel, das je von inCharge hergestellt wurde.<\/li>\n<\/ul>\n<p>Mit dem inCharge X hast du endlich ein Ladekabel, das alle deine Bed\u00fcrfnisse erf\u00fcllt. Bestelle dein Kabel noch heute und erlebe den Komfort eines einzigen Kabels f\u00fcr alle deine Ger\u00e4te. <\/p>\n<p>Neben der Farbe Schwarz ist das Incharge X auch in <a href=\"https:\/\/ferrygut.com\/de\/produkt\/rolling-square-incharge-x-blau\/\">Blau<\/a>, <a href=\"https:\/\/ferrygut.com\/de\/produkt\/rolling-square-incharge-x-gold\/\">Gold<\/a> und in der <a href=\"https:\/\/ferrygut.com\/de\/produkt\/rolling-square-incharge-x-max-schwarz\/\">MAX-Variante<\/a> erh\u00e4ltlich. Alle <a href=\"https:\/\/ferrygut.com\/de\/produkt-kategorie\/tech\/ladekabel\/\">Ladekabel<\/a> auf FerryGut.com ansehen.<\/p>\n","protected":false},"excerpt":{"rendered":"<p>Suchst du nach dem perfekten Ladekabel, das f\u00fcr alle deine Ger\u00e4te geeignet ist? Das inCharge X ist das Kabel, das alle deine Ladeanforderungen erf\u00fcllt. Dank seiner Vielseitigkeit ist dieses Kabel f\u00fcr alle Arten von Ger\u00e4ten geeignet, von deinem iPhone bis zu deinem Tablet, Laptop und mehr. Mit einem USB- und USB-C-Anschluss auf der einen Seite [&hellip;]<\/p>\n","protected":false},"featured_media":8205,"comment_status":"closed","ping_status":"closed","template":"","meta":{"_acf_changed":false,"_seopress_robots_primary_cat":"42","_seopress_titles_title":"All in one cable | Rollingsquare | inCharge X - Black | FerryGut","_seopress_titles_desc":"Mit dem vielseitigen Rolling Square inCharge X-Kabel hast du alle Anschlussm\u00f6glichkeiten, die du brauchst. Bestelle jetzt f\u00fcr ultimativen Komfort und zuverl\u00e4ssige Leistung. ","_seopress_robots_index":""},"product_brand":[],"product_cat":[2945,2932],"product_tag":[],"brands":[5265],"channels":[],"class_list":{"0":"post-8204","1":"product","2":"type-product","3":"status-publish","4":"has-post-thumbnail","6":"product_cat-ladekabel","7":"product_cat-tech","8":"brands-rolling-square","10":"first","11":"instock","12":"taxable","13":"shipping-taxable","14":"purchasable","15":"product-type-simple"},"acf":[],"weight_unit":"kg","dimension_unit":"cm","packaging_unit":"St\u00fccke","country_of_origin":"China","weee_germany":"DE97744419","website_url":"https:\/\/ferrygut.com\/","verkoper":"FerryGut.com","postcode":"5048CD","telefoonnummer":"+31850000735","_links":{"self":[{"href":"https:\/\/ferrygut.com\/de\/wp-json\/wp\/v2\/product\/8204","targetHints":{"allow":["GET"]}}],"collection":[{"href":"https:\/\/ferrygut.com\/de\/wp-json\/wp\/v2\/product"}],"about":[{"href":"https:\/\/ferrygut.com\/de\/wp-json\/wp\/v2\/types\/product"}],"replies":[{"embeddable":true,"href":"https:\/\/ferrygut.com\/de\/wp-json\/wp\/v2\/comments?post=8204"}],"wp:featuredmedia":[{"embeddable":true,"href":"https:\/\/ferrygut.com\/de\/wp-json\/wp\/v2\/media\/8205"}],"wp:attachment":[{"href":"https:\/\/ferrygut.com\/de\/wp-json\/wp\/v2\/media?parent=8204"}],"wp:term":[{"taxonomy":"product_brand","embeddable":true,"href":"https:\/\/ferrygut.com\/de\/wp-json\/wp\/v2\/product_brand?post=8204"},{"taxonomy":"product_cat","embeddable":true,"href":"https:\/\/ferrygut.com\/de\/wp-json\/wp\/v2\/product_cat?post=8204"},{"taxonomy":"product_tag","embeddable":true,"href":"https:\/\/ferrygut.com\/de\/wp-json\/wp\/v2\/product_tag?post=8204"},{"taxonomy":"brands","embeddable":true,"href":"https:\/\/ferrygut.com\/de\/wp-json\/wp\/v2\/brands?post=8204"},{"taxonomy":"channels","embeddable":true,"href":"https:\/\/ferrygut.com\/de\/wp-json\/wp\/v2\/channels?post=8204"}],"curies":[{"name":"wp","href":"https:\/\/api.w.org\/{rel}","templated":true}]}}