{"id":8194,"date":"2023-12-18T13:57:56","date_gmt":"2023-12-18T12:57:56","guid":{"rendered":"https:\/\/ferrygut.com\/product\/rolling-square-incharge-xl-3m-weis\/"},"modified":"2026-02-08T16:10:48","modified_gmt":"2026-02-08T15:10:48","slug":"rolling-square-incharge-xl-3m-weis","status":"publish","type":"product","link":"https:\/\/ferrygut.com\/de\/produkt\/rolling-square-incharge-xl-3m-weis\/","title":{"rendered":"Rolling Square &#8211; inCharge XL 3M &#8211; Wei\u00df"},"content":{"rendered":"<p><span style=\"font-size: 14px;\">Apple iPhone Lightning Kabel, Samsung S7 Kabel oder doch ein anderes Kabel? Dieses inCharge XL Ladekabel f\u00fcr das Handy hat alle Anschl\u00fcsse in einem! Mit dem inCharge XL hast du immer ein Ladekabel f\u00fcr dein iPhone, dein Samsung-Tablet, dein Macbook Air oder vielleicht deinen Go Pro zur Hand! Dieses Ladekabel von nicht weniger als     <\/span><strong style=\"font-size: 14px;\">3 Meter<\/strong><span style=\"font-size: 14px;\"> hat auf der einen Seite einen USB- und USB-C-Anschluss und auf der anderen Seite einen <\/span><strong style=\"font-size: 14px;\">Lightning, Micro-USB und USB-C<\/strong><span style=\"font-size: 14px;\">  Verbindung. So kannst du so ziemlich jedes Handy, Tablet, Controller, Laptop, jede Drohne und alles andere aufladen! <\/span><\/p>\n<h4><strong>Pluspunkte des inCharge XL<\/strong><\/h4>\n<ul>\n<li>3 Meter<\/li>\n<li>Bis zu 100 W Aufladung<\/li>\n<li>Nimm es immer mit<\/li>\n<li>Erh\u00e4ltlich in 3 verschiedenen Farben<\/li>\n<li>2 Jahre Garantie<\/li>\n<\/ul>\n<h5><strong>6-in-1<\/strong><\/h5>\n<p>Nie wieder 10 verschiedene Ladekabel im Haus haben. Mit dem inCharge XL Ladekabel geh\u00f6rt das endlich der Vergangenheit an. Das inCharge XL hat 6 verschiedene Anschlussm\u00f6glichkeiten. So kannst du von USB zu Lightning, Micro-USB und USB-C und von USB-C zu Lightning, Micro-USB und USB-C wechseln. Der Lightning- und der Micro-USB-Anschluss sind in einen Dual-Anschluss integriert. Das bedeutet, dass dieser Stecker sowohl f\u00fcr Apple-Ger\u00e4te mit einem 8-poligen Lightning-Anschluss als auch f\u00fcr Android-Ger\u00e4te mit einem Micro-USB-Anschluss verwendet werden kann. Willst du mehr \u00fcber USB-C-Stecker wissen? Dann lies unseren <a href=\"https:\/\/ferrygut.com\/de\/blog\/usb-c-kabel-was-ist-das-und-wofuer-ist-es-nuetzlich\/\">Blog \u00fcber USB-C-Stecker!<\/a>       <\/p>\n<h5><strong>Super schnell<\/strong><\/h5>\n<p>Das inCharge XL ist superschnell, das Ladekabel kann bis zu 100 W schnell laden und unterst\u00fctzt Apples Schnellladung bis zu 18 W. Mit diesem Kabel wirst du also nie wieder ohne Strom sein. Neben dem Aufladen kann dieses Datenkabel nat\u00fcrlich auch Daten \u00fcbertragen. Mit einer Geschwindigkeit von 480Mbps \/ 60 MBps sind alle deine Daten im Handumdrehen auf deinem Handy, deinem Laptop oder deiner Festplatte!   <\/p>\n<h5><strong>Telefon zu Telefon<\/strong><\/h5>\n<p>Mit dem inCharge XL kannst du dein Telefon als Powerbank f\u00fcr ein anderes Telefon verwenden. *(Bitte beachte, dass dies nur von USB-C zu USB-C m\u00f6glich ist) <\/p>\n<h5><strong>Erschwinglich und nachhaltig<\/strong><\/h5>\n<p>Dieses Kabel ist universell, du brauchst also nur ein Kabel statt 10 mit verschiedenen Steckern. Au\u00dferdem wurde das inCharge XL gegen\u00fcber seinen Vorg\u00e4ngern verbessert. So ist das Geh\u00e4use aus Metall, die Enden sind aus TPU, damit das Kabel nicht bricht, und es wurde nur das beste Material verwendet.  <\/p>\n<h5><strong>inCharge XL<\/strong><\/h5>\n<p>Das inCharge XL-Kabel ist auch in k\u00fcrzeren Versionen von 2 Metern und 30 Zentimetern erh\u00e4ltlich. Ideal, wenn du ohnehin weniger Kabel bevorzugst.  Bei FerryGut haben wir eine gro\u00dfe Auswahl an <a href=\"https:\/\/ferrygut.com\/de\/produkt-kategorie\/tech\/ladekabel\/\">Ladekabeln<\/a>. Das 3-Meter-Ladekabel von Incharge XL ist nicht nur in Wei\u00df, sondern auch in <a href=\"https:\/\/ferrygut.com\/de\/produkt\/rolling-square-incharge-xl-3m-gelb\/\">Gelb<\/a> und <a href=\"https:\/\/ferrygut.com\/de\/produkt\/rolling-square-incharge-xl-3m-schwarz\/\">Schwarz<\/a> erh\u00e4ltlich. Au\u00dferdem haben wir das XL-Kabel auch in einer 2-Meter-Version. Das 2 Meter lange Ladekabel von Rolling Square ist in <a href=\"https:\/\/ferrygut.com\/de\/produkt\/rolling-square-incharge-xl-2m-weis\/\">Wei\u00df<\/a>, <a href=\"https:\/\/ferrygut.com\/de\/produkt\/rolling-square-incharge-xl-2m-gelb\/\">Gelb<\/a> und <a href=\"https:\/\/ferrygut.com\/de\/produkt\/rolling-square-incharge-xl-2m-schwarz\/\">Schwarz<\/a> erh\u00e4ltlich.<\/p>\n<h5><strong>Die wichtigsten Merkmale des Kabels<\/strong><\/h5>\n<ol>\n<li>Extra Haltbarkeit durch robuste Materialien<\/li>\n<li>Metallgeh\u00e4use<\/li>\n<li>Universeller Einsatz<\/li>\n<li>Anti-Rutsch-System<\/li>\n<li>Der TPE-Kabelmantel ist weich, biegsam und umweltfreundlich<\/li>\n<li>Das st\u00e4rkste jemals hergestellte inCharge-Kabel<\/li>\n<\/ol>\n","protected":false},"excerpt":{"rendered":"<p>Apple iPhone Lightning Kabel, Samsung S7 Kabel oder doch ein anderes Kabel? Dieses inCharge XL Ladekabel f\u00fcr das Handy hat alle Anschl\u00fcsse in einem! Mit dem inCharge XL hast du immer ein Ladekabel f\u00fcr dein iPhone, dein Samsung-Tablet, dein Macbook Air oder vielleicht deinen Go Pro zur Hand! Dieses Ladekabel von nicht weniger als 3 [&hellip;]<\/p>\n","protected":false},"featured_media":8196,"comment_status":"closed","ping_status":"closed","template":"","meta":{"_acf_changed":false,"_seopress_robots_primary_cat":"42","_seopress_titles_title":"Ladekabel | Rolling Square | inCharge XL | 3 Meter Ladekabel | Wei\u00df","_seopress_titles_desc":"Bestelle dein Ladekabel f\u00fcr dein Handy oder andere Ger\u00e4te jetzt bei FerryGut.com. Das Ladekabel von Rollingsquare kann bis zu 100 W aufladen und erreicht dein Telefon. ","_seopress_robots_index":""},"product_brand":[],"product_cat":[2945,2932],"product_tag":[],"brands":[5265],"channels":[],"class_list":{"0":"post-8194","1":"product","2":"type-product","3":"status-publish","4":"has-post-thumbnail","6":"product_cat-ladekabel","7":"product_cat-tech","8":"brands-rolling-square","10":"first","11":"instock","12":"taxable","13":"shipping-taxable","14":"purchasable","15":"product-type-simple"},"acf":[],"weight_unit":"kg","dimension_unit":"cm","packaging_unit":"St\u00fccke","country_of_origin":"China","weee_germany":"DE97744419","website_url":"https:\/\/ferrygut.com\/","verkoper":"FerryGut.com","postcode":"5048CD","telefoonnummer":"+31850000735","_links":{"self":[{"href":"https:\/\/ferrygut.com\/de\/wp-json\/wp\/v2\/product\/8194","targetHints":{"allow":["GET"]}}],"collection":[{"href":"https:\/\/ferrygut.com\/de\/wp-json\/wp\/v2\/product"}],"about":[{"href":"https:\/\/ferrygut.com\/de\/wp-json\/wp\/v2\/types\/product"}],"replies":[{"embeddable":true,"href":"https:\/\/ferrygut.com\/de\/wp-json\/wp\/v2\/comments?post=8194"}],"wp:featuredmedia":[{"embeddable":true,"href":"https:\/\/ferrygut.com\/de\/wp-json\/wp\/v2\/media\/8196"}],"wp:attachment":[{"href":"https:\/\/ferrygut.com\/de\/wp-json\/wp\/v2\/media?parent=8194"}],"wp:term":[{"taxonomy":"product_brand","embeddable":true,"href":"https:\/\/ferrygut.com\/de\/wp-json\/wp\/v2\/product_brand?post=8194"},{"taxonomy":"product_cat","embeddable":true,"href":"https:\/\/ferrygut.com\/de\/wp-json\/wp\/v2\/product_cat?post=8194"},{"taxonomy":"product_tag","embeddable":true,"href":"https:\/\/ferrygut.com\/de\/wp-json\/wp\/v2\/product_tag?post=8194"},{"taxonomy":"brands","embeddable":true,"href":"https:\/\/ferrygut.com\/de\/wp-json\/wp\/v2\/brands?post=8194"},{"taxonomy":"channels","embeddable":true,"href":"https:\/\/ferrygut.com\/de\/wp-json\/wp\/v2\/channels?post=8194"}],"curies":[{"name":"wp","href":"https:\/\/api.w.org\/{rel}","templated":true}]}}