{"id":8082,"date":"2024-01-10T10:54:39","date_gmt":"2024-01-10T09:54:39","guid":{"rendered":"https:\/\/ferrygut.com\/product\/munchkin-miracle-360-trainer-cup-5\/"},"modified":"2025-04-15T11:54:07","modified_gmt":"2025-04-15T09:54:07","slug":"munchkin-miracle-360-trainer-cup-5","status":"publish","type":"product","link":"https:\/\/ferrygut.com\/de\/produkt\/munchkin-miracle-360-trainer-cup-5\/","title":{"rendered":"Munchkin &#8211; Miracle 360\u00b0 Trainer Cup"},"content":{"rendered":"<h5><em>Der perfekte Trainingsbecher f\u00fcr kleine Entdecker<\/em><\/h5>\n<h4><strong>Die Pluspunkte des Munchkin Miracle Trainer Cups:<\/strong><\/h4>\n<ul>\n<li>Trainerbecher Auslaufsicheres Erlebnis<\/li>\n<li>F\u00f6rdert den \u00dcbergang zum offenen Becher<\/li>\n<li>Ermutigt zu gesunden Gewohnheiten<\/li>\n<li>Sichere Materialien<\/li>\n<li>Leicht zu reinigen<\/li>\n<\/ul>\n<h5><strong>Der ultimative \u00dcbungsbecher f\u00fcr kleine H\u00e4nde<\/strong><\/h5>\n<p>Mit dem Munchkin Miracle 360 Trainer Cup kannst du dein Kind m\u00fchelos an das selbstst\u00e4ndige Trinken heranf\u00fchren. Dieser innovative Trainingsbecher wurde mit Blick auf Komfort, Bequemlichkeit und ein unproblematisches Erlebnis f\u00fcr Eltern und Kind entwickelt. Lass dein Kleines mit diesem auslaufsicheren Trinkbecher jeden Schluck entdecken und genie\u00dfen.  <\/p>\n<h5><strong>Anti-Leck-Technologie f\u00fcr unbeschwertes Vergn\u00fcgen<\/strong><\/h5>\n<p>Mit dem Munchkin Miracle 360 Trainer Cup geh\u00f6rt die Sorge um ein Auslaufen der Vergangenheit an. Das clevere 360\u00b0-Design erm\u00f6glicht es deinem Kind, von jedem Rand des Bechers zu trinken, w\u00e4hrend sich der innovative Verschluss automatisch schlie\u00dft, wenn dein Kind nicht trinkt. Das sorgt nicht nur f\u00fcr ein auslaufsicheres Erlebnis, sondern f\u00f6rdert auch eine gesunde Trinkgewohnheit.  <\/p>\n<h5><strong>Einfacher \u00dcbergang von der Flasche zum Becher<\/strong><\/h5>\n<p>Der \u00dcbergang von der Flasche zum Becher kann manchmal eine Herausforderung sein, aber mit dem Munchkin Miracle 360 Trainer Cup wird diese Phase problemlos. Das Design ahmt das Trinken aus einem normalen Becher nach und hilft deinem Kind, die notwendigen motorischen F\u00e4higkeiten f\u00fcr das selbstst\u00e4ndige Trinken zu entwickeln. Die Griffe sind perfekt an kleine H\u00e4nde angepasst, damit dein Kind selbstbewusst die Welt der Trinkbecher erkunden kann.  <\/p>\n<h5><strong>Gesunde Trinkgewohnheiten ermutigen<\/strong><\/h5>\n<p>Dank seines intelligenten Designs ermutigt der Munchkin Miracle 360 \u00dcbungsbecher dein Kind, auf nat\u00fcrliche Weise zu trinken, ohne T\u00fclle oder Strohhalm. Diese Funktion f\u00f6rdert nicht nur die Mundgesundheit, sondern hilft auch beim \u00dcbergang zu normalen Trinkbechern. Gib deinem Kind die Freiheit, selbstst\u00e4ndig zu trinken und entwickelt gemeinsam gesunde Trinkgewohnheiten.  <\/p>\n<h5><strong>Sicherheit geht vor mit BPA-freiem Material<\/strong><\/h5>\n<p>Bei Munchkin steht die Sicherheit immer an erster Stelle. Der Miracle 360 Trainer Cup ist aus hochwertigem, BPA-freiem Material hergestellt, damit du dein Kind unbesorgt seine Getr\u00e4nke genie\u00dfen lassen kannst. Langlebigkeit und Sicherheit gehen Hand in Hand und machen diesen Trinkbecher zu einem zuverl\u00e4ssigen Begleiter, wenn dein Kind w\u00e4chst.  <\/p>\n<h5><strong>Leicht sauber zu halten f\u00fcr Eltern<\/strong><\/h5>\n<p>Eltern haben schon genug um die Ohren. Deshalb hat Munchkin daf\u00fcr gesorgt, dass der Miracle 360 Trainer Cup leicht zu reinigen ist. Der Becher besteht aus nur wenigen Teilen und ist sp\u00fclmaschinenfest. So kannst du mehr Zeit mit deinem Kind verbringen, anstatt dich mit der Reinigung herumzuschlagen. <\/p>\n<h5><strong>Fazit: Schritt in die Welt des selbstst\u00e4ndigen Trinkens mit dem Munchkin Miracle 360 Trainer Cup<\/strong><\/h5>\n<p>Entscheide dich f\u00fcr Komfort, Innovation und ein schmutzfreies Erlebnis mit dem Munchkin Miracle 360 \u00dcbungsbecher. F\u00f6rdern Sie gesunde Trinkgewohnheiten, machen Sie den \u00dcbergang von der Flasche zum Becher m\u00fchelos und genie\u00dfen Sie jeden Schluck, ohne sich Gedanken \u00fcber ein Auslaufen zu machen. Lass dein Kind mit dem besten Begleiter f\u00fcr unabh\u00e4ngiges Trinken aufwachsen. Entdecke noch heute den Munchkin Miracle 360 Practice Cup und mache die t\u00e4glichen Trinkmomente m\u00fchelos und angenehm f\u00fcr dich und dein Kind.   <\/p>\n<h5><strong>Wichtige Merkmale:<\/strong><\/h5>\n<ul>\n<li>Anti-Leck-Technologie<\/li>\n<li>Einfacher \u00dcbergang zum offenen Becher<\/li>\n<li>Ermutigung zu gesunden Trinkgewohnheiten<\/li>\n<li>Sicheres und BPA-freies Material<\/li>\n<li>Leicht zu reinigen<\/li>\n<\/ul>\n","protected":false},"excerpt":{"rendered":"<ul>\n<li>\n<\/li>\n<\/ul>\n","protected":false},"featured_media":38818,"comment_status":"closed","ping_status":"closed","template":"","meta":{"_acf_changed":false,"_seopress_robots_primary_cat":"54","_seopress_titles_title":"Auslaufsicherer Becher | Munchkin | 360\u00b0 | Blau | 207ml Trinkbecher","_seopress_titles_desc":"F\u00f6rdere den \u00dcbergang deines Kindes zu einem offenen Becher mit dem 360\u00b0-Becher von Munchkin | Auslaufschutz | Jetzt bei FerryGut bestellen! | Kostenloser Versand ab \u20ac 19 ","_seopress_robots_index":""},"product_brand":[],"product_cat":[2882,2895,2896],"product_tag":[],"brands":[5289],"channels":[],"class_list":{"0":"post-8082","1":"product","2":"type-product","3":"status-publish","4":"has-post-thumbnail","6":"product_cat-baby-kind","7":"product_cat-essen-und-trinken","8":"product_cat-tassen","9":"brands-munchkin","11":"first","12":"outofstock","13":"taxable","14":"shipping-taxable","15":"purchasable","16":"product-type-simple"},"acf":[],"weight_unit":"kg","dimension_unit":"cm","packaging_unit":"St\u00fccke","country_of_origin":"China","weee_germany":"DE97744419","website_url":"https:\/\/ferrygut.com\/","verkoper":"FerryGut.com","postcode":"5048CD","telefoonnummer":"+31850000735","_links":{"self":[{"href":"https:\/\/ferrygut.com\/de\/wp-json\/wp\/v2\/product\/8082","targetHints":{"allow":["GET"]}}],"collection":[{"href":"https:\/\/ferrygut.com\/de\/wp-json\/wp\/v2\/product"}],"about":[{"href":"https:\/\/ferrygut.com\/de\/wp-json\/wp\/v2\/types\/product"}],"replies":[{"embeddable":true,"href":"https:\/\/ferrygut.com\/de\/wp-json\/wp\/v2\/comments?post=8082"}],"wp:featuredmedia":[{"embeddable":true,"href":"https:\/\/ferrygut.com\/de\/wp-json\/wp\/v2\/media\/38818"}],"wp:attachment":[{"href":"https:\/\/ferrygut.com\/de\/wp-json\/wp\/v2\/media?parent=8082"}],"wp:term":[{"taxonomy":"product_brand","embeddable":true,"href":"https:\/\/ferrygut.com\/de\/wp-json\/wp\/v2\/product_brand?post=8082"},{"taxonomy":"product_cat","embeddable":true,"href":"https:\/\/ferrygut.com\/de\/wp-json\/wp\/v2\/product_cat?post=8082"},{"taxonomy":"product_tag","embeddable":true,"href":"https:\/\/ferrygut.com\/de\/wp-json\/wp\/v2\/product_tag?post=8082"},{"taxonomy":"brands","embeddable":true,"href":"https:\/\/ferrygut.com\/de\/wp-json\/wp\/v2\/brands?post=8082"},{"taxonomy":"channels","embeddable":true,"href":"https:\/\/ferrygut.com\/de\/wp-json\/wp\/v2\/channels?post=8082"}],"curies":[{"name":"wp","href":"https:\/\/api.w.org\/{rel}","templated":true}]}}