{"id":8014,"date":"2024-01-17T14:29:59","date_gmt":"2024-01-17T13:29:59","guid":{"rendered":"https:\/\/ferrygut.com\/product\/munchkin-trainer-farbwechselnder-becher-3\/"},"modified":"2025-04-15T11:51:49","modified_gmt":"2025-04-15T09:51:49","slug":"munchkin-trainer-farbwechselnder-becher-3","status":"publish","type":"product","link":"https:\/\/ferrygut.com\/de\/produkt\/munchkin-trainer-farbwechselnder-becher-3\/","title":{"rendered":"Munchkin &#8211; Trainer Farbwechselnder Becher"},"content":{"rendered":"<h2><strong style=\"font-size: 14px;\">Die Pluspunkte des Munchkin Trainer Colour Changing Cup:<\/strong><\/h2>\n<ul>\n<li>Auslaufsichere Erfahrung<\/li>\n<li>F\u00f6rdert den \u00dcbergang zum offenen Becher<\/li>\n<li>Ermutigt zu gesunden Gewohnheiten<\/li>\n<li>Sichere Materialien<\/li>\n<li>Leicht zu reinigen<\/li>\n<\/ul>\n<h5>Auslaufsicheres Vergn\u00fcgen mit Farbwechsel<\/h5>\n<p>Dieser Becher macht dank seiner cleveren 360\u00b0-Technologie kurzen Prozess mit undichten Stellen.<br \/>\nDer Farbwechsel bringt ein spielerisches Element in das Trinkerlebnis, w\u00e4hrend der innovative Verschluss sich automatisch schlie\u00dft, wenn der kleine Entdecker nicht trinkt.<br \/>\nEin farbenfrohes Abenteuer, bei dem man sich keine Sorgen um Manipulationen machen muss!  <\/p>\n<h5>Perfekt f\u00fcr kleine H\u00e4nde<\/h5>\n<p>Der Munchkin Trainer Colour Changing Cup wurde speziell f\u00fcr die Bed\u00fcrfnisse kleiner H\u00e4nde entwickelt. Die Griffe sind perfekt auf den Griff von Kleinkindern abgestimmt. So k\u00f6nnen sie selbstbewusst die Welt der Trinkbecher erkunden und ihre motorischen F\u00e4higkeiten entwickeln. <\/p>\n<h5>Gesunde Gewohnheiten ermutigen<\/h5>\n<p>Dieses intelligente Design f\u00f6rdert das nat\u00fcrliche Trinken ohne Trinkschnabel oder Strohhalm, f\u00f6rdert die Mundgesundheit und erleichtert den \u00dcbergang zu normalen Trinkbechern.<br \/>\nGib deinem Kind die Freiheit, selbstst\u00e4ndig zu trinken und entwickelt gemeinsam gesunde Trinkgewohnheiten. <\/p>\n<h5>Sicherheit und Nachhaltigkeit<\/h5>\n<p>Bei Munchkin steht die Sicherheit an erster Stelle. Der Trainer Colour Changing Cup ist aus hochwertigem und BPA-freiem Material hergestellt, damit Eltern ihr Kind unbesorgt Getr\u00e4nke genie\u00dfen k\u00f6nnen. Langlebigkeit und Sicherheit gehen Hand in Hand und machen diesen Trinkbecher zu einem zuverl\u00e4ssigen Begleiter, wenn dein Kind w\u00e4chst.  <\/p>\n<h5>Leicht sauber zu halten f\u00fcr Eltern<\/h5>\n<p>Eltern haben schon genug um die Ohren, deshalb ist der Trainer Colour Changing Cup leicht sauber zu halten. Da sie nur aus wenigen Teilen besteht und sp\u00fclmaschinenfest ist, k\u00f6nnen Eltern mehr Zeit mit ihrem Kind verbringen, anstatt sich mit der Reinigung abzum\u00fchen. <\/p>\n<h5>Fazit: Entdecke die Magie des farbwechselnden Trinkens mit dem Munchkin 360 Cup<\/h5>\n<p>Entscheide dich f\u00fcr Komfort, Innovation und ein farbenfrohes Abenteuer mit dem Munchkin Miracle 360 Colour Changing Sippy Cup. F\u00f6rdern Sie gesunde Trinkgewohnheiten, machen Sie den \u00dcbergang zum selbstst\u00e4ndigen Trinken m\u00fchelos und genie\u00dfen Sie jeden Schluck, ohne sich Gedanken \u00fcber undichte Stellen zu machen. Entdecke noch heute den Munchkin Miracle 360 Colour Changing Sippy Cup und mache die t\u00e4glichen Trinkmomente f\u00fcr dich und dein Kind magisch und lustig.  <\/p>\n<h5>Wichtige Merkmale:<\/h5>\n<ul>\n<li>Anti-Leck-Technologie mit Farbwechsel<\/li>\n<li>Einfacher \u00dcbergang zum offenen Becher<\/li>\n<li>Ermutigung zu gesunden Trinkgewohnheiten<\/li>\n<li>Sicheres und BPA-freies Material<\/li>\n<li>Leicht zu reinigen<\/li>\n<\/ul>\n","protected":false},"excerpt":{"rendered":"<p>Die Pluspunkte des Munchkin Trainer Colour Changing Cup: Auslaufsichere Erfahrung F\u00f6rdert den \u00dcbergang zum offenen Becher Ermutigt zu gesunden Gewohnheiten Sichere Materialien Leicht zu reinigen Auslaufsicheres Vergn\u00fcgen mit Farbwechsel Dieser Becher macht dank seiner cleveren 360\u00b0-Technologie kurzen Prozess mit undichten Stellen. Der Farbwechsel bringt ein spielerisches Element in das Trinkerlebnis, w\u00e4hrend der innovative Verschluss sich [&hellip;]<\/p>\n","protected":false},"featured_media":8016,"comment_status":"closed","ping_status":"closed","template":"","meta":{"_acf_changed":false,"_seopress_robots_primary_cat":"none","_seopress_titles_title":"360\u00b0 Farbwechselbecher | Munchkin | Blau | FerryGut","_seopress_titles_desc":"Auslaufsicherer Trinkbecher f\u00fcr Kinder. Bestelle es jetzt und lass dein Kind eine einzigartige Erfahrung beim Trinken machen. FerryGut hat verschiedene Farben von Trinkbechern.  ","_seopress_robots_index":""},"product_brand":[],"product_cat":[2882,2895,2896],"product_tag":[],"brands":[5289],"channels":[],"class_list":{"0":"post-8014","1":"product","2":"type-product","3":"status-publish","4":"has-post-thumbnail","6":"product_cat-baby-kind","7":"product_cat-essen-und-trinken","8":"product_cat-tassen","9":"brands-munchkin","11":"first","12":"instock","13":"taxable","14":"shipping-taxable","15":"purchasable","16":"product-type-simple"},"acf":[],"weight_unit":"kg","dimension_unit":"cm","packaging_unit":"St\u00fccke","country_of_origin":"China","weee_germany":"DE97744419","website_url":"https:\/\/ferrygut.com\/","verkoper":"FerryGut.com","postcode":"5048CD","telefoonnummer":"+31850000735","_links":{"self":[{"href":"https:\/\/ferrygut.com\/de\/wp-json\/wp\/v2\/product\/8014","targetHints":{"allow":["GET"]}}],"collection":[{"href":"https:\/\/ferrygut.com\/de\/wp-json\/wp\/v2\/product"}],"about":[{"href":"https:\/\/ferrygut.com\/de\/wp-json\/wp\/v2\/types\/product"}],"replies":[{"embeddable":true,"href":"https:\/\/ferrygut.com\/de\/wp-json\/wp\/v2\/comments?post=8014"}],"wp:featuredmedia":[{"embeddable":true,"href":"https:\/\/ferrygut.com\/de\/wp-json\/wp\/v2\/media\/8016"}],"wp:attachment":[{"href":"https:\/\/ferrygut.com\/de\/wp-json\/wp\/v2\/media?parent=8014"}],"wp:term":[{"taxonomy":"product_brand","embeddable":true,"href":"https:\/\/ferrygut.com\/de\/wp-json\/wp\/v2\/product_brand?post=8014"},{"taxonomy":"product_cat","embeddable":true,"href":"https:\/\/ferrygut.com\/de\/wp-json\/wp\/v2\/product_cat?post=8014"},{"taxonomy":"product_tag","embeddable":true,"href":"https:\/\/ferrygut.com\/de\/wp-json\/wp\/v2\/product_tag?post=8014"},{"taxonomy":"brands","embeddable":true,"href":"https:\/\/ferrygut.com\/de\/wp-json\/wp\/v2\/brands?post=8014"},{"taxonomy":"channels","embeddable":true,"href":"https:\/\/ferrygut.com\/de\/wp-json\/wp\/v2\/channels?post=8014"}],"curies":[{"name":"wp","href":"https:\/\/api.w.org\/{rel}","templated":true}]}}