{"id":7953,"date":"2024-01-18T09:18:09","date_gmt":"2024-01-18T08:18:09","guid":{"rendered":"https:\/\/ferrygut.com\/product\/munchkin-isolierter-becher-isolierter-becher\/"},"modified":"2025-04-28T11:51:00","modified_gmt":"2025-04-28T09:51:00","slug":"munchkin-isolierter-becher-isolierter-becher","status":"publish","type":"product","link":"https:\/\/ferrygut.com\/de\/produkt\/munchkin-isolierter-becher-isolierter-becher\/","title":{"rendered":"Munchkin &#8211; Isolierter Becher &#8211; Isolierter Becher"},"content":{"rendered":"<p><em><strong>Der perfekte Isolierbecher f\u00fcr kleine Abenteurer &#8211; personalisiere ihn mit den beigef\u00fcgten Aufklebern und genie\u00dfe erfrischend k\u00fchle Getr\u00e4nke<\/strong><\/em><\/p>\n<p>Der Munchkin Miracle 360 Insulated Children&#8217;s Cup ist nicht einfach nur ein weiterer Trinkbecher; er ist ein individuelles Erlebnis f\u00fcr kleine Abenteurer ab 12 Monaten. Mit den beiliegenden Aufklebern k\u00f6nnen Kinder ihren eigenen Becher personalisieren, w\u00e4hrend die doppelwandige Isolierfunktion daf\u00fcr sorgt, dass Getr\u00e4nke l\u00e4nger kalt bleiben. Entdecke unabh\u00e4ngiges Trinken mit Leichtigkeit, Stil und einem erfrischenden Twist f\u00fcr Eltern und Kinder.  <\/p>\n<h4>Die Pluspunkte des Munchkin Miracle 360 Cups:<\/h4>\n<ul>\n<li>Auslaufsichere Erfahrung<\/li>\n<li>F\u00f6rdert den \u00dcbergang zum offenen Becher<\/li>\n<li>Ermutigt zu gesunden Gewohnheiten<\/li>\n<li>Sichere Materialien<\/li>\n<li>Leicht zu reinigen<\/li>\n<\/ul>\n<h5>Auslaufsicheres Vergn\u00fcgen mit pers\u00f6nlichem Stil<\/h5>\n<p>Dieses innovative Design bietet nicht nur ein auslaufsicheres Erlebnis, sondern erm\u00f6glicht es Kindern auch, ihren Becher mit den mitgelieferten Aufklebern zu personalisieren. Die 360\u00b0-Technologie erm\u00f6glicht es ihnen, von jedem Rand des Bechers zu trinken, w\u00e4hrend der automatische Verschluss ein Auslaufen verhindert. Genie\u00dfe pers\u00f6nlichen Stil und Komfort in einem Isolierbecher.  <\/p>\n<h5>Erfrischende Isolierung f\u00fcr lang anhaltende K\u00fchle<\/h5>\n<p>Der Munchkin Miracle 360 Isolierbecher f\u00fcr Kinder ist doppelwandig und verf\u00fcgt \u00fcber eine Isolierfunktion, damit die Getr\u00e4nke l\u00e4nger k\u00fchl bleiben. Dieser Becher ist perfekt f\u00fcr aktive Tage und hei\u00dfe Abenteuer und bietet Erfrischung f\u00fcr l\u00e4ngere Zeit. <\/p>\n<h5>Perfekt f\u00fcr kleine H\u00e4nde<\/h5>\n<p>Die Griffe des Isolierbechers wurden speziell f\u00fcr die Bed\u00fcrfnisse kleiner H\u00e4nde entwickelt und sind perfekt an den Griff von Kleinkindern angepasst. So k\u00f6nnen sie selbstbewusst lernen, selbstst\u00e4ndig zu trinken und ihre motorischen F\u00e4higkeiten zu entwickeln. <\/p>\n<h5>Gesunde Gewohnheiten ermutigen<\/h5>\n<p>Das intelligente Design f\u00f6rdert nicht nur den pers\u00f6nlichen Stil und die Erfrischung, sondern auch das nat\u00fcrliche Trinken ohne Ausgie\u00dfer oder Strohhalm. Das tr\u00e4gt nicht nur zur Mundgesundheit bei, sondern erleichtert auch den \u00dcbergang zu normalen Trinkbechern. <\/p>\n<h5>Sicherheit und Nachhaltigkeit<\/h5>\n<p>Bei Munchkin steht die Sicherheit an erster Stelle. Der Miracle 360 Isolierbecher ist aus hochwertigem und BPA-freiem Material hergestellt, damit Eltern ihr Kind unbesorgt erfrischende Getr\u00e4nke genie\u00dfen k\u00f6nnen. Langlebigkeit, Sicherheit und Erfrischung vereinen sich in diesem zuverl\u00e4ssigen Begleiter, w\u00e4hrend dein Kind w\u00e4chst.  <\/p>\n<h5>Leicht sauber zu halten f\u00fcr Eltern<\/h5>\n<p>Eltern haben schon genug um die Ohren, deshalb ist der Miracle 360 Isolierbecher leicht sauber zu halten. Da sie nur aus wenigen Teilen besteht und sp\u00fclmaschinenfest ist, k\u00f6nnen Eltern mehr Zeit mit ihrem Kind verbringen, anstatt sich mit der Reinigung abzum\u00fchen. <\/p>\n<h5>Fazit: Entdecke den erfrischenden Stil des unabh\u00e4ngigen Trinkens mit dem Munchkin Miracle 360 Insulated Cup<\/h5>\n<p>Entscheide dich f\u00fcr Komfort, Stil, Personalisierung und Erfrischung mit dem Munchkin Miracle 360 Isolierbecher f\u00fcr Kinder. F\u00f6rdern Sie gesunde Trinkgewohnheiten, machen Sie den \u00dcbergang zum selbstst\u00e4ndigen Trinken m\u00fchelos und genie\u00dfen Sie jeden Schluck, ohne sich Gedanken \u00fcber auslaufende Fl\u00fcssigkeiten zu machen, und mit dem erfrischenden Bonus, dass die Getr\u00e4nke l\u00e4nger k\u00fchl bleiben. Entdecke noch heute den Munchkin Miracle 360 Isolierbecher f\u00fcr Kinder f\u00fcr ein abenteuerliches und lustiges Trinkerlebnis!  <\/p>\n<h5>Wichtige Merkmale:<\/h5>\n<ul>\n<li>Auslaufsicheres Design mit Personalisierungsaufklebern<\/li>\n<li>Doppelwandige Isolierfunktion f\u00fcr lang anhaltende K\u00fchle<\/li>\n<li>Einfacher \u00dcbergang zum offenen Becher<\/li>\n<li>Ermutigung zu gesunden Trinkgewohnheiten<\/li>\n<li>Sicheres und BPA-freies Material<\/li>\n<li>Leicht zu reinigen<\/li>\n<\/ul>\n","protected":false},"excerpt":{"rendered":"<p>Der perfekte Isolierbecher f\u00fcr kleine Abenteurer &#8211; personalisiere ihn mit den beigef\u00fcgten Aufklebern und genie\u00dfe erfrischend k\u00fchle Getr\u00e4nke Der Munchkin Miracle 360 Insulated Children&#8217;s Cup ist nicht einfach nur ein weiterer Trinkbecher; er ist ein individuelles Erlebnis f\u00fcr kleine Abenteurer ab 12 Monaten. Mit den beiliegenden Aufklebern k\u00f6nnen Kinder ihren eigenen Becher personalisieren, w\u00e4hrend die [&hellip;]<\/p>\n","protected":false},"featured_media":7954,"comment_status":"closed","ping_status":"closed","template":"","meta":{"_acf_changed":false,"_seopress_robots_primary_cat":"54","_seopress_titles_title":"Isolierter Becher | Munchkin | Gr\u00fcn | FerryGut.com","_seopress_titles_desc":"In diesem individuell gestaltbaren Becher bleiben die Getr\u00e4nke deines Kindes l\u00e4nger kalt | F\u00fcr Kinder ab 1 Jahr | Bestelle ihn hier! | W\u00e4hle deinen eigenen Lieferservice ","_seopress_robots_index":""},"product_brand":[],"product_cat":[2882,2895,2896],"product_tag":[],"brands":[5289],"channels":[],"class_list":{"0":"post-7953","1":"product","2":"type-product","3":"status-publish","4":"has-post-thumbnail","6":"product_cat-baby-kind","7":"product_cat-essen-und-trinken","8":"product_cat-tassen","9":"brands-munchkin","11":"first","12":"instock","13":"taxable","14":"shipping-taxable","15":"purchasable","16":"product-type-simple"},"acf":[],"weight_unit":"kg","dimension_unit":"cm","packaging_unit":"St\u00fccke","country_of_origin":"China","weee_germany":"DE97744419","website_url":"https:\/\/ferrygut.com\/","verkoper":"FerryGut.com","postcode":"5048CD","telefoonnummer":"+31850000735","_links":{"self":[{"href":"https:\/\/ferrygut.com\/de\/wp-json\/wp\/v2\/product\/7953","targetHints":{"allow":["GET"]}}],"collection":[{"href":"https:\/\/ferrygut.com\/de\/wp-json\/wp\/v2\/product"}],"about":[{"href":"https:\/\/ferrygut.com\/de\/wp-json\/wp\/v2\/types\/product"}],"replies":[{"embeddable":true,"href":"https:\/\/ferrygut.com\/de\/wp-json\/wp\/v2\/comments?post=7953"}],"wp:featuredmedia":[{"embeddable":true,"href":"https:\/\/ferrygut.com\/de\/wp-json\/wp\/v2\/media\/7954"}],"wp:attachment":[{"href":"https:\/\/ferrygut.com\/de\/wp-json\/wp\/v2\/media?parent=7953"}],"wp:term":[{"taxonomy":"product_brand","embeddable":true,"href":"https:\/\/ferrygut.com\/de\/wp-json\/wp\/v2\/product_brand?post=7953"},{"taxonomy":"product_cat","embeddable":true,"href":"https:\/\/ferrygut.com\/de\/wp-json\/wp\/v2\/product_cat?post=7953"},{"taxonomy":"product_tag","embeddable":true,"href":"https:\/\/ferrygut.com\/de\/wp-json\/wp\/v2\/product_tag?post=7953"},{"taxonomy":"brands","embeddable":true,"href":"https:\/\/ferrygut.com\/de\/wp-json\/wp\/v2\/brands?post=7953"},{"taxonomy":"channels","embeddable":true,"href":"https:\/\/ferrygut.com\/de\/wp-json\/wp\/v2\/channels?post=7953"}],"curies":[{"name":"wp","href":"https:\/\/api.w.org\/{rel}","templated":true}]}}