{"id":7917,"date":"2024-01-18T14:16:54","date_gmt":"2024-01-18T13:16:54","guid":{"rendered":"https:\/\/ferrygut.com\/product\/munchkin-tip-sip-strohhalmbecher-auslaufsicherer-strohhalmbecher-pink\/"},"modified":"2025-04-15T12:01:43","modified_gmt":"2025-04-15T10:01:43","slug":"munchkin-tip-sip-strohhalmbecher-auslaufsicherer-strohhalmbecher-pink","status":"publish","type":"product","link":"https:\/\/ferrygut.com\/de\/produkt\/munchkin-tip-sip-strohhalmbecher-auslaufsicherer-strohhalmbecher-pink\/","title":{"rendered":"Munchkin Tip &amp; Sip Strohhalmbecher &#8211; Auslaufsicherer Strohhalmbecher &#8211; Pink"},"content":{"rendered":"<p><span style=\"font-size: 14px;\">Der Munchkin Tip &amp; Sip Trinkbecher mit Strohhalm ist nicht einfach nur ein weiterer Trinkbecher, sondern ein clever designter Becher speziell f\u00fcr kleine Entdecker.<br \/>\nMit den praktischen Funktionen, dem fr\u00f6hlichen Design und der einfachen Handhabung wird das selbstst\u00e4ndige Trinken zu einem fr\u00f6hlichen und m\u00fchelosen Erlebnis f\u00fcr Eltern und Kind. <\/span><\/p>\n<h4>Die Pluspunkte des Munchkin Tip &amp; Sip Cups<\/h4>\n<ul>\n<li>100% auslaufsicher<\/li>\n<li>Handlicher Strohhalm zum Greifen in jeden Winkel und jede Ecke<\/li>\n<li>Verschlie\u00dfbare Kappe zum Schutz vor Manipulationen<\/li>\n<li>Das Click Lock System klickt, wenn der Becher geschlossen wird<\/li>\n<li>Sp\u00fclmaschinengeeignet<\/li>\n<\/ul>\n<h5>Intelligente Tip &amp; Sip-Funktionalit\u00e4t f\u00fcr mehr Bequemlichkeit<\/h5>\n<p>Dieser Trinkbecher verf\u00fcgt \u00fcber die clevere Tip &amp; Sip-Funktion, die es Kleinkindern leicht macht, zu trinken, ohne zu kleckern.<br \/>\nDas kindgerechte Design f\u00f6rdert das selbstst\u00e4ndige Trinken und hilft bei der Entwicklung der motorischen F\u00e4higkeiten. <\/p>\n<h5>Lustiges und fr\u00f6hliches Design f\u00fcr kleine Abenteurer<\/h5>\n<p>Mit dem lustigen blauen Design wird jeder Trinkanlass zu einem freudigen Erlebnis.<br \/>\nDas attraktive Design macht den Becher f\u00fcr Kinder erkennbar und bringt ein spielerisches Element in ihren Tagesablauf. <\/p>\n<h5>Einfach zu bedienen mit praktischem Strohhalm<\/h5>\n<p>Der Munchkin Tip &amp; Sip Trinkbecher hat einen praktischen Strohhalm, der das selbstst\u00e4ndige Trinken noch einfacher macht.<br \/>\nDer Strohhalm ist perfekt auf die Bed\u00fcrfnisse von kleinen M\u00fcndern zugeschnitten und f\u00f6rdert eine nat\u00fcrliche Trinkhaltung. <\/p>\n<h5>Anti-Leck-Funktionalit\u00e4t f\u00fcr unbeschwertes Vergn\u00fcgen<\/h5>\n<p>Dank der Anti-Spill-Technologie m\u00fcssen sich Eltern keine Sorgen \u00fcber versch\u00fcttete Fl\u00fcssigkeiten und Verschmutzungen machen.<br \/>\nLass dein Kleines jeden Schluck genie\u00dfen, ohne dass es zu einem Aufwischen kommt. <\/p>\n<h5>Sp\u00fclmaschinentauglich f\u00fcr zus\u00e4tzlichen Komfort<\/h5>\n<p>Eltern haben schon genug zu tun, deshalb ist dieser Trinkbecher sp\u00fclmaschinenfest.<br \/>\nSo wird die Reinigung zum Kinderspiel und du kannst mehr Zeit mit deinem Kind verbringen. <\/p>\n<h5>Fazit: Entdecke den Spa\u00df am selbstst\u00e4ndigen Trinken mit dem Munchkin Tip &amp; Sip Trinkbecher mit Strohhalm<\/h5>\n<p>Entscheide dich f\u00fcr Bequemlichkeit, Fr\u00f6hlichkeit und Benutzerfreundlichkeit mit dem Munchkin Tip &amp; Sip Trinkbecher mit Strohhalm. Ermutige zum selbstst\u00e4ndigen Trinken mit intelligenten Funktionen, einem lustigen Design und einem praktischen Strohhalm. Entdecke noch heute den Munchkin Trinkbecher mit Strohhalm f\u00fcr ein fr\u00f6hliches und m\u00fcheloses Trinkerlebnis!  <\/p>\n<h5>Wichtige Merkmale:<\/h5>\n<ul>\n<li>Tip &amp; Sip-Funktion f\u00fcr mehr Komfort<\/li>\n<li>Lustiges und fr\u00f6hliches blaues Design<\/li>\n<li>Einfach zu bedienen mit praktischem Strohhalm<\/li>\n<li>Anti-Leck-Technologie f\u00fcr unbeschwertes Vergn\u00fcgen<\/li>\n<li>Sp\u00fclmaschinentauglich f\u00fcr zus\u00e4tzlichen Komfort<\/li>\n<\/ul>\n","protected":false},"excerpt":{"rendered":"<p>Der Munchkin Tip &amp; Sip Trinkbecher mit Strohhalm ist nicht einfach nur ein weiterer Trinkbecher, sondern ein clever designter Becher speziell f\u00fcr kleine Entdecker. Mit den praktischen Funktionen, dem fr\u00f6hlichen Design und der einfachen Handhabung wird das selbstst\u00e4ndige Trinken zu einem fr\u00f6hlichen und m\u00fchelosen Erlebnis f\u00fcr Eltern und Kind. Die Pluspunkte des Munchkin Tip &amp; [&hellip;]<\/p>\n","protected":false},"featured_media":7918,"comment_status":"closed","ping_status":"closed","template":"","meta":{"_acf_changed":false,"_seopress_robots_primary_cat":"54","_seopress_titles_title":"Auslaufsicherer Strohhalmbecher | Munchkin | Pink | FerryGut","_seopress_titles_desc":"100% auslaufsicherer Strohhalmbecher mit Klickverschluss-System. Jetzt bestellen, morgen zu Hause. 2 Jahre Garantie auf alle Produkte bei FerryGut.  ","_seopress_robots_index":""},"product_brand":[],"product_cat":[2882,2895,2896],"product_tag":[],"brands":[5289],"channels":[],"class_list":{"0":"post-7917","1":"product","2":"type-product","3":"status-publish","4":"has-post-thumbnail","6":"product_cat-baby-kind","7":"product_cat-essen-und-trinken","8":"product_cat-tassen","9":"brands-munchkin","11":"first","12":"instock","13":"taxable","14":"shipping-taxable","15":"purchasable","16":"product-type-simple"},"acf":[],"weight_unit":"kg","dimension_unit":"cm","packaging_unit":"St\u00fccke","country_of_origin":"China","weee_germany":"DE97744419","website_url":"https:\/\/ferrygut.com\/","verkoper":"FerryGut.com","postcode":"5048CD","telefoonnummer":"+31850000735","_links":{"self":[{"href":"https:\/\/ferrygut.com\/de\/wp-json\/wp\/v2\/product\/7917","targetHints":{"allow":["GET"]}}],"collection":[{"href":"https:\/\/ferrygut.com\/de\/wp-json\/wp\/v2\/product"}],"about":[{"href":"https:\/\/ferrygut.com\/de\/wp-json\/wp\/v2\/types\/product"}],"replies":[{"embeddable":true,"href":"https:\/\/ferrygut.com\/de\/wp-json\/wp\/v2\/comments?post=7917"}],"wp:featuredmedia":[{"embeddable":true,"href":"https:\/\/ferrygut.com\/de\/wp-json\/wp\/v2\/media\/7918"}],"wp:attachment":[{"href":"https:\/\/ferrygut.com\/de\/wp-json\/wp\/v2\/media?parent=7917"}],"wp:term":[{"taxonomy":"product_brand","embeddable":true,"href":"https:\/\/ferrygut.com\/de\/wp-json\/wp\/v2\/product_brand?post=7917"},{"taxonomy":"product_cat","embeddable":true,"href":"https:\/\/ferrygut.com\/de\/wp-json\/wp\/v2\/product_cat?post=7917"},{"taxonomy":"product_tag","embeddable":true,"href":"https:\/\/ferrygut.com\/de\/wp-json\/wp\/v2\/product_tag?post=7917"},{"taxonomy":"brands","embeddable":true,"href":"https:\/\/ferrygut.com\/de\/wp-json\/wp\/v2\/brands?post=7917"},{"taxonomy":"channels","embeddable":true,"href":"https:\/\/ferrygut.com\/de\/wp-json\/wp\/v2\/channels?post=7917"}],"curies":[{"name":"wp","href":"https:\/\/api.w.org\/{rel}","templated":true}]}}