{"id":7828,"date":"2024-01-26T14:20:47","date_gmt":"2024-01-26T13:20:47","guid":{"rendered":"https:\/\/ferrygut.com\/product\/babyauto-xperta-autositz-2\/"},"modified":"2025-05-19T16:00:11","modified_gmt":"2025-05-19T14:00:11","slug":"babyauto-xperta-autositz-2","status":"publish","type":"product","link":"https:\/\/ferrygut.com\/de\/produkt\/babyauto-xperta-autositz-2\/","title":{"rendered":"Babyauto &#8211; Xperta &#8211; Autositz"},"content":{"rendered":"<p>Mit dem Babyauto Xperta i-Size Autositz genie\u00dft dein Kind maximale Sicherheit und Komfort bei jeder Autofahrt.<br \/>\nDieser Autositz ist so konzipiert, dass er von der Geburt bis zum Alter von 12 Jahren mit deinem Kind mitw\u00e4chst und somit eine dauerhafte Investition in die Sicherheit deines Kindes ist. <\/p>\n<h5>Sicher und zuverl\u00e4ssig<\/h5>\n<p>Der Xperta i-Size Autositz erf\u00fcllt die strengsten Sicherheitsstandards und ist i-Size-zertifiziert, d.h. er entspricht den neuesten europ\u00e4ischen Sicherheitsvorschriften f\u00fcr Autositze.<br \/>\nMit fortschrittlichem Seitenaufprallschutz und einem stabilen ISOFIX-Befestigungssystem bietet dieser Sitz optimalen Schutz bei jeder Fahrt. <\/p>\n<h5>360-Grad-Drehung<\/h5>\n<p>Ein einzigartiges Merkmal des Xperta i-Size Autositzes ist seine 360-Grad-Drehfunktion, mit der du dein Kind ganz einfach in den Autositz hinein- und herausnehmen kannst.<br \/>\nMit einem Handgriff kann der Sitz vollst\u00e4ndig gedreht werden, was das Ein- und Aussteigen erleichtert, vor allem, wenn du ein kleines Kind hast, das sich noch nicht alleine aufsetzen kann. <\/p>\n<h5>Bequemes und ergonomisches Design<\/h5>\n<p>Neben der Sicherheit bietet der Xperta i-Size Autositz auch maximalen Komfort f\u00fcr dein Kind.<br \/>\nDie weiche Polsterung und die verstellbare Kopfst\u00fctze sorgen f\u00fcr eine ergonomische Sitzposition und Unterst\u00fctzung bei langen Fahrten.<br \/>\nAu\u00dferdem verf\u00fcgt der Autositz \u00fcber atmungsaktive Materialien, die daf\u00fcr sorgen, dass sich dein Kind auch an hei\u00dfen Tagen wohlf\u00fchlt.  <\/p>\n<h5>Langlebig und vielseitig<\/h5>\n<p>Der Xperta i-Size Autositz ist f\u00fcr eine lange Lebensdauer ausgelegt und kann f\u00fcr Kinder von 40 bis 150 cm Gr\u00f6\u00dfe und bis zu 36 kg verwendet werden, was einem Alter von etwa 12 Jahren entspricht.<br \/>\nDurch sein vielseitiges Design w\u00e4chst dieser Autositz mit deinem Kind mit und bietet jahrelang Komfort und Schutz bei jeder Autofahrt. <\/p>\n<h5>Wichtige Merkmale:<\/h5>\n<ul>\n<li>i-Size zertifiziert f\u00fcr maximale Sicherheit<\/li>\n<li>360-Grad-Drehfunktion f\u00fcr einfachen Ein- und Ausstieg<\/li>\n<li>Ergonomisches Design f\u00fcr maximalen Komfort<\/li>\n<li>Geeignet f\u00fcr Kinder von Geburt bis 12 Jahren<\/li>\n<li>Langlebiges und vielseitiges Design f\u00fcr den langfristigen Einsatz<\/li>\n<\/ul>\n<p>&nbsp;<\/p>\n<p>Mit dem Babyauto Xperta i-Size Sitz investierst du in die Sicherheit und den Komfort deines Kindes bei jeder Autofahrt.<\/p>\n","protected":false},"excerpt":{"rendered":"<p>Mit dem Babyauto Xperta i-Size Autositz genie\u00dft dein Kind maximale Sicherheit und Komfort bei jeder Autofahrt. Dieser Autositz ist so konzipiert, dass er von der Geburt bis zum Alter von 12 Jahren mit deinem Kind mitw\u00e4chst und somit eine dauerhafte Investition in die Sicherheit deines Kindes ist. Sicher und zuverl\u00e4ssig Der Xperta i-Size Autositz erf\u00fcllt [&hellip;]<\/p>\n","protected":false},"featured_media":7858,"comment_status":"closed","ping_status":"closed","template":"","meta":{"_acf_changed":false,"_seopress_robots_primary_cat":"69","_seopress_titles_title":"Autositz | Babyauto - Xperta | Schwarz | FerryGut.com","_seopress_titles_desc":"Der Xperta Autositz verf\u00fcgt \u00fcber eine 360-Grad-Drehfunktion und bietet optimale Sicherheit und Komfort | Kinder bis zu 36 kg | Einfach bei FerryGut bestellen!","_seopress_robots_index":""},"product_brand":[],"product_cat":[2884,2883],"product_tag":[],"brands":[5283],"channels":[],"class_list":{"0":"post-7828","1":"product","2":"type-product","3":"status-publish","4":"has-post-thumbnail","6":"product_cat-autositze","7":"product_cat-unterwegs","8":"pa_slaapstand-ja-de","9":"brands-babyauto","11":"first","12":"outofstock","13":"taxable","14":"shipping-taxable","15":"purchasable","16":"product-type-simple"},"acf":[],"weight_unit":"kg","dimension_unit":"cm","packaging_unit":"St\u00fccke","country_of_origin":"China","weee_germany":"DE97744419","website_url":"https:\/\/ferrygut.com\/","verkoper":"FerryGut.com","postcode":"5048CD","telefoonnummer":"+31850000735","_links":{"self":[{"href":"https:\/\/ferrygut.com\/de\/wp-json\/wp\/v2\/product\/7828","targetHints":{"allow":["GET"]}}],"collection":[{"href":"https:\/\/ferrygut.com\/de\/wp-json\/wp\/v2\/product"}],"about":[{"href":"https:\/\/ferrygut.com\/de\/wp-json\/wp\/v2\/types\/product"}],"replies":[{"embeddable":true,"href":"https:\/\/ferrygut.com\/de\/wp-json\/wp\/v2\/comments?post=7828"}],"wp:featuredmedia":[{"embeddable":true,"href":"https:\/\/ferrygut.com\/de\/wp-json\/wp\/v2\/media\/7858"}],"wp:attachment":[{"href":"https:\/\/ferrygut.com\/de\/wp-json\/wp\/v2\/media?parent=7828"}],"wp:term":[{"taxonomy":"product_brand","embeddable":true,"href":"https:\/\/ferrygut.com\/de\/wp-json\/wp\/v2\/product_brand?post=7828"},{"taxonomy":"product_cat","embeddable":true,"href":"https:\/\/ferrygut.com\/de\/wp-json\/wp\/v2\/product_cat?post=7828"},{"taxonomy":"product_tag","embeddable":true,"href":"https:\/\/ferrygut.com\/de\/wp-json\/wp\/v2\/product_tag?post=7828"},{"taxonomy":"brands","embeddable":true,"href":"https:\/\/ferrygut.com\/de\/wp-json\/wp\/v2\/brands?post=7828"},{"taxonomy":"channels","embeddable":true,"href":"https:\/\/ferrygut.com\/de\/wp-json\/wp\/v2\/channels?post=7828"}],"curies":[{"name":"wp","href":"https:\/\/api.w.org\/{rel}","templated":true}]}}