{"id":77774,"date":"2026-01-06T16:35:25","date_gmt":"2026-01-06T15:35:25","guid":{"rendered":"https:\/\/ferrygut.com\/product\/rolling-square-airnotch-pro-dual-bluetooth-tracker-fuer-apple-google\/"},"modified":"2026-02-08T16:02:38","modified_gmt":"2026-02-08T15:02:38","slug":"rolling-square-airnotch-pro-dual-bluetooth-tracker-fuer-apple-google","status":"publish","type":"product","link":"https:\/\/ferrygut.com\/de\/produkt\/rolling-square-airnotch-pro-dual-bluetooth-tracker-fuer-apple-google\/","title":{"rendered":"Rolling Square &#8211; AirNotch Pro Dual &#8211; Bluetooth Tracker f\u00fcr Apple &amp; Google"},"content":{"rendered":"<p class=\"p1\">Du kennst das: Du bist unterwegs und merkst pl\u00f6tzlich, dass du deine Schl\u00fcssel oder deine Tasche verloren hast. Panik. Du versuchst dich zu erinnern, wo du sie zuletzt gesehen hast, aber du kannst es nicht herausfinden. Der Rolling Square AirNotch Pro Dual schafft hier Abhilfe. Dieser intelligente, kompakte Bluetooth-Tracker arbeitet nahtlos mit Apples Find My und Googles Find My Device Netzwerk zusammen und hilft dir, deine Sachen blitzschnell wiederzufinden, auch wenn sie sich au\u00dferhalb der Bluetooth-Reichweite befinden.    <\/p>\n<h3 class=\"p3\"><b>Vorteile<\/b><\/h3>\n<ul class=\"ul1\">\n<li class=\"li1\">Kompatibel mit Apple Find My Network und Google Find My Device<\/li>\n<li class=\"li1\">Besonders kraftvoller Klang dank doppelter Lautsprecher<\/li>\n<li class=\"li1\">IP68 wasser- und staubdicht<\/li>\n<li class=\"li1\">Im Dunkeln leuchtend f\u00fcr Sichtbarkeit im Dunkeln<\/li>\n<li class=\"li1\">Auswechselbare Batterie (CR2032) &#8211; bis zu 20 Monate Betriebsdauer<\/li>\n<li class=\"li1\">Hergestellt aus robustem Aluminium mit integriertem Befestigungsring<\/li>\n<\/ul>\n<h3 class=\"p3\"><b>Intelligent und einfach zu bedienen<\/b><\/h3>\n<p class=\"p1\">Der AirNotch Pro Dual funktioniert mit deiner bestehenden Apple Find My oder Google Find My Device App. Du f\u00fcgst den Tracker in Sekundenschnelle zu deinem Smartphone hinzu. Hast du deine Tasche, dein Portemonnaie oder deine Schl\u00fcssel verloren? Dann lass den Tracker \u00fcber dein Smartphone ein lautes Signal abspielen, das dank der zwei Lautsprecher weit in den Raum hinein zu h\u00f6ren ist. Und bist du weiter weg? Dann zeigt Find My automatisch den letzten bekannten Standort an.     <\/p>\n<h3 class=\"p3\"><b>Robustes Design mit praktischen Details<\/b><\/h3>\n<p class=\"p1\">Dieser Tracker ist f\u00fcr eine intensive Nutzung gebaut. Das Geh\u00e4use besteht aus eloxiertem Aluminium und ist IP68-zertifiziert, d. h. es ist komplett wasser- und staubdicht. Die beiden Lautsprecher befinden sich an den gegen\u00fcberliegenden Seiten des Ger\u00e4ts, sodass du es immer und \u00fcberall deutlich h\u00f6ren kannst. Dank des integrierten Metallrings kannst du es direkt an deinem Schl\u00fcsselbund oder deiner Tasche befestigen, ohne zus\u00e4tzliches Zubeh\u00f6r.   <\/p>\n<h3 class=\"p3\"><b>\u00dcberall einsatzf\u00e4hig, immer sichtbar<\/b><\/h3>\n<p class=\"p1\">Die AirNotch Pro Dual ist ideal f\u00fcr alle, die Schnelligkeit und Einfachheit sch\u00e4tzen. Du kannst ihn an deinem Schl\u00fcsselbund, Rucksack, Gep\u00e4ck oder sogar an deinem Hund tragen. Dank seiner leuchtenden Akzente kannst du ihn auch in dunklen Umgebungen finden. Die austauschbare Batterie h\u00e4lt bis zu 20 Monate und ist leicht zu wechseln. Und da es sowohl \u00fcber das bestehende Netzwerk von Apple als auch von Google funktioniert, brauchst du keine separate App, sondern kannst einfach die bekannte Find My App auf deinem Smartphone oder Tablet verwenden.    <\/p>\n<h4 class=\"p1\"><b>Was ist in dem Paket?<\/b><\/h4>\n<ul class=\"ul1\">\n<li class=\"li1\">1\u00d7 Rolling Square AirNotch Pro Dual<\/li>\n<li class=\"li1\">1\u00d7 Integrierter Befestigungsring aus Metall<\/li>\n<li class=\"li1\">1\u00d7 CR2032 Batterie (vorinstalliert)<\/li>\n<li class=\"li1\">1\u00d7 Benutzerhandbuch<\/li>\n<\/ul>\n","protected":false},"excerpt":{"rendered":"<p>Du kennst das: Du bist unterwegs und merkst pl\u00f6tzlich, dass du deine Schl\u00fcssel oder deine Tasche verloren hast. Panik. Du versuchst dich zu erinnern, wo du sie zuletzt gesehen hast, aber du kannst es nicht herausfinden. Der Rolling Square AirNotch Pro Dual schafft hier Abhilfe. Dieser intelligente, kompakte Bluetooth-Tracker arbeitet nahtlos mit Apples Find My [&hellip;]<\/p>\n","protected":false},"featured_media":78372,"comment_status":"closed","ping_status":"closed","template":"","meta":{"_acf_changed":false,"_seopress_robots_primary_cat":"none","_seopress_titles_title":"","_seopress_titles_desc":"","_seopress_robots_index":""},"product_brand":[],"product_cat":[2932,2948],"product_tag":[],"brands":[5265],"channels":[],"class_list":{"0":"post-77774","1":"product","2":"type-product","3":"status-publish","4":"has-post-thumbnail","6":"product_cat-tech","7":"product_cat-tracker-de","8":"brands-rolling-square","10":"first","11":"instock","12":"taxable","13":"shipping-taxable","14":"purchasable","15":"product-type-simple"},"acf":[],"weight_unit":"kg","dimension_unit":"cm","packaging_unit":"St\u00fccke","country_of_origin":"China","weee_germany":"DE97744419","website_url":"https:\/\/ferrygut.com\/","verkoper":"FerryGut.com","postcode":"5048CD","telefoonnummer":"+31850000735","_links":{"self":[{"href":"https:\/\/ferrygut.com\/de\/wp-json\/wp\/v2\/product\/77774","targetHints":{"allow":["GET"]}}],"collection":[{"href":"https:\/\/ferrygut.com\/de\/wp-json\/wp\/v2\/product"}],"about":[{"href":"https:\/\/ferrygut.com\/de\/wp-json\/wp\/v2\/types\/product"}],"replies":[{"embeddable":true,"href":"https:\/\/ferrygut.com\/de\/wp-json\/wp\/v2\/comments?post=77774"}],"wp:featuredmedia":[{"embeddable":true,"href":"https:\/\/ferrygut.com\/de\/wp-json\/wp\/v2\/media\/78372"}],"wp:attachment":[{"href":"https:\/\/ferrygut.com\/de\/wp-json\/wp\/v2\/media?parent=77774"}],"wp:term":[{"taxonomy":"product_brand","embeddable":true,"href":"https:\/\/ferrygut.com\/de\/wp-json\/wp\/v2\/product_brand?post=77774"},{"taxonomy":"product_cat","embeddable":true,"href":"https:\/\/ferrygut.com\/de\/wp-json\/wp\/v2\/product_cat?post=77774"},{"taxonomy":"product_tag","embeddable":true,"href":"https:\/\/ferrygut.com\/de\/wp-json\/wp\/v2\/product_tag?post=77774"},{"taxonomy":"brands","embeddable":true,"href":"https:\/\/ferrygut.com\/de\/wp-json\/wp\/v2\/brands?post=77774"},{"taxonomy":"channels","embeddable":true,"href":"https:\/\/ferrygut.com\/de\/wp-json\/wp\/v2\/channels?post=77774"}],"curies":[{"name":"wp","href":"https:\/\/api.w.org\/{rel}","templated":true}]}}