{"id":7762,"date":"2024-01-26T15:03:06","date_gmt":"2024-01-26T14:03:06","guid":{"rendered":"https:\/\/ferrygut.com\/product\/babyauto-capax-autositz\/"},"modified":"2025-05-19T15:57:53","modified_gmt":"2025-05-19T13:57:53","slug":"babyauto-capax-autositz","status":"publish","type":"product","link":"https:\/\/ferrygut.com\/de\/produkt\/babyauto-capax-autositz\/","title":{"rendered":"Babyauto &#8211; Capax &#8211; Autositz"},"content":{"rendered":"<p>Mit dem Babyauto Capax i-Size Autositz k\u00f6nnen \u00e4ltere Kinder im Alter von 4 bis 12 Jahren bequem und sicher reisen.<br \/>\nDieser Autositz ist auf maximale Sicherheit ausgelegt und bietet gleichzeitig den Komfort, den \u00e4ltere Kinder bei langen Autofahrten brauchen. <\/p>\n<h5>Sicher und zuverl\u00e4ssig<\/h5>\n<p>Der Capax i-Size Autositz erf\u00fcllt die neuesten europ\u00e4ischen Sicherheitsstandards und ist mit einem stabilen ISOFIX-Befestigungssystem f\u00fcr optimale Stabilit\u00e4t ausgestattet.<br \/>\nMit dem fortschrittlichen Seitenaufprallschutz und der verstellbaren Kopfst\u00fctze sorgt dieser Autositz f\u00fcr ein sicheres Reiseerlebnis f\u00fcr dein Kind, auch auf l\u00e4ngeren Fahrten. <\/p>\n<h5>Verstellbare Kopfst\u00fctze<\/h5>\n<p>Ein wichtiges Merkmal des Capax i-Size Autositzes ist die verstellbare Kopfst\u00fctze, damit der Autositz mit deinem Kind mitwachsen kann.<br \/>\nSo kann der Autositz an die Gr\u00f6\u00dfe und das Gewicht deines Kindes angepasst werden, um den Komfort und die Sicherheit w\u00e4hrend der gesamten Nutzung zu optimieren. <\/p>\n<h5>Bequemes und ergonomisches Design<\/h5>\n<p>Bei der Entwicklung des i-Size Autositzes stand der Komfort deines Kindes im Vordergrund.<br \/>\nDie weiche Polsterung und das ergonomische Design sorgen f\u00fcr eine bequeme Sitzposition bei langen Autofahrten.<br \/>\nAu\u00dferdem sorgen die atmungsaktiven Materialien auch an hei\u00dfen Tagen f\u00fcr ein angenehmes Klima.<br \/>\nEntdecke neben unseren capax Autositzen auch unsere anderen Varianten wie die Muugi und Aitana Autositze f\u00fcr Kinder.   <\/p>\n<h5>Langlebig und praktisch<\/h5>\n<p>Der Capax i-Size Autositz wird aus hochwertigen Materialien hergestellt und ist f\u00fcr eine lange Lebensdauer ausgelegt.<br \/>\nMit seinem praktischen Design und dem einfachen Einbau ist dieser Autositz eine gute Wahl f\u00fcr Eltern, die eine sichere und komfortable L\u00f6sung f\u00fcr ihre \u00e4lteren Kinder suchen. <\/p>\n<h5>Wichtige Merkmale:<\/h5>\n<ul>\n<li>i-Size zertifiziert f\u00fcr maximale Sicherheit<\/li>\n<li>Verstellbare Kopfst\u00fctze f\u00fcr optimalen Komfort und Sicherheit<\/li>\n<li>Bequemes und ergonomisches Design<\/li>\n<li>Geeignet f\u00fcr Kinder von 15 bis 36 kg (4 bis 12 Jahre)<\/li>\n<li>Langlebiges und praktisches Design f\u00fcr den langfristigen Einsatz<\/li>\n<\/ul>\n<p>Mit dem Babyauto i-Size Autositz k\u00f6nnen \u00e4ltere Kinder sicher und bequem reisen, damit ihr beide jede Autofahrt genie\u00dfen k\u00f6nnt<\/p>\n","protected":false},"excerpt":{"rendered":"<p>Mit dem Babyauto Capax i-Size Autositz k\u00f6nnen \u00e4ltere Kinder im Alter von 4 bis 12 Jahren bequem und sicher reisen. Dieser Autositz ist auf maximale Sicherheit ausgelegt und bietet gleichzeitig den Komfort, den \u00e4ltere Kinder bei langen Autofahrten brauchen. Sicher und zuverl\u00e4ssig Der Capax i-Size Autositz erf\u00fcllt die neuesten europ\u00e4ischen Sicherheitsstandards und ist mit einem [&hellip;]<\/p>\n","protected":false},"featured_media":7775,"comment_status":"closed","ping_status":"closed","template":"","meta":{"_acf_changed":false,"_seopress_robots_primary_cat":"69","_seopress_titles_title":"Autositz | Babyauto - Capax | Grau | FerryGut.com","_seopress_titles_desc":"Lass dein Kind sicher und bequem mit dem Capax Autositz reisen | 15 bis 36 kg | Verstellbare Kopfst\u00fctze | Einfach bei FerryGut bestellen!","_seopress_robots_index":""},"product_brand":[],"product_cat":[2884,2883],"product_tag":[],"brands":[5283],"channels":[],"class_list":{"0":"post-7762","1":"product","2":"type-product","3":"status-publish","4":"has-post-thumbnail","6":"product_cat-autositze","7":"product_cat-unterwegs","8":"pa_slaapstand-nein","9":"brands-babyauto","11":"first","12":"outofstock","13":"taxable","14":"shipping-taxable","15":"purchasable","16":"product-type-simple"},"acf":[],"weight_unit":"kg","dimension_unit":"cm","packaging_unit":"St\u00fccke","country_of_origin":"China","weee_germany":"DE97744419","website_url":"https:\/\/ferrygut.com\/","verkoper":"FerryGut.com","postcode":"5048CD","telefoonnummer":"+31850000735","_links":{"self":[{"href":"https:\/\/ferrygut.com\/de\/wp-json\/wp\/v2\/product\/7762","targetHints":{"allow":["GET"]}}],"collection":[{"href":"https:\/\/ferrygut.com\/de\/wp-json\/wp\/v2\/product"}],"about":[{"href":"https:\/\/ferrygut.com\/de\/wp-json\/wp\/v2\/types\/product"}],"replies":[{"embeddable":true,"href":"https:\/\/ferrygut.com\/de\/wp-json\/wp\/v2\/comments?post=7762"}],"wp:featuredmedia":[{"embeddable":true,"href":"https:\/\/ferrygut.com\/de\/wp-json\/wp\/v2\/media\/7775"}],"wp:attachment":[{"href":"https:\/\/ferrygut.com\/de\/wp-json\/wp\/v2\/media?parent=7762"}],"wp:term":[{"taxonomy":"product_brand","embeddable":true,"href":"https:\/\/ferrygut.com\/de\/wp-json\/wp\/v2\/product_brand?post=7762"},{"taxonomy":"product_cat","embeddable":true,"href":"https:\/\/ferrygut.com\/de\/wp-json\/wp\/v2\/product_cat?post=7762"},{"taxonomy":"product_tag","embeddable":true,"href":"https:\/\/ferrygut.com\/de\/wp-json\/wp\/v2\/product_tag?post=7762"},{"taxonomy":"brands","embeddable":true,"href":"https:\/\/ferrygut.com\/de\/wp-json\/wp\/v2\/brands?post=7762"},{"taxonomy":"channels","embeddable":true,"href":"https:\/\/ferrygut.com\/de\/wp-json\/wp\/v2\/channels?post=7762"}],"curies":[{"name":"wp","href":"https:\/\/api.w.org\/{rel}","templated":true}]}}