{"id":76982,"date":"2025-12-25T17:06:54","date_gmt":"2025-12-25T16:06:54","guid":{"rendered":"https:\/\/ferrygut.com\/product\/outin-kaffeematte-gruen\/"},"modified":"2026-03-08T00:48:39","modified_gmt":"2026-03-07T23:48:39","slug":"outin-kaffeematte-gruen","status":"publish","type":"product","link":"https:\/\/ferrygut.com\/de\/produkt\/outin-kaffeematte-gruen\/","title":{"rendered":"OutIn &#8211; Kaffeematte &#8211; Gr\u00fcn"},"content":{"rendered":"<p class=\"p1\">Du kennst das: Du stellst deine Espressomaschine oder Kaffeem\u00fchle ab und der Tisch ist mit Kaffeeflecken, versch\u00fcttetem Wasser oder braunen Kaffeer\u00fcckst\u00e4nden \u00fcbers\u00e4t. Das macht die Reinigung schwierig und dein Arbeitsplatz sieht schnell unordentlich aus. Die OutIn-Kaffeematte bietet die L\u00f6sung: ein haltbarer, wasser- und hitzebest\u00e4ndiger Untersetzer, der deine Oberfl\u00e4che sch\u00fctzt und leicht sauber zu halten ist.  <\/p>\n<h3 class=\"p3\"><b>Vorteile<\/b><\/h3>\n<ul class=\"ul1\">\n<li class=\"li1\"><b>Sch\u00fctzt deine Oberfl\u00e4che<\/b> Wasser- und hitzebest\u00e4ndig von -20 \u00b0C bis 150 \u00b0C, ideal gegen Becher- und Maschinenspritzer.<\/li>\n<li class=\"li1\"><b>Leicht zu reinigen<\/b> Antistatisches Material verhindert das Anhaften von Kaffeer\u00fcckst\u00e4nden.<\/li>\n<li class=\"li1\">Die <b>rutschfeste und stabile<\/b> Rutschfeste Struktur h\u00e4lt alle deine Kaffeeutensilien sicher und fest an ihrem Platz.<\/li>\n<li class=\"li1\"><b>Flexibel und tragbar<\/b> Das leichte Design ist faltbar und ideal f\u00fcr zu Hause, das B\u00fcro oder unterwegs.<\/li>\n<\/ul>\n<h3 class=\"p3\"><b>Nutzung und Betrieb<\/b><\/h3>\n<p class=\"p1\">Die OutIn Silikon-Kaffeematte ist die perfekte Unterlage f\u00fcr deine Kaffeezubereitung. Dank ihres hochwertigen Silikonmaterials bildet die Matte eine sichere, rutschfeste Oberfl\u00e4che f\u00fcr deine Espressomaschine, deinen Milchaufsch\u00e4umer oder deine Kaffeem\u00fchle. Keine Kratzer mehr, keine versch\u00fctteten Getr\u00e4nke mehr auf deiner Tischplatte. Die antistatische Oberfl\u00e4che verhindert au\u00dferdem, dass Kaffeereste haften bleiben, sodass du sie einfach abwischen oder absp\u00fclen kannst.   <\/p>\n<p class=\"p1\">Egal, ob du zu Hause einen Espresso zapfst, unterwegs Kaffee zubereitest oder einfach nur deine K\u00fcchenarbeitsplatte w\u00e4hrend deiner morgendlichen Routine sch\u00fctzen willst, diese Matte macht es einfacher und sauberer.<\/p>\n<h3 class=\"p3\"><b>Zus\u00e4tzliche Merkmale<\/b><\/h3>\n<p class=\"p1\">Die Matte hat eine subtile geometrische Struktur f\u00fcr eine verbesserte Wasser- und Drainage. Ihre hitze- und wasserbest\u00e4ndigen Eigenschaften sorgen daf\u00fcr, dass auch hei\u00dfe Getr\u00e4nke keinen Schaden anrichten. Dank ihrer Flexibilit\u00e4t kannst du sie leicht zusammenrollen und mit ins B\u00fcro oder zum Kaffeegenuss unterwegs nehmen.  <\/p>\n","protected":false},"excerpt":{"rendered":"<p>Du kennst das: Du stellst deine Espressomaschine oder Kaffeem\u00fchle ab und der Tisch ist mit Kaffeeflecken, versch\u00fcttetem Wasser oder braunen Kaffeer\u00fcckst\u00e4nden \u00fcbers\u00e4t. Das macht die Reinigung schwierig und dein Arbeitsplatz sieht schnell unordentlich aus. Die OutIn-Kaffeematte bietet die L\u00f6sung: ein haltbarer, wasser- und hitzebest\u00e4ndiger Untersetzer, der deine Oberfl\u00e4che sch\u00fctzt und leicht sauber zu halten ist. [&hellip;]<\/p>\n","protected":false},"featured_media":77047,"comment_status":"closed","ping_status":"closed","template":"","meta":{"_acf_changed":false,"_seopress_robots_primary_cat":"none","_seopress_titles_title":"","_seopress_titles_desc":"","_seopress_robots_index":""},"product_brand":[],"product_cat":[9348,20063],"product_tag":[],"brands":[9295],"channels":[],"class_list":{"0":"post-76982","1":"product","2":"type-product","3":"status-publish","4":"has-post-thumbnail","6":"product_cat-kaffee-to-go","7":"product_cat-zubehor","8":"brands-outin","10":"first","11":"instock","12":"taxable","13":"shipping-taxable","14":"purchasable","15":"product-type-simple"},"acf":[],"weight_unit":"kg","dimension_unit":"cm","packaging_unit":"St\u00fccke","country_of_origin":"China","weee_germany":"DE97744419","website_url":"https:\/\/ferrygut.com\/","verkoper":"FerryGut.com","postcode":"5048CD","telefoonnummer":"+31850000735","_links":{"self":[{"href":"https:\/\/ferrygut.com\/de\/wp-json\/wp\/v2\/product\/76982","targetHints":{"allow":["GET"]}}],"collection":[{"href":"https:\/\/ferrygut.com\/de\/wp-json\/wp\/v2\/product"}],"about":[{"href":"https:\/\/ferrygut.com\/de\/wp-json\/wp\/v2\/types\/product"}],"replies":[{"embeddable":true,"href":"https:\/\/ferrygut.com\/de\/wp-json\/wp\/v2\/comments?post=76982"}],"wp:featuredmedia":[{"embeddable":true,"href":"https:\/\/ferrygut.com\/de\/wp-json\/wp\/v2\/media\/77047"}],"wp:attachment":[{"href":"https:\/\/ferrygut.com\/de\/wp-json\/wp\/v2\/media?parent=76982"}],"wp:term":[{"taxonomy":"product_brand","embeddable":true,"href":"https:\/\/ferrygut.com\/de\/wp-json\/wp\/v2\/product_brand?post=76982"},{"taxonomy":"product_cat","embeddable":true,"href":"https:\/\/ferrygut.com\/de\/wp-json\/wp\/v2\/product_cat?post=76982"},{"taxonomy":"product_tag","embeddable":true,"href":"https:\/\/ferrygut.com\/de\/wp-json\/wp\/v2\/product_tag?post=76982"},{"taxonomy":"brands","embeddable":true,"href":"https:\/\/ferrygut.com\/de\/wp-json\/wp\/v2\/brands?post=76982"},{"taxonomy":"channels","embeddable":true,"href":"https:\/\/ferrygut.com\/de\/wp-json\/wp\/v2\/channels?post=76982"}],"curies":[{"name":"wp","href":"https:\/\/api.w.org\/{rel}","templated":true}]}}