{"id":76930,"date":"2025-12-24T20:28:06","date_gmt":"2025-12-24T19:28:06","guid":{"rendered":"https:\/\/ferrygut.com\/product\/outin-trinkbecher-thermosbecher-weiss\/"},"modified":"2026-03-08T00:47:22","modified_gmt":"2026-03-07T23:47:22","slug":"outin-trinkbecher-thermosbecher-weiss","status":"publish","type":"product","link":"https:\/\/ferrygut.com\/de\/produkt\/outin-trinkbecher-thermosbecher-weiss\/","title":{"rendered":"OutIn &#8211; Trinkbecher &#8211; Thermosbecher &#8211; Wei\u00df"},"content":{"rendered":"<p class=\"p1\">Du trinkst unterwegs Kaffee oder Tee, der zu schnell abk\u00fchlt, in deiner Tasche ausl\u00e4uft oder einen seltsamen Beigeschmack von Plastik bekommt? Du kennst das wahrscheinlich. Egal, ob du auf dem Weg zur Arbeit bist, eine lange Autofahrt hinter dir hast oder drau\u00dfen einen Moment f\u00fcr dich genie\u00dft: Du willst einfach nur, dass dein Getr\u00e4nk seine Temperatur beibeh\u00e4lt, ohne dass es zu Problemen kommt. Der OutIn Tumbler wurde entwickelt, um genau dieses Problem zu l\u00f6sen. Dieser Premium-Reisebecher h\u00e4lt dein Getr\u00e4nk stundenlang hei\u00df oder kalt, ist auslaufsicher und f\u00fchlt sich so gut an, wie er funktioniert.    <\/p>\n<h3 class=\"p3\"><b>Vorteile des OutIn Bechers<\/b><\/h3>\n<ul class=\"ul1\">\n<li class=\"li1\">H\u00e4lt Getr\u00e4nke dank der Vakuumisolierung lange Zeit hei\u00df oder kalt<\/li>\n<li class=\"li1\">Auslaufsicheres Design, sicher in deiner Tasche oder deinem Rucksack<\/li>\n<li class=\"li1\">Hergestellt aus hochwertigem Edelstahl, ohne Nachgeschmack<\/li>\n<li class=\"li1\">Bequemer Trinkrand f\u00fcr sofortiges Trinken<\/li>\n<li class=\"li1\">Minimalistisches und stilvolles Design, geeignet f\u00fcr den t\u00e4glichen Gebrauch<\/li>\n<li class=\"li1\">Nachhaltige Alternative zu Einwegbechern<\/li>\n<li class=\"li1\">Ideal f\u00fcr Kaffee, Tee, Wasser und kaltes Gebr\u00e4u<\/li>\n<\/ul>\n<h3 class=\"p3\"><b>Entwickelt f\u00fcr den t\u00e4glichen Gebrauch, wo immer du bist<\/b><\/h3>\n<p class=\"p1\">Der OutIn Tumbler ist f\u00fcr Menschen gemacht, die viel unterwegs sind und keine Kompromisse bei der Qualit\u00e4t eingehen wollen. Dank der Doppelwand mit Vakuumisolierung bleibt dein Kaffee oder Tee stundenlang auf Temperatur. Hei\u00dfe Getr\u00e4nke bleiben hei\u00df, kalte Getr\u00e4nke bleiben frisch. So musst du dich nicht mehr beeilen, um deinen Kaffee zu trinken, bevor er lauwarm wird.   <\/p>\n<p class=\"p1\">Der Becher liegt gut in der Hand und passt in die meisten Getr\u00e4nkehalter, sodass er ideal f\u00fcr das Auto, den Zug oder das B\u00fcro ist. Die Trink\u00f6ffnung ist so gestaltet, dass du bequem trinken kannst, ohne zu kleckern. Ein schneller Schluck im Gehen oder w\u00e4hrend der Fahrt f\u00fchlt sich nat\u00fcrlich und sicher an.  <\/p>\n<h3 class=\"p3\"><b>Clevere Details und hochwertige Materialien<\/b><\/h3>\n<p class=\"p1\">Was den OutIn Tumbler von vielen anderen Thermosbechern unterscheidet, ist seine Liebe zum Detail. Der Tumbler ist aus hochwertigem Edelstahl gefertigt, frei von BPA und anderen sch\u00e4dlichen Substanzen. Das bedeutet: kein Plastikgeschmack, keine Geruchsaufnahme und immer ein reines Geschmackserlebnis.  <\/p>\n<p class=\"p1\">Der auslaufsichere Deckel schlie\u00dft dicht ab, so dass du den Becher unbesorgt in deine Tasche stecken kannst. Keine nassen Dokumente, keine Kaffeeflecken auf deinem Laptop. Das klare, minimalistische Design sorgt daf\u00fcr, dass der Becher nicht nur funktional aussieht, sondern auch zu einem modernen Lebensstil passt.  <\/p>\n","protected":false},"excerpt":{"rendered":"<p>Du trinkst unterwegs Kaffee oder Tee, der zu schnell abk\u00fchlt, in deiner Tasche ausl\u00e4uft oder einen seltsamen Beigeschmack von Plastik bekommt? Du kennst das wahrscheinlich. Egal, ob du auf dem Weg zur Arbeit bist, eine lange Autofahrt hinter dir hast oder drau\u00dfen einen Moment f\u00fcr dich genie\u00dft: Du willst einfach nur, dass dein Getr\u00e4nk seine [&hellip;]<\/p>\n","protected":false},"featured_media":76772,"comment_status":"closed","ping_status":"closed","template":"","meta":{"_acf_changed":false,"_seopress_robots_primary_cat":"none","_seopress_titles_title":"","_seopress_titles_desc":"","_seopress_robots_index":""},"product_brand":[],"product_cat":[9348,20063],"product_tag":[],"brands":[9295],"channels":[],"class_list":{"0":"post-76930","1":"product","2":"type-product","3":"status-publish","4":"has-post-thumbnail","6":"product_cat-kaffee-to-go","7":"product_cat-zubehor","8":"brands-outin","10":"first","11":"instock","12":"taxable","13":"shipping-taxable","14":"purchasable","15":"product-type-simple"},"acf":[],"weight_unit":"kg","dimension_unit":"cm","packaging_unit":"St\u00fccke","country_of_origin":"China","weee_germany":"DE97744419","website_url":"https:\/\/ferrygut.com\/","verkoper":"FerryGut.com","postcode":"5048CD","telefoonnummer":"+31850000735","_links":{"self":[{"href":"https:\/\/ferrygut.com\/de\/wp-json\/wp\/v2\/product\/76930","targetHints":{"allow":["GET"]}}],"collection":[{"href":"https:\/\/ferrygut.com\/de\/wp-json\/wp\/v2\/product"}],"about":[{"href":"https:\/\/ferrygut.com\/de\/wp-json\/wp\/v2\/types\/product"}],"replies":[{"embeddable":true,"href":"https:\/\/ferrygut.com\/de\/wp-json\/wp\/v2\/comments?post=76930"}],"wp:featuredmedia":[{"embeddable":true,"href":"https:\/\/ferrygut.com\/de\/wp-json\/wp\/v2\/media\/76772"}],"wp:attachment":[{"href":"https:\/\/ferrygut.com\/de\/wp-json\/wp\/v2\/media?parent=76930"}],"wp:term":[{"taxonomy":"product_brand","embeddable":true,"href":"https:\/\/ferrygut.com\/de\/wp-json\/wp\/v2\/product_brand?post=76930"},{"taxonomy":"product_cat","embeddable":true,"href":"https:\/\/ferrygut.com\/de\/wp-json\/wp\/v2\/product_cat?post=76930"},{"taxonomy":"product_tag","embeddable":true,"href":"https:\/\/ferrygut.com\/de\/wp-json\/wp\/v2\/product_tag?post=76930"},{"taxonomy":"brands","embeddable":true,"href":"https:\/\/ferrygut.com\/de\/wp-json\/wp\/v2\/brands?post=76930"},{"taxonomy":"channels","embeddable":true,"href":"https:\/\/ferrygut.com\/de\/wp-json\/wp\/v2\/channels?post=76930"}],"curies":[{"name":"wp","href":"https:\/\/api.w.org\/{rel}","templated":true}]}}