{"id":7604,"date":"2024-01-29T10:55:05","date_gmt":"2024-01-29T09:55:05","guid":{"rendered":"https:\/\/ferrygut.com\/product\/bolente-serra-zwillingskinderwagen-grau-zwillingskinderwagen\/"},"modified":"2025-04-28T16:33:41","modified_gmt":"2025-04-28T14:33:41","slug":"bolente-serra-zwillingskinderwagen-grau-zwillingskinderwagen","status":"publish","type":"product","link":"https:\/\/ferrygut.com\/de\/produkt\/bolente-serra-zwillingskinderwagen-grau-zwillingskinderwagen\/","title":{"rendered":"Bolente &#8211; Serra &#8211; Zwillingskinderwagen &#8211; Grau &#8211; Zwillingskinderwagen"},"content":{"rendered":"<p>Der Bolente Tandem Zwillingskinderwagen Serra ist ein vielseitiger und praktischer Duo-Kinderwagen, der speziell f\u00fcr die Bed\u00fcrfnisse von Eltern mit zwei kleinen Kindern entwickelt wurde.<br \/>\nMit seinem intelligenten und innovativen Design bietet dieser Kinderwagen Komfort und Bequemlichkeit f\u00fcr Kinder und Eltern und ist damit die ideale Wahl f\u00fcr Familien <a href=\"https:\/\/ferrygut.com\/de\/Produkt-Kategorie\/baby-kind-de\/unterwegs\/\">, die viel unterwegs sind<\/a>. <\/p>\n<h5>Bequem und sicher f\u00fcr zwei<\/h5>\n<p>Der Bolente Tandem Zwillingskinderwagen Serra verf\u00fcgt \u00fcber zwei bequeme Sitze mit verstellbaren R\u00fcckenlehnen und Sicherheitsgurten, damit beide Kinder sicher und bequem reisen k\u00f6nnen.<br \/>\nDer robuste Rahmen und die langlebigen Materialien sorgen f\u00fcr Stabilit\u00e4t und Sicherheit bei jeder Fahrt, w\u00e4hrend die gepolsterten Griffe f\u00fcr zus\u00e4tzlichen Komfort f\u00fcr die Eltern sorgen. <\/p>\n<h5>Praktisch und bequem<\/h5>\n<p>Mit seinem cleveren Design ist der Bolente Tandem-Kinderwagen Serra \u00e4u\u00dferst praktisch und bequem zu benutzen.<br \/>\nDer Zwillingskinderwagen verf\u00fcgt \u00fcber einen ger\u00e4umigen Aufbewahrungskorb an der Unterseite, der ideal ist, um wichtige Dinge und Vorr\u00e4te f\u00fcr zwei Kinder zu transportieren.<br \/>\nAu\u00dferdem ist der Soziuskinderwagen leicht faltbar und kompakt, so dass er einfach zu verstauen oder zu transportieren ist.  <\/p>\n<h5>Flexibel und wendig<\/h5>\n<p>Mit seinen wendigen R\u00e4dern und seinem schlanken Design l\u00e4sst sich der Bolente Tandem-Kinderwagen Serra auch in \u00fcberf\u00fcllten Umgebungen leicht man\u00f6vrieren.<br \/>\nEgal, ob du eine Besorgung in der Stadt machst oder im Park spazieren gehst, dieser Kinderwagen mit Sozius bietet die Flexibilit\u00e4t und Wendigkeit, die du brauchst, um m\u00fchelos mit zwei kleinen Kindern zu reisen. <\/p>\n<h5>Stilvoll und modern<\/h5>\n<p>Mit seinem modernen Design und den klaren Linien ist der Bolente Tandemwagen Serra nicht nur funktional, sondern auch stilvoll. Die klassische Farbe Grau verleiht dem Soziuskinderwagen einen zeitlosen Look, der perfekt zu jedem Stil und Geschmack passt. Mit diesem Zwillingskinderwagen kannst du mit deinen beiden Kleinen selbstbewusst und stilvoll unterwegs sein. Neben der grauen Farbe ist der Zwillingswagen auch in <a href=\"https:\/\/ferrygut.com\/de\/produkt\/bolente-serra-zwillingskinderwagen-schwarz-duo-kinderwagen\/\">Schwarz<\/a> erh\u00e4ltlich. Entdecke alle <a href=\"https:\/\/ferrygut.com\/de\/Produkt-Kategorie\/baby-kind-de\/unterwegs\/zwillings-trolleys\/\">Zwillingstrolleys<\/a> auf FerryGut.com! <\/p>\n<h5>Wichtige Merkmale:<\/h5>\n<ul>\n<li>Doppelter Kinderwagen f\u00fcr zwei Kinder geeignet<\/li>\n<li>Bequeme Sitze mit verstellbaren R\u00fcckenlehnen und Sicherheitsgurten<\/li>\n<li>Ger\u00e4umiger Aufbewahrungskorb f\u00fcr das N\u00f6tigste<\/li>\n<li>Kompaktes und faltbares Design f\u00fcr einfache Lagerung und Transport<\/li>\n<li>Wendig und leicht zu man\u00f6vrieren, auch in \u00fcberf\u00fcllten Umgebungen<\/li>\n<\/ul>\n<p>Mit dem Bolente Tandem Zwillingskinderwagen Serra hast du alles, was du brauchst, um mit deinen beiden Kleinen bequem und m\u00fchelos unterwegs zu sein, egal wohin du gehst.<\/p>\n","protected":false},"excerpt":{"rendered":"<p>Der Bolente Tandem Zwillingskinderwagen Serra ist ein vielseitiger und praktischer Duo-Kinderwagen, der speziell f\u00fcr die Bed\u00fcrfnisse von Eltern mit zwei kleinen Kindern entwickelt wurde. Mit seinem intelligenten und innovativen Design bietet dieser Kinderwagen Komfort und Bequemlichkeit f\u00fcr Kinder und Eltern und ist damit die ideale Wahl f\u00fcr Familien , die viel unterwegs sind. Bequem und [&hellip;]<\/p>\n","protected":false},"featured_media":7605,"comment_status":"closed","ping_status":"closed","template":"","meta":{"_acf_changed":false,"_seopress_robots_primary_cat":"67","_seopress_titles_title":"Zwillingskinderwagen | Bolente Serra | Grau | FerryGut.com","_seopress_titles_desc":"Dieser komfortable Zwillingswagen erf\u00fcllt alle Bed\u00fcrfnisse von Eltern mit 2 Kindern | Bestelle ihn jetzt bei FerryGut! | Vor 22:00 Uhr bestellt, morgen geliefert ","_seopress_robots_index":""},"product_brand":[],"product_cat":[2883,2929],"product_tag":[],"brands":[5295],"channels":[],"class_list":{"0":"post-7604","1":"product","2":"type-product","3":"status-publish","4":"has-post-thumbnail","6":"product_cat-unterwegs","7":"product_cat-zwillings-trolleys","8":"pa_slaapstand-ja-de","9":"brands-bolente","11":"first","12":"outofstock","13":"taxable","14":"shipping-taxable","15":"purchasable","16":"product-type-simple"},"acf":[],"weight_unit":"kg","dimension_unit":"cm","packaging_unit":"St\u00fccke","country_of_origin":"China","weee_germany":"DE97744419","website_url":"https:\/\/ferrygut.com\/","verkoper":"FerryGut.com","postcode":"5048CD","telefoonnummer":"+31850000735","_links":{"self":[{"href":"https:\/\/ferrygut.com\/de\/wp-json\/wp\/v2\/product\/7604","targetHints":{"allow":["GET"]}}],"collection":[{"href":"https:\/\/ferrygut.com\/de\/wp-json\/wp\/v2\/product"}],"about":[{"href":"https:\/\/ferrygut.com\/de\/wp-json\/wp\/v2\/types\/product"}],"replies":[{"embeddable":true,"href":"https:\/\/ferrygut.com\/de\/wp-json\/wp\/v2\/comments?post=7604"}],"wp:featuredmedia":[{"embeddable":true,"href":"https:\/\/ferrygut.com\/de\/wp-json\/wp\/v2\/media\/7605"}],"wp:attachment":[{"href":"https:\/\/ferrygut.com\/de\/wp-json\/wp\/v2\/media?parent=7604"}],"wp:term":[{"taxonomy":"product_brand","embeddable":true,"href":"https:\/\/ferrygut.com\/de\/wp-json\/wp\/v2\/product_brand?post=7604"},{"taxonomy":"product_cat","embeddable":true,"href":"https:\/\/ferrygut.com\/de\/wp-json\/wp\/v2\/product_cat?post=7604"},{"taxonomy":"product_tag","embeddable":true,"href":"https:\/\/ferrygut.com\/de\/wp-json\/wp\/v2\/product_tag?post=7604"},{"taxonomy":"brands","embeddable":true,"href":"https:\/\/ferrygut.com\/de\/wp-json\/wp\/v2\/brands?post=7604"},{"taxonomy":"channels","embeddable":true,"href":"https:\/\/ferrygut.com\/de\/wp-json\/wp\/v2\/channels?post=7604"}],"curies":[{"name":"wp","href":"https:\/\/api.w.org\/{rel}","templated":true}]}}