{"id":7544,"date":"2024-01-29T11:36:45","date_gmt":"2024-01-29T10:36:45","guid":{"rendered":"https:\/\/ferrygut.com\/product\/noma-treppentor-holz-natur-kindertor\/"},"modified":"2025-04-29T09:31:59","modified_gmt":"2025-04-29T07:31:59","slug":"noma-treppentor-holz-natur-kindertor","status":"publish","type":"product","link":"https:\/\/ferrygut.com\/de\/produkt\/noma-treppentor-holz-natur-kindertor\/","title":{"rendered":"Noma &#8211; Treppentor &#8211; Holz &#8211; Natur &#8211; Kindertor &#8211; 64 bis 100cm"},"content":{"rendered":"<p><span style=\"font-size: 14px;\">Das Noma Safety Gate ist die perfekte Wahl f\u00fcr Eltern, die eine zuverl\u00e4ssige und stilvolle M\u00f6glichkeit suchen, ihr Zuhause kinderfreundlich zu gestalten. Mit seinem verstellbaren Design und den langlebigen Materialien bietet dieses Tor optimale Sicherheit und Seelenfrieden und verleiht deiner Einrichtung einen Hauch von Eleganz. Das Holztreppentor von Noma ist auch in folgenden Farben erh\u00e4ltlich    <\/span><a style=\"font-size: 14px;\" href=\"https:\/\/ferrygut.com\/de\/produkt\/noma-treppentor-holz-weis-kindertor\/\">Wei\u00df<\/a><span style=\"font-size: 14px;\"> und <\/span><a style=\"font-size: 14px;\" href=\"https:\/\/ferrygut.com\/de\/produkt\/noma-treppentor-holz-schwarz-kindertor\/\">Schwarz<\/a><span style=\"font-size: 14px;\">.<\/span><\/p>\n<h3>Wichtige Merkmale:<\/h3>\n<ul>\n<li>Treppengitter ausziehbar von 64 bis 100 cm<\/li>\n<li>Treppengitter aus Holz<\/li>\n<li>Treppengitter mit Bohrungen f\u00fcr zus\u00e4tzliche St\u00e4rke<\/li>\n<li>Sichere Verriegelung mit Klammern oben und unten, um die Schutzgitter in Position zu halten<\/li>\n<li>Einfacher Einbau mit klaren Anweisungen<\/li>\n<li>Bequemer Einhand-\u00d6ffnungsmechanismus f\u00fcr zus\u00e4tzlichen Komfort<\/li>\n<\/ul>\n<h3>Sicherheit mit dem Noma-Treppengitter<\/h3>\n<p>Sicherheit geht vor! Dieses Treppengitter aus Holz wurde speziell entwickelt, um zu verhindern, dass dein Kleines an gef\u00e4hrliche Stellen gelangt. Das Noma Treppengitter l\u00e4sst sich leicht in T\u00fcr\u00f6ffnungen, Fluren und Treppenh\u00e4usern anbringen. Dank des gebohrten Treppengitters bleibt es auch bei t\u00e4glichem Gebrauch fest an seinem Platz. Willst du weitere Optionen kennenlernen? Dann sieh dir unsere Kategorie <a href=\"https:\/\/ferrygut.com\/de\/Produkt-Kategorie\/baby-kind-de\/sicherheit\/treppengitter\/\">Treppengitter<\/a> f\u00fcr alle Marken, Gr\u00f6\u00dfen und Farben an!     <\/p>\n<h3>Langlebiges und stabiles Treppentor aus Holz<\/h3>\n<p>Das Noma-Treppengitter ist aus Holz gefertigt und bietet maximale Robustheit. Dieses ausziehbare Treppengitter ist so konzipiert, dass es den t\u00e4glichen Bewegungen in einem Haushalt mit Kindern standh\u00e4lt. Egal, ob sich dein Kind gegen das Holztreppengitter lehnt oder daran zieht, die robuste Konstruktion sorgt f\u00fcr eine lange Nutzungsdauer.  <\/p>\n<h3>Stilvolles Design<\/h3>\n<p>Neben seiner Funktionalit\u00e4t verleiht das Noma-Treppengitter deiner Einrichtung auch einen Hauch von Stil. Der nat\u00fcrliche Holzrahmen f\u00fcgt sich nahtlos in die meisten Einrichtungsstile ein und verleiht jedem Raum einen eleganten Look.  Egal, ob deine Einrichtung modern oder klassisch ist, dieser Zaun verleiht deinem Zuhause einen Hauch von Raffinesse.<\/p>\n<h3>Einfach zu installieren und zu nutzen<\/h3>\n<p>Das Treppentor mit Bohrung wird mit allen notwendigen Montagematerialien und einer \u00fcbersichtlichen Anleitung geliefert. So l\u00e4sst sich das Noma Treppengitter schnell und einfach montieren. Dank des cleveren \u00d6ffnungsmechanismus l\u00e4sst sich das ausziehbare Treppengitter leicht mit einer Hand \u00f6ffnen und schlie\u00dfen, was ideal f\u00fcr Eltern mit vollen H\u00e4nden ist.  <\/p>\n<h3>Was ist in der Box?<\/h3>\n<ul>\n<li>Noma ausziehbares Holztreppentor<\/li>\n<li>Montagematerial<\/li>\n<li>Benutzerhandbuch<\/li>\n<\/ul>\n<p>Mit dem Noma-Treppengitter schaffst du eine sichere Umgebung f\u00fcr dein Kleines und bewahrst gleichzeitig den Stil deines Hauses.<\/p>\n","protected":false},"excerpt":{"rendered":"<p>Das Noma Safety Gate ist die perfekte Wahl f\u00fcr Eltern, die eine zuverl\u00e4ssige und stilvolle M\u00f6glichkeit suchen, ihr Zuhause kinderfreundlich zu gestalten. Mit seinem verstellbaren Design und den langlebigen Materialien bietet dieses Tor optimale Sicherheit und Seelenfrieden und verleiht deiner Einrichtung einen Hauch von Eleganz. Das Holztreppentor von Noma ist auch in folgenden Farben erh\u00e4ltlich [&hellip;]<\/p>\n","protected":false},"featured_media":7547,"comment_status":"closed","ping_status":"closed","template":"","meta":{"_acf_changed":false,"_seopress_robots_primary_cat":"64","_seopress_titles_title":"Noma - Treppengitter - Ausziehbares Treppengitter aus Holz - Natur - 64-100 cm","_seopress_titles_desc":"Noma Versenkbares Holztreppentor f\u00fcr Kinder. Jetzt bestellen, morgen zu Hause. Bei FerryGut hast du kostenlosen Versand und eine 2-j\u00e4hrige Garantie auf deine Produkte.  ","_seopress_robots_index":""},"product_brand":[],"product_cat":[2899,2911],"product_tag":[],"brands":[5301],"channels":[],"class_list":{"0":"post-7544","1":"product","2":"type-product","3":"status-publish","4":"has-post-thumbnail","6":"product_cat-sicherheit","7":"product_cat-treppengitter","8":"brands-noma","10":"first","11":"outofstock","12":"taxable","13":"shipping-taxable","14":"purchasable","15":"product-type-simple"},"acf":[],"weight_unit":"kg","dimension_unit":"cm","packaging_unit":"St\u00fccke","country_of_origin":"China","weee_germany":"DE97744419","website_url":"https:\/\/ferrygut.com\/","verkoper":"FerryGut.com","postcode":"5048CD","telefoonnummer":"+31850000735","_links":{"self":[{"href":"https:\/\/ferrygut.com\/de\/wp-json\/wp\/v2\/product\/7544","targetHints":{"allow":["GET"]}}],"collection":[{"href":"https:\/\/ferrygut.com\/de\/wp-json\/wp\/v2\/product"}],"about":[{"href":"https:\/\/ferrygut.com\/de\/wp-json\/wp\/v2\/types\/product"}],"replies":[{"embeddable":true,"href":"https:\/\/ferrygut.com\/de\/wp-json\/wp\/v2\/comments?post=7544"}],"wp:featuredmedia":[{"embeddable":true,"href":"https:\/\/ferrygut.com\/de\/wp-json\/wp\/v2\/media\/7547"}],"wp:attachment":[{"href":"https:\/\/ferrygut.com\/de\/wp-json\/wp\/v2\/media?parent=7544"}],"wp:term":[{"taxonomy":"product_brand","embeddable":true,"href":"https:\/\/ferrygut.com\/de\/wp-json\/wp\/v2\/product_brand?post=7544"},{"taxonomy":"product_cat","embeddable":true,"href":"https:\/\/ferrygut.com\/de\/wp-json\/wp\/v2\/product_cat?post=7544"},{"taxonomy":"product_tag","embeddable":true,"href":"https:\/\/ferrygut.com\/de\/wp-json\/wp\/v2\/product_tag?post=7544"},{"taxonomy":"brands","embeddable":true,"href":"https:\/\/ferrygut.com\/de\/wp-json\/wp\/v2\/brands?post=7544"},{"taxonomy":"channels","embeddable":true,"href":"https:\/\/ferrygut.com\/de\/wp-json\/wp\/v2\/channels?post=7544"}],"curies":[{"name":"wp","href":"https:\/\/api.w.org\/{rel}","templated":true}]}}