{"id":7534,"date":"2024-01-29T11:41:02","date_gmt":"2024-01-29T10:41:02","guid":{"rendered":"https:\/\/ferrygut.com\/product\/noma-treppengitter-metall-weis\/"},"modified":"2025-04-29T09:31:08","modified_gmt":"2025-04-29T07:31:08","slug":"noma-treppengitter-metall-weis","status":"publish","type":"product","link":"https:\/\/ferrygut.com\/de\/produkt\/noma-treppengitter-metall-weis\/","title":{"rendered":"Noma &#8211; Treppengitter &#8211; Metall &#8211; 62 bis 102cm &#8211; Wei\u00df"},"content":{"rendered":"<p><span style=\"font-size: 14px;\">Mit dem Noma Metall-Treppengitter schaffst du eine sichere Umgebung f\u00fcr dein Kind, w\u00e4hrend du ihm gleichzeitig die Freiheit gibst, zu entdecken. Dieses ausziehbare Treppengitter ist eine unverzichtbare Erg\u00e4nzung f\u00fcr jedes Haus mit kleinen Kindern, denn es sorgt f\u00fcr Ruhe und Sicherheit, ohne den Stil deiner Einrichtung zu beeintr\u00e4chtigen. Neben der Farbe Wei\u00df ist dieses Metalltreppentor auch in der Farbe    <\/span><a style=\"font-size: 14px;\" href=\"https:\/\/ferrygut.com\/de\/produkt\/noma-treppengitter-metall-schwarz\/\">Schwarz<\/a><span style=\"font-size: 14px;\">.<\/span><\/p>\n<h5>Sicherheit geht vor<\/h5>\n<p>Sicherheit steht an erster Stelle, wenn es darum geht, dein Kind vor potenziell gef\u00e4hrlichen Bereichen in der Wohnung zu sch\u00fctzen, wie zum Beispiel Treppen.<br \/>\nDas Noma Metall-Treppengitter wurde entwickelt, damit dein Kind sicher spielen und erkunden kann, ohne Gefahr zu laufen, die Treppe herunterzufallen.<br \/>\nMit einer verstellbaren Breite von 62 bis 102 cm passt dieses Tor in die meisten Standardt\u00fcren und Treppenh\u00e4user.    <a href=\"https:\/\/ferrygut.com\/de\/Produkt-Kategorie\/baby-kind-de\/sicherheit\/treppengitter\/\">Sieh dir hier alle Treppengitter von FerryGut an.<\/a><\/p>\n<h5>Langlebige und robuste Konstruktion<\/h5>\n<p>Das Sicherheitstor ist aus hochwertigem Metall gefertigt und f\u00fcr eine lange Lebensdauer ausgelegt.<br \/>\nDie robuste Konstruktion sorgt daf\u00fcr, dass das Tor dem t\u00e4glichen Gebrauch und dem Druck standh\u00e4lt, der ausge\u00fcbt wird, wenn sich dein Kleines dagegen lehnt oder daran zieht.<br \/>\nDadurch bietet das Tor deinem Kind einen langfristigen Schutz, w\u00e4hrend es heranw\u00e4chst.  <\/p>\n<h5>Einfach zu installieren und zu nutzen<\/h5>\n<p>Das Noma-Treppentor ist einfach zu installieren und erfordert keine komplizierten Werkzeuge oder Montagekenntnisse.<br \/>\nMit dem mitgelieferten Montagematerial und der klaren Anleitung kannst du den Zaun innerhalb weniger Minuten aufstellen.<br \/>\nDer praktische Einhand-\u00d6ffnungsmechanismus macht es den Eltern au\u00dferdem leicht, das Tor zu \u00f6ffnen und zu schlie\u00dfen, selbst wenn sie die H\u00e4nde voll haben.  <\/p>\n<h5>Elegantes und erweiterbares Design<\/h5>\n<p>Dank seines ausziehbaren Designs passt das Noma Metall-Treppengitter in eine Vielzahl von T\u00fcr\u00f6ffnungen und Treppen.<br \/>\nDer wei\u00dfe Metallrahmen hat einen stilvollen Look, der sich nahtlos in die meisten Innenr\u00e4ume einf\u00fcgt.<br \/>\nEgal ob du ein modernes oder klassisches Haus hast, dieses Treppengitter verleiht jedem Raum einen Hauch von Eleganz.  <\/p>\n<h5>Wichtige Merkmale:<\/h5>\n<ul>\n<li>Verstellbares Tor von 62 bis 102 cm<\/li>\n<li>Schraubbefestigung<\/li>\n<li>Hergestellt aus hochwertigem Metall f\u00fcr Langlebigkeit<\/li>\n<li>Einfach zu installieren und zu nutzen<\/li>\n<li>Elegantes Design, das zu jeder Einrichtung passt<\/li>\n<li>Bequemer Einhand-\u00d6ffnungsmechanismus f\u00fcr zus\u00e4tzlichen Komfort<\/li>\n<\/ul>\n<p>Mit dem Noma-Treppengitter schaffst du eine sichere Umgebung f\u00fcr deine Kleinen und bewahrst gleichzeitig den Stil deines Hauses.<\/p>\n","protected":false},"excerpt":{"rendered":"<p>Mit dem Noma Metall-Treppengitter schaffst du eine sichere Umgebung f\u00fcr dein Kind, w\u00e4hrend du ihm gleichzeitig die Freiheit gibst, zu entdecken. Dieses ausziehbare Treppengitter ist eine unverzichtbare Erg\u00e4nzung f\u00fcr jedes Haus mit kleinen Kindern, denn es sorgt f\u00fcr Ruhe und Sicherheit, ohne den Stil deiner Einrichtung zu beeintr\u00e4chtigen. Neben der Farbe Wei\u00df ist dieses Metalltreppentor [&hellip;]<\/p>\n","protected":false},"featured_media":7543,"comment_status":"closed","ping_status":"closed","template":"","meta":{"_acf_changed":false,"_seopress_robots_primary_cat":"64","_seopress_titles_title":"Treppengitter | Noma | Metall | Wei\u00df | 62-102 cm | FerryGut","_seopress_titles_desc":"Ausziehbares Treppenregal. Heute bestellt, morgen geliefert. Bei FerryGut hast du kostenlosen Versand und eine Standardgarantie von 2 Jahren.  ","_seopress_robots_index":""},"product_brand":[],"product_cat":[2899,2911],"product_tag":[],"brands":[5301],"channels":[],"class_list":{"0":"post-7534","1":"product","2":"type-product","3":"status-publish","4":"has-post-thumbnail","6":"product_cat-sicherheit","7":"product_cat-treppengitter","8":"brands-noma","10":"first","11":"instock","12":"taxable","13":"shipping-taxable","14":"purchasable","15":"product-type-simple"},"acf":[],"weight_unit":"kg","dimension_unit":"cm","packaging_unit":"St\u00fccke","country_of_origin":"China","weee_germany":"DE97744419","website_url":"https:\/\/ferrygut.com\/","verkoper":"FerryGut.com","postcode":"5048CD","telefoonnummer":"+31850000735","_links":{"self":[{"href":"https:\/\/ferrygut.com\/de\/wp-json\/wp\/v2\/product\/7534","targetHints":{"allow":["GET"]}}],"collection":[{"href":"https:\/\/ferrygut.com\/de\/wp-json\/wp\/v2\/product"}],"about":[{"href":"https:\/\/ferrygut.com\/de\/wp-json\/wp\/v2\/types\/product"}],"replies":[{"embeddable":true,"href":"https:\/\/ferrygut.com\/de\/wp-json\/wp\/v2\/comments?post=7534"}],"wp:featuredmedia":[{"embeddable":true,"href":"https:\/\/ferrygut.com\/de\/wp-json\/wp\/v2\/media\/7543"}],"wp:attachment":[{"href":"https:\/\/ferrygut.com\/de\/wp-json\/wp\/v2\/media?parent=7534"}],"wp:term":[{"taxonomy":"product_brand","embeddable":true,"href":"https:\/\/ferrygut.com\/de\/wp-json\/wp\/v2\/product_brand?post=7534"},{"taxonomy":"product_cat","embeddable":true,"href":"https:\/\/ferrygut.com\/de\/wp-json\/wp\/v2\/product_cat?post=7534"},{"taxonomy":"product_tag","embeddable":true,"href":"https:\/\/ferrygut.com\/de\/wp-json\/wp\/v2\/product_tag?post=7534"},{"taxonomy":"brands","embeddable":true,"href":"https:\/\/ferrygut.com\/de\/wp-json\/wp\/v2\/brands?post=7534"},{"taxonomy":"channels","embeddable":true,"href":"https:\/\/ferrygut.com\/de\/wp-json\/wp\/v2\/channels?post=7534"}],"curies":[{"name":"wp","href":"https:\/\/api.w.org\/{rel}","templated":true}]}}