{"id":7498,"date":"2024-01-29T13:15:13","date_gmt":"2024-01-29T12:15:13","guid":{"rendered":"https:\/\/ferrygut.com\/product\/noma-sicherheitsgitter-3-paneele-weis\/"},"modified":"2025-04-29T09:36:15","modified_gmt":"2025-04-29T07:36:15","slug":"noma-sicherheitsgitter-3-paneele-weis","status":"publish","type":"product","link":"https:\/\/ferrygut.com\/de\/produkt\/noma-sicherheitsgitter-3-paneele-weis\/","title":{"rendered":"Noma &#8211; Sicherheitsgitter &#8211; 3 Paneele &#8211; Wei\u00df"},"content":{"rendered":"<p><span style=\"font-size: 14px;\">Das Noma Configure Gate Sicherheitstor ist eine vielseitige L\u00f6sung, um verschiedene Bereiche des Hauses abzusperren, damit dein Kleines sicher erkunden und spielen kann, w\u00e4hrend du beruhigt sein kannst.<br \/>\nMit drei Fl\u00fcgeln und einer verstellbaren Breite von 64 bis 197,5 cm ist dieses Tor perfekt f\u00fcr die meisten T\u00fcr\u00f6ffnungen, Treppen und andere \u00d6ffnungen im Haus. <\/span><\/p>\n<h4>Flexibles und anpassungsf\u00e4higes Design<\/h4>\n<p>Dieses Sicherheitstor wird mit drei Fl\u00fcgeln geliefert, die so konfiguriert werden k\u00f6nnen, dass sie den spezifischen Bed\u00fcrfnissen deines Hauses entsprechen.<br \/>\nEgal, ob du eine breite \u00d6ffnung verschlie\u00dfen oder einen verwinkelten Raum sch\u00fctzen willst, die flexiblen Paneele k\u00f6nnen je nach Bedarf in verschiedenen Konfigurationen angebracht werden.<br \/>\nAu\u00dferdem k\u00f6nnen durch das modulare Design zus\u00e4tzliche Paneele hinzugef\u00fcgt werden (nicht im Lieferumfang enthalten), um noch mehr Vielseitigkeit zu erreichen.  <\/p>\n<h4>Einfache Installation und Benutzerfreundlichkeit<\/h4>\n<p>Das <a href=\"https:\/\/ferrygut.com\/de\/Marke\/noma-de\/\">Noma<\/a> Configure Gate Safety Gate wurde f\u00fcr eine einfache Installation und Benutzerfreundlichkeit entwickelt.<\/p>\n<h4>Nachhaltiges und sicheres Design<\/h4>\n<p>Das Sicherheitstor besteht aus hochwertigem Metall und ist so konzipiert, dass es dein Kleines langfristig sch\u00fctzt.<br \/>\nDie robuste Konstruktion sorgt daf\u00fcr, dass das Tor dem t\u00e4glichen Gebrauch und dem Druck standh\u00e4lt, der ausge\u00fcbt wird, wenn sich dein Kind dagegen lehnt oder daran zieht.<br \/>\nDank seiner H\u00f6he von 75 cm bietet das Tor au\u00dferdem zus\u00e4tzliche Sicherheit und verhindert, dass dein Kleines dar\u00fcber klettert.  <\/p>\n<h4>Bequemer und sicherer Schlie\u00dfmechanismus<\/h4>\n<p>Das Tor verf\u00fcgt \u00fcber einen praktischen Verriegelungsmechanismus, der sowohl Erwachsene als auch Kinder in Sicherheit bringt.<br \/>\nMit einem einfachen Knopfdruck l\u00e4sst sich das Tor mit einer Hand \u00f6ffnen, so dass die Eltern auch dann leicht Zugang zum geschlossenen Raum haben, wenn sie die H\u00e4nde voll haben.<br \/>\nGleichzeitig ist der Mechanismus so konstruiert, dass er f\u00fcr Kinder schwer zu \u00f6ffnen ist und sie sicher innerhalb des abgegrenzten Bereichs bleiben.  <\/p>\n<h4>Wichtige Merkmale:<\/h4>\n<ul>\n<li>Drei Paneele mit verstellbarer Breite von 64 bis 197,5 cm<\/li>\n<li>Schraubbefestigung<\/li>\n<li>Flexibles und anpassungsf\u00e4higes Design f\u00fcr verschiedene Anwendungen<\/li>\n<li>Einfacher Einbau mit Druckbefestigungssystem<\/li>\n<li>Hergestellt aus hochwertigem Metall f\u00fcr Langlebigkeit<\/li>\n<li>Bequemer Schlie\u00dfmechanismus f\u00fcr Erwachsene und Kinder<\/li>\n<\/ul>\n<h4>3- und 5-t\u00fcrige Sicherheitsschleusen<\/h4>\n<p>Die <a href=\"https:\/\/ferrygut.com\/de\/Produkt-Kategorie\/baby-kind-de\/sicherheit\/schutzturen\/\">Sicherheitsgitter<\/a> der Marke Noma wurden entwickelt, um eine sichere Spielumgebung f\u00fcr dein Kind zu schaffen. Dank der flexiblen Paneele kannst du ganz einfach einen definierten Raum schaffen, in dem dein Kind sicher spielen und sich bewegen kann. Das Noma-Sicherheitsgitter ist sowohl in einer 3-fl\u00fcgeligen Version in <a href=\"https:\/\/ferrygut.com\/de\/produkt\/noma-sicherheitsgitter-3-paneele-schwarz\/\">Schwarz<\/a> und Wei\u00df als auch in einer 5-fl\u00fcgeligen Version in <a href=\"https:\/\/ferrygut.com\/de\/produkt\/noma-sicherheitsgitter-5-paneele-schwarz\/\">Schwarz<\/a> und <a href=\"https:\/\/ferrygut.com\/de\/produkt\/noma-sicherheitsgitter-5-paneele-weis\/\">Wei\u00df<\/a> erh\u00e4ltlich.  <\/p>\n<p>Mit dem Noma Configure Gate Safety Gate kannst du die Sicherheit deines Kindes in verschiedenen Bereichen des Hauses flexibel gew\u00e4hrleisten. Lies auf unserer Website alles \u00fcber <a href=\"https:\/\/ferrygut.com\/de\/unsere-tipps-fuer-die-besten-sicherheitsgatter-fuer-deine-treppe\/\">Tipps zur Verwendung von Sicherheitsgittern.<\/a> <\/p>\n","protected":false},"excerpt":{"rendered":"<p>Das Noma Configure Gate Sicherheitstor ist eine vielseitige L\u00f6sung, um verschiedene Bereiche des Hauses abzusperren, damit dein Kleines sicher erkunden und spielen kann, w\u00e4hrend du beruhigt sein kannst. Mit drei Fl\u00fcgeln und einer verstellbaren Breite von 64 bis 197,5 cm ist dieses Tor perfekt f\u00fcr die meisten T\u00fcr\u00f6ffnungen, Treppen und andere \u00d6ffnungen im Haus. Flexibles [&hellip;]<\/p>\n","protected":false},"featured_media":7512,"comment_status":"closed","ping_status":"closed","template":"","meta":{"_acf_changed":false,"_seopress_robots_primary_cat":"553","_seopress_titles_title":"Sicherheitszaun | Noma | 3 Paneele | Wei\u00df | FerryGut","_seopress_titles_desc":"3-Panel-Sicherheitsgestell. Jetzt bestellen, morgen zu Hause. Bei FerryGut hast du kostenlosen Versand und erh\u00e4ltst eine 2-Jahres-Garantie bei deinem Kauf.  ","_seopress_robots_index":""},"product_brand":[],"product_cat":[2926,2899],"product_tag":[],"brands":[5301],"channels":[],"class_list":{"0":"post-7498","1":"product","2":"type-product","3":"status-publish","4":"has-post-thumbnail","6":"product_cat-schutzturen","7":"product_cat-sicherheit","8":"brands-noma","10":"first","11":"instock","12":"taxable","13":"shipping-taxable","14":"purchasable","15":"product-type-simple"},"acf":[],"weight_unit":"kg","dimension_unit":"cm","packaging_unit":"St\u00fccke","country_of_origin":"China","weee_germany":"DE97744419","website_url":"https:\/\/ferrygut.com\/","verkoper":"FerryGut.com","postcode":"5048CD","telefoonnummer":"+31850000735","_links":{"self":[{"href":"https:\/\/ferrygut.com\/de\/wp-json\/wp\/v2\/product\/7498","targetHints":{"allow":["GET"]}}],"collection":[{"href":"https:\/\/ferrygut.com\/de\/wp-json\/wp\/v2\/product"}],"about":[{"href":"https:\/\/ferrygut.com\/de\/wp-json\/wp\/v2\/types\/product"}],"replies":[{"embeddable":true,"href":"https:\/\/ferrygut.com\/de\/wp-json\/wp\/v2\/comments?post=7498"}],"wp:featuredmedia":[{"embeddable":true,"href":"https:\/\/ferrygut.com\/de\/wp-json\/wp\/v2\/media\/7512"}],"wp:attachment":[{"href":"https:\/\/ferrygut.com\/de\/wp-json\/wp\/v2\/media?parent=7498"}],"wp:term":[{"taxonomy":"product_brand","embeddable":true,"href":"https:\/\/ferrygut.com\/de\/wp-json\/wp\/v2\/product_brand?post=7498"},{"taxonomy":"product_cat","embeddable":true,"href":"https:\/\/ferrygut.com\/de\/wp-json\/wp\/v2\/product_cat?post=7498"},{"taxonomy":"product_tag","embeddable":true,"href":"https:\/\/ferrygut.com\/de\/wp-json\/wp\/v2\/product_tag?post=7498"},{"taxonomy":"brands","embeddable":true,"href":"https:\/\/ferrygut.com\/de\/wp-json\/wp\/v2\/brands?post=7498"},{"taxonomy":"channels","embeddable":true,"href":"https:\/\/ferrygut.com\/de\/wp-json\/wp\/v2\/channels?post=7498"}],"curies":[{"name":"wp","href":"https:\/\/api.w.org\/{rel}","templated":true}]}}