{"id":7440,"date":"2024-01-29T13:59:40","date_gmt":"2024-01-29T12:59:40","guid":{"rendered":"https:\/\/ferrygut.com\/product\/noma-verlangerungsstuck-pressure-fit-28cm\/"},"modified":"2025-04-29T09:40:54","modified_gmt":"2025-04-29T07:40:54","slug":"noma-verlangerungsstuck-pressure-fit-28cm-2","status":"publish","type":"product","link":"https:\/\/ferrygut.com\/de\/produkt\/noma-verlangerungsstuck-pressure-fit-28cm-2\/","title":{"rendered":"Noma &#8211; Verl\u00e4ngerungsst\u00fcck &#8211; Pressure Fit &#8211; 28cm &#8211; Wei\u00df"},"content":{"rendered":"<p><span style=\"font-size: 14px;\">Mit unseren praktischen Treppentor-Erweiterungsteilen kannst du dein bestehendes Tor ganz einfach erweitern, damit es in gr\u00f6\u00dfere \u00d6ffnungen passt. Ob du eine \u00d6ffnung von 7 cm, 14 cm oder sogar 28 cm hast, wir haben die richtigen Verl\u00e4ngerungsteile f\u00fcr deinen Bedarf. Diese Verl\u00e4ngerungen wurden speziell f\u00fcr den nahtlosen Anschluss an unsere Treppengitter entwickelt, sodass du schnell und einfach eine sichere Umgebung f\u00fcr dein Kind schaffen kannst. Mit Treppentorverl\u00e4ngerungen musst du dir keine Sorgen mehr machen, dass dein Tor nicht passt &#8211; jetzt kannst du jede \u00d6ffnung sicher schlie\u00dfen.   <\/span><\/p>\n<h4>Druckfeste Verl\u00e4ngerungen von Noma<\/h4>\n<p>Entdecke hier alle Gr\u00f6\u00dfen und Farben von Noma&#8217;s Verl\u00e4ngerungen:<\/p>\n<ul>\n<li><a href=\"https:\/\/ferrygut.com\/de\/produkt\/noma-verlangerungsstuck-pressure-fit-7cm-weis\/\">7 cm &#8211; Metall (Wei\u00df) <\/a><\/li>\n<li><a href=\"https:\/\/ferrygut.com\/de\/produkt\/noma-verlangerungsstuck-pressure-fit-7cm-schwarz\/\">7 cm &#8211; Metall (Schwarz)<\/a><\/li>\n<li><a href=\"https:\/\/ferrygut.com\/de\/produkt\/noma-verlangerungsstuck-pressure-fit-14cm-2\/\">14 cm &#8211; Metall (Wei\u00df)<\/a><\/li>\n<li><a href=\"https:\/\/ferrygut.com\/de\/produkt\/noma-verlangerungsstuck-pressure-fit-14cm\/\">14 cm &#8211; Metall (Schwarz)<\/a><\/li>\n<li>28 cm &#8211; Metall (Wei\u00df)<\/li>\n<li><a href=\"https:\/\/ferrygut.com\/de\/produkt\/noma-verlangerungsstuck-pressure-fit-28cm\/\">28 cm &#8211; Metall (Schwarz)<\/a><\/li>\n<\/ul>\n","protected":false},"excerpt":{"rendered":"<p>Mit unseren praktischen Treppentor-Erweiterungsteilen kannst du dein bestehendes Tor ganz einfach erweitern, damit es in gr\u00f6\u00dfere \u00d6ffnungen passt. Ob du eine \u00d6ffnung von 7 cm, 14 cm oder sogar 28 cm hast, wir haben die richtigen Verl\u00e4ngerungsteile f\u00fcr deinen Bedarf. Diese Verl\u00e4ngerungen wurden speziell f\u00fcr den nahtlosen Anschluss an unsere Treppengitter entwickelt, sodass du schnell [&hellip;]<\/p>\n","protected":false},"featured_media":7443,"comment_status":"closed","ping_status":"closed","template":"","meta":{"_acf_changed":false,"_seopress_robots_primary_cat":"554","_seopress_titles_title":"Treppengitterverl\u00e4ngerung | Noma | 28 cm | Wei\u00df | FerryGut","_seopress_titles_desc":"Verl\u00e4ngerungsst\u00fcck f\u00fcr Treppengitter. Jetzt bestellen, morgen zu Hause. Bei FerryGut kannst du dir deine Produkte kostenlos liefern lassen. W\u00e4hle deinen eigenen Lieferfahrer.   ","_seopress_robots_index":""},"product_brand":[],"product_cat":[2899,2900],"product_tag":[],"brands":[5301],"channels":[],"class_list":{"0":"post-7440","1":"product","2":"type-product","3":"status-publish","4":"has-post-thumbnail","6":"product_cat-sicherheit","7":"product_cat-verlangerungsteile","8":"brands-noma","10":"first","11":"instock","12":"taxable","13":"shipping-taxable","14":"purchasable","15":"product-type-simple"},"acf":[],"weight_unit":"kg","dimension_unit":"cm","packaging_unit":"St\u00fccke","country_of_origin":"China","weee_germany":"DE97744419","website_url":"https:\/\/ferrygut.com\/","verkoper":"FerryGut.com","postcode":"5048CD","telefoonnummer":"+31850000735","_links":{"self":[{"href":"https:\/\/ferrygut.com\/de\/wp-json\/wp\/v2\/product\/7440","targetHints":{"allow":["GET"]}}],"collection":[{"href":"https:\/\/ferrygut.com\/de\/wp-json\/wp\/v2\/product"}],"about":[{"href":"https:\/\/ferrygut.com\/de\/wp-json\/wp\/v2\/types\/product"}],"replies":[{"embeddable":true,"href":"https:\/\/ferrygut.com\/de\/wp-json\/wp\/v2\/comments?post=7440"}],"wp:featuredmedia":[{"embeddable":true,"href":"https:\/\/ferrygut.com\/de\/wp-json\/wp\/v2\/media\/7443"}],"wp:attachment":[{"href":"https:\/\/ferrygut.com\/de\/wp-json\/wp\/v2\/media?parent=7440"}],"wp:term":[{"taxonomy":"product_brand","embeddable":true,"href":"https:\/\/ferrygut.com\/de\/wp-json\/wp\/v2\/product_brand?post=7440"},{"taxonomy":"product_cat","embeddable":true,"href":"https:\/\/ferrygut.com\/de\/wp-json\/wp\/v2\/product_cat?post=7440"},{"taxonomy":"product_tag","embeddable":true,"href":"https:\/\/ferrygut.com\/de\/wp-json\/wp\/v2\/product_tag?post=7440"},{"taxonomy":"brands","embeddable":true,"href":"https:\/\/ferrygut.com\/de\/wp-json\/wp\/v2\/brands?post=7440"},{"taxonomy":"channels","embeddable":true,"href":"https:\/\/ferrygut.com\/de\/wp-json\/wp\/v2\/channels?post=7440"}],"curies":[{"name":"wp","href":"https:\/\/api.w.org\/{rel}","templated":true}]}}