{"id":7414,"date":"2024-01-30T13:50:28","date_gmt":"2024-01-30T12:50:28","guid":{"rendered":"https:\/\/ferrygut.com\/product\/munchkin-6-mehrfarbige-loffel-kleinkind-besteck-set\/"},"modified":"2025-04-28T13:21:20","modified_gmt":"2025-04-28T11:21:20","slug":"munchkin-6-mehrfarbige-loffel-kleinkind-besteck-set","status":"publish","type":"product","link":"https:\/\/ferrygut.com\/de\/produkt\/munchkin-6-mehrfarbige-loffel-kleinkind-besteck-set\/","title":{"rendered":"Munchkin &#8211; 6 mehrfarbige L\u00f6ffel &#8211; Kleinkind-Besteck-Set"},"content":{"rendered":"<p><span style=\"font-size: 14px;\">Das Munchkin 6 Kleinkinderbesteck mit weichen Kanten ist nicht irgendein Besteck, sondern das ideale Besteckset f\u00fcr kleine Feinschmecker.<br \/>\nMit Gabel und L\u00f6ffel, lustigen bunten Farben und dem praktischen 6er-Pack wird das selbstst\u00e4ndige Essen zu einem farbenfrohen Erlebnis f\u00fcr Eltern und Kind. <\/span><\/p>\n<h5>Gabel und L\u00f6ffel f\u00fcr kompletten Essenskomfort<\/h5>\n<p>Dieses Besteckset enth\u00e4lt sowohl eine Gabel als auch einen L\u00f6ffel, so dass die Kleinen alle Gerichte leicht erkunden k\u00f6nnen.<br \/>\nDas kindgerechte Design f\u00f6rdert das selbstst\u00e4ndige Essen und hilft bei der Entwicklung der Essensf\u00e4higkeiten. <\/p>\n<h5>Lustige, leuchtende Farben f\u00fcr das Essvergn\u00fcgen<\/h5>\n<p>Die fr\u00f6hlichen Farben machen jede Mahlzeit zu einem Fest.<br \/>\nKinder werden die Vielfalt genie\u00dfen und Eltern k\u00f6nnen die Farben nutzen, um ihre Kleinen zum selbstst\u00e4ndigen Essen zu ermutigen.  W\u00e4hle die Farbe, die am besten zu deinem Kind passt.<\/p>\n<h5>Praktisches 6er-Set f\u00fcr verschiedene Anl\u00e4sse<\/h5>\n<p>Dieses Besteckset kommt in einer praktischen 6er-Packung, damit du immer genug Besteck zur Hand hast.<br \/>\nPerfekt f\u00fcr zu Hause, unterwegs oder bei den Gro\u00dfeltern &#8211; mit diesem Set ist unabh\u00e4ngiges Essen \u00fcberall m\u00f6glich. <\/p>\n<h5>Sp\u00fclmaschinentauglich f\u00fcr zus\u00e4tzlichen Komfort<\/h5>\n<p>Eltern haben schon genug zu tun, deshalb ist dieses Kleinkinderbesteck sp\u00fclmaschinenfest.<br \/>\nDie Reinigung des Bestecks ist einfach und schnell, sodass mehr Zeit f\u00fcr lustige Aktivit\u00e4ten mit deinem Kind bleibt. <\/p>\n<h5>Fazit: Entdecke die Leichtigkeit des farbenfrohen, unabh\u00e4ngigen Essens mit dem Munchkin 6 Kleinkind-Besteck-Set mit weichen Kanten<\/h5>\n<p>Entscheide dich f\u00fcr Bequemlichkeit, Fr\u00f6hlichkeit und einfaches Essen mit dem Munchkin 6 Kleinkind-Besteck-Set mit weichen R\u00e4ndern.<br \/>\nF\u00f6rdern Sie das selbstst\u00e4ndige Essen mit Gabel und L\u00f6ffel, lustigen Farben und einem praktischen 6er-Set.<br \/>\nEntdecke noch heute das Munchkin 6 Kleinkind-Besteck-Set mit weichen Kanten f\u00fcr ein farbenfrohes und lustiges Essensabenteuer!  <\/p>\n<h5>Wichtige Merkmale:<\/h5>\n<ul>\n<li>Gabel und L\u00f6ffel f\u00fcr ein einfaches Essen<\/li>\n<li>Lustige, leuchtende Farben f\u00fcr das Essvergn\u00fcgen<\/li>\n<li>6er-Set f\u00fcr verschiedene Anl\u00e4sse<\/li>\n<li>Sp\u00fclmaschinentauglich f\u00fcr zus\u00e4tzlichen Komfort<\/li>\n<\/ul>\n","protected":false},"excerpt":{"rendered":"<p>Das Munchkin 6 Kleinkinderbesteck mit weichen Kanten ist nicht irgendein Besteck, sondern das ideale Besteckset f\u00fcr kleine Feinschmecker. Mit Gabel und L\u00f6ffel, lustigen bunten Farben und dem praktischen 6er-Pack wird das selbstst\u00e4ndige Essen zu einem farbenfrohen Erlebnis f\u00fcr Eltern und Kind. Gabel und L\u00f6ffel f\u00fcr kompletten Essenskomfort Dieses Besteckset enth\u00e4lt sowohl eine Gabel als auch [&hellip;]<\/p>\n","protected":false},"featured_media":7423,"comment_status":"closed","ping_status":"closed","template":"","meta":{"_acf_changed":false,"_seopress_robots_primary_cat":"556","_seopress_titles_title":"Kleinkind-Besteck-Set | Munchkin | 6 Teile | FerryGut.com","_seopress_titles_desc":"Dieses Besteckset, bestehend aus 3 Gabeln und 3 L\u00f6ffeln, wird deinem Kind helfen, alle Gerichte mit Leichtigkeit zu essen | Bestelle es bei FerryGut! | Kostenloser Versand ab \u20ac 19 ","_seopress_robots_index":""},"product_brand":[],"product_cat":[2882,2898,2895],"product_tag":[],"brands":[5289],"channels":[],"class_list":{"0":"post-7414","1":"product","2":"type-product","3":"status-publish","4":"has-post-thumbnail","6":"product_cat-baby-kind","7":"product_cat-besteck","8":"product_cat-essen-und-trinken","9":"brands-munchkin","11":"first","12":"outofstock","13":"taxable","14":"shipping-taxable","15":"purchasable","16":"product-type-simple"},"acf":[],"weight_unit":"kg","dimension_unit":"cm","packaging_unit":"St\u00fccke","country_of_origin":"China","weee_germany":"DE97744419","website_url":"https:\/\/ferrygut.com\/","verkoper":"FerryGut.com","postcode":"5048CD","telefoonnummer":"+31850000735","_links":{"self":[{"href":"https:\/\/ferrygut.com\/de\/wp-json\/wp\/v2\/product\/7414","targetHints":{"allow":["GET"]}}],"collection":[{"href":"https:\/\/ferrygut.com\/de\/wp-json\/wp\/v2\/product"}],"about":[{"href":"https:\/\/ferrygut.com\/de\/wp-json\/wp\/v2\/types\/product"}],"replies":[{"embeddable":true,"href":"https:\/\/ferrygut.com\/de\/wp-json\/wp\/v2\/comments?post=7414"}],"wp:featuredmedia":[{"embeddable":true,"href":"https:\/\/ferrygut.com\/de\/wp-json\/wp\/v2\/media\/7423"}],"wp:attachment":[{"href":"https:\/\/ferrygut.com\/de\/wp-json\/wp\/v2\/media?parent=7414"}],"wp:term":[{"taxonomy":"product_brand","embeddable":true,"href":"https:\/\/ferrygut.com\/de\/wp-json\/wp\/v2\/product_brand?post=7414"},{"taxonomy":"product_cat","embeddable":true,"href":"https:\/\/ferrygut.com\/de\/wp-json\/wp\/v2\/product_cat?post=7414"},{"taxonomy":"product_tag","embeddable":true,"href":"https:\/\/ferrygut.com\/de\/wp-json\/wp\/v2\/product_tag?post=7414"},{"taxonomy":"brands","embeddable":true,"href":"https:\/\/ferrygut.com\/de\/wp-json\/wp\/v2\/brands?post=7414"},{"taxonomy":"channels","embeddable":true,"href":"https:\/\/ferrygut.com\/de\/wp-json\/wp\/v2\/channels?post=7414"}],"curies":[{"name":"wp","href":"https:\/\/api.w.org\/{rel}","templated":true}]}}