{"id":7405,"date":"2024-01-30T15:39:46","date_gmt":"2024-01-30T14:39:46","guid":{"rendered":"https:\/\/ferrygut.com\/product\/munchkin-white-hot-safety-loffel-4-hitzeempfindliche-loffel\/"},"modified":"2025-04-28T13:23:29","modified_gmt":"2025-04-28T11:23:29","slug":"munchkin-white-hot-safety-loffel-4-hitzeempfindliche-loffel","status":"publish","type":"product","link":"https:\/\/ferrygut.com\/de\/produkt\/munchkin-white-hot-safety-loffel-4-hitzeempfindliche-loffel\/","title":{"rendered":"Munchkin &#8211; White Hot Safety L\u00f6ffel &#8211; 4 hitzeempfindliche L\u00f6ffel"},"content":{"rendered":"<p><em><strong>Das ideale L\u00f6ffelset f\u00fcr kleine Feinschmecker &#8211; hitzeempfindliche L\u00f6ffel, fr\u00f6hliche Farben, sp\u00fclmaschinenfest und weiche R\u00e4nder<\/strong><\/em><\/p>\n<p>Die 6 L\u00f6ffel mit weichen Kanten von Munchkin sind nicht einfach nur irgendwelche L\u00f6ffel, sondern das ideale L\u00f6ffel-Set f\u00fcr kleine Esser.<br \/>\nMit der hitzeempfindlichen Technologie, den fr\u00f6hlichen Farben, der praktischen 6er-Packung und den weichen R\u00e4ndern f\u00fcr das Zahnfleisch wird das selbstst\u00e4ndige Essen zu einem farbenfrohen Erlebnis f\u00fcr Eltern und Kind. <\/p>\n<h5>Hitzeempfindliche L\u00f6ffel f\u00fcr sicheres Essen<\/h5>\n<p>Diese L\u00f6ffel sind mit einer hitzeempfindlichen Technologie ausgestattet, die es den Eltern leicht macht, zu erkennen, wann das Essen f\u00fcr ihr Kind zu hei\u00df ist.<br \/>\nSo macht unabh\u00e4ngiges Essen nicht nur Spa\u00df, sondern ist auch sicher. <\/p>\n<h5>Lustige, leuchtende Farben f\u00fcr das Essvergn\u00fcgen<\/h5>\n<p>Die fr\u00f6hlichen Farben machen jede Mahlzeit zu einem Fest.<br \/>\nDie Kinder werden die Vielfalt genie\u00dfen und die Eltern k\u00f6nnen die Farben nutzen, um ihre Kleinen zum selbstst\u00e4ndigen Essen zu ermutigen. <\/p>\n<h5>Praktisches 6er-Set f\u00fcr verschiedene Anl\u00e4sse<\/h5>\n<p>Dieses L\u00f6ffelset kommt in einer praktischen 6er-Packung, damit du immer gen\u00fcgend L\u00f6ffel zur Hand hast.<br \/>\nDieses Set eignet sich perfekt f\u00fcr zu Hause, unterwegs oder bei den Gro\u00dfeltern und macht unabh\u00e4ngiges Essen \u00fcberall m\u00f6glich. <\/p>\n<h5>Sp\u00fclmaschinentauglich f\u00fcr zus\u00e4tzlichen Komfort<\/h5>\n<p>Eltern haben schon genug zu tun, deshalb sind diese L\u00f6ffel sp\u00fclmaschinenfest.<br \/>\nDie Reinigung der L\u00f6ffel ist einfach und schnell, so dass mehr Zeit f\u00fcr lustige Aktivit\u00e4ten mit deinem Kind bleibt. <\/p>\n<h5>Schonend f\u00fcr das Zahnfleisch mit ergonomisch geformtem Griff<\/h5>\n<p>Diese L\u00f6ffel sind nicht nur hitzeempfindlich, sondern auch sanft zum Zahnfleisch.<br \/>\nDer ergonomisch geformte Griff sorgt f\u00fcr einen bequemen Halt und macht das selbstst\u00e4ndige Essen noch einfacher. <\/p>\n<h5>Fazit: Entdecke die Leichtigkeit des sicheren und farbenfrohen selbstst\u00e4ndigen Essens mit den 6 hitzeempfindlichen L\u00f6ffeln mit weichen Kanten von Munchkin<\/h5>\n<p>Entscheide dich f\u00fcr Komfort, Fr\u00f6hlichkeit und Sicherheit mit den Munchkin 6 hitzeempfindlichen L\u00f6ffeln mit weichen Kanten.<br \/>\nMit der hitzeempfindlichen Technologie, den fr\u00f6hlichen Farben und dem praktischen 6er-Set wird das selbstst\u00e4ndige Essen gef\u00f6rdert.<br \/>\nEntdecke noch heute die Munchkin 6 hitzeempfindlichen L\u00f6ffel f\u00fcr Kleinkinder mit weichen Kanten f\u00fcr ein farbenfrohes und lustiges Essensabenteuer!  <\/p>\n<h5>Wichtige Merkmale:<\/h5>\n<ul>\n<li>Hitzeempfindliche L\u00f6ffel f\u00fcr sicheres Essen<\/li>\n<li>Lustige, leuchtende Farben f\u00fcr das Essvergn\u00fcgen<\/li>\n<li>6er-Set f\u00fcr verschiedene Anl\u00e4sse<\/li>\n<li>Sp\u00fclmaschinentauglich f\u00fcr zus\u00e4tzlichen Komfort<\/li>\n<li>Schonend f\u00fcr das Zahnfleisch mit ergonomisch geformtem Griff<\/li>\n<\/ul>\n","protected":false},"excerpt":{"rendered":"<p>Das ideale L\u00f6ffelset f\u00fcr kleine Feinschmecker &#8211; hitzeempfindliche L\u00f6ffel, fr\u00f6hliche Farben, sp\u00fclmaschinenfest und weiche R\u00e4nder Die 6 L\u00f6ffel mit weichen Kanten von Munchkin sind nicht einfach nur irgendwelche L\u00f6ffel, sondern das ideale L\u00f6ffel-Set f\u00fcr kleine Esser. Mit der hitzeempfindlichen Technologie, den fr\u00f6hlichen Farben, der praktischen 6er-Packung und den weichen R\u00e4ndern f\u00fcr das Zahnfleisch wird das [&hellip;]<\/p>\n","protected":false},"featured_media":7413,"comment_status":"closed","ping_status":"closed","template":"","meta":{"_acf_changed":false,"_seopress_robots_primary_cat":"556","_seopress_titles_title":"4 W\u00e4rmeempfindliche L\u00f6ffel | Munchkin | FerryGut","_seopress_titles_desc":"Mit diesen L\u00f6ffeln kannst du leicht erkennen, ob das Essen deines Kindes noch hei\u00df ist. \u00dcber FerryGut kannst du es jetzt bestellen und es wird zu dir nach Hause oder zu einer Sammelstelle geliefert. ","_seopress_robots_index":""},"product_brand":[],"product_cat":[2882,2898,2895],"product_tag":[],"brands":[5289],"channels":[],"class_list":{"0":"post-7405","1":"product","2":"type-product","3":"status-publish","4":"has-post-thumbnail","6":"product_cat-baby-kind","7":"product_cat-besteck","8":"product_cat-essen-und-trinken","9":"brands-munchkin","11":"first","12":"instock","13":"taxable","14":"shipping-taxable","15":"purchasable","16":"product-type-simple"},"acf":[],"weight_unit":"kg","dimension_unit":"cm","packaging_unit":"St\u00fccke","country_of_origin":"China","weee_germany":"DE97744419","website_url":"https:\/\/ferrygut.com\/","verkoper":"FerryGut.com","postcode":"5048CD","telefoonnummer":"+31850000735","_links":{"self":[{"href":"https:\/\/ferrygut.com\/de\/wp-json\/wp\/v2\/product\/7405","targetHints":{"allow":["GET"]}}],"collection":[{"href":"https:\/\/ferrygut.com\/de\/wp-json\/wp\/v2\/product"}],"about":[{"href":"https:\/\/ferrygut.com\/de\/wp-json\/wp\/v2\/types\/product"}],"replies":[{"embeddable":true,"href":"https:\/\/ferrygut.com\/de\/wp-json\/wp\/v2\/comments?post=7405"}],"wp:featuredmedia":[{"embeddable":true,"href":"https:\/\/ferrygut.com\/de\/wp-json\/wp\/v2\/media\/7413"}],"wp:attachment":[{"href":"https:\/\/ferrygut.com\/de\/wp-json\/wp\/v2\/media?parent=7405"}],"wp:term":[{"taxonomy":"product_brand","embeddable":true,"href":"https:\/\/ferrygut.com\/de\/wp-json\/wp\/v2\/product_brand?post=7405"},{"taxonomy":"product_cat","embeddable":true,"href":"https:\/\/ferrygut.com\/de\/wp-json\/wp\/v2\/product_cat?post=7405"},{"taxonomy":"product_tag","embeddable":true,"href":"https:\/\/ferrygut.com\/de\/wp-json\/wp\/v2\/product_tag?post=7405"},{"taxonomy":"brands","embeddable":true,"href":"https:\/\/ferrygut.com\/de\/wp-json\/wp\/v2\/brands?post=7405"},{"taxonomy":"channels","embeddable":true,"href":"https:\/\/ferrygut.com\/de\/wp-json\/wp\/v2\/channels?post=7405"}],"curies":[{"name":"wp","href":"https:\/\/api.w.org\/{rel}","templated":true}]}}