{"id":7393,"date":"2024-01-30T16:06:56","date_gmt":"2024-01-30T15:06:56","guid":{"rendered":"https:\/\/ferrygut.com\/product\/munchkin-10-teiliges-geschirrset\/"},"modified":"2025-04-28T13:24:55","modified_gmt":"2025-04-28T11:24:55","slug":"munchkin-10-teiliges-geschirrset","status":"publish","type":"product","link":"https:\/\/ferrygut.com\/de\/produkt\/munchkin-10-teiliges-geschirrset\/","title":{"rendered":"Munchkin &#8211; 10-teiliges Geschirrset"},"content":{"rendered":"<p><span style=\"font-size: 14px;\">Das Munchkin Love-a-Bowls 10-teilige Servier-Set, Sch\u00fcsseln und L\u00f6ffel-Set ist nicht irgendein Set, sondern das ideale Set f\u00fcr kleine Esser.<br \/>\nBestehend aus vier Schalen, zwei L\u00f6ffeln und vier verschlie\u00dfbaren Deckeln bietet dieses Set Komfort und Vielseitigkeit f\u00fcr Eltern und Kinder. <\/span><\/p>\n<h5>10-teiliges Set f\u00fcr absolute Benutzerfreundlichkeit<\/h5>\n<p>Dieses Set besteht aus vier Sch\u00fcsseln, zwei L\u00f6ffeln und vier verschlie\u00dfbaren Deckeln, damit du alles auf einmal hast.<br \/>\nPerfekt, um verschiedene Gerichte zu servieren und Reste aufzubewahren. <\/p>\n<h5>Wasser- und luftdichter Verschluss f\u00fcr Frische<\/h5>\n<p>Die Schalen sind mit einem wasser- und luftdichten Verschluss versehen, damit der Inhalt frisch bleibt und leicht gelagert werden kann.<br \/>\nIdeal f\u00fcr zu Hause und unterwegs. <\/p>\n<h5>Sp\u00fclmaschinenfester Kunststoff f\u00fcr einfache Pflege<\/h5>\n<p>Das Set ist aus sp\u00fclmaschinenfestem Kunststoff gefertigt, sodass die Reinigung ein Kinderspiel ist.<br \/>\nKein l\u00e4stiges H\u00e4ndewaschen, damit du mehr Zeit f\u00fcr lustige Aktivit\u00e4ten mit deinem Kind hast. <\/p>\n<h5>Mikrowellengeeignet zum schnellen Aufw\u00e4rmen<\/h5>\n<p>Das Geschirr ist mikrowellengeeignet, so dass du die Mahlzeiten leicht wieder aufw\u00e4rmen kannst.<br \/>\nDas macht die Zubereitung des Essens f\u00fcr dein Kind noch einfacher. <\/p>\n<h5>Frische Grundfarben f\u00fcr mehr Attraktivit\u00e4t<\/h5>\n<p>Der Kunststoff ist in frischen Grundfarben gef\u00e4rbt, die f\u00fcr dein Baby attraktiv sind.<br \/>\nDie fr\u00f6hlichen Farben verleihen den Mahlzeiten ein spielerisches Element. <\/p>\n<h5>Fazit: Entdecke die Vielseitigkeit von Munchkin Love-a-Bowls 10-teiliges Servier-Set, Sch\u00fcsseln und L\u00f6ffel-Set<\/h5>\n<p>Entscheide dich f\u00fcr Bequemlichkeit, Frische und Vielseitigkeit mit dem Munchkin Love-a-Bowls 10-teiligen Servier-Set, Sch\u00fcsseln und L\u00f6ffel-Set.<br \/>\nDieses Set macht das Servieren und Aufbewahren von Lebensmitteln einfach und macht Spa\u00df.<br \/>\nEntdecke noch heute das Munchkin Love-a-Bowls Set f\u00fcr ein vielseitiges und lustiges Essensabenteuer!  <\/p>\n<h5>Wichtige Merkmale:<\/h5>\n<ul>\n<li>10-teiliges Set mit Sch\u00fcsseln, L\u00f6ffeln und verschlie\u00dfbaren Deckeln<\/li>\n<li>Wasser- und luftdichter Verschluss f\u00fcr Frische<\/li>\n<li>Hergestellt aus sp\u00fclmaschinenfestem Kunststoff<\/li>\n<li>Mikrowellengeeignet f\u00fcr schnelles Erhitzen<\/li>\n<li>In frischen Prim\u00e4rfarben gef\u00e4rbt f\u00fcr mehr Attraktivit\u00e4t<\/li>\n<\/ul>\n","protected":false},"excerpt":{"rendered":"<p>Das Munchkin Love-a-Bowls 10-teilige Servier-Set, Sch\u00fcsseln und L\u00f6ffel-Set ist nicht irgendein Set, sondern das ideale Set f\u00fcr kleine Esser. Bestehend aus vier Schalen, zwei L\u00f6ffeln und vier verschlie\u00dfbaren Deckeln bietet dieses Set Komfort und Vielseitigkeit f\u00fcr Eltern und Kinder. 10-teiliges Set f\u00fcr absolute Benutzerfreundlichkeit Dieses Set besteht aus vier Sch\u00fcsseln, zwei L\u00f6ffeln und vier verschlie\u00dfbaren [&hellip;]<\/p>\n","protected":false},"featured_media":7394,"comment_status":"closed","ping_status":"closed","template":"","meta":{"_acf_changed":false,"_seopress_robots_primary_cat":"55","_seopress_titles_title":"Munchkin | 10-teiliges Geschirrset | FerryGut.com","_seopress_titles_desc":"Dieses Munchkin-Geschirrset besteht aus vier Sch\u00fcsseln, zwei L\u00f6ffeln und vier verschlie\u00dfbaren Deckeln | Bestelle es jetzt bei FerryGut! | Kostenloser Versand ab \u20ac 19 ","_seopress_robots_index":""},"product_brand":[],"product_cat":[2882,2898,2895,2897],"product_tag":[],"brands":[5289],"channels":[],"class_list":{"0":"post-7393","1":"product","2":"type-product","3":"status-publish","4":"has-post-thumbnail","6":"product_cat-baby-kind","7":"product_cat-besteck","8":"product_cat-essen-und-trinken","9":"product_cat-kindergeschirr","10":"brands-munchkin","12":"first","13":"outofstock","14":"taxable","15":"shipping-taxable","16":"purchasable","17":"product-type-simple"},"acf":[],"weight_unit":"kg","dimension_unit":"cm","packaging_unit":"St\u00fccke","country_of_origin":"China","weee_germany":"DE97744419","website_url":"https:\/\/ferrygut.com\/","verkoper":"FerryGut.com","postcode":"5048CD","telefoonnummer":"+31850000735","_links":{"self":[{"href":"https:\/\/ferrygut.com\/de\/wp-json\/wp\/v2\/product\/7393","targetHints":{"allow":["GET"]}}],"collection":[{"href":"https:\/\/ferrygut.com\/de\/wp-json\/wp\/v2\/product"}],"about":[{"href":"https:\/\/ferrygut.com\/de\/wp-json\/wp\/v2\/types\/product"}],"replies":[{"embeddable":true,"href":"https:\/\/ferrygut.com\/de\/wp-json\/wp\/v2\/comments?post=7393"}],"wp:featuredmedia":[{"embeddable":true,"href":"https:\/\/ferrygut.com\/de\/wp-json\/wp\/v2\/media\/7394"}],"wp:attachment":[{"href":"https:\/\/ferrygut.com\/de\/wp-json\/wp\/v2\/media?parent=7393"}],"wp:term":[{"taxonomy":"product_brand","embeddable":true,"href":"https:\/\/ferrygut.com\/de\/wp-json\/wp\/v2\/product_brand?post=7393"},{"taxonomy":"product_cat","embeddable":true,"href":"https:\/\/ferrygut.com\/de\/wp-json\/wp\/v2\/product_cat?post=7393"},{"taxonomy":"product_tag","embeddable":true,"href":"https:\/\/ferrygut.com\/de\/wp-json\/wp\/v2\/product_tag?post=7393"},{"taxonomy":"brands","embeddable":true,"href":"https:\/\/ferrygut.com\/de\/wp-json\/wp\/v2\/brands?post=7393"},{"taxonomy":"channels","embeddable":true,"href":"https:\/\/ferrygut.com\/de\/wp-json\/wp\/v2\/channels?post=7393"}],"curies":[{"name":"wp","href":"https:\/\/api.w.org\/{rel}","templated":true}]}}