{"id":7359,"date":"2024-01-31T10:31:29","date_gmt":"2024-01-31T09:31:29","guid":{"rendered":"https:\/\/ferrygut.com\/product\/munchkin-anti-rutsch-teller-blau-grun\/"},"modified":"2025-04-28T14:09:48","modified_gmt":"2025-04-28T12:09:48","slug":"munchkin-anti-rutsch-teller-blau-grun","status":"publish","type":"product","link":"https:\/\/ferrygut.com\/de\/produkt\/munchkin-anti-rutsch-teller-blau-grun\/","title":{"rendered":"Munchkin &#8211; Anti-Rutsch-Teller &#8211; Blau\/Gr\u00fcn"},"content":{"rendered":"<h2><em style=\"font-size: 14px;\"><strong>Rutschfeste Teller mit praktischen Eigenschaften &#8211; rutschfeste Unterseite, um Kleckern zu vermeiden, tiefe W\u00e4nde, 2 verschiedene fr\u00f6hliche Farben, mikrowellen- und sp\u00fclmaschinenfest, 3 Boxen zum Essen, hilft dem Kind, selbstst\u00e4ndig essen zu lernen, hergestellt aus langlebigem Material<\/strong><\/em><\/h2>\n<p>Die Munchkin Splash Anti-Rutsch-Teller sind nicht einfach nur Kinderteller; sie bieten Komfort und Sicherheit mit praktischen Funktionen.<br \/>\nMit einer rutschfesten Unterseite, um Versch\u00fcttetes zu vermeiden, tiefen Seiten, 2 verschiedenen fr\u00f6hlichen Farben, mikrowellen- und sp\u00fclmaschinenfest, 3 F\u00e4chern zum Essen, der M\u00f6glichkeit, deinem Kind beizubringen, selbstst\u00e4ndig zu essen, und aus strapazierf\u00e4higem Material, das einiges aush\u00e4lt, machen diese Teller jede Mahlzeit f\u00fcr Eltern und Kind angenehm und sorgenfrei. <\/p>\n<h5>Rutschfeste Unterseite, um Versch\u00fctten zu verhindern<\/h5>\n<p>Die Kinderteller haben eine rutschfeste Unterseite, damit sie fest auf dem Esstisch stehen.<br \/>\nDas verhindert Unordnung und bietet zus\u00e4tzlichen Komfort beim Essen. <\/p>\n<h5>Tiefe W\u00e4nde f\u00fcr bequemes Dinieren<\/h5>\n<p>Die Teller haben tiefe Seiten, wodurch sie ideal zum Servieren von So\u00dfen sind und verhindern, dass das Essen leicht versch\u00fcttet wird.<\/p>\n<h5>2 verschiedene fr\u00f6hliche Farben zur pers\u00f6nlichen Auswahl<\/h5>\n<p>Die Teller sind in 2 verschiedenen fr\u00f6hlichen Farben erh\u00e4ltlich, so dass du ausw\u00e4hlen kannst, was am besten zu den Vorlieben deines Kindes passt.<br \/>\nVerleihe den Mahlzeiten einen Hauch von Fr\u00f6hlichkeit. <\/p>\n<h5>Mikrowellen- und sp\u00fclmaschinengeeignet f\u00fcr zus\u00e4tzlichen Komfort<\/h5>\n<p>Die Teller sind mikrowellen- und sp\u00fclmaschinengeeignet, was das Aufw\u00e4rmen und Reinigen schnell und einfach macht.<br \/>\nKein \u00c4rger mit separaten Operationen und mehr Zeit f\u00fcr sch\u00f6ne Momente mit deinem Kind. <\/p>\n<h5>3 verschiedene Tabletts zum Essen f\u00fcr abwechslungsreiche Mahlzeiten<\/h5>\n<p>Die Teller haben 3 verschiedene F\u00e4cher, ideal zum Servieren verschiedener Mahlzeiten.<br \/>\nF\u00f6rdern Sie die Entwicklung von Geschmack und Essgewohnheiten bei Ihrem Kind. <\/p>\n<h5>Hilft dem Kind zu lernen, selbstst\u00e4ndig zu essen und sich zu entwickeln<\/h5>\n<p>Das Design der Teller f\u00f6rdert das selbstst\u00e4ndige Essen und hilft deinem Kind, spielerisch neue Essf\u00e4higkeiten zu entwickeln.<\/p>\n<h5>Aus strapazierf\u00e4higem Material f\u00fcr eine lange Lebensdauer<\/h5>\n<p>Die Teller sind aus strapazierf\u00e4higem Material gefertigt, das den t\u00e4glichen Abenteuern deines Kindes standh\u00e4lt.<br \/>\nEine Investition in langfristige Nutzung und angenehme Essensmomente. <\/p>\n<h5>Fazit: Entdecke die Leichtigkeit des sicheren und lehrreichen Essens mit den Munchkin Splash Anti-Rutsch-Tellern<\/h5>\n<p>Entscheide dich f\u00fcr Komfort, Sicherheit und Lernen mit den Munchkin Splash Anti-Rutsch-Tellern.<br \/>\nDiese Teller machen jede Mahlzeit zum Vergn\u00fcgen und f\u00f6rdern die Entwicklung deines Kindes.<br \/>\nEntdecke noch heute die Munchkin Splash Anti-Rutsch-Teller f\u00fcr sorgenfreie und lustige Essmomente!  <\/p>\n<h5>Wichtige Merkmale:<\/h5>\n<ul>\n<li>Rutschfeste Unterseite zum Schutz vor Manipulationen<\/li>\n<li>Tiefe W\u00e4nde f\u00fcr bequemes Essen<\/li>\n<li>2 verschiedene fr\u00f6hliche Farben zur pers\u00f6nlichen Auswahl<\/li>\n<li>Mikrowellen- und sp\u00fclmaschinengeeignet f\u00fcr zus\u00e4tzlichen Komfort<\/li>\n<li>3 verschiedene F\u00e4cher zum Essen f\u00fcr abwechslungsreiche Mahlzeiten<\/li>\n<li>Hilft dem Baby zu lernen, selbstst\u00e4ndig zu essen, um sich zu entwickeln<\/li>\n<li>Aus strapazierf\u00e4higem Material f\u00fcr den langfristigen Einsatz<\/li>\n<\/ul>\n","protected":false},"excerpt":{"rendered":"<p>Rutschfeste Teller mit praktischen Eigenschaften &#8211; rutschfeste Unterseite, um Kleckern zu vermeiden, tiefe W\u00e4nde, 2 verschiedene fr\u00f6hliche Farben, mikrowellen- und sp\u00fclmaschinenfest, 3 Boxen zum Essen, hilft dem Kind, selbstst\u00e4ndig essen zu lernen, hergestellt aus langlebigem Material Die Munchkin Splash Anti-Rutsch-Teller sind nicht einfach nur Kinderteller; sie bieten Komfort und Sicherheit mit praktischen Funktionen. Mit einer [&hellip;]<\/p>\n","protected":false},"featured_media":7365,"comment_status":"closed","ping_status":"closed","template":"","meta":{"_acf_changed":false,"_seopress_robots_primary_cat":"55","_seopress_titles_title":"Munchkin | Anti-Rutsch-Platten | Blau & Gr\u00fcn | FerryGut.com","_seopress_titles_desc":"Die Anti-Rutsch-Teller von Munchkin enthalten eine rutschfeste Schicht an der Unterseite, um Manipulationen zu verhindern | 2 St\u00fcck | Einfach zu bestellen bei FerryGut!","_seopress_robots_index":""},"product_brand":[],"product_cat":[2882,2895,2897],"product_tag":[],"brands":[5289],"channels":[],"class_list":{"0":"post-7359","1":"product","2":"type-product","3":"status-publish","4":"has-post-thumbnail","6":"product_cat-baby-kind","7":"product_cat-essen-und-trinken","8":"product_cat-kindergeschirr","9":"brands-munchkin","11":"first","12":"outofstock","13":"taxable","14":"shipping-taxable","15":"purchasable","16":"product-type-simple"},"acf":[],"weight_unit":"kg","dimension_unit":"cm","packaging_unit":"St\u00fccke","country_of_origin":"China","weee_germany":"DE97744419","website_url":"https:\/\/ferrygut.com\/","verkoper":"FerryGut.com","postcode":"5048CD","telefoonnummer":"+31850000735","_links":{"self":[{"href":"https:\/\/ferrygut.com\/de\/wp-json\/wp\/v2\/product\/7359","targetHints":{"allow":["GET"]}}],"collection":[{"href":"https:\/\/ferrygut.com\/de\/wp-json\/wp\/v2\/product"}],"about":[{"href":"https:\/\/ferrygut.com\/de\/wp-json\/wp\/v2\/types\/product"}],"replies":[{"embeddable":true,"href":"https:\/\/ferrygut.com\/de\/wp-json\/wp\/v2\/comments?post=7359"}],"wp:featuredmedia":[{"embeddable":true,"href":"https:\/\/ferrygut.com\/de\/wp-json\/wp\/v2\/media\/7365"}],"wp:attachment":[{"href":"https:\/\/ferrygut.com\/de\/wp-json\/wp\/v2\/media?parent=7359"}],"wp:term":[{"taxonomy":"product_brand","embeddable":true,"href":"https:\/\/ferrygut.com\/de\/wp-json\/wp\/v2\/product_brand?post=7359"},{"taxonomy":"product_cat","embeddable":true,"href":"https:\/\/ferrygut.com\/de\/wp-json\/wp\/v2\/product_cat?post=7359"},{"taxonomy":"product_tag","embeddable":true,"href":"https:\/\/ferrygut.com\/de\/wp-json\/wp\/v2\/product_tag?post=7359"},{"taxonomy":"brands","embeddable":true,"href":"https:\/\/ferrygut.com\/de\/wp-json\/wp\/v2\/brands?post=7359"},{"taxonomy":"channels","embeddable":true,"href":"https:\/\/ferrygut.com\/de\/wp-json\/wp\/v2\/channels?post=7359"}],"curies":[{"name":"wp","href":"https:\/\/api.w.org\/{rel}","templated":true}]}}