{"id":7335,"date":"2024-01-31T12:34:19","date_gmt":"2024-01-31T11:34:19","guid":{"rendered":"https:\/\/ferrygut.com\/product\/munchkin-teller-mit-saugnapfen-pink-lila\/"},"modified":"2025-04-28T15:19:28","modified_gmt":"2025-04-28T13:19:28","slug":"munchkin-teller-mit-saugnapfen-pink-lila","status":"publish","type":"product","link":"https:\/\/ferrygut.com\/de\/produkt\/munchkin-teller-mit-saugnapfen-pink-lila\/","title":{"rendered":"Munchkin &#8211; Teller mit Saugn\u00e4pfen &#8211; Pink\/Lila"},"content":{"rendered":"<h2>Entdecke Komfort und Sicherheit mit den Munchkin Saugtellern 2 Schilder mit Saugn\u00e4pfen<\/h2>\n<p><em><strong>2 Teller mit Saugn\u00e4pfen mit praktischen Eigenschaften &#8211; Saugnapf an der Unterseite, um Versch\u00fctten und Verrutschen zu vermeiden, tiefe W\u00e4nde, 2 verschiedene fr\u00f6hliche Farben, sp\u00fclmaschinenfest, 3 Boxen zum Essen, hilft dem Kind zu lernen, selbstst\u00e4ndig zu essen, aus langlebigem Material<\/strong><\/em><\/p>\n<p>Die Munchkin Saugteller sind nicht einfach nur Kinderteller; sie bieten Komfort und Sicherheit mit praktischen Funktionen.<br \/>\nMit einem Saugnapf an der Unterseite, der Verschmutzungen und Verrutschen verhindert, tiefen Seiten, 2 verschiedenen fr\u00f6hlichen Farben, sp\u00fclmaschinenfest, 3 F\u00e4chern zum Essen, der M\u00f6glichkeit, deinem Kind beizubringen, selbstst\u00e4ndig zu essen, und aus strapazierf\u00e4higem Material, das einiges aush\u00e4lt, machen diese Teller jede Mahlzeit zum Vergn\u00fcgen und sorgenfrei f\u00fcr Eltern und Kind. <\/p>\n<h5>Saugnapf an der Unterseite, um Manipulationen und Bewegungen zu verhindern<\/h5>\n<p>Die Kinderteller haben einen praktischen Saugnapf an der Unterseite, der sie fest auf dem Esstisch h\u00e4lt.<br \/>\nDas verhindert nicht nur Versch\u00fcttungen, sondern auch ungewollte Bewegungen beim Essen. <\/p>\n<h5>Tiefe W\u00e4nde f\u00fcr bequemes Dinieren<\/h5>\n<p>Die Teller haben tiefe Seiten, wodurch sie ideal zum Servieren von Saucen sind und ein Versch\u00fctten verhindern.<\/p>\n<h5>2 verschiedene fr\u00f6hliche Farben zur pers\u00f6nlichen Auswahl<\/h5>\n<p>Die Teller sind in 2 verschiedenen fr\u00f6hlichen Farben erh\u00e4ltlich, so dass du ausw\u00e4hlen kannst, was am besten zu den Vorlieben deines Kindes passt.<br \/>\nVerleihe den Mahlzeiten einen Hauch von Fr\u00f6hlichkeit. <\/p>\n<h5>Sp\u00fclmaschinentauglich f\u00fcr zus\u00e4tzlichen Komfort<\/h5>\n<p>Die Teller sind sp\u00fclmaschinenfest und lassen sich so schnell und einfach reinigen.<br \/>\nKein \u00c4rger mit separaten Operationen und mehr Zeit f\u00fcr sch\u00f6ne Momente mit deinem Kind. <\/p>\n<h5>3 verschiedene Tabletts zum Essen f\u00fcr abwechslungsreiche Mahlzeiten<\/h5>\n<p>Die Teller haben 3 verschiedene F\u00e4cher, ideal zum Servieren verschiedener Mahlzeiten.<br \/>\nF\u00f6rdern Sie die Entwicklung von Geschmack und Essgewohnheiten bei Ihrem Kind. <\/p>\n<h5>Hilft dem Kind zu lernen, selbstst\u00e4ndig zu essen und sich zu entwickeln<\/h5>\n<p>Das Design der Teller f\u00f6rdert das selbstst\u00e4ndige Essen und hilft deinem Kind, spielerisch neue Essf\u00e4higkeiten zu entwickeln.<\/p>\n<h5>Aus strapazierf\u00e4higem Material f\u00fcr eine lange Lebensdauer<\/h5>\n<p>Die Teller sind aus strapazierf\u00e4higem Material gefertigt, das den t\u00e4glichen Abenteuern deines Kindes standh\u00e4lt.<br \/>\nEine Investition in langfristige Nutzung und angenehme Essensmomente. <\/p>\n<h5>Fazit: Entdecke die Leichtigkeit des sicheren und lehrreichen Essens mit Munchkin Saugtellern<\/h5>\n<p>Entscheide dich f\u00fcr Komfort, Sicherheit und Lernen mit den Munchkin Saugn\u00e4pfen.<br \/>\nDiese Teller machen jede Mahlzeit zum Vergn\u00fcgen und f\u00f6rdern die Entwicklung deines Kindes.<br \/>\nEntdecke noch heute die Munchkin Saugteller f\u00fcr sorgenfreie und genussvolle Essmomente!  <\/p>\n<h5>Wichtige Merkmale:<\/h5>\n<ul>\n<li>Saugnapf an der Unterseite, um Manipulationen und Bewegungen zu verhindern<\/li>\n<li>Tiefe W\u00e4nde f\u00fcr bequemes Essen<\/li>\n<li>2 verschiedene fr\u00f6hliche Farben zur pers\u00f6nlichen Auswahl<\/li>\n<li>Sp\u00fclmaschinentauglich f\u00fcr zus\u00e4tzlichen Komfort<\/li>\n<li>3 verschiedene F\u00e4cher zum Essen f\u00fcr abwechslungsreiche Mahlzeiten<\/li>\n<li>Hilft dem Baby zu lernen, selbstst\u00e4ndig zu essen, um sich zu entwickeln<\/li>\n<li>Aus strapazierf\u00e4higem Material f\u00fcr den langfristigen Einsatz<\/li>\n<\/ul>\n","protected":false},"excerpt":{"rendered":"<p>Entdecke Komfort und Sicherheit mit den Munchkin Saugtellern 2 Schilder mit Saugn\u00e4pfen 2 Teller mit Saugn\u00e4pfen mit praktischen Eigenschaften &#8211; Saugnapf an der Unterseite, um Versch\u00fctten und Verrutschen zu vermeiden, tiefe W\u00e4nde, 2 verschiedene fr\u00f6hliche Farben, sp\u00fclmaschinenfest, 3 Boxen zum Essen, hilft dem Kind zu lernen, selbstst\u00e4ndig zu essen, aus langlebigem Material Die Munchkin Saugteller [&hellip;]<\/p>\n","protected":false},"featured_media":7336,"comment_status":"closed","ping_status":"closed","template":"","meta":{"_acf_changed":false,"_seopress_robots_primary_cat":"55","_seopress_titles_title":"Schilder mit Saugnapf | Munchkin | Pink\/Lila | FerryGut.com","_seopress_titles_desc":"Diese Teller mit Saugn\u00e4pfen enthalten jeweils 3 F\u00e4cher, damit dein Kind lernt, selbstst\u00e4ndig zu essen | 2 St\u00fcck | Bestelle sie jetzt bei FerryGut! | Kostenloser Versand ab \u20ac 19","_seopress_robots_index":""},"product_brand":[],"product_cat":[2882,2895,2897],"product_tag":[],"brands":[5289],"channels":[],"class_list":{"0":"post-7335","1":"product","2":"type-product","3":"status-publish","4":"has-post-thumbnail","6":"product_cat-baby-kind","7":"product_cat-essen-und-trinken","8":"product_cat-kindergeschirr","9":"brands-munchkin","11":"first","12":"outofstock","13":"taxable","14":"shipping-taxable","15":"purchasable","16":"product-type-simple"},"acf":[],"weight_unit":"kg","dimension_unit":"cm","packaging_unit":"St\u00fccke","country_of_origin":"China","weee_germany":"DE97744419","website_url":"https:\/\/ferrygut.com\/","verkoper":"FerryGut.com","postcode":"5048CD","telefoonnummer":"+31850000735","_links":{"self":[{"href":"https:\/\/ferrygut.com\/de\/wp-json\/wp\/v2\/product\/7335","targetHints":{"allow":["GET"]}}],"collection":[{"href":"https:\/\/ferrygut.com\/de\/wp-json\/wp\/v2\/product"}],"about":[{"href":"https:\/\/ferrygut.com\/de\/wp-json\/wp\/v2\/types\/product"}],"replies":[{"embeddable":true,"href":"https:\/\/ferrygut.com\/de\/wp-json\/wp\/v2\/comments?post=7335"}],"wp:featuredmedia":[{"embeddable":true,"href":"https:\/\/ferrygut.com\/de\/wp-json\/wp\/v2\/media\/7336"}],"wp:attachment":[{"href":"https:\/\/ferrygut.com\/de\/wp-json\/wp\/v2\/media?parent=7335"}],"wp:term":[{"taxonomy":"product_brand","embeddable":true,"href":"https:\/\/ferrygut.com\/de\/wp-json\/wp\/v2\/product_brand?post=7335"},{"taxonomy":"product_cat","embeddable":true,"href":"https:\/\/ferrygut.com\/de\/wp-json\/wp\/v2\/product_cat?post=7335"},{"taxonomy":"product_tag","embeddable":true,"href":"https:\/\/ferrygut.com\/de\/wp-json\/wp\/v2\/product_tag?post=7335"},{"taxonomy":"brands","embeddable":true,"href":"https:\/\/ferrygut.com\/de\/wp-json\/wp\/v2\/brands?post=7335"},{"taxonomy":"channels","embeddable":true,"href":"https:\/\/ferrygut.com\/de\/wp-json\/wp\/v2\/channels?post=7335"}],"curies":[{"name":"wp","href":"https:\/\/api.w.org\/{rel}","templated":true}]}}